{"id":2308,"date":"2011-12-19T12:39:18","date_gmt":"2011-12-19T10:39:18","guid":{"rendered":"http:\/\/xn--hftessamlarna-bfb.se\/?page_id=2308"},"modified":"2021-01-28T17:28:04","modified_gmt":"2021-01-28T16:28:04","slug":"h443-plommon","status":"publish","type":"page","link":"https:\/\/xn--hftessamlarna-bfb.se\/?page_id=2308","title":{"rendered":"H443 Plommon"},"content":{"rendered":"<p><a href=\"http:\/\/xn--hftessamlarna-bfb.se\/?attachment_id=2906\" rel=\"attachment wp-att-2906\"><img loading=\"lazy\" decoding=\"async\" class=\"aligncenter size-full wp-image-2906\" title=\"H443\" src=\"http:\/\/xn--hftessamlarna-bfb.se\/wp-content\/uploads\/H443.jpg\" alt=\"\" width=\"960\" height=\"466\" srcset=\"https:\/\/xn--hftessamlarna-bfb.se\/wp-content\/uploads\/H443.jpg 960w, https:\/\/xn--hftessamlarna-bfb.se\/wp-content\/uploads\/H443-150x72.jpg 150w, https:\/\/xn--hftessamlarna-bfb.se\/wp-content\/uploads\/H443-300x145.jpg 300w, https:\/\/xn--hftessamlarna-bfb.se\/wp-content\/uploads\/H443-500x242.jpg 500w\" sizes=\"auto, (max-width: 960px) 100vw, 960px\" \/><\/a>Utgivningsdag 1994-01-17<br \/>\nF 1821 &#8211; 1822<br \/>\n10 x 2:80 kr, tv\u00e5 motiv<br \/>\nTryckta i 4 f\u00e4rger offset i 3:e Goebelpressen<br \/>\nInh\u00e4ftningen har gjorts i den 4:e h\u00e4ftesmaskinen<br \/>\nUpplaga 2,18 miljoner h\u00e4ften<\/p>\n<h2>Markeringar<\/h2>\n<p><strong>R<br \/>\n<\/strong>Gr\u00f6n f\u00e4rgprick i bladverket p\u00e5 h\u00f6gra mittersta m\u00e4rket saknas.<br \/>\nRT 8 x 2 mm svart<br \/>\ncyls 1<br \/>\ncyls 2<\/p>\n<p><strong>N<\/strong><br \/>\nGr\u00f6n f\u00e4rgprick i bladverket p\u00e5 h\u00f6gra mittersta m\u00e4rket finns.<br \/>\nRT 8 x 2 mm svart<br \/>\ncyls 1<br \/>\ncyls 2<br \/>\nhelt kn G3<\/p>\n<h2>\u00d6vrigt<\/h2>\n<div id=\"attachment_4046\" style=\"width: 310px\" class=\"wp-caption alignleft\"><a href=\"http:\/\/xn--hftessamlarna-bfb.se\/wp-content\/uploads\/H443gronflack.jpg\" rel=\"attachment wp-att-4046\"><img loading=\"lazy\" decoding=\"async\" aria-describedby=\"caption-attachment-4046\" class=\"  wp-image-4046 size-medium\" src=\"https:\/\/xn--hftessamlarna-bfb.se\/wp-content\/uploads\/H443gronflack-300x212.jpg\" alt=\"H443gronflack\" width=\"300\" height=\"212\" srcset=\"https:\/\/xn--hftessamlarna-bfb.se\/wp-content\/uploads\/H443gronflack-300x212.jpg 300w, https:\/\/xn--hftessamlarna-bfb.se\/wp-content\/uploads\/H443gronflack-150x106.jpg 150w, https:\/\/xn--hftessamlarna-bfb.se\/wp-content\/uploads\/H443gronflack-1024x725.jpg 1024w, https:\/\/xn--hftessamlarna-bfb.se\/wp-content\/uploads\/H443gronflack-423x300.jpg 423w, https:\/\/xn--hftessamlarna-bfb.se\/wp-content\/uploads\/H443gronflack.jpg 1145w\" sizes=\"auto, (max-width: 300px) 100vw, 300px\" \/><\/a><p id=\"caption-attachment-4046\" class=\"wp-caption-text\">gr\u00f6n f\u00e4rgprick i bladverket (N-h\u00e4fte)<\/p><\/div>\n<h2>Artiklar<\/h2>\n<p><a href=\"http:\/\/xn--hftessamlarna-bfb.se\/wp-content\/uploads\/H443-Gunnar-Struck.pdf\">H443 Gunnar Struck<\/a><\/p>\n","protected":false},"excerpt":{"rendered":"<p>Utgivningsdag 1994-01-17 F 1821 &#8211; 1822 10 x 2:80 kr, tv\u00e5 motiv Tryckta i 4 f\u00e4rger offset i 3:e Goebelpressen Inh\u00e4ftningen har gjorts i den 4:e h\u00e4ftesmaskinen Upplaga 2,18 miljoner h\u00e4ften Markeringar R Gr\u00f6n f\u00e4rgprick i bladverket p\u00e5 h\u00f6gra mittersta &hellip; <a href=\"https:\/\/xn--hftessamlarna-bfb.se\/?page_id=2308\">Forts\u00e4tt l\u00e4sa <span class=\"meta-nav\">&rarr;<\/span><\/a><\/p>\n","protected":false},"author":1,"featured_media":0,"parent":2261,"menu_order":443,"comment_status":"open","ping_status":"open","template":"","meta":{"footnotes":""},"class_list":["post-2308","page","type-page","status-publish","hentry"],"_links":{"self":[{"href":"https:\/\/xn--hftessamlarna-bfb.se\/index.php?rest_route=\/wp\/v2\/pages\/2308","targetHints":{"allow":["GET"]}}],"collection":[{"href":"https:\/\/xn--hftessamlarna-bfb.se\/index.php?rest_route=\/wp\/v2\/pages"}],"about":[{"href":"https:\/\/xn--hftessamlarna-bfb.se\/index.php?rest_route=\/wp\/v2\/types\/page"}],"author":[{"embeddable":true,"href":"https:\/\/xn--hftessamlarna-bfb.se\/index.php?rest_route=\/wp\/v2\/users\/1"}],"replies":[{"embeddable":true,"href":"https:\/\/xn--hftessamlarna-bfb.se\/index.php?rest_route=%2Fwp%2Fv2%2Fcomments&post=2308"}],"version-history":[{"count":0,"href":"https:\/\/xn--hftessamlarna-bfb.se\/index.php?rest_route=\/wp\/v2\/pages\/2308\/revisions"}],"up":[{"embeddable":true,"href":"https:\/\/xn--hftessamlarna-bfb.se\/index.php?rest_route=\/wp\/v2\/pages\/2261"}],"wp:attachment":[{"href":"https:\/\/xn--hftessamlarna-bfb.se\/index.php?rest_route=%2Fwp%2Fv2%2Fmedia&parent=2308"}],"curies":[{"name":"wp","href":"https:\/\/api.w.org\/{rel}","templated":true}]}}