{"id":2307,"date":"2011-12-19T12:39:18","date_gmt":"2011-12-19T10:39:18","guid":{"rendered":"http:\/\/xn--hftessamlarna-bfb.se\/?page_id=2307"},"modified":"2021-06-27T11:47:30","modified_gmt":"2021-06-27T10:47:30","slug":"h442-jul-1993","status":"publish","type":"page","link":"https:\/\/xn--hftessamlarna-bfb.se\/?page_id=2307","title":{"rendered":"H442 Jul 1993"},"content":{"rendered":"<p><a href=\"https:\/\/xn--hftessamlarna-bfb.se\/wp-content\/uploads\/H-0442-header-1993.jpg\" rel=\"attachment wp-att-2907\"><img loading=\"lazy\" decoding=\"async\" class=\"alignnone wp-image-6402 size-full\" title=\"H442\" src=\"https:\/\/xn--hftessamlarna-bfb.se\/wp-content\/uploads\/H-0442-header-1993.jpg\" alt=\"\" width=\"960\" height=\"696\" srcset=\"https:\/\/xn--hftessamlarna-bfb.se\/wp-content\/uploads\/H-0442-header-1993.jpg 960w, https:\/\/xn--hftessamlarna-bfb.se\/wp-content\/uploads\/H-0442-header-1993-300x218.jpg 300w, https:\/\/xn--hftessamlarna-bfb.se\/wp-content\/uploads\/H-0442-header-1993-150x109.jpg 150w, https:\/\/xn--hftessamlarna-bfb.se\/wp-content\/uploads\/H-0442-header-1993-768x557.jpg 768w, https:\/\/xn--hftessamlarna-bfb.se\/wp-content\/uploads\/H-0442-header-1993-414x300.jpg 414w\" sizes=\"auto, (max-width: 960px) 100vw, 960px\" \/><\/a>Utgivningsdag 1993-11-25<br \/>\nF 1816 &#8211; 1817<br \/>\n10 \u00d7 2,40, tv\u00e5 motiv<br \/>\nTryckta i 4 f\u00e4rger offset i 3:e Goebelpressen<br \/>\nInh\u00e4ftningen har gjorts i den 4:e h\u00e4ftesmaskinen<br \/>\nUpplaga 5,56 miljoner h\u00e4ften<\/p>\n<h2>Ny indelning juni 2018<\/h2>\n<p><strong>H442<\/strong> har antingen sl\u00e4t eller r\u00e4fflad gummering<\/p>\n<ul>\n<li>H442T1<strong>a<\/strong> och H442T2<strong>a <\/strong>med r\u00e4fflad gummering<\/li>\n<li>H442T1<strong>b<\/strong> och H442T2<strong>b <\/strong>med sl\u00e4t gummering<\/li>\n<\/ul>\n<p>Alla fyra varianterna \u00e4r vanligt f\u00f6rekommande.<\/p>\n<h2>Typer<br \/>\n<a href=\"https:\/\/xn--hftessamlarna-bfb.se\/wp-content\/uploads\/H-0442-info-1993.jpg\"><img loading=\"lazy\" decoding=\"async\" class=\"alignnone wp-image-6401 size-large\" src=\"https:\/\/xn--hftessamlarna-bfb.se\/wp-content\/uploads\/H-0442-info-1993-1024x235.jpg\" alt=\"\" width=\"584\" height=\"134\" srcset=\"https:\/\/xn--hftessamlarna-bfb.se\/wp-content\/uploads\/H-0442-info-1993-1024x235.jpg 1024w, https:\/\/xn--hftessamlarna-bfb.se\/wp-content\/uploads\/H-0442-info-1993-300x69.jpg 300w, https:\/\/xn--hftessamlarna-bfb.se\/wp-content\/uploads\/H-0442-info-1993-150x34.jpg 150w, https:\/\/xn--hftessamlarna-bfb.se\/wp-content\/uploads\/H-0442-info-1993-768x176.jpg 768w, https:\/\/xn--hftessamlarna-bfb.se\/wp-content\/uploads\/H-0442-info-1993-1536x353.jpg 1536w, https:\/\/xn--hftessamlarna-bfb.se\/wp-content\/uploads\/H-0442-info-1993-2048x470.jpg 2048w, https:\/\/xn--hftessamlarna-bfb.se\/wp-content\/uploads\/H-0442-info-1993-500x115.jpg 500w\" sizes=\"auto, (max-width: 584px) 100vw, 584px\" \/><\/a><\/h2>\n<p><strong>T1<\/strong> skuren ytterperforering<br \/>\nT1<strong>a<\/strong> med r\u00e4fflad gummering<br \/>\nT1<strong>b<\/strong> med sl\u00e4t gummering<\/p>\n<p><strong>T2<\/strong> riven ytterperforering<br \/>\nT2<strong>a<\/strong> med r\u00e4fflad gummering<br \/>\nT2<strong>b<\/strong> med sl\u00e4t gummering<\/p>\n<h2>Markeringar<\/h2>\n<p><strong>T1R<\/strong><br \/>\nd=5,0, c=0,8<br \/>\nRT 8 \u00d7 2 mm svart<\/p>\n<p><strong>T1N<\/strong><br \/>\nd=5,2, c=0,9<br \/>\nRT 8 \u00d7 2 mm svart<br \/>\ncyls 1<br \/>\ncyls 2<br \/>\nhelt kn<\/p>\n<p><strong>T2R<\/strong><br \/>\nd=5,0, c=0,8<br \/>\nRT 8 \u00d7 2 mm svart<\/p>\n<p><strong>T2N<\/strong><br \/>\nd=5,2, c=0,9<br \/>\nRT 8 \u00d7 2 mm svart<br \/>\ncyls 1<br \/>\ncyls 2<br \/>\nhelt kn<\/p>\n<h2>Artiklar<\/h2>\n<p><a href=\"http:\/\/xn--hftessamlarna-bfb.se\/wp-content\/uploads\/H442-Gunnar-Struck.pdf\">H442 Gunnar Struck<\/a><\/p>\n","protected":false},"excerpt":{"rendered":"<p>Utgivningsdag 1993-11-25 F 1816 &#8211; 1817 10 \u00d7 2,40, tv\u00e5 motiv Tryckta i 4 f\u00e4rger offset i 3:e Goebelpressen Inh\u00e4ftningen har gjorts i den 4:e h\u00e4ftesmaskinen Upplaga 5,56 miljoner h\u00e4ften Ny indelning juni 2018 H442 har antingen sl\u00e4t eller r\u00e4fflad &hellip; <a href=\"https:\/\/xn--hftessamlarna-bfb.se\/?page_id=2307\">Forts\u00e4tt l\u00e4sa <span class=\"meta-nav\">&rarr;<\/span><\/a><\/p>\n","protected":false},"author":1,"featured_media":0,"parent":2261,"menu_order":442,"comment_status":"open","ping_status":"open","template":"","meta":{"footnotes":""},"class_list":["post-2307","page","type-page","status-publish","hentry"],"_links":{"self":[{"href":"https:\/\/xn--hftessamlarna-bfb.se\/index.php?rest_route=\/wp\/v2\/pages\/2307","targetHints":{"allow":["GET"]}}],"collection":[{"href":"https:\/\/xn--hftessamlarna-bfb.se\/index.php?rest_route=\/wp\/v2\/pages"}],"about":[{"href":"https:\/\/xn--hftessamlarna-bfb.se\/index.php?rest_route=\/wp\/v2\/types\/page"}],"author":[{"embeddable":true,"href":"https:\/\/xn--hftessamlarna-bfb.se\/index.php?rest_route=\/wp\/v2\/users\/1"}],"replies":[{"embeddable":true,"href":"https:\/\/xn--hftessamlarna-bfb.se\/index.php?rest_route=%2Fwp%2Fv2%2Fcomments&post=2307"}],"version-history":[{"count":0,"href":"https:\/\/xn--hftessamlarna-bfb.se\/index.php?rest_route=\/wp\/v2\/pages\/2307\/revisions"}],"up":[{"embeddable":true,"href":"https:\/\/xn--hftessamlarna-bfb.se\/index.php?rest_route=\/wp\/v2\/pages\/2261"}],"wp:attachment":[{"href":"https:\/\/xn--hftessamlarna-bfb.se\/index.php?rest_route=%2Fwp%2Fv2%2Fmedia&parent=2307"}],"curies":[{"name":"wp","href":"https:\/\/api.w.org\/{rel}","templated":true}]}}