{"id":2306,"date":"2011-12-19T12:39:18","date_gmt":"2011-12-19T10:39:18","guid":{"rendered":"http:\/\/xn--hftessamlarna-bfb.se\/?page_id=2306"},"modified":"2018-06-09T13:56:59","modified_gmt":"2018-06-09T12:56:59","slug":"h441-kungliga-familjen","status":"publish","type":"page","link":"https:\/\/xn--hftessamlarna-bfb.se\/?page_id=2306","title":{"rendered":"H441 Kungliga familjen"},"content":{"rendered":"<p><a href=\"http:\/\/xn--hftessamlarna-bfb.se\/?attachment_id=2908\" rel=\"attachment wp-att-2908\"><img loading=\"lazy\" decoding=\"async\" class=\"aligncenter size-full wp-image-2908\" title=\"H441\" src=\"http:\/\/xn--hftessamlarna-bfb.se\/wp-content\/uploads\/H441.jpg\" alt=\"\" width=\"960\" height=\"766\" srcset=\"https:\/\/xn--hftessamlarna-bfb.se\/wp-content\/uploads\/H441.jpg 960w, https:\/\/xn--hftessamlarna-bfb.se\/wp-content\/uploads\/H441-150x119.jpg 150w, https:\/\/xn--hftessamlarna-bfb.se\/wp-content\/uploads\/H441-300x239.jpg 300w, https:\/\/xn--hftessamlarna-bfb.se\/wp-content\/uploads\/H441-375x300.jpg 375w\" sizes=\"auto, (max-width: 960px) 100vw, 960px\" \/><\/a>Utgivningsdag 1993-10-02<br \/>\nF 1812 &#8211; 1815<br \/>\n8 kr + 2 x 10 kr +12 kr, fyra motiv<br \/>\nTryckta i kombination 1 f\u00e4rg st\u00e5ltryck och 4 f\u00e4rger offset i 3:e Goebelpressen<br \/>\nInh\u00e4ftningen har gjorts i den 5:e h\u00e4ftesmaskinen<br \/>\nUpplaga 810.000 h\u00e4ften<\/p>\n<h2>Ny indelning juni 2018<\/h2>\n<h2>Typer<\/h2>\n<p><strong>A<\/strong> Omslag med smutsig vitmedelsreaktion i UV-ljus<br \/>\n<strong>B<\/strong> Omslag med ren, vit vitmedelsreaktion i UV-ljus<\/p>\n<h2>Markeringar<\/h2>\n<p>delat regm<br \/>\nRT 7,2 x 1,4 mm svart (smalt)<br \/>\nRT 7,2 x 1,8 mm svart (brett)<br \/>\ncyls 1<br \/>\ncyls 2<\/p>\n","protected":false},"excerpt":{"rendered":"<p>Utgivningsdag 1993-10-02 F 1812 &#8211; 1815 8 kr + 2 x 10 kr +12 kr, fyra motiv Tryckta i kombination 1 f\u00e4rg st\u00e5ltryck och 4 f\u00e4rger offset i 3:e Goebelpressen Inh\u00e4ftningen har gjorts i den 5:e h\u00e4ftesmaskinen Upplaga 810.000 h\u00e4ften &hellip; <a href=\"https:\/\/xn--hftessamlarna-bfb.se\/?page_id=2306\">Forts\u00e4tt l\u00e4sa <span class=\"meta-nav\">&rarr;<\/span><\/a><\/p>\n","protected":false},"author":1,"featured_media":0,"parent":2261,"menu_order":441,"comment_status":"open","ping_status":"open","template":"","meta":{"footnotes":""},"class_list":["post-2306","page","type-page","status-publish","hentry"],"_links":{"self":[{"href":"https:\/\/xn--hftessamlarna-bfb.se\/index.php?rest_route=\/wp\/v2\/pages\/2306","targetHints":{"allow":["GET"]}}],"collection":[{"href":"https:\/\/xn--hftessamlarna-bfb.se\/index.php?rest_route=\/wp\/v2\/pages"}],"about":[{"href":"https:\/\/xn--hftessamlarna-bfb.se\/index.php?rest_route=\/wp\/v2\/types\/page"}],"author":[{"embeddable":true,"href":"https:\/\/xn--hftessamlarna-bfb.se\/index.php?rest_route=\/wp\/v2\/users\/1"}],"replies":[{"embeddable":true,"href":"https:\/\/xn--hftessamlarna-bfb.se\/index.php?rest_route=%2Fwp%2Fv2%2Fcomments&post=2306"}],"version-history":[{"count":0,"href":"https:\/\/xn--hftessamlarna-bfb.se\/index.php?rest_route=\/wp\/v2\/pages\/2306\/revisions"}],"up":[{"embeddable":true,"href":"https:\/\/xn--hftessamlarna-bfb.se\/index.php?rest_route=\/wp\/v2\/pages\/2261"}],"wp:attachment":[{"href":"https:\/\/xn--hftessamlarna-bfb.se\/index.php?rest_route=%2Fwp%2Fv2%2Fmedia&parent=2306"}],"curies":[{"name":"wp","href":"https:\/\/api.w.org\/{rel}","templated":true}]}}