{"id":2304,"date":"2011-12-19T12:40:29","date_gmt":"2011-12-19T10:40:29","guid":{"rendered":"http:\/\/xn--hftessamlarna-bfb.se\/?page_id=2304"},"modified":"2021-08-18T08:06:20","modified_gmt":"2021-08-18T07:06:20","slug":"h440-sjofaglar","status":"publish","type":"page","link":"https:\/\/xn--hftessamlarna-bfb.se\/?page_id=2304","title":{"rendered":"H440 Sj\u00f6f\u00e5glar"},"content":{"rendered":"<p><a href=\"http:\/\/xn--hftessamlarna-bfb.se\/?attachment_id=2797\" rel=\"attachment wp-att-2797\"><img loading=\"lazy\" decoding=\"async\" class=\"aligncenter size-full wp-image-2797\" title=\"H440\" src=\"http:\/\/xn--hftessamlarna-bfb.se\/wp-content\/uploads\/H440.jpg\" alt=\"\" width=\"960\" height=\"473\" srcset=\"https:\/\/xn--hftessamlarna-bfb.se\/wp-content\/uploads\/H440.jpg 960w, https:\/\/xn--hftessamlarna-bfb.se\/wp-content\/uploads\/H440-150x73.jpg 150w, https:\/\/xn--hftessamlarna-bfb.se\/wp-content\/uploads\/H440-300x147.jpg 300w, https:\/\/xn--hftessamlarna-bfb.se\/wp-content\/uploads\/H440-500x246.jpg 500w\" sizes=\"auto, (max-width: 960px) 100vw, 960px\" \/><\/a>Utgivningsdag 1993-08-26<br \/>\nF 1806 &#8211; 1809<br \/>\n8 x 5 kr,\u00a0fyra motiv<br \/>\nTrycka i kombination 1 f\u00e4rg st\u00e5ltryck (svart) och 4 f\u00e4rger offset i 3:e Goebelpressen<br \/>\nInh\u00e4ftningen har gjorts i den 5:e h\u00e4ftesmaskinen<br \/>\nUpplaga ok\u00e4nd<\/p>\n<h2>Markeringar<\/h2>\n<p>RT 7,2 x 1,8 mm svart, delat RT f\u00f6rekommer (dock ovanligt)<br \/>\ncyls 1<br \/>\ncyls 2 fot\/slinga<br \/>\nhelt kn G3 (3 mm)<\/p>\n<div id=\"attachment_2796\" style=\"width: 310px\" class=\"wp-caption alignleft\"><a href=\"http:\/\/xn--hftessamlarna-bfb.se\/wp-content\/uploads\/H440r\u00f6ttstreck.jpg\" rel=\"attachment wp-att-2796\"><img loading=\"lazy\" decoding=\"async\" aria-describedby=\"caption-attachment-2796\" class=\"wp-image-2796 size-medium\" title=\"H440r\u00f6ttstreck\" src=\"http:\/\/xn--hftessamlarna-bfb.se\/wp-content\/uploads\/H440r\u00f6ttstreck-300x176.jpg\" alt=\"\" width=\"300\" height=\"176\" srcset=\"https:\/\/xn--hftessamlarna-bfb.se\/wp-content\/uploads\/H440r\u00f6ttstreck-300x176.jpg 300w, https:\/\/xn--hftessamlarna-bfb.se\/wp-content\/uploads\/H440r\u00f6ttstreck-150x88.jpg 150w, https:\/\/xn--hftessamlarna-bfb.se\/wp-content\/uploads\/H440r\u00f6ttstreck-500x294.jpg 500w, https:\/\/xn--hftessamlarna-bfb.se\/wp-content\/uploads\/H440r\u00f6ttstreck.jpg 960w\" sizes=\"auto, (max-width: 300px) 100vw, 300px\" \/><\/a><p id=\"caption-attachment-2796\" class=\"wp-caption-text\">Variant r\u00f6tt streck p\u00e5 omslagets f\u00f6rsta sida<\/p><\/div>\n<h2>Artiklar<\/h2>\n<p><a href=\"http:\/\/xn--hftessamlarna-bfb.se\/wp-content\/uploads\/H440-Gunnar-Struck.pdf\">H440 Gunnar Struck<\/a><\/p>\n","protected":false},"excerpt":{"rendered":"<p>Utgivningsdag 1993-08-26 F 1806 &#8211; 1809 8 x 5 kr,\u00a0fyra motiv Trycka i kombination 1 f\u00e4rg st\u00e5ltryck (svart) och 4 f\u00e4rger offset i 3:e Goebelpressen Inh\u00e4ftningen har gjorts i den 5:e h\u00e4ftesmaskinen Upplaga ok\u00e4nd Markeringar RT 7,2 x 1,8 mm &hellip; <a href=\"https:\/\/xn--hftessamlarna-bfb.se\/?page_id=2304\">Forts\u00e4tt l\u00e4sa <span class=\"meta-nav\">&rarr;<\/span><\/a><\/p>\n","protected":false},"author":1,"featured_media":0,"parent":2261,"menu_order":440,"comment_status":"open","ping_status":"open","template":"","meta":{"footnotes":""},"class_list":["post-2304","page","type-page","status-publish","hentry"],"_links":{"self":[{"href":"https:\/\/xn--hftessamlarna-bfb.se\/index.php?rest_route=\/wp\/v2\/pages\/2304","targetHints":{"allow":["GET"]}}],"collection":[{"href":"https:\/\/xn--hftessamlarna-bfb.se\/index.php?rest_route=\/wp\/v2\/pages"}],"about":[{"href":"https:\/\/xn--hftessamlarna-bfb.se\/index.php?rest_route=\/wp\/v2\/types\/page"}],"author":[{"embeddable":true,"href":"https:\/\/xn--hftessamlarna-bfb.se\/index.php?rest_route=\/wp\/v2\/users\/1"}],"replies":[{"embeddable":true,"href":"https:\/\/xn--hftessamlarna-bfb.se\/index.php?rest_route=%2Fwp%2Fv2%2Fcomments&post=2304"}],"version-history":[{"count":0,"href":"https:\/\/xn--hftessamlarna-bfb.se\/index.php?rest_route=\/wp\/v2\/pages\/2304\/revisions"}],"up":[{"embeddable":true,"href":"https:\/\/xn--hftessamlarna-bfb.se\/index.php?rest_route=\/wp\/v2\/pages\/2261"}],"wp:attachment":[{"href":"https:\/\/xn--hftessamlarna-bfb.se\/index.php?rest_route=%2Fwp%2Fv2%2Fmedia&parent=2304"}],"curies":[{"name":"wp","href":"https:\/\/api.w.org\/{rel}","templated":true}]}}