{"id":2303,"date":"2011-12-19T12:40:29","date_gmt":"2011-12-19T10:40:29","guid":{"rendered":"http:\/\/xn--hftessamlarna-bfb.se\/?page_id=2303"},"modified":"2021-06-27T11:46:48","modified_gmt":"2021-06-27T10:46:48","slug":"h439-halsningsfrimarken-ii","status":"publish","type":"page","link":"https:\/\/xn--hftessamlarna-bfb.se\/?page_id=2303","title":{"rendered":"H439 H\u00e4lsningsfrim\u00e4rken II"},"content":{"rendered":"<p><a href=\"https:\/\/xn--hftessamlarna-bfb.se\/wp-content\/uploads\/H-439-header-1993.jpg\" rel=\"attachment wp-att-2909\"><img loading=\"lazy\" decoding=\"async\" class=\"alignnone wp-image-6204 size-full\" title=\"H439\" src=\"https:\/\/xn--hftessamlarna-bfb.se\/wp-content\/uploads\/H-439-header-1993.jpg\" alt=\"\" width=\"960\" height=\"985\" srcset=\"https:\/\/xn--hftessamlarna-bfb.se\/wp-content\/uploads\/H-439-header-1993.jpg 960w, https:\/\/xn--hftessamlarna-bfb.se\/wp-content\/uploads\/H-439-header-1993-292x300.jpg 292w, https:\/\/xn--hftessamlarna-bfb.se\/wp-content\/uploads\/H-439-header-1993-146x150.jpg 146w, https:\/\/xn--hftessamlarna-bfb.se\/wp-content\/uploads\/H-439-header-1993-768x788.jpg 768w\" sizes=\"auto, (max-width: 960px) 100vw, 960px\" \/><\/a>Utgivningsdag 1993-08-06<br \/>\nF 1802 &#8211; 1805<br \/>\n10 \u00d7 2:90 kr, fyra motiv<br \/>\nTryckta i 4 f\u00e4rger offset i 3:e Goebelpressen<br \/>\nInh\u00e4ftningen har gjorts i den 5:e h\u00e4ftesmaskinen<br \/>\nUpplaga 1,86 miljoner h\u00e4ften<\/p>\n<h2>Markeringar<\/h2>\n<p><strong>R<\/strong><br \/>\nnedre regm har avhugget yttre h\u00f6rn<br \/>\nRT 7,2 \u00d7 1,4 mm svart (smalt)<br \/>\nRT 7,2 \u00d7 1,8 mm svart (brett), delat RT f\u00f6rekommer<\/p>\n<p><strong>N<\/strong><br \/>\nnedre regm har helt yttre h\u00f6rn<br \/>\nRT 7,2 \u00d7 1,4 mm svart (smalt)<br \/>\nRT 7,2 \u00d7 1,8 mm svart (brett), delat RT f\u00f6rekommer<br \/>\ncyls 1<br \/>\ncyls 2<br \/>\nhelt kn G3 (3mm)<\/p>\n<h2>\u00d6vrigt<\/h2>\n<p>F\u00e4rgpassningsm\u00e4rken, f\u00e4rgade fyrkanter\u00a0(1 mm)<br \/>\nHj\u00e4lpperforering<br \/>\nKlich\u00e9variant, 1 punkt saknas p\u00e5 baksidan<\/p>\n<p><a href=\"https:\/\/xn--hftessamlarna-bfb.se\/wp-content\/uploads\/H439info2.jpg\"><img loading=\"lazy\" decoding=\"async\" class=\"alignnone size-medium wp-image-6075\" src=\"https:\/\/xn--hftessamlarna-bfb.se\/wp-content\/uploads\/H439info2-300x201.jpg\" alt=\"\" width=\"300\" height=\"201\" srcset=\"https:\/\/xn--hftessamlarna-bfb.se\/wp-content\/uploads\/H439info2-300x201.jpg 300w, https:\/\/xn--hftessamlarna-bfb.se\/wp-content\/uploads\/H439info2-1024x687.jpg 1024w, https:\/\/xn--hftessamlarna-bfb.se\/wp-content\/uploads\/H439info2-150x101.jpg 150w, https:\/\/xn--hftessamlarna-bfb.se\/wp-content\/uploads\/H439info2-768x515.jpg 768w, https:\/\/xn--hftessamlarna-bfb.se\/wp-content\/uploads\/H439info2-1536x1031.jpg 1536w, https:\/\/xn--hftessamlarna-bfb.se\/wp-content\/uploads\/H439info2-447x300.jpg 447w, https:\/\/xn--hftessamlarna-bfb.se\/wp-content\/uploads\/H439info2.jpg 1869w\" sizes=\"auto, (max-width: 300px) 100vw, 300px\" \/><\/a><\/p>\n<h2>Artiklar<\/h2>\n<p><a href=\"http:\/\/xn--hftessamlarna-bfb.se\/wp-content\/uploads\/H439-Gunnar-Struck.pdf\">H439 Gunnar Struck<\/a><\/p>\n","protected":false},"excerpt":{"rendered":"<p>Utgivningsdag 1993-08-06 F 1802 &#8211; 1805 10 \u00d7 2:90 kr, fyra motiv Tryckta i 4 f\u00e4rger offset i 3:e Goebelpressen Inh\u00e4ftningen har gjorts i den 5:e h\u00e4ftesmaskinen Upplaga 1,86 miljoner h\u00e4ften Markeringar R nedre regm har avhugget yttre h\u00f6rn RT &hellip; <a href=\"https:\/\/xn--hftessamlarna-bfb.se\/?page_id=2303\">Forts\u00e4tt l\u00e4sa <span class=\"meta-nav\">&rarr;<\/span><\/a><\/p>\n","protected":false},"author":1,"featured_media":0,"parent":2261,"menu_order":439,"comment_status":"open","ping_status":"open","template":"","meta":{"footnotes":""},"class_list":["post-2303","page","type-page","status-publish","hentry"],"_links":{"self":[{"href":"https:\/\/xn--hftessamlarna-bfb.se\/index.php?rest_route=\/wp\/v2\/pages\/2303","targetHints":{"allow":["GET"]}}],"collection":[{"href":"https:\/\/xn--hftessamlarna-bfb.se\/index.php?rest_route=\/wp\/v2\/pages"}],"about":[{"href":"https:\/\/xn--hftessamlarna-bfb.se\/index.php?rest_route=\/wp\/v2\/types\/page"}],"author":[{"embeddable":true,"href":"https:\/\/xn--hftessamlarna-bfb.se\/index.php?rest_route=\/wp\/v2\/users\/1"}],"replies":[{"embeddable":true,"href":"https:\/\/xn--hftessamlarna-bfb.se\/index.php?rest_route=%2Fwp%2Fv2%2Fcomments&post=2303"}],"version-history":[{"count":0,"href":"https:\/\/xn--hftessamlarna-bfb.se\/index.php?rest_route=\/wp\/v2\/pages\/2303\/revisions"}],"up":[{"embeddable":true,"href":"https:\/\/xn--hftessamlarna-bfb.se\/index.php?rest_route=\/wp\/v2\/pages\/2261"}],"wp:attachment":[{"href":"https:\/\/xn--hftessamlarna-bfb.se\/index.php?rest_route=%2Fwp%2Fv2%2Fmedia&parent=2303"}],"curies":[{"name":"wp","href":"https:\/\/api.w.org\/{rel}","templated":true}]}}