{"id":2301,"date":"2011-12-19T12:40:29","date_gmt":"2011-12-19T10:40:29","guid":{"rendered":"http:\/\/xn--hftessamlarna-bfb.se\/?page_id=2301"},"modified":"2014-12-29T07:19:25","modified_gmt":"2014-12-29T06:19:25","slug":"h437-samtida-konst","status":"publish","type":"page","link":"https:\/\/xn--hftessamlarna-bfb.se\/?page_id=2301","title":{"rendered":"H437 Europa 93 XXII \u2013 Samtida konst"},"content":{"rendered":"<p><a href=\"http:\/\/xn--hftessamlarna-bfb.se\/?attachment_id=2911\" rel=\"attachment wp-att-2911\"><img loading=\"lazy\" decoding=\"async\" class=\"aligncenter size-full wp-image-2911\" title=\"H437\" src=\"http:\/\/xn--hftessamlarna-bfb.se\/wp-content\/uploads\/H437.jpg\" alt=\"\" width=\"960\" height=\"497\" srcset=\"https:\/\/xn--hftessamlarna-bfb.se\/wp-content\/uploads\/H437.jpg 960w, https:\/\/xn--hftessamlarna-bfb.se\/wp-content\/uploads\/H437-150x77.jpg 150w, https:\/\/xn--hftessamlarna-bfb.se\/wp-content\/uploads\/H437-300x155.jpg 300w, https:\/\/xn--hftessamlarna-bfb.se\/wp-content\/uploads\/H437-500x258.jpg 500w\" sizes=\"auto, (max-width: 960px) 100vw, 960px\" \/><\/a>Utgivningsdag 1993-05-21<br \/>\nF 1795 &#8211; 1797<br \/>\n6 x 5 kr, tre motiv<br \/>\nTryckta i kombination 1 f\u00e4rg st\u00e5ltryck och 4 f\u00e4rger offset i 3:e Goebelpressen<br \/>\nInh\u00e4ftningen har gjorts i den 5:e h\u00e4ftesmaskinen<br \/>\nUpplaga 1,05 miljoner h\u00e4ften<\/p>\n<h2>Markeringar<\/h2>\n<p>RT 7,2 x 1,4 mm svart (smalt)<br \/>\nRT 7,2 x 1,8 mm svart (brett)<br \/>\ncyls 1<br \/>\ncyls 2<br \/>\nhelt kn G3 (3mm)<\/p>\n<h1>\u00d6vrigt<\/h1>\n<p>pl\u00e5tskarvlinjer kan finnas, ca 11 mm fr\u00e5n bilden<\/p>\n<h2>Artiklar<\/h2>\n<p><a href=\"http:\/\/xn--hftessamlarna-bfb.se\/wp-content\/uploads\/H437-Gunnar-Struck.pdf\">H437 Gunnar Struck<\/a><\/p>\n","protected":false},"excerpt":{"rendered":"<p>Utgivningsdag 1993-05-21 F 1795 &#8211; 1797 6 x 5 kr, tre motiv Tryckta i kombination 1 f\u00e4rg st\u00e5ltryck och 4 f\u00e4rger offset i 3:e Goebelpressen Inh\u00e4ftningen har gjorts i den 5:e h\u00e4ftesmaskinen Upplaga 1,05 miljoner h\u00e4ften Markeringar RT 7,2 x &hellip; <a href=\"https:\/\/xn--hftessamlarna-bfb.se\/?page_id=2301\">Forts\u00e4tt l\u00e4sa <span class=\"meta-nav\">&rarr;<\/span><\/a><\/p>\n","protected":false},"author":1,"featured_media":0,"parent":2261,"menu_order":437,"comment_status":"open","ping_status":"open","template":"","meta":{"footnotes":""},"class_list":["post-2301","page","type-page","status-publish","hentry"],"_links":{"self":[{"href":"https:\/\/xn--hftessamlarna-bfb.se\/index.php?rest_route=\/wp\/v2\/pages\/2301","targetHints":{"allow":["GET"]}}],"collection":[{"href":"https:\/\/xn--hftessamlarna-bfb.se\/index.php?rest_route=\/wp\/v2\/pages"}],"about":[{"href":"https:\/\/xn--hftessamlarna-bfb.se\/index.php?rest_route=\/wp\/v2\/types\/page"}],"author":[{"embeddable":true,"href":"https:\/\/xn--hftessamlarna-bfb.se\/index.php?rest_route=\/wp\/v2\/users\/1"}],"replies":[{"embeddable":true,"href":"https:\/\/xn--hftessamlarna-bfb.se\/index.php?rest_route=%2Fwp%2Fv2%2Fcomments&post=2301"}],"version-history":[{"count":0,"href":"https:\/\/xn--hftessamlarna-bfb.se\/index.php?rest_route=\/wp\/v2\/pages\/2301\/revisions"}],"up":[{"embeddable":true,"href":"https:\/\/xn--hftessamlarna-bfb.se\/index.php?rest_route=\/wp\/v2\/pages\/2261"}],"wp:attachment":[{"href":"https:\/\/xn--hftessamlarna-bfb.se\/index.php?rest_route=%2Fwp%2Fv2%2Fmedia&parent=2301"}],"curies":[{"name":"wp","href":"https:\/\/api.w.org\/{rel}","templated":true}]}}