{"id":2299,"date":"2011-12-19T12:40:28","date_gmt":"2011-12-19T10:40:28","guid":{"rendered":"http:\/\/xn--hftessamlarna-bfb.se\/?page_id=2299"},"modified":"2022-10-12T10:42:06","modified_gmt":"2022-10-12T09:42:06","slug":"h435-bar-och-frukter","status":"publish","type":"page","link":"https:\/\/xn--hftessamlarna-bfb.se\/?page_id=2299","title":{"rendered":"H435 B\u00e4r och frukter"},"content":{"rendered":"<p><a href=\"http:\/\/xn--hftessamlarna-bfb.se\/?attachment_id=2913\" rel=\"attachment wp-att-2913\"><img loading=\"lazy\" decoding=\"async\" class=\"aligncenter size-full wp-image-2913\" title=\"H435\" src=\"http:\/\/xn--hftessamlarna-bfb.se\/wp-content\/uploads\/H435.jpg\" alt=\"\" width=\"960\" height=\"462\" srcset=\"https:\/\/xn--hftessamlarna-bfb.se\/wp-content\/uploads\/H435.jpg 960w, https:\/\/xn--hftessamlarna-bfb.se\/wp-content\/uploads\/H435-150x72.jpg 150w, https:\/\/xn--hftessamlarna-bfb.se\/wp-content\/uploads\/H435-300x144.jpg 300w, https:\/\/xn--hftessamlarna-bfb.se\/wp-content\/uploads\/H435-500x240.jpg 500w\" sizes=\"auto, (max-width: 960px) 100vw, 960px\" \/><\/a>Utgivningsdag 1993-03-25<br \/>\nF 1785 &#8211; 1786<br \/>\n10 x 2:40, tv\u00e5 motiv<br \/>\nTryckta i st\u00e5lgravyrtryck i 3:e Goebelpressen<br \/>\nInh\u00e4ftningen har gjorts i den 4:e h\u00e4ftesmaskinen<br \/>\nUpplaga ok\u00e4nd<\/p>\n<p><strong>Ny indelning juni 2022<\/strong><br \/>\n<strong>A<\/strong> omslag med smutsig, j\u00e4mngr\u00e5 vitmedelsreaktion i UV-ljus<br \/>\n<strong>B<\/strong> omslag med ren, vit vitmedelsreaktion i UV-ljus<\/p>\n<p>Varianten H435B \u00e4r vanligast.<\/p>\n<p><strong>R<\/strong><br \/>\nb=5,0, d=5,1<br \/>\nRT 8 x 2 mm svart<\/p>\n<p><strong>N<\/strong><br \/>\nb=4,8, d=4,9<br \/>\nRT 8 x 2 mm svart<br \/>\ncyls 1<br \/>\ncyls 2<br \/>\nhelt kn G3 (3 mm)<\/p>\n<h2>Artiklar<\/h2>\n<p><a href=\"http:\/\/xn--hftessamlarna-bfb.se\/wp-content\/uploads\/H435-Gunnar-Struck.pdf\">H435 Gunnar Struck<\/a><\/p>\n","protected":false},"excerpt":{"rendered":"<p>Utgivningsdag 1993-03-25 F 1785 &#8211; 1786 10 x 2:40, tv\u00e5 motiv Tryckta i st\u00e5lgravyrtryck i 3:e Goebelpressen Inh\u00e4ftningen har gjorts i den 4:e h\u00e4ftesmaskinen Upplaga ok\u00e4nd Ny indelning juni 2022 A omslag med smutsig, j\u00e4mngr\u00e5 vitmedelsreaktion i UV-ljus B omslag &hellip; <a href=\"https:\/\/xn--hftessamlarna-bfb.se\/?page_id=2299\">Forts\u00e4tt l\u00e4sa <span class=\"meta-nav\">&rarr;<\/span><\/a><\/p>\n","protected":false},"author":1,"featured_media":0,"parent":2261,"menu_order":435,"comment_status":"open","ping_status":"open","template":"","meta":{"footnotes":""},"class_list":["post-2299","page","type-page","status-publish","hentry"],"_links":{"self":[{"href":"https:\/\/xn--hftessamlarna-bfb.se\/index.php?rest_route=\/wp\/v2\/pages\/2299","targetHints":{"allow":["GET"]}}],"collection":[{"href":"https:\/\/xn--hftessamlarna-bfb.se\/index.php?rest_route=\/wp\/v2\/pages"}],"about":[{"href":"https:\/\/xn--hftessamlarna-bfb.se\/index.php?rest_route=\/wp\/v2\/types\/page"}],"author":[{"embeddable":true,"href":"https:\/\/xn--hftessamlarna-bfb.se\/index.php?rest_route=\/wp\/v2\/users\/1"}],"replies":[{"embeddable":true,"href":"https:\/\/xn--hftessamlarna-bfb.se\/index.php?rest_route=%2Fwp%2Fv2%2Fcomments&post=2299"}],"version-history":[{"count":0,"href":"https:\/\/xn--hftessamlarna-bfb.se\/index.php?rest_route=\/wp\/v2\/pages\/2299\/revisions"}],"up":[{"embeddable":true,"href":"https:\/\/xn--hftessamlarna-bfb.se\/index.php?rest_route=\/wp\/v2\/pages\/2261"}],"wp:attachment":[{"href":"https:\/\/xn--hftessamlarna-bfb.se\/index.php?rest_route=%2Fwp%2Fv2%2Fmedia&parent=2299"}],"curies":[{"name":"wp","href":"https:\/\/api.w.org\/{rel}","templated":true}]}}