{"id":2296,"date":"2011-12-19T12:40:29","date_gmt":"2011-12-19T10:40:29","guid":{"rendered":"http:\/\/xn--hftessamlarna-bfb.se\/?page_id=2296"},"modified":"2021-02-06T09:38:43","modified_gmt":"2021-02-06T08:38:43","slug":"h433-vilda-djur-2-brunbjorn","status":"publish","type":"page","link":"https:\/\/xn--hftessamlarna-bfb.se\/?page_id=2296","title":{"rendered":"H433 Vilda djur 2 &#8211; Brunbj\u00f6rn"},"content":{"rendered":"<p><a href=\"http:\/\/xn--hftessamlarna-bfb.se\/?attachment_id=2915\" rel=\"attachment wp-att-2915\"><img loading=\"lazy\" decoding=\"async\" class=\"aligncenter size-full wp-image-2915\" title=\"H433\" src=\"http:\/\/xn--hftessamlarna-bfb.se\/wp-content\/uploads\/H433.jpg\" alt=\"\" width=\"960\" height=\"655\" srcset=\"https:\/\/xn--hftessamlarna-bfb.se\/wp-content\/uploads\/H433.jpg 960w, https:\/\/xn--hftessamlarna-bfb.se\/wp-content\/uploads\/H433-150x102.jpg 150w, https:\/\/xn--hftessamlarna-bfb.se\/wp-content\/uploads\/H433-300x204.jpg 300w, https:\/\/xn--hftessamlarna-bfb.se\/wp-content\/uploads\/H433-439x300.jpg 439w\" sizes=\"auto, (max-width: 960px) 100vw, 960px\" \/><\/a>Utgivningsdag 1993-01-28<br \/>\nF 1773 &#8211; 1774<br \/>\n10 x 2.90, tv\u00e5 motiv<br \/>\nTryckt i st\u00e5lgravyrtryck<br \/>\nUpplaga 9,52 miljoner h\u00e4ften<\/p>\n<h2>Typer<\/h2>\n<p><strong>A<\/strong> utan streck p\u00e5 omslag, riven tandning<\/p>\n<p><strong><strong>B<\/strong><\/strong> med streck p\u00e5 omslag<strong><br \/>\nB-T1<\/strong> skuren tandning<br \/>\n<strong>B-T2<\/strong> riven tandning<\/p>\n<h2>Markeringar<\/h2>\n<p><strong>AR<\/strong><br \/>\na=0,8, b=5,1<br \/>\nRT 8 x 2 mm svart<\/p>\n<p><strong>AN<\/strong><br \/>\na=1,0, b=4,9<br \/>\nRT 8 x 2 mm svart<br \/>\ncyls 1<br \/>\ncyls 2<br \/>\nhelt kn G2b, 1:a uppl, T2; rest 1-&gt;3<br \/>\nhelt kn G3, 2:a uppl, T2; rest 3-&gt;5<\/p>\n<p><strong>B-T1R<\/strong><br \/>\na=0,8, b=5,1<br \/>\nRT 8 x 2 mm svart<\/p>\n<p><strong>B-T1N<\/strong><br \/>\na=1,0, b=4,9<br \/>\nhelt kn G3<\/p>\n<p><strong>B-T2R<\/strong><br \/>\na=0,8, b=5,1<br \/>\nRT 8 x 2 mm svart<\/p>\n<p><strong>B-T2N<br \/>\n<\/strong>a=1,0, b=4,9<br \/>\nRT 8 x 2 mm svart<br \/>\ncyls 1<br \/>\ncyls 2<br \/>\nhelt kn G3, 3:e uppl, T1, T2<br \/>\nhelt kn G2b, 4:e uppl, T1, T2; rest 3, 4<\/p>\n<h2>Varianter<\/h2>\n<p>Y: streck \u00f6ver \u00f6gonbryn p\u00e5 bj\u00f6rnungen (endast k\u00e4nd i typ <strong>B<\/strong>)<\/p>\n<h2>Bilder<\/h2>\n<div id=\"attachment_6101\" style=\"width: 267px\" class=\"wp-caption alignnone\"><a href=\"https:\/\/xn--hftessamlarna-bfb.se\/wp-content\/uploads\/H433info.jpg\"><img loading=\"lazy\" decoding=\"async\" aria-describedby=\"caption-attachment-6101\" class=\"wp-image-6101 size-medium\" src=\"https:\/\/xn--hftessamlarna-bfb.se\/wp-content\/uploads\/H433info-257x300.jpg\" alt=\"\" width=\"257\" height=\"300\" srcset=\"https:\/\/xn--hftessamlarna-bfb.se\/wp-content\/uploads\/H433info-257x300.jpg 257w, https:\/\/xn--hftessamlarna-bfb.se\/wp-content\/uploads\/H433info-878x1024.jpg 878w, https:\/\/xn--hftessamlarna-bfb.se\/wp-content\/uploads\/H433info-129x150.jpg 129w, https:\/\/xn--hftessamlarna-bfb.se\/wp-content\/uploads\/H433info-768x896.jpg 768w, https:\/\/xn--hftessamlarna-bfb.se\/wp-content\/uploads\/H433info-1317x1536.jpg 1317w, https:\/\/xn--hftessamlarna-bfb.se\/wp-content\/uploads\/H433info-1756x2048.jpg 1756w\" sizes=\"auto, (max-width: 257px) 100vw, 257px\" \/><\/a><p id=\"caption-attachment-6101\" class=\"wp-caption-text\">typ A resp B samt B med variant Y<\/p><\/div>\n<h2>Artiklar<\/h2>\n<p><a href=\"http:\/\/xn--hftessamlarna-bfb.se\/wp-content\/uploads\/H433-Gunnar-Struck.pdf\">H433 Gunnar Struck<\/a><\/p>\n","protected":false},"excerpt":{"rendered":"<p>Utgivningsdag 1993-01-28 F 1773 &#8211; 1774 10 x 2.90, tv\u00e5 motiv Tryckt i st\u00e5lgravyrtryck Upplaga 9,52 miljoner h\u00e4ften Typer A utan streck p\u00e5 omslag, riven tandning B med streck p\u00e5 omslag B-T1 skuren tandning B-T2 riven tandning Markeringar AR a=0,8, &hellip; <a href=\"https:\/\/xn--hftessamlarna-bfb.se\/?page_id=2296\">Forts\u00e4tt l\u00e4sa <span class=\"meta-nav\">&rarr;<\/span><\/a><\/p>\n","protected":false},"author":1,"featured_media":0,"parent":2261,"menu_order":433,"comment_status":"open","ping_status":"open","template":"","meta":{"footnotes":""},"class_list":["post-2296","page","type-page","status-publish","hentry"],"_links":{"self":[{"href":"https:\/\/xn--hftessamlarna-bfb.se\/index.php?rest_route=\/wp\/v2\/pages\/2296","targetHints":{"allow":["GET"]}}],"collection":[{"href":"https:\/\/xn--hftessamlarna-bfb.se\/index.php?rest_route=\/wp\/v2\/pages"}],"about":[{"href":"https:\/\/xn--hftessamlarna-bfb.se\/index.php?rest_route=\/wp\/v2\/types\/page"}],"author":[{"embeddable":true,"href":"https:\/\/xn--hftessamlarna-bfb.se\/index.php?rest_route=\/wp\/v2\/users\/1"}],"replies":[{"embeddable":true,"href":"https:\/\/xn--hftessamlarna-bfb.se\/index.php?rest_route=%2Fwp%2Fv2%2Fcomments&post=2296"}],"version-history":[{"count":0,"href":"https:\/\/xn--hftessamlarna-bfb.se\/index.php?rest_route=\/wp\/v2\/pages\/2296\/revisions"}],"up":[{"embeddable":true,"href":"https:\/\/xn--hftessamlarna-bfb.se\/index.php?rest_route=\/wp\/v2\/pages\/2261"}],"wp:attachment":[{"href":"https:\/\/xn--hftessamlarna-bfb.se\/index.php?rest_route=%2Fwp%2Fv2%2Fmedia&parent=2296"}],"curies":[{"name":"wp","href":"https:\/\/api.w.org\/{rel}","templated":true}]}}