{"id":2295,"date":"2011-12-19T12:40:29","date_gmt":"2011-12-19T10:40:29","guid":{"rendered":"http:\/\/xn--hftessamlarna-bfb.se\/?page_id=2295"},"modified":"2021-03-14T12:00:16","modified_gmt":"2021-03-14T11:00:16","slug":"h432-jul-1992-ikoner","status":"publish","type":"page","link":"https:\/\/xn--hftessamlarna-bfb.se\/?page_id=2295","title":{"rendered":"H432 Jul 1992 &#8211; Ikoner"},"content":{"rendered":"<p><a href=\"http:\/\/xn--hftessamlarna-bfb.se\/?attachment_id=2916\" rel=\"attachment wp-att-2916\"><img loading=\"lazy\" decoding=\"async\" class=\"aligncenter size-full wp-image-2916\" title=\"H432\" src=\"http:\/\/xn--hftessamlarna-bfb.se\/wp-content\/uploads\/H432.jpg\" alt=\"\" width=\"960\" height=\"657\" srcset=\"https:\/\/xn--hftessamlarna-bfb.se\/wp-content\/uploads\/H432.jpg 960w, https:\/\/xn--hftessamlarna-bfb.se\/wp-content\/uploads\/H432-150x102.jpg 150w, https:\/\/xn--hftessamlarna-bfb.se\/wp-content\/uploads\/H432-300x205.jpg 300w, https:\/\/xn--hftessamlarna-bfb.se\/wp-content\/uploads\/H432-438x300.jpg 438w\" sizes=\"auto, (max-width: 960px) 100vw, 960px\" \/><\/a>Utgivningsdag 1992-11-27<br \/>\nF 1765 &#8211; 1768<br \/>\n12 x 2:30, fyra motiv<br \/>\nTryckta i kombination 1 f\u00e4rg st\u00e5ltryck och 3 f\u00e4rger offset i 3:e Goebelpressen<br \/>\nInh\u00e4ftningen har gjorts i den 5:e h\u00e4ftesmaskinen<br \/>\nUpplaga 4,87 miljoner h\u00e4ften<\/p>\n<h2>Typer<\/h2>\n<p><strong>I<\/strong>\u00a0 2,75 mm mellan &#8221;1992&#8221; p\u00e5 \u00f6vre h\u00f6gra m\u00e4rket till \u00f6vre ramlinjen p\u00e5 nedre m\u00e4rket p\u00e5 det 6:e paret<br \/>\n<strong>II<\/strong> 2,60 mm mellan &#8221;1992&#8221; p\u00e5 \u00f6vre h\u00f6gra m\u00e4rket till \u00f6vre ramlinjen p\u00e5 nedre m\u00e4rket p\u00e5 det 6:e paret<\/p>\n<h2>Markeringar<\/h2>\n<p><strong>I<\/strong><br \/>\ndelat regm<br \/>\nRT 8 x 2 mm svart<br \/>\ncyls 1 (underkant i niv\u00e5 nedre m\u00e4rkets \u00f6verkant)<br \/>\ncyls 2<br \/>\nhelt kn G3<\/p>\n<p><strong>II<\/strong><br \/>\ndelat regm<br \/>\nRT 8 x 2 mm svart<br \/>\ncyls 1 (\u00e4r 0,3 mm ovanf\u00f6r nedre m\u00e4rket)<br \/>\ncyls 2<br \/>\nhelt kn G3<br \/>\ndelat kn 4,5\/0,5<\/p>\n<h2>\u00d6vrigt<\/h2>\n<div id=\"attachment_6187\" style=\"width: 263px\" class=\"wp-caption alignnone\"><a href=\"https:\/\/xn--hftessamlarna-bfb.se\/wp-content\/uploads\/H-0432I-rir-1992.jpg\"><img loading=\"lazy\" decoding=\"async\" aria-describedby=\"caption-attachment-6187\" class=\"wp-image-6187 size-medium\" src=\"https:\/\/xn--hftessamlarna-bfb.se\/wp-content\/uploads\/H-0432I-rir-1992-253x300.jpg\" alt=\"\" width=\"253\" height=\"300\" srcset=\"https:\/\/xn--hftessamlarna-bfb.se\/wp-content\/uploads\/H-0432I-rir-1992-253x300.jpg 253w, https:\/\/xn--hftessamlarna-bfb.se\/wp-content\/uploads\/H-0432I-rir-1992-127x150.jpg 127w, https:\/\/xn--hftessamlarna-bfb.se\/wp-content\/uploads\/H-0432I-rir-1992.jpg 637w\" sizes=\"auto, (max-width: 253px) 100vw, 253px\" \/><\/a><p id=\"caption-attachment-6187\" class=\"wp-caption-text\">delar av regm p\u00e5 KR<\/p><\/div>\n<p>delar av regm p\u00e5 KR<br \/>\npl\u00e5tskarvlinje<\/p>\n<h2>Artiklar<\/h2>\n<p><a href=\"http:\/\/xn--hftessamlarna-bfb.se\/wp-content\/uploads\/H432-Gunnar-Struck.pdf\">H432 Gunnar Struck<\/a><\/p>\n","protected":false},"excerpt":{"rendered":"<p>Utgivningsdag 1992-11-27 F 1765 &#8211; 1768 12 x 2:30, fyra motiv Tryckta i kombination 1 f\u00e4rg st\u00e5ltryck och 3 f\u00e4rger offset i 3:e Goebelpressen Inh\u00e4ftningen har gjorts i den 5:e h\u00e4ftesmaskinen Upplaga 4,87 miljoner h\u00e4ften Typer I\u00a0 2,75 mm mellan &hellip; <a href=\"https:\/\/xn--hftessamlarna-bfb.se\/?page_id=2295\">Forts\u00e4tt l\u00e4sa <span class=\"meta-nav\">&rarr;<\/span><\/a><\/p>\n","protected":false},"author":1,"featured_media":0,"parent":2261,"menu_order":432,"comment_status":"open","ping_status":"open","template":"","meta":{"footnotes":""},"class_list":["post-2295","page","type-page","status-publish","hentry"],"_links":{"self":[{"href":"https:\/\/xn--hftessamlarna-bfb.se\/index.php?rest_route=\/wp\/v2\/pages\/2295","targetHints":{"allow":["GET"]}}],"collection":[{"href":"https:\/\/xn--hftessamlarna-bfb.se\/index.php?rest_route=\/wp\/v2\/pages"}],"about":[{"href":"https:\/\/xn--hftessamlarna-bfb.se\/index.php?rest_route=\/wp\/v2\/types\/page"}],"author":[{"embeddable":true,"href":"https:\/\/xn--hftessamlarna-bfb.se\/index.php?rest_route=\/wp\/v2\/users\/1"}],"replies":[{"embeddable":true,"href":"https:\/\/xn--hftessamlarna-bfb.se\/index.php?rest_route=%2Fwp%2Fv2%2Fcomments&post=2295"}],"version-history":[{"count":0,"href":"https:\/\/xn--hftessamlarna-bfb.se\/index.php?rest_route=\/wp\/v2\/pages\/2295\/revisions"}],"up":[{"embeddable":true,"href":"https:\/\/xn--hftessamlarna-bfb.se\/index.php?rest_route=\/wp\/v2\/pages\/2261"}],"wp:attachment":[{"href":"https:\/\/xn--hftessamlarna-bfb.se\/index.php?rest_route=%2Fwp%2Fv2%2Fmedia&parent=2295"}],"curies":[{"name":"wp","href":"https:\/\/api.w.org\/{rel}","templated":true}]}}