{"id":2293,"date":"2011-12-19T12:40:29","date_gmt":"2011-12-19T10:40:29","guid":{"rendered":"http:\/\/xn--hftessamlarna-bfb.se\/?page_id=2293"},"modified":"2021-06-27T11:46:02","modified_gmt":"2021-06-27T10:46:02","slug":"h430-forhistoriska-djur","status":"publish","type":"page","link":"https:\/\/xn--hftessamlarna-bfb.se\/?page_id=2293","title":{"rendered":"H430 F\u00f6rhistoriska djur"},"content":{"rendered":"<p><a href=\"https:\/\/xn--hftessamlarna-bfb.se\/wp-content\/uploads\/H-0430-header-1992.jpg\" rel=\"attachment wp-att-2918\"><img loading=\"lazy\" decoding=\"async\" class=\"alignnone wp-image-6289 size-full\" title=\"H430\" src=\"https:\/\/xn--hftessamlarna-bfb.se\/wp-content\/uploads\/H-0430-header-1992.jpg\" alt=\"\" width=\"960\" height=\"1002\" srcset=\"https:\/\/xn--hftessamlarna-bfb.se\/wp-content\/uploads\/H-0430-header-1992.jpg 960w, https:\/\/xn--hftessamlarna-bfb.se\/wp-content\/uploads\/H-0430-header-1992-287x300.jpg 287w, https:\/\/xn--hftessamlarna-bfb.se\/wp-content\/uploads\/H-0430-header-1992-144x150.jpg 144w, https:\/\/xn--hftessamlarna-bfb.se\/wp-content\/uploads\/H-0430-header-1992-768x802.jpg 768w\" sizes=\"auto, (max-width: 960px) 100vw, 960px\" \/><\/a>Utgivningsdag 1992-10-03<br \/>\nF 1755 &#8211; 1758<br \/>\n8 \u00d7 2:80 (+4:60 i till\u00e4gg som st\u00f6d f\u00f6r frim\u00e4rkssamlandet), fyra motiv<br \/>\nTryckta i kombination 1 f\u00e4rg st\u00e5ltryck och 3 f\u00e4rger offset i 3:e Goebelpressen<br \/>\nInh\u00e4ftningen har gjorts i den 5:e h\u00e4ftesmaskinen<br \/>\nUpplaga 1,27 miljoner h\u00e4ften<\/p>\n<h2>Ny indelning mars 2019<\/h2>\n<p><strong>H430<\/strong> har antingen sl\u00e4t eller r\u00e4fflad gummering<\/p>\n<ul>\n<li>H430<strong>a <\/strong>med r\u00e4fflad gummering<\/li>\n<li>H430<strong>b <\/strong>med sl\u00e4t gummering<\/li>\n<\/ul>\n<p>Den r\u00e4fflade gummeringen ser annorlunda ut j\u00e4mf\u00f6rt med den som kan finnas p\u00e5 H442 och H498. Den \u00e4r inte lika j\u00e4mn eller regelbunden. Inlaga med sl\u00e4t gummering \u00e4r vanligast, H430 finns med kontrollnummer i intervallet 02\u201352-tusen. Inlagor med r\u00e4fflad gummering finns i slutet av upplagen och har observerats med kontrollnummer 48\u201352-tusen och det kan finnas andra tusental, d\u00e5 vi inte har observerat alla.<\/p>\n<h2>Typer<\/h2>\n<p><strong>a<\/strong>\u00a0r\u00e4fflad gummering<br \/>\n<strong>b<\/strong>\u00a0sl\u00e4t gummering<\/p>\n<h2>Markeringar<\/h2>\n<p>centralt regm<br \/>\nRT 7,2 \u00d7 1,4 mm svart (smalt)<br \/>\nRT 7,2 \u00d7 1,8 mm svart (brett), delat RT f\u00f6rekommer<br \/>\ncyls 1 p\u00e5 KR<br \/>\ncyls 2 p\u00e5 KR<br \/>\nhelt kn G3 (3 mm)<\/p>\n<h2>Artiklar<\/h2>\n<p><a href=\"http:\/\/xn--hftessamlarna-bfb.se\/wp-content\/uploads\/H430-Gunnar-Struck.pdf\">H430 Gunnar Struck<\/a><\/p>\n","protected":false},"excerpt":{"rendered":"<p>Utgivningsdag 1992-10-03 F 1755 &#8211; 1758 8 \u00d7 2:80 (+4:60 i till\u00e4gg som st\u00f6d f\u00f6r frim\u00e4rkssamlandet), fyra motiv Tryckta i kombination 1 f\u00e4rg st\u00e5ltryck och 3 f\u00e4rger offset i 3:e Goebelpressen Inh\u00e4ftningen har gjorts i den 5:e h\u00e4ftesmaskinen Upplaga 1,27 &hellip; <a href=\"https:\/\/xn--hftessamlarna-bfb.se\/?page_id=2293\">Forts\u00e4tt l\u00e4sa <span class=\"meta-nav\">&rarr;<\/span><\/a><\/p>\n","protected":false},"author":1,"featured_media":0,"parent":2261,"menu_order":430,"comment_status":"open","ping_status":"open","template":"","meta":{"footnotes":""},"class_list":["post-2293","page","type-page","status-publish","hentry"],"_links":{"self":[{"href":"https:\/\/xn--hftessamlarna-bfb.se\/index.php?rest_route=\/wp\/v2\/pages\/2293","targetHints":{"allow":["GET"]}}],"collection":[{"href":"https:\/\/xn--hftessamlarna-bfb.se\/index.php?rest_route=\/wp\/v2\/pages"}],"about":[{"href":"https:\/\/xn--hftessamlarna-bfb.se\/index.php?rest_route=\/wp\/v2\/types\/page"}],"author":[{"embeddable":true,"href":"https:\/\/xn--hftessamlarna-bfb.se\/index.php?rest_route=\/wp\/v2\/users\/1"}],"replies":[{"embeddable":true,"href":"https:\/\/xn--hftessamlarna-bfb.se\/index.php?rest_route=%2Fwp%2Fv2%2Fcomments&post=2293"}],"version-history":[{"count":0,"href":"https:\/\/xn--hftessamlarna-bfb.se\/index.php?rest_route=\/wp\/v2\/pages\/2293\/revisions"}],"up":[{"embeddable":true,"href":"https:\/\/xn--hftessamlarna-bfb.se\/index.php?rest_route=\/wp\/v2\/pages\/2261"}],"wp:attachment":[{"href":"https:\/\/xn--hftessamlarna-bfb.se\/index.php?rest_route=%2Fwp%2Fv2%2Fmedia&parent=2293"}],"curies":[{"name":"wp","href":"https:\/\/api.w.org\/{rel}","templated":true}]}}