{"id":2291,"date":"2011-12-19T12:40:29","date_gmt":"2011-12-19T10:40:29","guid":{"rendered":"http:\/\/xn--hftessamlarna-bfb.se\/?page_id=2291"},"modified":"2021-05-09T15:45:25","modified_gmt":"2021-05-09T14:45:25","slug":"h428-halsningsfrimarken","status":"publish","type":"page","link":"https:\/\/xn--hftessamlarna-bfb.se\/?page_id=2291","title":{"rendered":"H428 H\u00e4lsningsfrim\u00e4rken"},"content":{"rendered":"<p><a href=\"http:\/\/xn--hftessamlarna-bfb.se\/?attachment_id=2920\" rel=\"attachment wp-att-2920\"><img loading=\"lazy\" decoding=\"async\" class=\"aligncenter size-full wp-image-2920\" title=\"H428\" src=\"http:\/\/xn--hftessamlarna-bfb.se\/wp-content\/uploads\/H428.jpg\" alt=\"\" width=\"960\" height=\"655\" srcset=\"https:\/\/xn--hftessamlarna-bfb.se\/wp-content\/uploads\/H428.jpg 960w, https:\/\/xn--hftessamlarna-bfb.se\/wp-content\/uploads\/H428-150x102.jpg 150w, https:\/\/xn--hftessamlarna-bfb.se\/wp-content\/uploads\/H428-300x204.jpg 300w, https:\/\/xn--hftessamlarna-bfb.se\/wp-content\/uploads\/H428-439x300.jpg 439w\" sizes=\"auto, (max-width: 960px) 100vw, 960px\" \/><\/a>Utgivningsdag 1992-08-14<br \/>\nF 1743 &#8211; 1746<br \/>\n8 x 2:80, fyra motiv<br \/>\nTryckta i 4 f\u00e4rger offset i 3:e Goebelpressen<br \/>\nInh\u00e4ftningen har gjorts i den 5:e h\u00e4ftesmaskinen<br \/>\nUpplaga 1,35 miljoner<\/p>\n<h2>Typer<\/h2>\n<p><strong>a<\/strong> inlagans gula f\u00e4rg ej fluorescerande<br \/>\n<strong>b<\/strong> inlagans gula f\u00e4rg fluorescerande<\/p>\n<h2>Markeringar<\/h2>\n<p><strong>aR<\/strong><br \/>\nhelt regm<br \/>\n4,6-4,7 mellan fyrblocken<br \/>\nRT 7,2 x 1,4 mm svart (smalt)<br \/>\nRT 7,2 x 1,8 mm svart (brett), delat RT f\u00f6rekommer<br \/>\ncyls 1 p\u00e5 KR<br \/>\ncyls 2 p\u00e5 KR<\/p>\n<p><strong>aN<\/strong><br \/>\nhelt regm<br \/>\n4,2-4,3 mellan fyrblocken<br \/>\nRT 7,2 x 1,4 mm svart (smalt)<br \/>\nRT 7,2 x 1,8 mm svart (brett)<br \/>\ncyls 1 p\u00e5 IR<br \/>\ncyls 2 p\u00e5 IR<br \/>\nhelt kn G3<\/p>\n<p><strong>bR<\/strong><br \/>\nhelt regm<br \/>\n4,6-4,7 mellan fyrblocken<br \/>\nRT 7,2 x 1,4 mm svart (smalt)<br \/>\nRT 7,2 x 1,8 mm svart (brett)<br \/>\ncyls 1 p\u00e5 KR<br \/>\ncyls 2 p\u00e5 KR<\/p>\n<p><strong>bN<\/strong><br \/>\nhelt regm<br \/>\n4,2-4,3 mellan fyrblocken<br \/>\nRT 7,2 x 1,4 mm svart (smalt)<br \/>\nRT 7,2 x 1,8 mm svart (brett)<br \/>\ncyls 1 p\u00e5 IR<br \/>\ncyls 2 p\u00e5 IR<br \/>\nhelt kn G3<\/p>\n<h2>Artiklar<\/h2>\n<p><a href=\"http:\/\/xn--hftessamlarna-bfb.se\/wp-content\/uploads\/H428-Gunnar-Struck.pdf\">H428 Gunnar Struck<\/a><\/p>\n","protected":false},"excerpt":{"rendered":"<p>Utgivningsdag 1992-08-14 F 1743 &#8211; 1746 8 x 2:80, fyra motiv Tryckta i 4 f\u00e4rger offset i 3:e Goebelpressen Inh\u00e4ftningen har gjorts i den 5:e h\u00e4ftesmaskinen Upplaga 1,35 miljoner Typer a inlagans gula f\u00e4rg ej fluorescerande b inlagans gula f\u00e4rg &hellip; <a href=\"https:\/\/xn--hftessamlarna-bfb.se\/?page_id=2291\">Forts\u00e4tt l\u00e4sa <span class=\"meta-nav\">&rarr;<\/span><\/a><\/p>\n","protected":false},"author":1,"featured_media":0,"parent":2261,"menu_order":428,"comment_status":"open","ping_status":"open","template":"","meta":{"footnotes":""},"class_list":["post-2291","page","type-page","status-publish","hentry"],"_links":{"self":[{"href":"https:\/\/xn--hftessamlarna-bfb.se\/index.php?rest_route=\/wp\/v2\/pages\/2291","targetHints":{"allow":["GET"]}}],"collection":[{"href":"https:\/\/xn--hftessamlarna-bfb.se\/index.php?rest_route=\/wp\/v2\/pages"}],"about":[{"href":"https:\/\/xn--hftessamlarna-bfb.se\/index.php?rest_route=\/wp\/v2\/types\/page"}],"author":[{"embeddable":true,"href":"https:\/\/xn--hftessamlarna-bfb.se\/index.php?rest_route=\/wp\/v2\/users\/1"}],"replies":[{"embeddable":true,"href":"https:\/\/xn--hftessamlarna-bfb.se\/index.php?rest_route=%2Fwp%2Fv2%2Fcomments&post=2291"}],"version-history":[{"count":0,"href":"https:\/\/xn--hftessamlarna-bfb.se\/index.php?rest_route=\/wp\/v2\/pages\/2291\/revisions"}],"up":[{"embeddable":true,"href":"https:\/\/xn--hftessamlarna-bfb.se\/index.php?rest_route=\/wp\/v2\/pages\/2261"}],"wp:attachment":[{"href":"https:\/\/xn--hftessamlarna-bfb.se\/index.php?rest_route=%2Fwp%2Fv2%2Fmedia&parent=2291"}],"curies":[{"name":"wp","href":"https:\/\/api.w.org\/{rel}","templated":true}]}}