{"id":2290,"date":"2011-12-19T12:40:29","date_gmt":"2011-12-19T10:40:29","guid":{"rendered":"http:\/\/xn--hftessamlarna-bfb.se\/?page_id=2290"},"modified":"2021-06-27T11:45:13","modified_gmt":"2021-06-27T10:45:13","slug":"h427-olympiskt-guld-iii","status":"publish","type":"page","link":"https:\/\/xn--hftessamlarna-bfb.se\/?page_id=2290","title":{"rendered":"H427 Olympiskt guld III"},"content":{"rendered":"<p><a href=\"https:\/\/xn--hftessamlarna-bfb.se\/wp-content\/uploads\/H-427-header-1992.jpg\" rel=\"attachment wp-att-2921\"><img loading=\"lazy\" decoding=\"async\" class=\"alignnone wp-image-6203 size-full\" title=\"H427\" src=\"https:\/\/xn--hftessamlarna-bfb.se\/wp-content\/uploads\/H-427-header-1992.jpg\" alt=\"\" width=\"960\" height=\"992\" srcset=\"https:\/\/xn--hftessamlarna-bfb.se\/wp-content\/uploads\/H-427-header-1992.jpg 960w, https:\/\/xn--hftessamlarna-bfb.se\/wp-content\/uploads\/H-427-header-1992-290x300.jpg 290w, https:\/\/xn--hftessamlarna-bfb.se\/wp-content\/uploads\/H-427-header-1992-145x150.jpg 145w, https:\/\/xn--hftessamlarna-bfb.se\/wp-content\/uploads\/H-427-header-1992-768x794.jpg 768w\" sizes=\"auto, (max-width: 960px) 100vw, 960px\" \/><\/a>Utgivningsdag 1992-05-21<br \/>\nF 1738 &#8211; 1741<br \/>\n8 \u00d7 5:50, fyra motiv<br \/>\nTryckta med kombination 3 f\u00e4rger st\u00e5ltryck och 1 f\u00e4rg offset i 3:e Goebelpressen<br \/>\nInh\u00e4ftningen har gjorts i den 5:e h\u00e4ftesmaskinen<br \/>\nUpplaga 1,09 miljoner h\u00e4ften<\/p>\n<h2>Markeringar<\/h2>\n<p>RT 7,2 \u00d7 1,4 mm svart (smalt)<br \/>\nRT 7,2 \u00d7 1,8 mm svart (brett)<br \/>\ncyls 1<br \/>\ncyls 2<br \/>\nhelt kn G3<\/p>\n<h2>Artiklar<\/h2>\n<p><a href=\"http:\/\/xn--hftessamlarna-bfb.se\/wp-content\/uploads\/H427-Gunnar-Struck.pdf\">H427 Gunnar Struck<\/a><\/p>\n","protected":false},"excerpt":{"rendered":"<p>Utgivningsdag 1992-05-21 F 1738 &#8211; 1741 8 \u00d7 5:50, fyra motiv Tryckta med kombination 3 f\u00e4rger st\u00e5ltryck och 1 f\u00e4rg offset i 3:e Goebelpressen Inh\u00e4ftningen har gjorts i den 5:e h\u00e4ftesmaskinen Upplaga 1,09 miljoner h\u00e4ften Markeringar RT 7,2 \u00d7 1,4 &hellip; <a href=\"https:\/\/xn--hftessamlarna-bfb.se\/?page_id=2290\">Forts\u00e4tt l\u00e4sa <span class=\"meta-nav\">&rarr;<\/span><\/a><\/p>\n","protected":false},"author":1,"featured_media":0,"parent":2261,"menu_order":427,"comment_status":"open","ping_status":"open","template":"","meta":{"footnotes":""},"class_list":["post-2290","page","type-page","status-publish","hentry"],"_links":{"self":[{"href":"https:\/\/xn--hftessamlarna-bfb.se\/index.php?rest_route=\/wp\/v2\/pages\/2290","targetHints":{"allow":["GET"]}}],"collection":[{"href":"https:\/\/xn--hftessamlarna-bfb.se\/index.php?rest_route=\/wp\/v2\/pages"}],"about":[{"href":"https:\/\/xn--hftessamlarna-bfb.se\/index.php?rest_route=\/wp\/v2\/types\/page"}],"author":[{"embeddable":true,"href":"https:\/\/xn--hftessamlarna-bfb.se\/index.php?rest_route=\/wp\/v2\/users\/1"}],"replies":[{"embeddable":true,"href":"https:\/\/xn--hftessamlarna-bfb.se\/index.php?rest_route=%2Fwp%2Fv2%2Fcomments&post=2290"}],"version-history":[{"count":0,"href":"https:\/\/xn--hftessamlarna-bfb.se\/index.php?rest_route=\/wp\/v2\/pages\/2290\/revisions"}],"up":[{"embeddable":true,"href":"https:\/\/xn--hftessamlarna-bfb.se\/index.php?rest_route=\/wp\/v2\/pages\/2261"}],"wp:attachment":[{"href":"https:\/\/xn--hftessamlarna-bfb.se\/index.php?rest_route=%2Fwp%2Fv2%2Fmedia&parent=2290"}],"curies":[{"name":"wp","href":"https:\/\/api.w.org\/{rel}","templated":true}]}}