{"id":2287,"date":"2011-12-19T12:40:29","date_gmt":"2011-12-19T10:40:29","guid":{"rendered":"http:\/\/xn--hftessamlarna-bfb.se\/?page_id=2287"},"modified":"2014-12-29T07:03:21","modified_gmt":"2014-12-29T06:03:21","slug":"h424-beromda-frimarken","status":"publish","type":"page","link":"https:\/\/xn--hftessamlarna-bfb.se\/?page_id=2287","title":{"rendered":"H424 Ber\u00f6mda frim\u00e4rken"},"content":{"rendered":"<p><a href=\"http:\/\/xn--hftessamlarna-bfb.se\/?attachment_id=2924\" rel=\"attachment wp-att-2924\"><img loading=\"lazy\" decoding=\"async\" class=\"aligncenter size-full wp-image-2924\" title=\"H424\" src=\"http:\/\/xn--hftessamlarna-bfb.se\/wp-content\/uploads\/H424.jpg\" alt=\"\" width=\"960\" height=\"651\" srcset=\"https:\/\/xn--hftessamlarna-bfb.se\/wp-content\/uploads\/H424.jpg 960w, https:\/\/xn--hftessamlarna-bfb.se\/wp-content\/uploads\/H424-150x101.jpg 150w, https:\/\/xn--hftessamlarna-bfb.se\/wp-content\/uploads\/H424-300x203.jpg 300w, https:\/\/xn--hftessamlarna-bfb.se\/wp-content\/uploads\/H424-442x300.jpg 442w\" sizes=\"auto, (max-width: 960px) 100vw, 960px\" \/><\/a>Utgivningsdag 1992-03-26<br \/>\nF 1726 &#8211; 1728<br \/>\n2:80 + 4:50 + 2 x 5:50, tv\u00e5 motiv, tre val\u00f6rer<br \/>\nTryckta med kombination 2 f\u00e4rger st\u00e5ltryck och 3 f\u00e4rger offset i 3:e Goebelpressen<br \/>\nInh\u00e4ftningen har gjorts i den 5:e h\u00e4ftesmaskinen<br \/>\nUpplaga 1,16 miljoner h\u00e4ften<\/p>\n<h2>Markeringar<\/h2>\n<p>delat regm<br \/>\nRT 7,2 x 1,4 mm svart (smalt)<br \/>\nRT 7,2 x 1,8 mm svart (brett)<br \/>\ncyls 1 (\u00f6vre)<br \/>\ncyls 2 (\u00f6vre)<br \/>\nhelt kn G3<\/p>\n<h2>L\u00e4s mer<\/h2>\n<p>L\u00e4s mer p\u00e5 <a href=\"https:\/\/sv.wikipedia.org\/wiki\/Gul_tre_skilling_banco\" target=\"_blank\">Wikipedia<\/a><\/p>\n<p><a href=\"http:\/\/xn--hftessamlarna-bfb.se\/wp-content\/uploads\/H424-Gunnar-Struck.pdf\">H424 Gunnar Struck<\/a><\/p>\n","protected":false},"excerpt":{"rendered":"<p>Utgivningsdag 1992-03-26 F 1726 &#8211; 1728 2:80 + 4:50 + 2 x 5:50, tv\u00e5 motiv, tre val\u00f6rer Tryckta med kombination 2 f\u00e4rger st\u00e5ltryck och 3 f\u00e4rger offset i 3:e Goebelpressen Inh\u00e4ftningen har gjorts i den 5:e h\u00e4ftesmaskinen Upplaga 1,16 miljoner &hellip; <a href=\"https:\/\/xn--hftessamlarna-bfb.se\/?page_id=2287\">Forts\u00e4tt l\u00e4sa <span class=\"meta-nav\">&rarr;<\/span><\/a><\/p>\n","protected":false},"author":1,"featured_media":0,"parent":2261,"menu_order":424,"comment_status":"open","ping_status":"open","template":"","meta":{"footnotes":""},"class_list":["post-2287","page","type-page","status-publish","hentry"],"_links":{"self":[{"href":"https:\/\/xn--hftessamlarna-bfb.se\/index.php?rest_route=\/wp\/v2\/pages\/2287","targetHints":{"allow":["GET"]}}],"collection":[{"href":"https:\/\/xn--hftessamlarna-bfb.se\/index.php?rest_route=\/wp\/v2\/pages"}],"about":[{"href":"https:\/\/xn--hftessamlarna-bfb.se\/index.php?rest_route=\/wp\/v2\/types\/page"}],"author":[{"embeddable":true,"href":"https:\/\/xn--hftessamlarna-bfb.se\/index.php?rest_route=\/wp\/v2\/users\/1"}],"replies":[{"embeddable":true,"href":"https:\/\/xn--hftessamlarna-bfb.se\/index.php?rest_route=%2Fwp%2Fv2%2Fcomments&post=2287"}],"version-history":[{"count":0,"href":"https:\/\/xn--hftessamlarna-bfb.se\/index.php?rest_route=\/wp\/v2\/pages\/2287\/revisions"}],"up":[{"embeddable":true,"href":"https:\/\/xn--hftessamlarna-bfb.se\/index.php?rest_route=\/wp\/v2\/pages\/2261"}],"wp:attachment":[{"href":"https:\/\/xn--hftessamlarna-bfb.se\/index.php?rest_route=%2Fwp%2Fv2%2Fmedia&parent=2287"}],"curies":[{"name":"wp","href":"https:\/\/api.w.org\/{rel}","templated":true}]}}