{"id":2286,"date":"2011-12-19T12:40:29","date_gmt":"2011-12-19T10:40:29","guid":{"rendered":"http:\/\/xn--hftessamlarna-bfb.se\/?page_id=2286"},"modified":"2022-02-17T06:35:57","modified_gmt":"2022-02-17T05:35:57","slug":"h423-olympiskt-guld-ii","status":"publish","type":"page","link":"https:\/\/xn--hftessamlarna-bfb.se\/?page_id=2286","title":{"rendered":"H423 Olympiskt guld II"},"content":{"rendered":"<p><a href=\"https:\/\/xn--hftessamlarna-bfb.se\/wp-content\/uploads\/H-0423-header-1992.jpg\" rel=\"attachment wp-att-2925\"><img loading=\"lazy\" decoding=\"async\" class=\"alignnone wp-image-6817 size-full\" title=\"H423\" src=\"https:\/\/xn--hftessamlarna-bfb.se\/wp-content\/uploads\/H-0423-header-1992.jpg\" alt=\"\" width=\"960\" height=\"983\" srcset=\"https:\/\/xn--hftessamlarna-bfb.se\/wp-content\/uploads\/H-0423-header-1992.jpg 960w, https:\/\/xn--hftessamlarna-bfb.se\/wp-content\/uploads\/H-0423-header-1992-293x300.jpg 293w, https:\/\/xn--hftessamlarna-bfb.se\/wp-content\/uploads\/H-0423-header-1992-146x150.jpg 146w, https:\/\/xn--hftessamlarna-bfb.se\/wp-content\/uploads\/H-0423-header-1992-768x786.jpg 768w\" sizes=\"auto, (max-width: 960px) 100vw, 960px\" \/><\/a>Utgivningsdag 1992-01-30<br \/>\nF 1722 \u2013 1725<br \/>\n8 \u00d7 2:80, fyra motiv<br \/>\nTryckta i kombination 3 f\u00e4rger st\u00e5ltryck och 1 f\u00e4rg offset i 3:e Goebelpressen<br \/>\nInh\u00e4ftningen har gjorts i den 5:e h\u00e4ftesmaskinen<br \/>\nUpplaga 1,57 miljoner h\u00e4ften<\/p>\n<h2>Markeringar<\/h2>\n<p>RT 7,2 \u00d7 1,4 mm svart (smalt)<br \/>\nRT 7,2 \u00d7 1,8 mm svart (brett)<br \/>\ncyls 1 (lila cyls)<br \/>\ncyls 2 (lila cyls)<br \/>\ncyls 1 (gr\u00f6na cyls)<br \/>\ncyls 2 (gr\u00f6na cyls)<br \/>\nhelt kn G3<\/p>\n<h2>Bilder p\u00e5 varianter<\/h2>\n<div id=\"attachment_4796\" style=\"width: 310px\" class=\"wp-caption alignleft\"><a href=\"http:\/\/xn--hftessamlarna-bfb.se\/wp-content\/uploads\/H423trasigtU.jpg\"><img loading=\"lazy\" decoding=\"async\" aria-describedby=\"caption-attachment-4796\" class=\"wp-image-4796 size-medium\" src=\"http:\/\/xn--hftessamlarna-bfb.se\/wp-content\/uploads\/H423trasigtU-300x131.jpg\" alt=\"H423trasigtU\" width=\"300\" height=\"131\" srcset=\"https:\/\/xn--hftessamlarna-bfb.se\/wp-content\/uploads\/H423trasigtU-300x131.jpg 300w, https:\/\/xn--hftessamlarna-bfb.se\/wp-content\/uploads\/H423trasigtU-150x66.jpg 150w, https:\/\/xn--hftessamlarna-bfb.se\/wp-content\/uploads\/H423trasigtU-500x219.jpg 500w, https:\/\/xn--hftessamlarna-bfb.se\/wp-content\/uploads\/H423trasigtU.jpg 762w\" sizes=\"auto, (max-width: 300px) 100vw, 300px\" \/><\/a><p id=\"caption-attachment-4796\" class=\"wp-caption-text\">trasigt &#8221;U&#8221;<\/p><\/div>\n<div id=\"attachment_4564\" style=\"width: 310px\" class=\"wp-caption alignleft\"><a href=\"http:\/\/xn--hftessamlarna-bfb.se\/wp-content\/uploads\/H423kliche.jpg\"><img loading=\"lazy\" decoding=\"async\" aria-describedby=\"caption-attachment-4564\" class=\"wp-image-4564 size-medium\" src=\"http:\/\/xn--hftessamlarna-bfb.se\/wp-content\/uploads\/H423kliche-300x202.jpg\" alt=\"H423kliche\" width=\"300\" height=\"202\" srcset=\"https:\/\/xn--hftessamlarna-bfb.se\/wp-content\/uploads\/H423kliche-300x202.jpg 300w, https:\/\/xn--hftessamlarna-bfb.se\/wp-content\/uploads\/H423kliche-150x101.jpg 150w, https:\/\/xn--hftessamlarna-bfb.se\/wp-content\/uploads\/H423kliche-444x300.jpg 444w, https:\/\/xn--hftessamlarna-bfb.se\/wp-content\/uploads\/H423kliche.jpg 763w\" sizes=\"auto, (max-width: 300px) 100vw, 300px\" \/><\/a><p id=\"caption-attachment-4564\" class=\"wp-caption-text\">klich\u00e9variant med &#8221;h\u00e5l&#8221; p\u00e5 sidan 1<\/p><\/div>\n<h2>Artiklar<\/h2>\n<p><a href=\"http:\/\/xn--hftessamlarna-bfb.se\/wp-content\/uploads\/H423-Gunnar-Struck.pdf\">H423 Gunnar Struck<\/a><\/p>\n","protected":false},"excerpt":{"rendered":"<p>Utgivningsdag 1992-01-30 F 1722 \u2013 1725 8 \u00d7 2:80, fyra motiv Tryckta i kombination 3 f\u00e4rger st\u00e5ltryck och 1 f\u00e4rg offset i 3:e Goebelpressen Inh\u00e4ftningen har gjorts i den 5:e h\u00e4ftesmaskinen Upplaga 1,57 miljoner h\u00e4ften Markeringar RT 7,2 \u00d7 1,4 &hellip; <a href=\"https:\/\/xn--hftessamlarna-bfb.se\/?page_id=2286\">Forts\u00e4tt l\u00e4sa <span class=\"meta-nav\">&rarr;<\/span><\/a><\/p>\n","protected":false},"author":1,"featured_media":0,"parent":2261,"menu_order":423,"comment_status":"open","ping_status":"open","template":"","meta":{"footnotes":""},"class_list":["post-2286","page","type-page","status-publish","hentry"],"_links":{"self":[{"href":"https:\/\/xn--hftessamlarna-bfb.se\/index.php?rest_route=\/wp\/v2\/pages\/2286","targetHints":{"allow":["GET"]}}],"collection":[{"href":"https:\/\/xn--hftessamlarna-bfb.se\/index.php?rest_route=\/wp\/v2\/pages"}],"about":[{"href":"https:\/\/xn--hftessamlarna-bfb.se\/index.php?rest_route=\/wp\/v2\/types\/page"}],"author":[{"embeddable":true,"href":"https:\/\/xn--hftessamlarna-bfb.se\/index.php?rest_route=\/wp\/v2\/users\/1"}],"replies":[{"embeddable":true,"href":"https:\/\/xn--hftessamlarna-bfb.se\/index.php?rest_route=%2Fwp%2Fv2%2Fcomments&post=2286"}],"version-history":[{"count":0,"href":"https:\/\/xn--hftessamlarna-bfb.se\/index.php?rest_route=\/wp\/v2\/pages\/2286\/revisions"}],"up":[{"embeddable":true,"href":"https:\/\/xn--hftessamlarna-bfb.se\/index.php?rest_route=\/wp\/v2\/pages\/2261"}],"wp:attachment":[{"href":"https:\/\/xn--hftessamlarna-bfb.se\/index.php?rest_route=%2Fwp%2Fv2%2Fmedia&parent=2286"}],"curies":[{"name":"wp","href":"https:\/\/api.w.org\/{rel}","templated":true}]}}