{"id":2284,"date":"2011-12-19T12:41:07","date_gmt":"2011-12-19T10:41:07","guid":{"rendered":"http:\/\/xn--hftessamlarna-bfb.se\/?page_id=2284"},"modified":"2021-06-27T11:43:09","modified_gmt":"2021-06-27T10:43:09","slug":"h421-julpost-1991-barnbocker","status":"publish","type":"page","link":"https:\/\/xn--hftessamlarna-bfb.se\/?page_id=2284","title":{"rendered":"H421 Julpost 1991 &#8211; Barnb\u00f6cker"},"content":{"rendered":"<p><a href=\"https:\/\/xn--hftessamlarna-bfb.se\/wp-content\/uploads\/H-0421-header-1991.jpg\" rel=\"attachment wp-att-2928\"><img loading=\"lazy\" decoding=\"async\" class=\"alignnone wp-image-6288 size-full\" title=\"H421\" src=\"https:\/\/xn--hftessamlarna-bfb.se\/wp-content\/uploads\/H-0421-header-1991.jpg\" alt=\"\" width=\"960\" height=\"995\" srcset=\"https:\/\/xn--hftessamlarna-bfb.se\/wp-content\/uploads\/H-0421-header-1991.jpg 960w, https:\/\/xn--hftessamlarna-bfb.se\/wp-content\/uploads\/H-0421-header-1991-289x300.jpg 289w, https:\/\/xn--hftessamlarna-bfb.se\/wp-content\/uploads\/H-0421-header-1991-145x150.jpg 145w, https:\/\/xn--hftessamlarna-bfb.se\/wp-content\/uploads\/H-0421-header-1991-768x796.jpg 768w\" sizes=\"auto, (max-width: 960px) 100vw, 960px\" \/><\/a>Utgivningsdag 1991-11-20<br \/>\nF 1712 &#8211; 1715<br \/>\n12 \u00d7 2:30, fyra motiv<br \/>\nTryckta i 4 f\u00e4rger\u00a0offset i 3:e Goebelpressen<br \/>\nInh\u00e4ftningen har gjorts i b\u00e5da h\u00e4ftesmaskinerna vilket\u00a0har gett upphov till tv\u00e5 h\u00e4ftestyper<br \/>\nUpplaga 5,64 miljoner h\u00e4ften<\/p>\n<h2>Ny indelning juni 2018<\/h2>\n<p><strong>H421 <\/strong>finns med fina r\u00e4fflor i gummeringen. F\u00f6r H421A:1 verkar alla ha inlagor med fina r\u00e4fflor. Emellertid finns det H421A:0 och H421B d\u00e4r gummeringen har \u00e5sar men inte r\u00e4fflor. Om olika varianter av gummering skall leda till indelning och om s\u00e5 fall till 2 eller 3 varianter \u00e4r under utredning.<\/p>\n<h2>Typer<\/h2>\n<div id=\"attachment_6186\" style=\"width: 310px\" class=\"wp-caption alignnone\"><a href=\"https:\/\/xn--hftessamlarna-bfb.se\/wp-content\/uploads\/H-0421A-1-info-1991.jpg\"><img loading=\"lazy\" decoding=\"async\" aria-describedby=\"caption-attachment-6186\" class=\"wp-image-6186 size-medium\" src=\"https:\/\/xn--hftessamlarna-bfb.se\/wp-content\/uploads\/H-0421A-1-info-1991-300x137.jpg\" alt=\"\" width=\"300\" height=\"137\" srcset=\"https:\/\/xn--hftessamlarna-bfb.se\/wp-content\/uploads\/H-0421A-1-info-1991-300x137.jpg 300w, https:\/\/xn--hftessamlarna-bfb.se\/wp-content\/uploads\/H-0421A-1-info-1991-1024x467.jpg 1024w, https:\/\/xn--hftessamlarna-bfb.se\/wp-content\/uploads\/H-0421A-1-info-1991-150x68.jpg 150w, https:\/\/xn--hftessamlarna-bfb.se\/wp-content\/uploads\/H-0421A-1-info-1991-768x350.jpg 768w, https:\/\/xn--hftessamlarna-bfb.se\/wp-content\/uploads\/H-0421A-1-info-1991-500x228.jpg 500w, https:\/\/xn--hftessamlarna-bfb.se\/wp-content\/uploads\/H-0421A-1-info-1991.jpg 1494w\" sizes=\"auto, (max-width: 300px) 100vw, 300px\" \/><\/a><p id=\"caption-attachment-6186\" class=\"wp-caption-text\">A:1 med extra mitth\u00e5l i KR<\/p><\/div>\n<p><strong><strong>A<\/strong><\/strong> omslag i boktryck (b=56 mm), sida II utan styrm\u00e4rke<strong><br \/>\nA:0<\/strong> <strong>utan<\/strong> extra mitth\u00e5l i KR<br \/>\n<strong>A:1<\/strong> <strong>med<\/strong> extra mitth\u00e5l i KR<\/p>\n<p><strong>B<\/strong> omslag i offsettryck (b=54 mm), sida II med styrm\u00e4rke<br \/>\n<strong>B:0<\/strong> <strong>utan<\/strong> extra mitth\u00e5l i KR<\/p>\n<h2>Markeringar<\/h2>\n<p><strong>A:0R<\/strong><br \/>\n2:a m\u00e4rket i nedre raden har ej bl\u00e5 punkt under s\u00e4ngen<br \/>\ndefekt regm<br \/>\nRT 8 \u00d7 2 mm svart<\/p>\n<p><strong>A:0N<\/strong><br \/>\n2:a m\u00e4rket i nedre raden har bl\u00e5 punkt under s\u00e4ngen<br \/>\ndefekt regm<br \/>\nRT 8 \u00d7 2 mm svart<br \/>\ncyls 1<br \/>\ncyls 2<br \/>\nhelt kn G3<\/p>\n<p><strong>A:1R<br \/>\n<\/strong>2:a m\u00e4rket i nedre raden har ej bl\u00e5 punkt under s\u00e4ngen<strong><br \/>\n<\/strong>RT 8 \u00d7 2 mm svart<strong><br \/>\n<\/strong><\/p>\n<p><strong>A:1N<\/strong><br \/>\n2:a m\u00e4rket i nedre raden har bl\u00e5 punkt under s\u00e4ngen<br \/>\nRT 8 \u00d7 2 mm svart<br \/>\ndel av fem kors (r\u00f6d, svart\/r\u00f6d, r\u00f6d, bl\u00e5, bl\u00e5) p\u00e5 IR<br \/>\ncyls 1 + del av 5 bl\u00e5 kors p\u00e5 IR<br \/>\ncyls 2<br \/>\nhelt kn G3<\/p>\n<p><strong>B:0R<\/strong><br \/>\n2:a m\u00e4rket i nedre raden har ej bl\u00e5 punkt under s\u00e4ngen<br \/>\nRT 7,2 \u00d7 1,4 mm svart (smalt)<br \/>\nRT 7,2 \u00d7 1,8 mm svart (brett)<\/p>\n<p><strong>B:0N<\/strong><br \/>\n2:a m\u00e4rket i nedre raden har bl\u00e5 punkt under s\u00e4ngen<br \/>\nRT 7,2 \u00d7 1,4 mm svart (smalt)<br \/>\nRT 7,2 \u00d7 1,8 mm svart (brett)<br \/>\ncyls 1<br \/>\ncyls 2<br \/>\nhelt kn G3<\/p>\n<h2>\u00d6vrigt<\/h2>\n<p>f\u00e4rgade fyrkanter<br \/>\nkors<\/p>\n<div id=\"attachment_6281\" style=\"width: 310px\" class=\"wp-caption alignnone\"><a href=\"https:\/\/xn--hftessamlarna-bfb.se\/wp-content\/uploads\/H-0421A-0-skadat-RT-1991.jpg\"><img loading=\"lazy\" decoding=\"async\" aria-describedby=\"caption-attachment-6281\" class=\"wp-image-6281 size-medium\" src=\"https:\/\/xn--hftessamlarna-bfb.se\/wp-content\/uploads\/H-0421A-0-skadat-RT-1991-300x155.jpg\" alt=\"\" width=\"300\" height=\"155\" srcset=\"https:\/\/xn--hftessamlarna-bfb.se\/wp-content\/uploads\/H-0421A-0-skadat-RT-1991-300x155.jpg 300w, https:\/\/xn--hftessamlarna-bfb.se\/wp-content\/uploads\/H-0421A-0-skadat-RT-1991-1024x531.jpg 1024w, https:\/\/xn--hftessamlarna-bfb.se\/wp-content\/uploads\/H-0421A-0-skadat-RT-1991-150x78.jpg 150w, https:\/\/xn--hftessamlarna-bfb.se\/wp-content\/uploads\/H-0421A-0-skadat-RT-1991-768x398.jpg 768w, https:\/\/xn--hftessamlarna-bfb.se\/wp-content\/uploads\/H-0421A-0-skadat-RT-1991-1536x796.jpg 1536w, https:\/\/xn--hftessamlarna-bfb.se\/wp-content\/uploads\/H-0421A-0-skadat-RT-1991-2048x1062.jpg 2048w, https:\/\/xn--hftessamlarna-bfb.se\/wp-content\/uploads\/H-0421A-0-skadat-RT-1991-500x259.jpg 500w\" sizes=\"auto, (max-width: 300px) 100vw, 300px\" \/><\/a><p id=\"caption-attachment-6281\" class=\"wp-caption-text\">Skadat(?) RT, likadant som p\u00e5 H 372.<\/p><\/div>\n<div id=\"attachment_5122\" style=\"width: 310px\" class=\"wp-caption alignleft\"><a href=\"http:\/\/xn--hftessamlarna-bfb.se\/wp-content\/uploads\/H421blapunkt.jpg\"><img loading=\"lazy\" decoding=\"async\" aria-describedby=\"caption-attachment-5122\" class=\"wp-image-5122 size-medium\" src=\"https:\/\/xn--hftessamlarna-bfb.se\/wp-content\/uploads\/H421blapunkt-300x226.jpg\" alt=\"H421blapunkt\" width=\"300\" height=\"226\" srcset=\"https:\/\/xn--hftessamlarna-bfb.se\/wp-content\/uploads\/H421blapunkt-300x226.jpg 300w, https:\/\/xn--hftessamlarna-bfb.se\/wp-content\/uploads\/H421blapunkt-150x113.jpg 150w, https:\/\/xn--hftessamlarna-bfb.se\/wp-content\/uploads\/H421blapunkt-398x300.jpg 398w, https:\/\/xn--hftessamlarna-bfb.se\/wp-content\/uploads\/H421blapunkt.jpg 649w\" sizes=\"auto, (max-width: 300px) 100vw, 300px\" \/><\/a><p id=\"caption-attachment-5122\" class=\"wp-caption-text\">den bl\u00e5 punkten under s\u00e4ngen, som identifierar ett N-h\u00e4fte<\/p><\/div>\n<h2>Artiklar<\/h2>\n<p><a href=\"http:\/\/xn--hftessamlarna-bfb.se\/wp-content\/uploads\/H421-Gunnar-Struck.pdf\">H421 Gunnar Struck<\/a><\/p>\n","protected":false},"excerpt":{"rendered":"<p>Utgivningsdag 1991-11-20 F 1712 &#8211; 1715 12 \u00d7 2:30, fyra motiv Tryckta i 4 f\u00e4rger\u00a0offset i 3:e Goebelpressen Inh\u00e4ftningen har gjorts i b\u00e5da h\u00e4ftesmaskinerna vilket\u00a0har gett upphov till tv\u00e5 h\u00e4ftestyper Upplaga 5,64 miljoner h\u00e4ften Ny indelning juni 2018 H421 finns &hellip; <a href=\"https:\/\/xn--hftessamlarna-bfb.se\/?page_id=2284\">Forts\u00e4tt l\u00e4sa <span class=\"meta-nav\">&rarr;<\/span><\/a><\/p>\n","protected":false},"author":1,"featured_media":0,"parent":2261,"menu_order":421,"comment_status":"open","ping_status":"open","template":"","meta":{"footnotes":""},"class_list":["post-2284","page","type-page","status-publish","hentry"],"_links":{"self":[{"href":"https:\/\/xn--hftessamlarna-bfb.se\/index.php?rest_route=\/wp\/v2\/pages\/2284","targetHints":{"allow":["GET"]}}],"collection":[{"href":"https:\/\/xn--hftessamlarna-bfb.se\/index.php?rest_route=\/wp\/v2\/pages"}],"about":[{"href":"https:\/\/xn--hftessamlarna-bfb.se\/index.php?rest_route=\/wp\/v2\/types\/page"}],"author":[{"embeddable":true,"href":"https:\/\/xn--hftessamlarna-bfb.se\/index.php?rest_route=\/wp\/v2\/users\/1"}],"replies":[{"embeddable":true,"href":"https:\/\/xn--hftessamlarna-bfb.se\/index.php?rest_route=%2Fwp%2Fv2%2Fcomments&post=2284"}],"version-history":[{"count":0,"href":"https:\/\/xn--hftessamlarna-bfb.se\/index.php?rest_route=\/wp\/v2\/pages\/2284\/revisions"}],"up":[{"embeddable":true,"href":"https:\/\/xn--hftessamlarna-bfb.se\/index.php?rest_route=\/wp\/v2\/pages\/2261"}],"wp:attachment":[{"href":"https:\/\/xn--hftessamlarna-bfb.se\/index.php?rest_route=%2Fwp%2Fv2%2Fmedia&parent=2284"}],"curies":[{"name":"wp","href":"https:\/\/api.w.org\/{rel}","templated":true}]}}