{"id":2283,"date":"2011-12-19T12:41:07","date_gmt":"2011-12-19T10:41:07","guid":{"rendered":"http:\/\/xn--hftessamlarna-bfb.se\/?page_id=2283"},"modified":"2014-12-28T16:39:31","modified_gmt":"2014-12-28T15:39:31","slug":"h420-nobelpristagare-fred","status":"publish","type":"page","link":"https:\/\/xn--hftessamlarna-bfb.se\/?page_id=2283","title":{"rendered":"H420 Nobelpristagare &#8211; Fred"},"content":{"rendered":"<p><a href=\"http:\/\/xn--hftessamlarna-bfb.se\/?attachment_id=2929\" rel=\"attachment wp-att-2929\"><img loading=\"lazy\" decoding=\"async\" class=\"aligncenter size-full wp-image-2929\" title=\"H420\" src=\"http:\/\/xn--hftessamlarna-bfb.se\/wp-content\/uploads\/H420.jpg\" alt=\"\" width=\"960\" height=\"471\" srcset=\"https:\/\/xn--hftessamlarna-bfb.se\/wp-content\/uploads\/H420.jpg 960w, https:\/\/xn--hftessamlarna-bfb.se\/wp-content\/uploads\/H420-150x73.jpg 150w, https:\/\/xn--hftessamlarna-bfb.se\/wp-content\/uploads\/H420-300x147.jpg 300w, https:\/\/xn--hftessamlarna-bfb.se\/wp-content\/uploads\/H420-500x245.jpg 500w\" sizes=\"auto, (max-width: 960px) 100vw, 960px\" \/><\/a>Utgivningsdag 1991-11-20<br \/>\nF 1708 &#8211; 1711<br \/>\n8 x 4 kr, fyra motiv<br \/>\nTryckta med st\u00e5lgravyrtryck i 2:a Goebelpressen<br \/>\nInh\u00e4ftningen har gjorts i den 4:e h\u00e4ftesmaskinen<br \/>\nUpplaga 1,18 miljoner h\u00e4ften<\/p>\n<h2>Markeringar<\/h2>\n<p>RT 8 x 2 mm svart<br \/>\ncyls 1<br \/>\ncyls 2 fot<br \/>\ncyls 2 slinga<br \/>\nhelt kn G2b (3,2 mm)<\/p>\n<h2>Artiklar<\/h2>\n<p><a href=\"http:\/\/xn--hftessamlarna-bfb.se\/wp-content\/uploads\/H420-Gunnar-Struck.pdf\">H420 Gunnar Struck<\/a><\/p>\n","protected":false},"excerpt":{"rendered":"<p>Utgivningsdag 1991-11-20 F 1708 &#8211; 1711 8 x 4 kr, fyra motiv Tryckta med st\u00e5lgravyrtryck i 2:a Goebelpressen Inh\u00e4ftningen har gjorts i den 4:e h\u00e4ftesmaskinen Upplaga 1,18 miljoner h\u00e4ften Markeringar RT 8 x 2 mm svart cyls 1 cyls 2 &hellip; <a href=\"https:\/\/xn--hftessamlarna-bfb.se\/?page_id=2283\">Forts\u00e4tt l\u00e4sa <span class=\"meta-nav\">&rarr;<\/span><\/a><\/p>\n","protected":false},"author":1,"featured_media":0,"parent":2261,"menu_order":420,"comment_status":"open","ping_status":"open","template":"","meta":{"footnotes":""},"class_list":["post-2283","page","type-page","status-publish","hentry"],"_links":{"self":[{"href":"https:\/\/xn--hftessamlarna-bfb.se\/index.php?rest_route=\/wp\/v2\/pages\/2283","targetHints":{"allow":["GET"]}}],"collection":[{"href":"https:\/\/xn--hftessamlarna-bfb.se\/index.php?rest_route=\/wp\/v2\/pages"}],"about":[{"href":"https:\/\/xn--hftessamlarna-bfb.se\/index.php?rest_route=\/wp\/v2\/types\/page"}],"author":[{"embeddable":true,"href":"https:\/\/xn--hftessamlarna-bfb.se\/index.php?rest_route=\/wp\/v2\/users\/1"}],"replies":[{"embeddable":true,"href":"https:\/\/xn--hftessamlarna-bfb.se\/index.php?rest_route=%2Fwp%2Fv2%2Fcomments&post=2283"}],"version-history":[{"count":0,"href":"https:\/\/xn--hftessamlarna-bfb.se\/index.php?rest_route=\/wp\/v2\/pages\/2283\/revisions"}],"up":[{"embeddable":true,"href":"https:\/\/xn--hftessamlarna-bfb.se\/index.php?rest_route=\/wp\/v2\/pages\/2261"}],"wp:attachment":[{"href":"https:\/\/xn--hftessamlarna-bfb.se\/index.php?rest_route=%2Fwp%2Fv2%2Fmedia&parent=2283"}],"curies":[{"name":"wp","href":"https:\/\/api.w.org\/{rel}","templated":true}]}}