{"id":2280,"date":"2011-12-19T12:41:07","date_gmt":"2011-12-19T10:41:07","guid":{"rendered":"http:\/\/xn--hftessamlarna-bfb.se\/?page_id=2280"},"modified":"2020-06-22T08:46:53","modified_gmt":"2020-06-22T07:46:53","slug":"h417-olympiskt-guld-i","status":"publish","type":"page","link":"https:\/\/xn--hftessamlarna-bfb.se\/?page_id=2280","title":{"rendered":"H417 Olympiskt guld I"},"content":{"rendered":"<p><a href=\"http:\/\/xn--hftessamlarna-bfb.se\/?attachment_id=2940\" rel=\"attachment wp-att-2940\"><img loading=\"lazy\" decoding=\"async\" class=\"aligncenter size-full wp-image-2940\" title=\"H417\" src=\"http:\/\/xn--hftessamlarna-bfb.se\/wp-content\/uploads\/H417.jpg\" alt=\"\" width=\"960\" height=\"657\" srcset=\"https:\/\/xn--hftessamlarna-bfb.se\/wp-content\/uploads\/H417.jpg 960w, https:\/\/xn--hftessamlarna-bfb.se\/wp-content\/uploads\/H417-150x102.jpg 150w, https:\/\/xn--hftessamlarna-bfb.se\/wp-content\/uploads\/H417-300x205.jpg 300w, https:\/\/xn--hftessamlarna-bfb.se\/wp-content\/uploads\/H417-438x300.jpg 438w\" sizes=\"auto, (max-width: 960px) 100vw, 960px\" \/><\/a>Utgivningsdag 1991-08-27<br \/>\nF 1697\u00a0&#8211; 1700<br \/>\n8 x 2:50, fyra motiv<br \/>\nTryckta i kombination 3 f\u00e4rger st\u00e5ltryck och 1 f\u00e4rg offset i 3:e Goebelpressen<br \/>\nInh\u00e4ftningen har gjorts i den 5:e h\u00e4ftesmaskinen<br \/>\nUpplaga 1,30 miljoner h\u00e4ften<\/p>\n<div id=\"attachment_6119\" style=\"width: 310px\" class=\"wp-caption alignnone\"><a href=\"https:\/\/xn--hftessamlarna-bfb.se\/wp-content\/uploads\/H417info.jpg\"><img loading=\"lazy\" decoding=\"async\" aria-describedby=\"caption-attachment-6119\" class=\"size-medium wp-image-6119\" src=\"https:\/\/xn--hftessamlarna-bfb.se\/wp-content\/uploads\/H417info-300x246.jpg\" alt=\"\" width=\"300\" height=\"246\" srcset=\"https:\/\/xn--hftessamlarna-bfb.se\/wp-content\/uploads\/H417info-300x246.jpg 300w, https:\/\/xn--hftessamlarna-bfb.se\/wp-content\/uploads\/H417info-150x123.jpg 150w, https:\/\/xn--hftessamlarna-bfb.se\/wp-content\/uploads\/H417info-366x300.jpg 366w, https:\/\/xn--hftessamlarna-bfb.se\/wp-content\/uploads\/H417info.jpg 600w\" sizes=\"auto, (max-width: 300px) 100vw, 300px\" \/><\/a><p id=\"caption-attachment-6119\" class=\"wp-caption-text\">nyansskillnaderna p\u00e5 omslagstrycket<\/p><\/div>\n<h2>Markeringar<\/h2>\n<p>delat regm<br \/>\nRT 7,2 x 1,4 mm svart (smalt)<br \/>\nRT 7,2 x 1,8 mm svart (brett)<br \/>\ncyls 1<br \/>\ncyls 2<br \/>\nhelt kn G3<\/p>\n<h2>Artiklar<\/h2>\n<p><a href=\"http:\/\/xn--hftessamlarna-bfb.se\/wp-content\/uploads\/H417-Gunnar-Struck.pdf\">H417 Gunnar Struck<\/a><\/p>\n","protected":false},"excerpt":{"rendered":"<p>Utgivningsdag 1991-08-27 F 1697\u00a0&#8211; 1700 8 x 2:50, fyra motiv Tryckta i kombination 3 f\u00e4rger st\u00e5ltryck och 1 f\u00e4rg offset i 3:e Goebelpressen Inh\u00e4ftningen har gjorts i den 5:e h\u00e4ftesmaskinen Upplaga 1,30 miljoner h\u00e4ften Markeringar delat regm RT 7,2 x &hellip; <a href=\"https:\/\/xn--hftessamlarna-bfb.se\/?page_id=2280\">Forts\u00e4tt l\u00e4sa <span class=\"meta-nav\">&rarr;<\/span><\/a><\/p>\n","protected":false},"author":1,"featured_media":0,"parent":2261,"menu_order":417,"comment_status":"open","ping_status":"open","template":"","meta":{"footnotes":""},"class_list":["post-2280","page","type-page","status-publish","hentry"],"_links":{"self":[{"href":"https:\/\/xn--hftessamlarna-bfb.se\/index.php?rest_route=\/wp\/v2\/pages\/2280","targetHints":{"allow":["GET"]}}],"collection":[{"href":"https:\/\/xn--hftessamlarna-bfb.se\/index.php?rest_route=\/wp\/v2\/pages"}],"about":[{"href":"https:\/\/xn--hftessamlarna-bfb.se\/index.php?rest_route=\/wp\/v2\/types\/page"}],"author":[{"embeddable":true,"href":"https:\/\/xn--hftessamlarna-bfb.se\/index.php?rest_route=\/wp\/v2\/users\/1"}],"replies":[{"embeddable":true,"href":"https:\/\/xn--hftessamlarna-bfb.se\/index.php?rest_route=%2Fwp%2Fv2%2Fcomments&post=2280"}],"version-history":[{"count":0,"href":"https:\/\/xn--hftessamlarna-bfb.se\/index.php?rest_route=\/wp\/v2\/pages\/2280\/revisions"}],"up":[{"embeddable":true,"href":"https:\/\/xn--hftessamlarna-bfb.se\/index.php?rest_route=\/wp\/v2\/pages\/2261"}],"wp:attachment":[{"href":"https:\/\/xn--hftessamlarna-bfb.se\/index.php?rest_route=%2Fwp%2Fv2%2Fmedia&parent=2280"}],"curies":[{"name":"wp","href":"https:\/\/api.w.org\/{rel}","templated":true}]}}