{"id":2277,"date":"2011-12-19T12:40:29","date_gmt":"2011-12-19T10:40:29","guid":{"rendered":"http:\/\/xn--hftessamlarna-bfb.se\/?page_id=2277"},"modified":"2021-08-09T10:56:36","modified_gmt":"2021-08-09T09:56:36","slug":"h414-europa-91-rymden","status":"publish","type":"page","link":"https:\/\/xn--hftessamlarna-bfb.se\/?page_id=2277","title":{"rendered":"H414 Europa 91 XX \u2013 Rymden"},"content":{"rendered":"<p><a href=\"http:\/\/xn--hftessamlarna-bfb.se\/?attachment_id=2943\" rel=\"attachment wp-att-2943\"><img loading=\"lazy\" decoding=\"async\" class=\"aligncenter size-full wp-image-2943\" title=\"H414\" src=\"http:\/\/xn--hftessamlarna-bfb.se\/wp-content\/uploads\/H414.jpg\" alt=\"\" width=\"960\" height=\"500\" srcset=\"https:\/\/xn--hftessamlarna-bfb.se\/wp-content\/uploads\/H414.jpg 960w, https:\/\/xn--hftessamlarna-bfb.se\/wp-content\/uploads\/H414-150x78.jpg 150w, https:\/\/xn--hftessamlarna-bfb.se\/wp-content\/uploads\/H414-300x156.jpg 300w, https:\/\/xn--hftessamlarna-bfb.se\/wp-content\/uploads\/H414-500x260.jpg 500w\" sizes=\"auto, (max-width: 960px) 100vw, 960px\" \/><\/a>Utgivningsdag 1991-05-15<br \/>\nF 1680 &#8211; 1682<br \/>\n6 x 4 kr, tre motiv<br \/>\nTryckta i kombination 1 f\u00e4rg st\u00e5ltryck och 4 f\u00e4rger offset i 3:e Goebelpressen<br \/>\nInh\u00e4ftningen har gjorts i den 5:e h\u00e4ftesmaskinen<br \/>\nUpplaga 3,14 miljoner h\u00e4ften<\/p>\n<h2>Ny indelning juni 2018<\/h2>\n<h2>Typer<\/h2>\n<p><strong>A<\/strong> Omslag med smutsig vitmedelsreaktion i UV-ljus<br \/>\n<strong>B<\/strong> Omslag med ren, vit vitmedelsreaktion i UV-ljus<\/p>\n<h2>Markeringar<\/h2>\n<p>delat regm<br \/>\nRT 7,2 x 1,4 mm svart (smalt)<br \/>\nRT 7,2 x 1,8 mm svart (brett), delat RT f\u00f6rekommer<br \/>\ncyls 1<br \/>\ncyls 2<\/p>\n<h2>\u00d6vrigt<\/h2>\n<p>Pl\u00e5tskarvlinje sid I, gult streck l\u00e4ngst ned t h<\/p>\n<h2>Bild p\u00e5 variant<\/h2>\n<div id=\"attachment_6105\" style=\"width: 594px\" class=\"wp-caption alignnone\"><a href=\"https:\/\/xn--hftessamlarna-bfb.se\/wp-content\/uploads\/H414kedjetryck1-scaled.jpg\"><img loading=\"lazy\" decoding=\"async\" aria-describedby=\"caption-attachment-6105\" class=\"wp-image-6105 size-large\" src=\"https:\/\/xn--hftessamlarna-bfb.se\/wp-content\/uploads\/H414kedjetryck1-1024x260.jpg\" alt=\"\" width=\"584\" height=\"148\" srcset=\"https:\/\/xn--hftessamlarna-bfb.se\/wp-content\/uploads\/H414kedjetryck1-1024x260.jpg 1024w, https:\/\/xn--hftessamlarna-bfb.se\/wp-content\/uploads\/H414kedjetryck1-300x76.jpg 300w, https:\/\/xn--hftessamlarna-bfb.se\/wp-content\/uploads\/H414kedjetryck1-150x38.jpg 150w, https:\/\/xn--hftessamlarna-bfb.se\/wp-content\/uploads\/H414kedjetryck1-768x195.jpg 768w, https:\/\/xn--hftessamlarna-bfb.se\/wp-content\/uploads\/H414kedjetryck1-1536x390.jpg 1536w, https:\/\/xn--hftessamlarna-bfb.se\/wp-content\/uploads\/H414kedjetryck1-2048x520.jpg 2048w, https:\/\/xn--hftessamlarna-bfb.se\/wp-content\/uploads\/H414kedjetryck1-500x127.jpg 500w\" sizes=\"auto, (max-width: 584px) 100vw, 584px\" \/><\/a><p id=\"caption-attachment-6105\" class=\"wp-caption-text\">kedjetryck, gulgr\u00f6n strimma \u00f6ver andra m\u00e4rket och p\u00e5 sid I<\/p><\/div>\n<div id=\"attachment_6106\" style=\"width: 594px\" class=\"wp-caption alignnone\"><a href=\"https:\/\/xn--hftessamlarna-bfb.se\/wp-content\/uploads\/H414kedjetryck2-scaled.jpg\"><img loading=\"lazy\" decoding=\"async\" aria-describedby=\"caption-attachment-6106\" class=\"wp-image-6106 size-large\" src=\"https:\/\/xn--hftessamlarna-bfb.se\/wp-content\/uploads\/H414kedjetryck2-1024x261.jpg\" alt=\"\" width=\"584\" height=\"149\" srcset=\"https:\/\/xn--hftessamlarna-bfb.se\/wp-content\/uploads\/H414kedjetryck2-1024x261.jpg 1024w, https:\/\/xn--hftessamlarna-bfb.se\/wp-content\/uploads\/H414kedjetryck2-300x76.jpg 300w, https:\/\/xn--hftessamlarna-bfb.se\/wp-content\/uploads\/H414kedjetryck2-150x38.jpg 150w, https:\/\/xn--hftessamlarna-bfb.se\/wp-content\/uploads\/H414kedjetryck2-768x196.jpg 768w, https:\/\/xn--hftessamlarna-bfb.se\/wp-content\/uploads\/H414kedjetryck2-1536x391.jpg 1536w, https:\/\/xn--hftessamlarna-bfb.se\/wp-content\/uploads\/H414kedjetryck2-2048x522.jpg 2048w, https:\/\/xn--hftessamlarna-bfb.se\/wp-content\/uploads\/H414kedjetryck2-500x127.jpg 500w\" sizes=\"auto, (max-width: 584px) 100vw, 584px\" \/><\/a><p id=\"caption-attachment-6106\" class=\"wp-caption-text\">kedjetryck plus orange streck p\u00e5 omslaget (in- och utsida)<\/p><\/div>\n","protected":false},"excerpt":{"rendered":"<p>Utgivningsdag 1991-05-15 F 1680 &#8211; 1682 6 x 4 kr, tre motiv Tryckta i kombination 1 f\u00e4rg st\u00e5ltryck och 4 f\u00e4rger offset i 3:e Goebelpressen Inh\u00e4ftningen har gjorts i den 5:e h\u00e4ftesmaskinen Upplaga 3,14 miljoner h\u00e4ften Ny indelning juni 2018 &hellip; <a href=\"https:\/\/xn--hftessamlarna-bfb.se\/?page_id=2277\">Forts\u00e4tt l\u00e4sa <span class=\"meta-nav\">&rarr;<\/span><\/a><\/p>\n","protected":false},"author":1,"featured_media":0,"parent":2261,"menu_order":414,"comment_status":"open","ping_status":"open","template":"","meta":{"footnotes":""},"class_list":["post-2277","page","type-page","status-publish","hentry"],"_links":{"self":[{"href":"https:\/\/xn--hftessamlarna-bfb.se\/index.php?rest_route=\/wp\/v2\/pages\/2277","targetHints":{"allow":["GET"]}}],"collection":[{"href":"https:\/\/xn--hftessamlarna-bfb.se\/index.php?rest_route=\/wp\/v2\/pages"}],"about":[{"href":"https:\/\/xn--hftessamlarna-bfb.se\/index.php?rest_route=\/wp\/v2\/types\/page"}],"author":[{"embeddable":true,"href":"https:\/\/xn--hftessamlarna-bfb.se\/index.php?rest_route=\/wp\/v2\/users\/1"}],"replies":[{"embeddable":true,"href":"https:\/\/xn--hftessamlarna-bfb.se\/index.php?rest_route=%2Fwp%2Fv2%2Fcomments&post=2277"}],"version-history":[{"count":0,"href":"https:\/\/xn--hftessamlarna-bfb.se\/index.php?rest_route=\/wp\/v2\/pages\/2277\/revisions"}],"up":[{"embeddable":true,"href":"https:\/\/xn--hftessamlarna-bfb.se\/index.php?rest_route=\/wp\/v2\/pages\/2261"}],"wp:attachment":[{"href":"https:\/\/xn--hftessamlarna-bfb.se\/index.php?rest_route=%2Fwp%2Fv2%2Fmedia&parent=2277"}],"curies":[{"name":"wp","href":"https:\/\/api.w.org\/{rel}","templated":true}]}}