{"id":2275,"date":"2011-12-19T12:41:07","date_gmt":"2011-12-19T10:41:07","guid":{"rendered":"http:\/\/xn--hftessamlarna-bfb.se\/?page_id=2275"},"modified":"2021-06-27T11:41:12","modified_gmt":"2021-06-27T10:41:12","slug":"h412-sallsynta-sotvattensfiskar","status":"publish","type":"page","link":"https:\/\/xn--hftessamlarna-bfb.se\/?page_id=2275","title":{"rendered":"H412 S\u00e4llsynta s\u00f6tvattensfiskar"},"content":{"rendered":"<p><a href=\"https:\/\/xn--hftessamlarna-bfb.se\/wp-content\/uploads\/H-0412-header-1991.jpg\" rel=\"attachment wp-att-2945\"><img loading=\"lazy\" decoding=\"async\" class=\"alignnone wp-image-6286 size-full\" title=\"H412\" src=\"https:\/\/xn--hftessamlarna-bfb.se\/wp-content\/uploads\/H-0412-header-1991.jpg\" alt=\"\" width=\"960\" height=\"1001\" srcset=\"https:\/\/xn--hftessamlarna-bfb.se\/wp-content\/uploads\/H-0412-header-1991.jpg 960w, https:\/\/xn--hftessamlarna-bfb.se\/wp-content\/uploads\/H-0412-header-1991-288x300.jpg 288w, https:\/\/xn--hftessamlarna-bfb.se\/wp-content\/uploads\/H-0412-header-1991-144x150.jpg 144w, https:\/\/xn--hftessamlarna-bfb.se\/wp-content\/uploads\/H-0412-header-1991-768x801.jpg 768w\" sizes=\"auto, (max-width: 960px) 100vw, 960px\" \/><\/a>Utgivningsdag 1991-01-30<br \/>\nF 1666 &#8211; 1667<br \/>\n10 \u00d7 2:50, tv\u00e5 motiv<br \/>\nTryckta i 3 f\u00e4rger st\u00e5ltryck i 2:a Goebelpressen<br \/>\nInh\u00e4ftningen har gjorts i den 4:e h\u00e4ftesmaskinen<br \/>\nUpplaga ok\u00e4nd<\/p>\n<h2>Markeringar<\/h2>\n<div id=\"attachment_6116\" style=\"width: 310px\" class=\"wp-caption alignnone\"><a href=\"https:\/\/xn--hftessamlarna-bfb.se\/wp-content\/uploads\/H412info.jpg\"><img loading=\"lazy\" decoding=\"async\" aria-describedby=\"caption-attachment-6116\" class=\"size-medium wp-image-6116\" src=\"https:\/\/xn--hftessamlarna-bfb.se\/wp-content\/uploads\/H412info-300x202.jpg\" alt=\"\" width=\"300\" height=\"202\" srcset=\"https:\/\/xn--hftessamlarna-bfb.se\/wp-content\/uploads\/H412info-300x202.jpg 300w, https:\/\/xn--hftessamlarna-bfb.se\/wp-content\/uploads\/H412info-150x101.jpg 150w, https:\/\/xn--hftessamlarna-bfb.se\/wp-content\/uploads\/H412info-446x300.jpg 446w, https:\/\/xn--hftessamlarna-bfb.se\/wp-content\/uploads\/H412info.jpg 733w\" sizes=\"auto, (max-width: 300px) 100vw, 300px\" \/><\/a><p id=\"caption-attachment-6116\" class=\"wp-caption-text\">s\u00e5 skiljer man R och N<\/p><\/div>\n<p><strong>R<\/strong><br \/>\na=1,1-1,2, b=5,0, c=1,4, d=4,9<br \/>\nRT 8 \u00d7 2 mm svart<\/p>\n<p><strong>N<\/strong><br \/>\na=1,8, b=4,6, c=0,5-0,6, d=4,6<br \/>\nRT 8 \u00d7 2 mm svart<br \/>\ncyls 1<br \/>\ncyls 2<br \/>\nhelt kn G2b<\/p>\n<h2>Varianter<\/h2>\n<p>Horisontellt streck\u00a0 h\u00f6ger kant vid TI i STATIONEN<\/p>\n<h2>Bilder p\u00e5 varianter<\/h2>\n<div id=\"attachment_3999\" style=\"width: 310px\" class=\"wp-caption alignleft\"><a href=\"http:\/\/xn--hftessamlarna-bfb.se\/wp-content\/uploads\/H412defektfena.jpg\" rel=\"attachment wp-att-3999\"><img loading=\"lazy\" decoding=\"async\" aria-describedby=\"caption-attachment-3999\" class=\"  wp-image-3999 size-medium\" src=\"http:\/\/xn--hftessamlarna-bfb.se\/wp-content\/uploads\/H412defektfena-300x217.jpg\" alt=\"H412defektfena\" width=\"300\" height=\"217\" srcset=\"https:\/\/xn--hftessamlarna-bfb.se\/wp-content\/uploads\/H412defektfena-300x217.jpg 300w, https:\/\/xn--hftessamlarna-bfb.se\/wp-content\/uploads\/H412defektfena-150x108.jpg 150w, https:\/\/xn--hftessamlarna-bfb.se\/wp-content\/uploads\/H412defektfena-414x300.jpg 414w, https:\/\/xn--hftessamlarna-bfb.se\/wp-content\/uploads\/H412defektfena.jpg 529w\" sizes=\"auto, (max-width: 300px) 100vw, 300px\" \/><\/a><p id=\"caption-attachment-3999\" class=\"wp-caption-text\">defekt fena p\u00e5 sid I<\/p><\/div>\n<div id=\"attachment_4204\" style=\"width: 310px\" class=\"wp-caption alignleft\"><a href=\"http:\/\/xn--hftessamlarna-bfb.se\/wp-content\/uploads\/H412streckIR.jpg\" rel=\"attachment wp-att-4204\"><img loading=\"lazy\" decoding=\"async\" aria-describedby=\"caption-attachment-4204\" class=\"  wp-image-4204 size-medium\" src=\"http:\/\/xn--hftessamlarna-bfb.se\/wp-content\/uploads\/H412streckIR-300x222.jpg\" alt=\"H412streckIR\" width=\"300\" height=\"222\" srcset=\"https:\/\/xn--hftessamlarna-bfb.se\/wp-content\/uploads\/H412streckIR-300x222.jpg 300w, https:\/\/xn--hftessamlarna-bfb.se\/wp-content\/uploads\/H412streckIR-150x111.jpg 150w, https:\/\/xn--hftessamlarna-bfb.se\/wp-content\/uploads\/H412streckIR-404x300.jpg 404w, https:\/\/xn--hftessamlarna-bfb.se\/wp-content\/uploads\/H412streckIR.jpg 827w\" sizes=\"auto, (max-width: 300px) 100vw, 300px\" \/><\/a><p id=\"caption-attachment-4204\" class=\"wp-caption-text\">streck p\u00e5 IR<\/p><\/div>\n<div id=\"attachment_6287\" style=\"width: 310px\" class=\"wp-caption alignnone\"><a href=\"https:\/\/xn--hftessamlarna-bfb.se\/wp-content\/uploads\/H-0412-defekt-hal-1991.jpg\"><img loading=\"lazy\" decoding=\"async\" aria-describedby=\"caption-attachment-6287\" class=\"wp-image-6287 size-medium\" src=\"https:\/\/xn--hftessamlarna-bfb.se\/wp-content\/uploads\/H-0412-defekt-hal-1991-300x160.jpg\" alt=\"\" width=\"300\" height=\"160\" srcset=\"https:\/\/xn--hftessamlarna-bfb.se\/wp-content\/uploads\/H-0412-defekt-hal-1991-300x160.jpg 300w, https:\/\/xn--hftessamlarna-bfb.se\/wp-content\/uploads\/H-0412-defekt-hal-1991-1024x547.jpg 1024w, https:\/\/xn--hftessamlarna-bfb.se\/wp-content\/uploads\/H-0412-defekt-hal-1991-150x80.jpg 150w, https:\/\/xn--hftessamlarna-bfb.se\/wp-content\/uploads\/H-0412-defekt-hal-1991-768x411.jpg 768w, https:\/\/xn--hftessamlarna-bfb.se\/wp-content\/uploads\/H-0412-defekt-hal-1991-500x267.jpg 500w, https:\/\/xn--hftessamlarna-bfb.se\/wp-content\/uploads\/H-0412-defekt-hal-1991.jpg 1515w\" sizes=\"auto, (max-width: 300px) 100vw, 300px\" \/><\/a><p id=\"caption-attachment-6287\" class=\"wp-caption-text\">endast delvis utstansat h\u00e5l<\/p><\/div>\n<h2>Artiklar<\/h2>\n<p><a href=\"http:\/\/xn--hftessamlarna-bfb.se\/wp-content\/uploads\/H412-Gunnar-Struck.pdf\">H412 Gunnar Struck<\/a><\/p>\n","protected":false},"excerpt":{"rendered":"<p>Utgivningsdag 1991-01-30 F 1666 &#8211; 1667 10 \u00d7 2:50, tv\u00e5 motiv Tryckta i 3 f\u00e4rger st\u00e5ltryck i 2:a Goebelpressen Inh\u00e4ftningen har gjorts i den 4:e h\u00e4ftesmaskinen Upplaga ok\u00e4nd Markeringar R a=1,1-1,2, b=5,0, c=1,4, d=4,9 RT 8 \u00d7 2 mm svart &hellip; <a href=\"https:\/\/xn--hftessamlarna-bfb.se\/?page_id=2275\">Forts\u00e4tt l\u00e4sa <span class=\"meta-nav\">&rarr;<\/span><\/a><\/p>\n","protected":false},"author":1,"featured_media":0,"parent":2261,"menu_order":412,"comment_status":"open","ping_status":"open","template":"","meta":{"footnotes":""},"class_list":["post-2275","page","type-page","status-publish","hentry"],"_links":{"self":[{"href":"https:\/\/xn--hftessamlarna-bfb.se\/index.php?rest_route=\/wp\/v2\/pages\/2275","targetHints":{"allow":["GET"]}}],"collection":[{"href":"https:\/\/xn--hftessamlarna-bfb.se\/index.php?rest_route=\/wp\/v2\/pages"}],"about":[{"href":"https:\/\/xn--hftessamlarna-bfb.se\/index.php?rest_route=\/wp\/v2\/types\/page"}],"author":[{"embeddable":true,"href":"https:\/\/xn--hftessamlarna-bfb.se\/index.php?rest_route=\/wp\/v2\/users\/1"}],"replies":[{"embeddable":true,"href":"https:\/\/xn--hftessamlarna-bfb.se\/index.php?rest_route=%2Fwp%2Fv2%2Fcomments&post=2275"}],"version-history":[{"count":0,"href":"https:\/\/xn--hftessamlarna-bfb.se\/index.php?rest_route=\/wp\/v2\/pages\/2275\/revisions"}],"up":[{"embeddable":true,"href":"https:\/\/xn--hftessamlarna-bfb.se\/index.php?rest_route=\/wp\/v2\/pages\/2261"}],"wp:attachment":[{"href":"https:\/\/xn--hftessamlarna-bfb.se\/index.php?rest_route=%2Fwp%2Fv2%2Fmedia&parent=2275"}],"curies":[{"name":"wp","href":"https:\/\/api.w.org\/{rel}","templated":true}]}}