{"id":2270,"date":"2011-12-19T12:41:07","date_gmt":"2011-12-19T10:41:07","guid":{"rendered":"http:\/\/xn--hftessamlarna-bfb.se\/?page_id=2270"},"modified":"2014-12-28T16:29:14","modified_gmt":"2014-12-28T15:29:14","slug":"h409-fotografering","status":"publish","type":"page","link":"https:\/\/xn--hftessamlarna-bfb.se\/?page_id=2270","title":{"rendered":"H409 Fotografering"},"content":{"rendered":"<p><a href=\"http:\/\/xn--hftessamlarna-bfb.se\/?attachment_id=2948\" rel=\"attachment wp-att-2948\"><img loading=\"lazy\" decoding=\"async\" class=\"aligncenter size-full wp-image-2948\" title=\"H409\" src=\"http:\/\/xn--hftessamlarna-bfb.se\/wp-content\/uploads\/H409.jpg\" alt=\"\" width=\"960\" height=\"655\" srcset=\"https:\/\/xn--hftessamlarna-bfb.se\/wp-content\/uploads\/H409.jpg 960w, https:\/\/xn--hftessamlarna-bfb.se\/wp-content\/uploads\/H409-150x102.jpg 150w, https:\/\/xn--hftessamlarna-bfb.se\/wp-content\/uploads\/H409-300x204.jpg 300w, https:\/\/xn--hftessamlarna-bfb.se\/wp-content\/uploads\/H409-439x300.jpg 439w\" sizes=\"auto, (max-width: 960px) 100vw, 960px\" \/><\/a>Utgivningsdag 1990-10-06<br \/>\nF 1647 &#8211; 1649<br \/>\n6 x 2:50, tre motiv<br \/>\nTryckta i kombination 1 f\u00e4rg st\u00e5ltryck och 4 f\u00e4rger offset i 3:e Goebelpressen<br \/>\nInh\u00e4ftningen har gjorts i den 5:e h\u00e4ftesmaskinen<br \/>\nUpplaga 816.000 h\u00e4ften<\/p>\n<h2>Markeringar<\/h2>\n<p>RT 7,2 x 1,4 mm svart (smalt)<br \/>\nRT 7,2 x 1,8 mm svart (brett)<br \/>\ncyls 1<br \/>\ncyls 2<br \/>\nhelt kn G3 (3 mm)<\/p>\n<h2>Artiklar<\/h2>\n<p><a href=\"http:\/\/xn--hftessamlarna-bfb.se\/wp-content\/uploads\/H409-Gunnar-Struck.pdf\">H409 Gunnar Struck<\/a><\/p>\n","protected":false},"excerpt":{"rendered":"<p>Utgivningsdag 1990-10-06 F 1647 &#8211; 1649 6 x 2:50, tre motiv Tryckta i kombination 1 f\u00e4rg st\u00e5ltryck och 4 f\u00e4rger offset i 3:e Goebelpressen Inh\u00e4ftningen har gjorts i den 5:e h\u00e4ftesmaskinen Upplaga 816.000 h\u00e4ften Markeringar RT 7,2 x 1,4 mm &hellip; <a href=\"https:\/\/xn--hftessamlarna-bfb.se\/?page_id=2270\">Forts\u00e4tt l\u00e4sa <span class=\"meta-nav\">&rarr;<\/span><\/a><\/p>\n","protected":false},"author":1,"featured_media":0,"parent":2261,"menu_order":409,"comment_status":"open","ping_status":"open","template":"","meta":{"footnotes":""},"class_list":["post-2270","page","type-page","status-publish","hentry"],"_links":{"self":[{"href":"https:\/\/xn--hftessamlarna-bfb.se\/index.php?rest_route=\/wp\/v2\/pages\/2270","targetHints":{"allow":["GET"]}}],"collection":[{"href":"https:\/\/xn--hftessamlarna-bfb.se\/index.php?rest_route=\/wp\/v2\/pages"}],"about":[{"href":"https:\/\/xn--hftessamlarna-bfb.se\/index.php?rest_route=\/wp\/v2\/types\/page"}],"author":[{"embeddable":true,"href":"https:\/\/xn--hftessamlarna-bfb.se\/index.php?rest_route=\/wp\/v2\/users\/1"}],"replies":[{"embeddable":true,"href":"https:\/\/xn--hftessamlarna-bfb.se\/index.php?rest_route=%2Fwp%2Fv2%2Fcomments&post=2270"}],"version-history":[{"count":0,"href":"https:\/\/xn--hftessamlarna-bfb.se\/index.php?rest_route=\/wp\/v2\/pages\/2270\/revisions"}],"up":[{"embeddable":true,"href":"https:\/\/xn--hftessamlarna-bfb.se\/index.php?rest_route=\/wp\/v2\/pages\/2261"}],"wp:attachment":[{"href":"https:\/\/xn--hftessamlarna-bfb.se\/index.php?rest_route=%2Fwp%2Fv2%2Fmedia&parent=2270"}],"curies":[{"name":"wp","href":"https:\/\/api.w.org\/{rel}","templated":true}]}}