{"id":2268,"date":"2011-12-19T12:41:07","date_gmt":"2011-12-19T10:41:07","guid":{"rendered":"http:\/\/xn--hftessamlarna-bfb.se\/?page_id=2268"},"modified":"2021-06-27T11:39:40","modified_gmt":"2021-06-27T10:39:40","slug":"h407-massa-och-papper","status":"publish","type":"page","link":"https:\/\/xn--hftessamlarna-bfb.se\/?page_id=2268","title":{"rendered":"H407 Massa och papper"},"content":{"rendered":"<p><a href=\"https:\/\/xn--hftessamlarna-bfb.se\/wp-content\/uploads\/H-0407-header-1990.jpg\" rel=\"attachment wp-att-2950\"><img loading=\"lazy\" decoding=\"async\" class=\"alignnone wp-image-6283 size-full\" title=\"H407\" src=\"https:\/\/xn--hftessamlarna-bfb.se\/wp-content\/uploads\/H-0407-header-1990.jpg\" alt=\"\" width=\"960\" height=\"705\" srcset=\"https:\/\/xn--hftessamlarna-bfb.se\/wp-content\/uploads\/H-0407-header-1990.jpg 960w, https:\/\/xn--hftessamlarna-bfb.se\/wp-content\/uploads\/H-0407-header-1990-300x220.jpg 300w, https:\/\/xn--hftessamlarna-bfb.se\/wp-content\/uploads\/H-0407-header-1990-150x110.jpg 150w, https:\/\/xn--hftessamlarna-bfb.se\/wp-content\/uploads\/H-0407-header-1990-768x564.jpg 768w, https:\/\/xn--hftessamlarna-bfb.se\/wp-content\/uploads\/H-0407-header-1990-409x300.jpg 409w\" sizes=\"auto, (max-width: 960px) 100vw, 960px\" \/><\/a>Utgivningsdag 1990-08-08<br \/>\nF 1636 &#8211; 1639<br \/>\n8 \u00d7 2:50, fyra motiv<br \/>\nTryckta i kombination 2 f\u00e4rger st\u00e5ltryck och 4 f\u00e4rger offset i 3:e Goebelpressen<br \/>\nInh\u00e4ftningen har gjorts i den 4:e h\u00e4ftesmaskinen<br \/>\nUpplaga 1,45 miljoner h\u00e4ften<\/p>\n<h2>Typer<\/h2>\n<p><strong>A<\/strong> omslag utan fluorescens<br \/>\n<strong>Aa<\/strong> inlaga utan vitmedel<br \/>\n<strong>Ab<\/strong> inlaga med vitmedel<\/p>\n<p><strong>B<\/strong> omslag med fluorescens<br \/>\n<strong>Ba<\/strong> inlaga utan vitmedel<br \/>\n<strong>Bb<\/strong> inlaga med vitmedel<\/p>\n<h2>Markeringar<\/h2>\n<p>RT 8 \u00d7 2 mm svart<br \/>\ncyls 1<br \/>\ncyls 2 fot\/slinga<br \/>\nhelt kn G2b (3,2 mm)<\/p>\n<h2>Bild p\u00e5 variant<\/h2>\n<div id=\"attachment_4862\" style=\"width: 594px\" class=\"wp-caption alignleft\"><a href=\"http:\/\/xn--hftessamlarna-bfb.se\/wp-content\/uploads\/H407Bbfallandekn.jpg\"><img loading=\"lazy\" decoding=\"async\" aria-describedby=\"caption-attachment-4862\" class=\"wp-image-4862 size-large\" src=\"http:\/\/xn--hftessamlarna-bfb.se\/wp-content\/uploads\/H407Bbfallandekn-1024x301.jpg\" alt=\"H407Bbfallandekn\" width=\"584\" height=\"172\" srcset=\"https:\/\/xn--hftessamlarna-bfb.se\/wp-content\/uploads\/H407Bbfallandekn-1024x301.jpg 1024w, https:\/\/xn--hftessamlarna-bfb.se\/wp-content\/uploads\/H407Bbfallandekn-150x44.jpg 150w, https:\/\/xn--hftessamlarna-bfb.se\/wp-content\/uploads\/H407Bbfallandekn-300x88.jpg 300w, https:\/\/xn--hftessamlarna-bfb.se\/wp-content\/uploads\/H407Bbfallandekn-500x147.jpg 500w, https:\/\/xn--hftessamlarna-bfb.se\/wp-content\/uploads\/H407Bbfallandekn.jpg 1723w\" sizes=\"auto, (max-width: 584px) 100vw, 584px\" \/><\/a><p id=\"caption-attachment-4862\" class=\"wp-caption-text\">f\u00f6rsta siffran i knr vandrar i h\u00f6jdled<\/p><\/div>\n<h2>Artiklar<\/h2>\n<p><a href=\"http:\/\/xn--hftessamlarna-bfb.se\/wp-content\/uploads\/H407-Gunnar-Struck.pdf\">H407 Gunnar Struck<\/a><\/p>\n","protected":false},"excerpt":{"rendered":"<p>Utgivningsdag 1990-08-08 F 1636 &#8211; 1639 8 \u00d7 2:50, fyra motiv Tryckta i kombination 2 f\u00e4rger st\u00e5ltryck och 4 f\u00e4rger offset i 3:e Goebelpressen Inh\u00e4ftningen har gjorts i den 4:e h\u00e4ftesmaskinen Upplaga 1,45 miljoner h\u00e4ften Typer A omslag utan fluorescens &hellip; <a href=\"https:\/\/xn--hftessamlarna-bfb.se\/?page_id=2268\">Forts\u00e4tt l\u00e4sa <span class=\"meta-nav\">&rarr;<\/span><\/a><\/p>\n","protected":false},"author":1,"featured_media":0,"parent":2261,"menu_order":407,"comment_status":"open","ping_status":"open","template":"","meta":{"footnotes":""},"class_list":["post-2268","page","type-page","status-publish","hentry"],"_links":{"self":[{"href":"https:\/\/xn--hftessamlarna-bfb.se\/index.php?rest_route=\/wp\/v2\/pages\/2268","targetHints":{"allow":["GET"]}}],"collection":[{"href":"https:\/\/xn--hftessamlarna-bfb.se\/index.php?rest_route=\/wp\/v2\/pages"}],"about":[{"href":"https:\/\/xn--hftessamlarna-bfb.se\/index.php?rest_route=\/wp\/v2\/types\/page"}],"author":[{"embeddable":true,"href":"https:\/\/xn--hftessamlarna-bfb.se\/index.php?rest_route=\/wp\/v2\/users\/1"}],"replies":[{"embeddable":true,"href":"https:\/\/xn--hftessamlarna-bfb.se\/index.php?rest_route=%2Fwp%2Fv2%2Fcomments&post=2268"}],"version-history":[{"count":0,"href":"https:\/\/xn--hftessamlarna-bfb.se\/index.php?rest_route=\/wp\/v2\/pages\/2268\/revisions"}],"up":[{"embeddable":true,"href":"https:\/\/xn--hftessamlarna-bfb.se\/index.php?rest_route=\/wp\/v2\/pages\/2261"}],"wp:attachment":[{"href":"https:\/\/xn--hftessamlarna-bfb.se\/index.php?rest_route=%2Fwp%2Fv2%2Fmedia&parent=2268"}],"curies":[{"name":"wp","href":"https:\/\/api.w.org\/{rel}","templated":true}]}}