{"id":2267,"date":"2011-12-19T12:41:07","date_gmt":"2011-12-19T10:41:07","guid":{"rendered":"http:\/\/xn--hftessamlarna-bfb.se\/?page_id=2267"},"modified":"2014-12-28T16:27:20","modified_gmt":"2014-12-28T15:27:20","slug":"h406-rabattmarken-%e2%80%93-biodling","status":"publish","type":"page","link":"https:\/\/xn--hftessamlarna-bfb.se\/?page_id=2267","title":{"rendered":"H406 Rabattfrim\u00e4rken XII \u2013 Biodling"},"content":{"rendered":"<p><a href=\"http:\/\/xn--hftessamlarna-bfb.se\/?attachment_id=2951\" rel=\"attachment wp-att-2951\"><img loading=\"lazy\" decoding=\"async\" class=\"aligncenter size-full wp-image-2951\" title=\"H406\" src=\"http:\/\/xn--hftessamlarna-bfb.se\/wp-content\/uploads\/H406.jpg\" alt=\"\" width=\"960\" height=\"466\" srcset=\"https:\/\/xn--hftessamlarna-bfb.se\/wp-content\/uploads\/H406.jpg 960w, https:\/\/xn--hftessamlarna-bfb.se\/wp-content\/uploads\/H406-150x72.jpg 150w, https:\/\/xn--hftessamlarna-bfb.se\/wp-content\/uploads\/H406-300x145.jpg 300w, https:\/\/xn--hftessamlarna-bfb.se\/wp-content\/uploads\/H406-500x242.jpg 500w\" sizes=\"auto, (max-width: 960px) 100vw, 960px\" \/><\/a>Utgivningsdag 1990-05-15<br \/>\nF 1626 &#8211; 1635<br \/>\n20 x 2:30, tio motiv<br \/>\nTryckta i 4 f\u00e4rger offset i den 3:e Goebelpressen<br \/>\nInh\u00e4ftningen har gjorts i den 5:e h\u00e4ftesmaskinen<br \/>\nUpplaga 3,37 miljoner h\u00e4ften<\/p>\n<h2>Markeringar<\/h2>\n<p>centralt helt regm<br \/>\nRT 7,2 x 1,4 mm svart (smalt)<br \/>\nRT 7,2 x 1,8 mm svart (brett)<br \/>\ncyls 1<br \/>\ncyls 2 fot\/slinga<br \/>\nhelt kn G3<\/p>\n<h2>\u00d6vrigt<\/h2>\n<p>bl\u00e5 eller svart pl\u00e5tskarvlinje i underkant p\u00e5 blocket<\/p>\n<p>G\u00e4ller i obegr\u00e4nsad tid som brevporto inom Norden enligt f\u00f6ljande:<br \/>\nupp till 100 g = 1 rabattfrim\u00e4rke<br \/>\nupp till 250 g = 3 rabattfrim\u00e4rke<br \/>\nupp till 500 g = 4 rabattfrim\u00e4rke<br \/>\nupp till 1000 g = 5 rabattfrim\u00e4rke<\/p>\n<h2>Artiklar<\/h2>\n<p><a href=\"http:\/\/xn--hftessamlarna-bfb.se\/wp-content\/uploads\/H406-Gunnar-Struck.pdf\">H406 Gunnar Struck<\/a><\/p>\n","protected":false},"excerpt":{"rendered":"<p>Utgivningsdag 1990-05-15 F 1626 &#8211; 1635 20 x 2:30, tio motiv Tryckta i 4 f\u00e4rger offset i den 3:e Goebelpressen Inh\u00e4ftningen har gjorts i den 5:e h\u00e4ftesmaskinen Upplaga 3,37 miljoner h\u00e4ften Markeringar centralt helt regm RT 7,2 x 1,4 mm &hellip; <a href=\"https:\/\/xn--hftessamlarna-bfb.se\/?page_id=2267\">Forts\u00e4tt l\u00e4sa <span class=\"meta-nav\">&rarr;<\/span><\/a><\/p>\n","protected":false},"author":1,"featured_media":0,"parent":2261,"menu_order":406,"comment_status":"open","ping_status":"open","template":"","meta":{"footnotes":""},"class_list":["post-2267","page","type-page","status-publish","hentry"],"_links":{"self":[{"href":"https:\/\/xn--hftessamlarna-bfb.se\/index.php?rest_route=\/wp\/v2\/pages\/2267","targetHints":{"allow":["GET"]}}],"collection":[{"href":"https:\/\/xn--hftessamlarna-bfb.se\/index.php?rest_route=\/wp\/v2\/pages"}],"about":[{"href":"https:\/\/xn--hftessamlarna-bfb.se\/index.php?rest_route=\/wp\/v2\/types\/page"}],"author":[{"embeddable":true,"href":"https:\/\/xn--hftessamlarna-bfb.se\/index.php?rest_route=\/wp\/v2\/users\/1"}],"replies":[{"embeddable":true,"href":"https:\/\/xn--hftessamlarna-bfb.se\/index.php?rest_route=%2Fwp%2Fv2%2Fcomments&post=2267"}],"version-history":[{"count":0,"href":"https:\/\/xn--hftessamlarna-bfb.se\/index.php?rest_route=\/wp\/v2\/pages\/2267\/revisions"}],"up":[{"embeddable":true,"href":"https:\/\/xn--hftessamlarna-bfb.se\/index.php?rest_route=\/wp\/v2\/pages\/2261"}],"wp:attachment":[{"href":"https:\/\/xn--hftessamlarna-bfb.se\/index.php?rest_route=%2Fwp%2Fv2%2Fmedia&parent=2267"}],"curies":[{"name":"wp","href":"https:\/\/api.w.org\/{rel}","templated":true}]}}