{"id":2266,"date":"2011-12-19T12:41:07","date_gmt":"2011-12-19T10:41:07","guid":{"rendered":"http:\/\/xn--hftessamlarna-bfb.se\/?page_id=2266"},"modified":"2020-06-22T08:37:41","modified_gmt":"2020-06-22T07:37:41","slug":"h405-ryttar-vm-1990","status":"publish","type":"page","link":"https:\/\/xn--hftessamlarna-bfb.se\/?page_id=2266","title":{"rendered":"H405 Ryttar-VM 1990"},"content":{"rendered":"<p><a href=\"http:\/\/xn--hftessamlarna-bfb.se\/?attachment_id=2952\" rel=\"attachment wp-att-2952\"><img loading=\"lazy\" decoding=\"async\" class=\"aligncenter size-full wp-image-2952\" title=\"H405\" src=\"http:\/\/xn--hftessamlarna-bfb.se\/wp-content\/uploads\/H405.jpg\" alt=\"\" width=\"960\" height=\"651\" srcset=\"https:\/\/xn--hftessamlarna-bfb.se\/wp-content\/uploads\/H405.jpg 960w, https:\/\/xn--hftessamlarna-bfb.se\/wp-content\/uploads\/H405-150x101.jpg 150w, https:\/\/xn--hftessamlarna-bfb.se\/wp-content\/uploads\/H405-300x203.jpg 300w, https:\/\/xn--hftessamlarna-bfb.se\/wp-content\/uploads\/H405-442x300.jpg 442w\" sizes=\"auto, (max-width: 960px) 100vw, 960px\" \/><\/a>Utgivningsdag 1990-05-15<br \/>\nF 1618 &#8211; 1623<br \/>\n6 x 3:80, sex motiv<br \/>\nTryckta i kombination 1 f\u00e4rg st\u00e5ltryck och 4 f\u00e4rger offset i 3:e Goebelpressen<br \/>\nInh\u00e4ftningen har gjorts i den 5:e h\u00e4ftesmaskinen<br \/>\nUpplaga 1,94 milj h\u00e4ften<\/p>\n<h2>Typer<\/h2>\n<p><strong>A<\/strong> R\u00f6tt omslagstryck<br \/>\n<strong>B<\/strong> Oranger\u00f6tt omslagstryck<br \/>\nUppdelning p\u00e5 <strong>A<\/strong> och <strong>B<\/strong> kommer troligen att slopas eftersom det finns en \u201dflytande\u201d gr\u00e4ns.<\/p>\n<p><a href=\"https:\/\/xn--hftessamlarna-bfb.se\/wp-content\/uploads\/H405info2.jpg\"><img loading=\"lazy\" decoding=\"async\" class=\"alignnone size-medium wp-image-6115\" src=\"https:\/\/xn--hftessamlarna-bfb.se\/wp-content\/uploads\/H405info2-300x142.jpg\" alt=\"\" width=\"300\" height=\"142\" srcset=\"https:\/\/xn--hftessamlarna-bfb.se\/wp-content\/uploads\/H405info2-300x142.jpg 300w, https:\/\/xn--hftessamlarna-bfb.se\/wp-content\/uploads\/H405info2-150x71.jpg 150w, https:\/\/xn--hftessamlarna-bfb.se\/wp-content\/uploads\/H405info2-500x237.jpg 500w, https:\/\/xn--hftessamlarna-bfb.se\/wp-content\/uploads\/H405info2.jpg 600w\" sizes=\"auto, (max-width: 300px) 100vw, 300px\" \/><\/a><\/p>\n<h2>Markeringar<\/h2>\n<div id=\"attachment_6072\" style=\"width: 310px\" class=\"wp-caption alignnone\"><a href=\"https:\/\/xn--hftessamlarna-bfb.se\/wp-content\/uploads\/H405-info.jpg\"><img loading=\"lazy\" decoding=\"async\" aria-describedby=\"caption-attachment-6072\" class=\"wp-image-6072 size-medium\" src=\"https:\/\/xn--hftessamlarna-bfb.se\/wp-content\/uploads\/H405-info-300x131.jpg\" alt=\"\" width=\"300\" height=\"131\" srcset=\"https:\/\/xn--hftessamlarna-bfb.se\/wp-content\/uploads\/H405-info-300x131.jpg 300w, https:\/\/xn--hftessamlarna-bfb.se\/wp-content\/uploads\/H405-info-1024x448.jpg 1024w, https:\/\/xn--hftessamlarna-bfb.se\/wp-content\/uploads\/H405-info-150x66.jpg 150w, https:\/\/xn--hftessamlarna-bfb.se\/wp-content\/uploads\/H405-info-768x336.jpg 768w, https:\/\/xn--hftessamlarna-bfb.se\/wp-content\/uploads\/H405-info-500x219.jpg 500w, https:\/\/xn--hftessamlarna-bfb.se\/wp-content\/uploads\/H405-info.jpg 1270w\" sizes=\"auto, (max-width: 300px) 100vw, 300px\" \/><\/a><p id=\"caption-attachment-6072\" class=\"wp-caption-text\">s\u00e5 skiljer man N och R<\/p><\/div>\n<p><strong>R<\/strong><br \/>\ndelat regm, c=1,1, d=5,0 mm<br \/>\nRT 7,2 x 1,4 mm svart (smalt)<br \/>\nRT 7,2 x 1,8 mm svart (brett)<\/p>\n<p><strong>N<\/strong><br \/>\ndelat regm, c=0,9, d=4,8<br \/>\nRT 7,2 x 1,4 mm svart (smalt)<br \/>\nRT 7,2 x 1,8 mm svart (brett)<br \/>\ncyls 1<br \/>\ncyls 2<br \/>\nhelt kn G3<\/p>\n<h2>\u00d6vrigt<\/h2>\n<p>&#8221;\u00f6ppen nolla&#8221; = Halv &#8221;0&#8221; i 1990 p\u00e5 sid 2. Ser ut som 199C<\/p>\n<div id=\"attachment_3613\" style=\"width: 310px\" class=\"wp-caption alignleft\"><a href=\"http:\/\/xn--hftessamlarna-bfb.se\/wp-content\/uploads\/H405oppenmule.jpg\" rel=\"attachment wp-att-3613\"><img loading=\"lazy\" decoding=\"async\" aria-describedby=\"caption-attachment-3613\" class=\"wp-image-3613 size-medium\" src=\"http:\/\/xn--hftessamlarna-bfb.se\/wp-content\/uploads\/H405oppenmule-300x152.jpg\" alt=\"H405 \u00f6ppen nolla\" width=\"300\" height=\"152\" srcset=\"https:\/\/xn--hftessamlarna-bfb.se\/wp-content\/uploads\/H405oppenmule-300x152.jpg 300w, https:\/\/xn--hftessamlarna-bfb.se\/wp-content\/uploads\/H405oppenmule-150x76.jpg 150w, https:\/\/xn--hftessamlarna-bfb.se\/wp-content\/uploads\/H405oppenmule-500x253.jpg 500w, https:\/\/xn--hftessamlarna-bfb.se\/wp-content\/uploads\/H405oppenmule.jpg 879w\" sizes=\"auto, (max-width: 300px) 100vw, 300px\" \/><\/a><p id=\"caption-attachment-3613\" class=\"wp-caption-text\">variant &#8221;\u00f6ppen nolla&#8221; p\u00e5 sid II<\/p><\/div>\n<h2>Artiklar<\/h2>\n<p><a href=\"http:\/\/xn--hftessamlarna-bfb.se\/wp-content\/uploads\/H405-Gunnar-Struck.pdf\">H405 Gunnar Struck<\/a><\/p>\n","protected":false},"excerpt":{"rendered":"<p>Utgivningsdag 1990-05-15 F 1618 &#8211; 1623 6 x 3:80, sex motiv Tryckta i kombination 1 f\u00e4rg st\u00e5ltryck och 4 f\u00e4rger offset i 3:e Goebelpressen Inh\u00e4ftningen har gjorts i den 5:e h\u00e4ftesmaskinen Upplaga 1,94 milj h\u00e4ften Typer A R\u00f6tt omslagstryck B &hellip; <a href=\"https:\/\/xn--hftessamlarna-bfb.se\/?page_id=2266\">Forts\u00e4tt l\u00e4sa <span class=\"meta-nav\">&rarr;<\/span><\/a><\/p>\n","protected":false},"author":1,"featured_media":0,"parent":2261,"menu_order":405,"comment_status":"open","ping_status":"open","template":"","meta":{"footnotes":""},"class_list":["post-2266","page","type-page","status-publish","hentry"],"_links":{"self":[{"href":"https:\/\/xn--hftessamlarna-bfb.se\/index.php?rest_route=\/wp\/v2\/pages\/2266","targetHints":{"allow":["GET"]}}],"collection":[{"href":"https:\/\/xn--hftessamlarna-bfb.se\/index.php?rest_route=\/wp\/v2\/pages"}],"about":[{"href":"https:\/\/xn--hftessamlarna-bfb.se\/index.php?rest_route=\/wp\/v2\/types\/page"}],"author":[{"embeddable":true,"href":"https:\/\/xn--hftessamlarna-bfb.se\/index.php?rest_route=\/wp\/v2\/users\/1"}],"replies":[{"embeddable":true,"href":"https:\/\/xn--hftessamlarna-bfb.se\/index.php?rest_route=%2Fwp%2Fv2%2Fcomments&post=2266"}],"version-history":[{"count":0,"href":"https:\/\/xn--hftessamlarna-bfb.se\/index.php?rest_route=\/wp\/v2\/pages\/2266\/revisions"}],"up":[{"embeddable":true,"href":"https:\/\/xn--hftessamlarna-bfb.se\/index.php?rest_route=\/wp\/v2\/pages\/2261"}],"wp:attachment":[{"href":"https:\/\/xn--hftessamlarna-bfb.se\/index.php?rest_route=%2Fwp%2Fv2%2Fmedia&parent=2266"}],"curies":[{"name":"wp","href":"https:\/\/api.w.org\/{rel}","templated":true}]}}