{"id":2264,"date":"2011-12-19T12:41:07","date_gmt":"2011-12-19T10:41:07","guid":{"rendered":"http:\/\/xn--hftessamlarna-bfb.se\/?page_id=2264"},"modified":"2021-06-27T11:38:11","modified_gmt":"2021-06-27T10:38:11","slug":"h403-europa-90-postala-byggnader","status":"publish","type":"page","link":"https:\/\/xn--hftessamlarna-bfb.se\/?page_id=2264","title":{"rendered":"H403 Europa 90 XIX \u2013 Postala byggnader"},"content":{"rendered":"<p><a href=\"https:\/\/xn--hftessamlarna-bfb.se\/wp-content\/uploads\/H-0403-header-1990.jpg\" rel=\"attachment wp-att-2954\"><img loading=\"lazy\" decoding=\"async\" class=\"alignnone wp-image-6273 size-full\" title=\"H403\" src=\"https:\/\/xn--hftessamlarna-bfb.se\/wp-content\/uploads\/H-0403-header-1990.jpg\" alt=\"\" width=\"960\" height=\"995\" srcset=\"https:\/\/xn--hftessamlarna-bfb.se\/wp-content\/uploads\/H-0403-header-1990.jpg 960w, https:\/\/xn--hftessamlarna-bfb.se\/wp-content\/uploads\/H-0403-header-1990-289x300.jpg 289w, https:\/\/xn--hftessamlarna-bfb.se\/wp-content\/uploads\/H-0403-header-1990-145x150.jpg 145w, https:\/\/xn--hftessamlarna-bfb.se\/wp-content\/uploads\/H-0403-header-1990-768x796.jpg 768w\" sizes=\"auto, (max-width: 960px) 100vw, 960px\" \/><\/a>Utgivningsdag 1990-03-28<br \/>\nF 1607 &#8211; 1608<br \/>\n6 \u00d7 3:80, tv\u00e5 motiv<br \/>\nTryckta i 3 f\u00e4rger st\u00e5ltryck i 3:e Goebelpressen<br \/>\nInh\u00e4ftningen har gjorts i den 4:e h\u00e4ftesmaskinen<br \/>\nUpplaga 1,29 milj h\u00e4ften<\/p>\n<h2>Typer<\/h2>\n<p><strong>a<\/strong>) frim\u00e4rkets bl\u00e5 f\u00e4rg \u00e4r gr\u00f6nbl\u00e5<br \/>\n<strong>b<\/strong>) frim\u00e4rkets bl\u00e5 f\u00e4rg \u00e4r klarbl\u00e5. H403b finns med kn 38-54-tusen med rest 2 vid cyls 1 (det finns inga andra kn med dessa tusental).<\/p>\n<h2><a href=\"https:\/\/xn--hftessamlarna-bfb.se\/wp-content\/uploads\/H403info.jpg\"><img loading=\"lazy\" decoding=\"async\" class=\"alignnone size-medium wp-image-6089\" src=\"https:\/\/xn--hftessamlarna-bfb.se\/wp-content\/uploads\/H403info-300x264.jpg\" alt=\"\" width=\"300\" height=\"264\" srcset=\"https:\/\/xn--hftessamlarna-bfb.se\/wp-content\/uploads\/H403info-300x264.jpg 300w, https:\/\/xn--hftessamlarna-bfb.se\/wp-content\/uploads\/H403info-1024x903.jpg 1024w, https:\/\/xn--hftessamlarna-bfb.se\/wp-content\/uploads\/H403info-150x132.jpg 150w, https:\/\/xn--hftessamlarna-bfb.se\/wp-content\/uploads\/H403info-768x677.jpg 768w, https:\/\/xn--hftessamlarna-bfb.se\/wp-content\/uploads\/H403info-340x300.jpg 340w, https:\/\/xn--hftessamlarna-bfb.se\/wp-content\/uploads\/H403info.jpg 1487w\" sizes=\"auto, (max-width: 300px) 100vw, 300px\" \/><\/a><\/h2>\n<h2>Markeringar<\/h2>\n<p><strong>aR<\/strong><br \/>\nb=d=5,1<br \/>\nRT 8 \u00d7 2 mm svart<br \/>\n<strong><br \/>\naN<\/strong><br \/>\nb=d=5,3<br \/>\nRT 8 \u00d7 2 mm svart<br \/>\ncyls 1<br \/>\ncyls 2<br \/>\nhelt kn G3 (3 mm)<\/p>\n<p><strong>bR<\/strong><br \/>\nb=d=5,1<br \/>\nRT 8 \u00d7 2 mm svart<\/p>\n<p><strong>bN<br \/>\n<\/strong>b=d=5,3<strong><br \/>\n<\/strong>RT 8 \u00d7 2 mm svart<br \/>\ncyls 1<br \/>\ncyls 2<br \/>\nhelt kn G3 (3 mm)<strong><br \/>\n<\/strong><\/p>\n<h2>Artiklar<\/h2>\n<p><a href=\"http:\/\/xn--hftessamlarna-bfb.se\/wp-content\/uploads\/H403-Gunnar-Struck.pdf\">H403 Gunnar Struck<\/a><\/p>\n","protected":false},"excerpt":{"rendered":"<p>Utgivningsdag 1990-03-28 F 1607 &#8211; 1608 6 \u00d7 3:80, tv\u00e5 motiv Tryckta i 3 f\u00e4rger st\u00e5ltryck i 3:e Goebelpressen Inh\u00e4ftningen har gjorts i den 4:e h\u00e4ftesmaskinen Upplaga 1,29 milj h\u00e4ften Typer a) frim\u00e4rkets bl\u00e5 f\u00e4rg \u00e4r gr\u00f6nbl\u00e5 b) frim\u00e4rkets bl\u00e5 &hellip; <a href=\"https:\/\/xn--hftessamlarna-bfb.se\/?page_id=2264\">Forts\u00e4tt l\u00e4sa <span class=\"meta-nav\">&rarr;<\/span><\/a><\/p>\n","protected":false},"author":1,"featured_media":0,"parent":2261,"menu_order":403,"comment_status":"open","ping_status":"open","template":"","meta":{"footnotes":""},"class_list":["post-2264","page","type-page","status-publish","hentry"],"_links":{"self":[{"href":"https:\/\/xn--hftessamlarna-bfb.se\/index.php?rest_route=\/wp\/v2\/pages\/2264","targetHints":{"allow":["GET"]}}],"collection":[{"href":"https:\/\/xn--hftessamlarna-bfb.se\/index.php?rest_route=\/wp\/v2\/pages"}],"about":[{"href":"https:\/\/xn--hftessamlarna-bfb.se\/index.php?rest_route=\/wp\/v2\/types\/page"}],"author":[{"embeddable":true,"href":"https:\/\/xn--hftessamlarna-bfb.se\/index.php?rest_route=\/wp\/v2\/users\/1"}],"replies":[{"embeddable":true,"href":"https:\/\/xn--hftessamlarna-bfb.se\/index.php?rest_route=%2Fwp%2Fv2%2Fcomments&post=2264"}],"version-history":[{"count":0,"href":"https:\/\/xn--hftessamlarna-bfb.se\/index.php?rest_route=\/wp\/v2\/pages\/2264\/revisions"}],"up":[{"embeddable":true,"href":"https:\/\/xn--hftessamlarna-bfb.se\/index.php?rest_route=\/wp\/v2\/pages\/2261"}],"wp:attachment":[{"href":"https:\/\/xn--hftessamlarna-bfb.se\/index.php?rest_route=%2Fwp%2Fv2%2Fmedia&parent=2264"}],"curies":[{"name":"wp","href":"https:\/\/api.w.org\/{rel}","templated":true}]}}