{"id":2262,"date":"2011-12-19T12:41:07","date_gmt":"2011-12-19T10:41:07","guid":{"rendered":"http:\/\/xn--hftessamlarna-bfb.se\/?page_id=2262"},"modified":"2021-06-27T11:36:27","modified_gmt":"2021-06-27T10:36:27","slug":"h401-julpost-1989","status":"publish","type":"page","link":"https:\/\/xn--hftessamlarna-bfb.se\/?page_id=2262","title":{"rendered":"H401 Julpost 1989"},"content":{"rendered":"<p><a href=\"https:\/\/xn--hftessamlarna-bfb.se\/wp-content\/uploads\/H-0401-header-1989.jpg\" rel=\"attachment wp-att-2956\"><img loading=\"lazy\" decoding=\"async\" class=\"alignnone wp-image-6228 size-full\" title=\"H401\" src=\"https:\/\/xn--hftessamlarna-bfb.se\/wp-content\/uploads\/H-0401-header-1989.jpg\" alt=\"\" width=\"960\" height=\"991\" srcset=\"https:\/\/xn--hftessamlarna-bfb.se\/wp-content\/uploads\/H-0401-header-1989.jpg 960w, https:\/\/xn--hftessamlarna-bfb.se\/wp-content\/uploads\/H-0401-header-1989-291x300.jpg 291w, https:\/\/xn--hftessamlarna-bfb.se\/wp-content\/uploads\/H-0401-header-1989-145x150.jpg 145w, https:\/\/xn--hftessamlarna-bfb.se\/wp-content\/uploads\/H-0401-header-1989-768x793.jpg 768w\" sizes=\"auto, (max-width: 960px) 100vw, 960px\" \/><\/a>Utgivningsdag 1989-11-24<br \/>\nF 1593 &#8211; 1598<br \/>\n12 \u00d7 2:10, sex motiv<br \/>\nTryckta i 4 f\u00e4rger offset i 3:e Goebelpressen<br \/>\nUpplaga 5,58 miljoner h\u00e4ften<\/p>\n<h2>Typer<\/h2>\n<p><strong>A<\/strong> operforerad KR<br \/>\n<strong>A1<\/strong> inga eller mycket svaga avtryck av perforeringsn\u00e5lar p\u00e5 KRs baksida<br \/>\n<strong>A2<\/strong> tydliga avtryck av perforeringsn\u00e5lar p\u00e5 KRs baksida<\/p>\n<p><strong>B<\/strong> perforerad KR<\/p>\n<h2>Markeringar<\/h2>\n<p><strong>A1<\/strong><br \/>\nRT 7,2 \u00d7 1,4 mm svart (smalt)<br \/>\nRT 7,2 \u00d7 1,8 mm svart (brett)<br \/>\ncyls 1<br \/>\ncyls 2<br \/>\nhelt kn G3<\/p>\n<p><strong>A2<\/strong><br \/>\nRT 7,2 \u00d7 1,4 mm svart (smalt)<br \/>\nRT 7,2 \u00d7 1,8 mm svart (brett)<br \/>\ncyls 1<br \/>\ncyls 2<br \/>\nhelt kn G3<\/p>\n<p><strong>B<\/strong><br \/>\nRT 7,2 \u00d7 1,4 mm svart (smalt)<br \/>\nRT 7,2 \u00d7 1,8 mm svart (brett)<br \/>\ncyls 1<br \/>\ncyls 2<br \/>\nhelt kn G3<\/p>\n<h2>\u00d6vrigt<\/h2>\n<p>defekt regm<br \/>\npl\u00e5tskarvlinje<br \/>\npunktsv\u00e4rm<br \/>\npunktrad<br \/>\nendast . i &#8217;KR 2:10&#8217; p\u00e5 sid I<br \/>\n: saknas i &#8217;KR 2:10&#8217; p\u00e5 sid I<br \/>\nendast . efter PRIS p\u00e5 sid I<br \/>\n: saknas efter PRIS p\u00e5 sid I<\/p>\n<div id=\"attachment_6215\" style=\"width: 310px\" class=\"wp-caption alignnone\"><a href=\"https:\/\/xn--hftessamlarna-bfb.se\/wp-content\/uploads\/H-0401-info-1989.jpg\"><img loading=\"lazy\" decoding=\"async\" aria-describedby=\"caption-attachment-6215\" class=\"wp-image-6215 size-medium\" src=\"https:\/\/xn--hftessamlarna-bfb.se\/wp-content\/uploads\/H-0401-info-1989-300x198.jpg\" alt=\"\" width=\"300\" height=\"198\" srcset=\"https:\/\/xn--hftessamlarna-bfb.se\/wp-content\/uploads\/H-0401-info-1989-300x198.jpg 300w, https:\/\/xn--hftessamlarna-bfb.se\/wp-content\/uploads\/H-0401-info-1989-1024x677.jpg 1024w, https:\/\/xn--hftessamlarna-bfb.se\/wp-content\/uploads\/H-0401-info-1989-150x99.jpg 150w, https:\/\/xn--hftessamlarna-bfb.se\/wp-content\/uploads\/H-0401-info-1989-768x508.jpg 768w, https:\/\/xn--hftessamlarna-bfb.se\/wp-content\/uploads\/H-0401-info-1989-1536x1015.jpg 1536w, https:\/\/xn--hftessamlarna-bfb.se\/wp-content\/uploads\/H-0401-info-1989-454x300.jpg 454w, https:\/\/xn--hftessamlarna-bfb.se\/wp-content\/uploads\/H-0401-info-1989.jpg 2002w\" sizes=\"auto, (max-width: 300px) 100vw, 300px\" \/><\/a><p id=\"caption-attachment-6215\" class=\"wp-caption-text\">punkter och kolon<\/p><\/div>\n<h2><\/h2>\n<h2>Bilder varianter<\/h2>\n<div id=\"attachment_5524\" style=\"width: 308px\" class=\"wp-caption alignleft\"><a href=\"http:\/\/xn--hftessamlarna-bfb.se\/wp-content\/uploads\/H401A1RTextra.jpg\"><img loading=\"lazy\" decoding=\"async\" aria-describedby=\"caption-attachment-5524\" class=\"wp-image-5524 size-medium\" src=\"http:\/\/xn--hftessamlarna-bfb.se\/wp-content\/uploads\/H401A1RTextra-298x300.jpg\" width=\"298\" height=\"300\" srcset=\"https:\/\/xn--hftessamlarna-bfb.se\/wp-content\/uploads\/H401A1RTextra-298x300.jpg 298w, https:\/\/xn--hftessamlarna-bfb.se\/wp-content\/uploads\/H401A1RTextra-150x150.jpg 150w, https:\/\/xn--hftessamlarna-bfb.se\/wp-content\/uploads\/H401A1RTextra.jpg 763w\" sizes=\"auto, (max-width: 298px) 100vw, 298px\" \/><\/a><p id=\"caption-attachment-5524\" class=\"wp-caption-text\">H401A med 1,5 RT. Lite underligt. Har ytterligare ett par stycken med bara det halva \u201dryggtrycket\u201d &#8211; Kjell Haglund<\/p><\/div>\n<h2>Artiklar<\/h2>\n<p><a href=\"http:\/\/xn--hftessamlarna-bfb.se\/wp-content\/uploads\/H401-Gunnar-Struck.pdf\">H401 Gunnar Struck<\/a><\/p>\n","protected":false},"excerpt":{"rendered":"<p>Utgivningsdag 1989-11-24 F 1593 &#8211; 1598 12 \u00d7 2:10, sex motiv Tryckta i 4 f\u00e4rger offset i 3:e Goebelpressen Upplaga 5,58 miljoner h\u00e4ften Typer A operforerad KR A1 inga eller mycket svaga avtryck av perforeringsn\u00e5lar p\u00e5 KRs baksida A2 tydliga &hellip; <a href=\"https:\/\/xn--hftessamlarna-bfb.se\/?page_id=2262\">Forts\u00e4tt l\u00e4sa <span class=\"meta-nav\">&rarr;<\/span><\/a><\/p>\n","protected":false},"author":1,"featured_media":0,"parent":2261,"menu_order":401,"comment_status":"open","ping_status":"open","template":"","meta":{"footnotes":""},"class_list":["post-2262","page","type-page","status-publish","hentry"],"_links":{"self":[{"href":"https:\/\/xn--hftessamlarna-bfb.se\/index.php?rest_route=\/wp\/v2\/pages\/2262","targetHints":{"allow":["GET"]}}],"collection":[{"href":"https:\/\/xn--hftessamlarna-bfb.se\/index.php?rest_route=\/wp\/v2\/pages"}],"about":[{"href":"https:\/\/xn--hftessamlarna-bfb.se\/index.php?rest_route=\/wp\/v2\/types\/page"}],"author":[{"embeddable":true,"href":"https:\/\/xn--hftessamlarna-bfb.se\/index.php?rest_route=\/wp\/v2\/users\/1"}],"replies":[{"embeddable":true,"href":"https:\/\/xn--hftessamlarna-bfb.se\/index.php?rest_route=%2Fwp%2Fv2%2Fcomments&post=2262"}],"version-history":[{"count":0,"href":"https:\/\/xn--hftessamlarna-bfb.se\/index.php?rest_route=\/wp\/v2\/pages\/2262\/revisions"}],"up":[{"embeddable":true,"href":"https:\/\/xn--hftessamlarna-bfb.se\/index.php?rest_route=\/wp\/v2\/pages\/2261"}],"wp:attachment":[{"href":"https:\/\/xn--hftessamlarna-bfb.se\/index.php?rest_route=%2Fwp%2Fv2%2Fmedia&parent=2262"}],"curies":[{"name":"wp","href":"https:\/\/api.w.org\/{rel}","templated":true}]}}