{"id":2261,"date":"2011-12-19T12:12:29","date_gmt":"2011-12-19T10:12:29","guid":{"rendered":"http:\/\/xn--hftessamlarna-bfb.se\/?page_id=2261"},"modified":"2014-01-22T16:48:50","modified_gmt":"2014-01-22T15:48:50","slug":"h400-499","status":"publish","type":"page","link":"https:\/\/xn--hftessamlarna-bfb.se\/?page_id=2261","title":{"rendered":"H400-499"},"content":{"rendered":"<p><a title=\"H400 Nobelpristagare i fysiologi eller medicin\" href=\"http:\/\/xn--hftessamlarna-bfb.se\/?page_id=2260\">H400 Nobelpristagare \u2013 Fysiologi eller medicin<\/a><br \/>\n<a title=\"H401 Julpost 1989\" href=\"http:\/\/xn--hftessamlarna-bfb.se\/?page_id=2262\">H401 Julpost 1989<\/a><br \/>\n<a title=\"H402 Nationalparker 2\" href=\"http:\/\/xn--hftessamlarna-bfb.se\/?page_id=2263\">H402 Nationalparker 2<\/a><br \/>\n<a title=\"H403 Europa 90 \u2013 Postala byggnader\" href=\"http:\/\/xn--hftessamlarna-bfb.se\/?page_id=2264\">H403 Europa <span style=\"color: #1b8be0;\">90 XIX \u2013<\/span> Postala byggnader<\/a><br \/>\n<a title=\"H404 Vikingar\" href=\"http:\/\/xn--hftessamlarna-bfb.se\/?page_id=2265\">H404 Vikingar<\/a><br \/>\n<a title=\"H405 Ryttar VM 1990\" href=\"http:\/\/xn--hftessamlarna-bfb.se\/?page_id=2266\">H405 Ryttar-VM 1990<\/a><br \/>\n<a title=\"H406 Rabattfrim\u00e4rken \u2013 Biodling\" href=\"http:\/\/xn--hftessamlarna-bfb.se\/?page_id=2267\">H406 Rabattfrim\u00e4rken XII\u00a0\u2013 Biodling<\/a><br \/>\n<a title=\"H407 Massa och papper\" href=\"http:\/\/xn--hftessamlarna-bfb.se\/?page_id=2268\">H407 Massa och papper<\/a><br \/>\n<a title=\"H408 Carl Michael Bellman och Evert Taube\" href=\"http:\/\/xn--hftessamlarna-bfb.se\/?page_id=2269\">H408 Carl Michael Bellman och Evert Taube<\/a><br \/>\n<a title=\"H409 Fotografering\" href=\"http:\/\/xn--hftessamlarna-bfb.se\/?page_id=2270\">H409 Fotografering<\/a><br \/>\n<a title=\"H410 Nobelpristagare \u2013 Litteratur\" href=\"http:\/\/xn--hftessamlarna-bfb.se\/?page_id=2271\">H410 Nobelpristagare &#8211; Litteratur<\/a><br \/>\n<a title=\"H411 Julpost 1990\" href=\"http:\/\/xn--hftessamlarna-bfb.se\/?page_id=2274\">H411 Julpost 1990<\/a><br \/>\n<a title=\"H412 S\u00e4llsynta s\u00f6tvattensfiskar\" href=\"http:\/\/xn--hftessamlarna-bfb.se\/?page_id=2275\">H412 S\u00e4llsynta s\u00f6tvattensfiskar<\/a><br \/>\n<a title=\"H413 Svenska kartor\" href=\"http:\/\/xn--hftessamlarna-bfb.se\/?page_id=2276\">H413 Svenska kartor<\/a><br \/>\n<a title=\"H414 Europa 91 \u2013 Rymden\" href=\"http:\/\/xn--hftessamlarna-bfb.se\/?page_id=2277\">H414 Europa 91 XX &#8211; Rymden<\/a><br \/>\n<a title=\"H415 Rabattfrim\u00e4rken \u2013 Skansen 100 \u00e5r\" href=\"http:\/\/xn--hftessamlarna-bfb.se\/?page_id=2278\">H415 Rabattfrim\u00e4rken XIII\u00a0\u2013 Skansen 100 \u00e5r<\/a><br \/>\n<a title=\"H416 J\u00e4rn bryter bygd\" href=\"http:\/\/xn--hftessamlarna-bfb.se\/?page_id=2279\">H416 J\u00e4rn bryter bygd<\/a><br \/>\n<a title=\"H417 Olympiskt Guld I\" href=\"http:\/\/xn--hftessamlarna-bfb.se\/?page_id=2280\">H417 Olympiskt guld I<\/a><br \/>\n<a title=\"H418 Rock och pop\" href=\"http:\/\/xn--hftessamlarna-bfb.se\/?page_id=2281\">H418 Rock och pop<\/a><br \/>\n<a title=\"H419 Czeslaw Slania 70 \u00e5r\" href=\"http:\/\/xn--hftessamlarna-bfb.se\/?page_id=2282\">H419 Czeslaw Slania 70 \u00e5r<\/a><br \/>\n<a title=\"H420 Nobelpristagare \u2013 Fred\" href=\"http:\/\/xn--hftessamlarna-bfb.se\/?page_id=2283\">H420 Nobelpristagare &#8211; Fred<\/a><br \/>\n<a title=\"H421 Julpost 1991 \u2013 Barnb\u00f6cker\" href=\"http:\/\/xn--hftessamlarna-bfb.se\/?page_id=2284\">H421 Julpost 1991 &#8211; Barnb\u00f6cker<\/a><br \/>\n<a title=\"H422 Vilda djur 1 \u2013 R\u00e5djur\" href=\"http:\/\/xn--hftessamlarna-bfb.se\/?page_id=2285\">H422 Vilda djur 1 &#8211; R\u00e5djur<\/a><br \/>\n<a title=\"H423 Olympiskt Guld II\" href=\"http:\/\/xn--hftessamlarna-bfb.se\/?page_id=2286\">H423 Olympiskt guld II<\/a><br \/>\n<a title=\"H424 Ber\u00f6mda frim\u00e4rken\" href=\"http:\/\/xn--hftessamlarna-bfb.se\/?page_id=2287\">H424 Ber\u00f6mda frim\u00e4rken<\/a><br \/>\n<a title=\"H425 Europa-92 \u2013 I Columbus k\u00f6lvatten\" href=\"http:\/\/xn--hftessamlarna-bfb.se\/?page_id=2288\">H425 Europa-92 XXI\u00a0\u2013 I Columbus k\u00f6lvatten<\/a><br \/>\n<a title=\"H426 Rabattfrim\u00e4rken \u2013 Kamratposten 100 \u00e5r\" href=\"http:\/\/xn--hftessamlarna-bfb.se\/?page_id=2289\">H426 Rabattfrim\u00e4rken XIV \u2013 Kamratposten 100 \u00e5r<\/a><br \/>\n<a title=\"H427 Olympiskt Guld III\" href=\"http:\/\/xn--hftessamlarna-bfb.se\/?page_id=2290\">H427 Olympiskt guld III<\/a><br \/>\n<a title=\"H428 H\u00e4lsningsfrim\u00e4rken\" href=\"http:\/\/xn--hftessamlarna-bfb.se\/?page_id=2291\">H428 H\u00e4lsningsfrim\u00e4rken<\/a><br \/>\n<a title=\"H429 Nationalmuseum 200 \u00e5r\" href=\"http:\/\/xn--hftessamlarna-bfb.se\/?page_id=2292\">H429 Nationalmuseum 200 \u00e5r<\/a><br \/>\n<a title=\"H430 F\u00f6rhistoriska djur\" href=\"http:\/\/xn--hftessamlarna-bfb.se\/?page_id=2293\">H430 F\u00f6rhistoriska djur<\/a><br \/>\n<a title=\"H431 Mare Balticum\" href=\"http:\/\/xn--hftessamlarna-bfb.se\/?page_id=2294\">H431 Mare Balticum<\/a><br \/>\n<a title=\"H432 Jul 1992 \u2013 Ikoner\" href=\"http:\/\/xn--hftessamlarna-bfb.se\/?page_id=2295\">H432 Jul 1992 &#8211; Ikoner<\/a><br \/>\n<a title=\"H433 Vilda djur 2 \u2013 Brunbj\u00f6rn\" href=\"http:\/\/xn--hftessamlarna-bfb.se\/?page_id=2296\">H433 Vilda djur 2 &#8211; Brunbj\u00f6rn<\/a><br \/>\n<a title=\"H434 Sportm\u00e4sterskap\" href=\"http:\/\/xn--hftessamlarna-bfb.se\/?page_id=2305\">H434 Sportm\u00e4sterskap 1993<\/a><br \/>\n<a title=\"H435 B\u00e4r och frukter\" href=\"http:\/\/xn--hftessamlarna-bfb.se\/?page_id=2299\">H435 B\u00e4r och frukter<\/a><br \/>\n<a title=\"H436 Rabattm\u00e4rken \u2013 Sommarblommor\" href=\"http:\/\/xn--hftessamlarna-bfb.se\/?page_id=2300\"> H436 Rabattfrim\u00e4rken XV &#8211; Sommarblommor<\/a><br \/>\n<a title=\"H437 Europa 93 \u2013 Samtida konst\" href=\"http:\/\/xn--hftessamlarna-bfb.se\/?page_id=2301\"> H437 Europa 93 XXII \u2013 Samtida konst<\/a><br \/>\n<a title=\"H438 Fj\u00e4rilar\" href=\"http:\/\/xn--hftessamlarna-bfb.se\/?page_id=2302\">H438 Fj\u00e4rilar<\/a><br \/>\n<a title=\"H439 H\u00e4lsningsfrim\u00e4rken II\" href=\"http:\/\/xn--hftessamlarna-bfb.se\/?page_id=2303\">H439 H\u00e4lsningsfrim\u00e4rken II<\/a><br \/>\n<a title=\"H440 Sj\u00f6f\u00e5glar\" href=\"http:\/\/xn--hftessamlarna-bfb.se\/?page_id=2304\">H440 Sj\u00f6f\u00e5glar<\/a><br \/>\n<a title=\"H441 Kungliga familjen\" href=\"http:\/\/xn--hftessamlarna-bfb.se\/?page_id=2306\">H441 Kungliga familjen<\/a><br \/>\n<a title=\"H442 Jul 1993\" href=\"http:\/\/xn--hftessamlarna-bfb.se\/?page_id=2307\">H442 Jul 1993<\/a><br \/>\n<a title=\"H443 Plommon\" href=\"http:\/\/xn--hftessamlarna-bfb.se\/?page_id=2308\">H443 Plommon<\/a><br \/>\n<a title=\"H444 Lantdjur\" href=\"http:\/\/xn--hftessamlarna-bfb.se\/?page_id=2309\">H444 Lantdjur<\/a><br \/>\n<a title=\"H445 Katter\" href=\"http:\/\/xn--hftessamlarna-bfb.se\/?page_id=2310\">H445 Katter<\/a><br \/>\n<a title=\"H446 Kulturutbyte Sverige-Frankrike\" href=\"http:\/\/xn--hftessamlarna-bfb.se\/?page_id=2311\">H446 Kulturutbyte Sverige-Frankrike<\/a><br \/>\n<a title=\"H447 Rosor\" href=\"http:\/\/xn--hftessamlarna-bfb.se\/?page_id=2312\">H447 Rosor<\/a><br \/>\n<a title=\"H448 Svensk Form\" href=\"http:\/\/xn--hftessamlarna-bfb.se\/?page_id=2313\">H448 Svensk Form<\/a><br \/>\n<a title=\"H449 H\u00e4lsningsfrim\u00e4rken III\" href=\"http:\/\/xn--hftessamlarna-bfb.se\/?page_id=2314\">H449 H\u00e4lsningsfrim\u00e4rken III<\/a><br \/>\n<a title=\"H450 Sverige-Finland\" href=\"http:\/\/xn--hftessamlarna-bfb.se\/?page_id=2315\">H450 Sverige-Finland<\/a><br \/>\n<a title=\"H451 Europa 94 \u2013 Mot fj\u00e4rran land\" href=\"http:\/\/xn--hftessamlarna-bfb.se\/?page_id=2316\">H451 Europa 94 XXIII \u2013 Mot fj\u00e4rran land<\/a><br \/>\n<a title=\"H452 Skydda v\u00e5ra f\u00e5glar\" href=\"http:\/\/xn--hftessamlarna-bfb.se\/?page_id=2317\">H452 Skydda v\u00e5ra f\u00e5glar<\/a><br \/>\n<a title=\"H453 Jul 1994 \u2013 Altarsk\u00e5p\" href=\"http:\/\/xn--hftessamlarna-bfb.se\/?page_id=2318\">H453 Jul 1994 &#8211; Altarsk\u00e5p<\/a><br \/>\n<a title=\"H454 Lantdjur\" href=\"http:\/\/xn--hftessamlarna-bfb.se\/?page_id=2319\">H454 Lantdjur 2<\/a><br \/>\n<a title=\"H455 B\u00e4r\" href=\"http:\/\/xn--hftessamlarna-bfb.se\/?page_id=2320\">H455 B\u00e4r<\/a><br \/>\n<a title=\"H456 Svenska Hus 1 \u2013 Bost\u00e4der p\u00e5 landet\" href=\"http:\/\/xn--hftessamlarna-bfb.se\/?page_id=2322\">H456 Svenska Hus 1 &#8211; Bost\u00e4der p\u00e5 landet<\/a><br \/>\n<a title=\"H457 Europa 95 \u2013 Fred och Frihet\" href=\"http:\/\/xn--hftessamlarna-bfb.se\/?page_id=2325\">H457 Europa 95 XXIV \u2013 Fred och Frihet<\/a><br \/>\n<a title=\"H458 Fj\u00e4llblommor\" href=\"http:\/\/xn--hftessamlarna-bfb.se\/?page_id=2326\">H458 Fj\u00e4llblommor<\/a><br \/>\n<a title=\"H459 Norden \u2013 B\u00e5tsemester\" href=\"http:\/\/xn--hftessamlarna-bfb.se\/?page_id=2327\">H459 Norden 95 XI \u2013 B\u00e5tsemester<\/a><br \/>\n<a title=\"H460 Sp\u00e5rvagnar\" href=\"http:\/\/xn--hftessamlarna-bfb.se\/?page_id=2328\">H460 Sp\u00e5rvagnar<\/a><br \/>\n<a title=\"H461 H\u00e4lsningsfrim\u00e4rken IV\" href=\"http:\/\/xn--hftessamlarna-bfb.se\/?page_id=2329\">H461 H\u00e4lsningsfrim\u00e4rken IV<\/a><br \/>\n<a title=\"H462 Filmen 100 \u00e5r\" href=\"http:\/\/xn--hftessamlarna-bfb.se\/?page_id=2330\">H462 Filmen 100 \u00e5r<\/a><br \/>\n<a title=\"H463 Forntida skatter\" href=\"http:\/\/xn--hftessamlarna-bfb.se\/?page_id=2331\">H463 Forntida skatter<\/a><br \/>\n<a title=\"H464 Jul 1995 \u2013 Ljusstakar\" href=\"http:\/\/xn--hftessamlarna-bfb.se\/?page_id=2332\">H464 Jul 1995 &#8211; Ljusstakar<\/a><br \/>\n<a title=\"H465 Alfred Nobels Testamente 100 \u00e5r\" href=\"http:\/\/xn--hftessamlarna-bfb.se\/?page_id=2333\">H465 Alfred Nobels testamente 100 \u00e5r<\/a><br \/>\n<a title=\"H466 Vilda djur 3\" href=\"http:\/\/xn--hftessamlarna-bfb.se\/?page_id=2334\">H466 Vilda djur 3<\/a><br \/>\n<a title=\"H467 Vinterb\u00e4r\" href=\"http:\/\/xn--hftessamlarna-bfb.se\/?page_id=2335\">H467 Vinterb\u00e4r<\/a><br \/>\n<a title=\"H468 Svenska Hus 2 \u2013 till nytta och n\u00f6je\" href=\"http:\/\/xn--hftessamlarna-bfb.se\/?page_id=2336\">H468 Svenska Hus 2 &#8211; till nytta och n\u00f6je<\/a><br \/>\n<a title=\"H469 Carl XVI Gustaf 50 \u00e5r\" href=\"http:\/\/xn--hftessamlarna-bfb.se\/?page_id=2337\">H469 Carl XVI Gustaf 50 \u00e5r<\/a><br \/>\n<a title=\"H470 Europa 96 \u2013 Ber\u00f6mda kvinnor\" href=\"http:\/\/xn--hftessamlarna-bfb.se\/?page_id=2338\">H470 Europa 96 XXV \u2013 Ber\u00f6mda kvinnor<\/a><br \/>\n<a title=\"H471 Sommar i konsten\" href=\"http:\/\/xn--hftessamlarna-bfb.se\/?page_id=2340\">H471 Sommar i konsten<\/a><br \/>\n<a title=\"H472 H\u00e4lsningsfrim\u00e4rken V\" href=\"http:\/\/xn--hftessamlarna-bfb.se\/?page_id=2341\">H472 H\u00e4lsningsfrim\u00e4rken V<\/a><br \/>\n<a title=\"H473 Svampar\" href=\"http:\/\/xn--hftessamlarna-bfb.se\/?page_id=2342\">H473 Svampar<\/a><br \/>\n<a title=\"H474 Ekoparken\" href=\"http:\/\/xn--hftessamlarna-bfb.se\/?page_id=2343\">H474 Ekoparken<\/a><br \/>\n<a title=\"H475 Fyra decennier\" href=\"http:\/\/xn--hftessamlarna-bfb.se\/?page_id=2344\">H475 Fyra decennier<\/a><br \/>\n<a title=\"H476 Jul 1996 \u2013 Medeltida handskrifter\" href=\"http:\/\/xn--hftessamlarna-bfb.se\/?page_id=2345\">H476 Jul 1996 &#8211; Medeltida handskrifter<\/a><br \/>\n<a title=\"H477 Nobelpristagare i fysiologi eller medicin\" href=\"http:\/\/xn--hftessamlarna-bfb.se\/?page_id=2346\">H477 Nobelpristagare &#8211; Fysiologi eller medicin<\/a><br \/>\n<a title=\"H478 Alla Hj\u00e4rtans Dag 1997\" href=\"http:\/\/xn--hftessamlarna-bfb.se\/?page_id=2347\">H478 Alla Hj\u00e4rtans Dag 1997<\/a><br \/>\n<a title=\"H479 Svenska Hus 3 \u2013 Kyrkor\" href=\"http:\/\/xn--hftessamlarna-bfb.se\/?page_id=2349\">H479 Svenska Hus 3 &#8211; Kyrkor<\/a><br \/>\n<a title=\"H480 Nordens Ark 2\" href=\"http:\/\/xn--hftessamlarna-bfb.se\/?page_id=2350\">H480 Djuren p\u00e5 Nordens Ark 2<\/a><br \/>\n<a title=\"H481 Glad P\u00e5sk 1997\" href=\"http:\/\/xn--hftessamlarna-bfb.se\/?page_id=2351\">H481 Glad P\u00e5sk 1997<\/a><br \/>\n<a title=\"H482 Tr\u00e4dg\u00e5rdsblommor\" href=\"http:\/\/xn--hftessamlarna-bfb.se\/?page_id=2352\">H482 Tr\u00e4dg\u00e5rdsblommor<\/a><br \/>\n<a title=\"H483 Europa 97 \u2013 Sagor och s\u00e4gner\" href=\"http:\/\/xn--hftessamlarna-bfb.se\/?page_id=2353\">H483 Europa 97<span style=\"color: #1b8be0;\">\u00a0XXVI \u2013 <\/span>Sagor och s\u00e4gner<\/a><br \/>\n<a title=\"H484 F\u00f6rl\u00e5t att du fick v\u00e4nta\" href=\"http:\/\/xn--hftessamlarna-bfb.se\/?page_id=2354\">H484 F\u00f6rl\u00e5t att du fick v\u00e4nta<\/a><br \/>\n<a title=\"H485 H\u00e4lsningsfrim\u00e4rken VI \u2013 \u00c4lgar\" href=\"http:\/\/xn--hftessamlarna-bfb.se\/?page_id=2355\">H485 H\u00e4lsningsfrim\u00e4rken VI &#8211; \u00c4lgar<\/a><br \/>\n<a title=\"H486 Gustav III:s Antikmuseum\" href=\"http:\/\/xn--hftessamlarna-bfb.se\/?page_id=2356\">H486 Gustav III:s antikmuseum<\/a><br \/>\n<a title=\"H487 Bilar\" href=\"http:\/\/xn--hftessamlarna-bfb.se\/?page_id=2357\">H487 Bilar<\/a><br \/>\n<a title=\"H488 Nobel 1997\" href=\"http:\/\/xn--hftessamlarna-bfb.se\/?page_id=2358\">H488 Nobel 1997\u00a0\u2013 Schweiz-Sverige<\/a><br \/>\n<a title=\"H489 Julpost 1997 \u2013 Pepparkakor till alla!\" href=\"http:\/\/xn--hftessamlarna-bfb.se\/?page_id=2359\">H489 Julpost 1997 &#8211; Pepparkakor till alla!<\/a><br \/>\n<a title=\"H490 \u00c4nglar 1997\" href=\"http:\/\/xn--hftessamlarna-bfb.se\/?page_id=2360\">H490 \u00c4nglar 1997<\/a><br \/>\n<a title=\"H491 Alla Hj\u00e4rtans Dag 1998\" href=\"http:\/\/xn--hftessamlarna-bfb.se\/?page_id=2361\">H491 Alla Hj\u00e4rtans Dag 1998<\/a><br \/>\n<a title=\"H492 Moderna museet\" href=\"http:\/\/xn--hftessamlarna-bfb.se\/?page_id=2362\">H492 Moderna Museet<\/a><br \/>\n<a title=\"H493 Hemsl\u00f6jd 1998\" href=\"http:\/\/xn--hftessamlarna-bfb.se\/?page_id=2363\">H493 Hemsl\u00f6jd 98<\/a><br \/>\n<a title=\"H494 Svenska Hus 4 \u2013 Hus i staden\" href=\"http:\/\/xn--hftessamlarna-bfb.se\/?page_id=2364\">H494 Svenska Hus 4 &#8211; Hus i staden<\/a><br \/>\n<a title=\"H495 V\u00e5tmarksblommor\" href=\"http:\/\/xn--hftessamlarna-bfb.se\/?page_id=2365\">H495 V\u00e5tmarksblommor<\/a><br \/>\n<a title=\"H496 Stockholm \u2013 Staden p\u00e5 vattnet\" href=\"http:\/\/xn--hftessamlarna-bfb.se\/?page_id=2366\">H496 Stockholm &#8211; Staden p\u00e5 vattnet<\/a><br \/>\n<a title=\"H497 Stockholm \u2013 Europas kulturhuvudstad 98\" href=\"http:\/\/xn--hftessamlarna-bfb.se\/?page_id=2367\">H497 Stockholm &#8211; Europas kulturhuvudstad 98<\/a><br \/>\n<a title=\"H498 Europa 98 \u2013 Nationella h\u00f6gtider\" href=\"http:\/\/xn--hftessamlarna-bfb.se\/?page_id=2368\">H498 Europa 98 XXVII &#8211; Nationella h\u00f6gtider<\/a><br \/>\n<a title=\"H499 Bakelser\" href=\"http:\/\/xn--hftessamlarna-bfb.se\/?page_id=2369\">H499 <span style=\"color: #1b8be0;\">H\u00e4lsningsfrim\u00e4rken VII &#8211; <\/span>Bakelser<\/a><\/p>\n","protected":false},"excerpt":{"rendered":"<p>H400 Nobelpristagare \u2013 Fysiologi eller medicin H401 Julpost 1989 H402 Nationalparker 2 H403 Europa 90 XIX \u2013 Postala byggnader H404 Vikingar H405 Ryttar-VM 1990 H406 Rabattfrim\u00e4rken XII\u00a0\u2013 Biodling H407 Massa och papper H408 Carl Michael Bellman och Evert Taube H409 &hellip; <a href=\"https:\/\/xn--hftessamlarna-bfb.se\/?page_id=2261\">Forts\u00e4tt l\u00e4sa <span class=\"meta-nav\">&rarr;<\/span><\/a><\/p>\n","protected":false},"author":1,"featured_media":0,"parent":819,"menu_order":4,"comment_status":"closed","ping_status":"closed","template":"","meta":{"footnotes":""},"class_list":["post-2261","page","type-page","status-publish","hentry"],"_links":{"self":[{"href":"https:\/\/xn--hftessamlarna-bfb.se\/index.php?rest_route=\/wp\/v2\/pages\/2261","targetHints":{"allow":["GET"]}}],"collection":[{"href":"https:\/\/xn--hftessamlarna-bfb.se\/index.php?rest_route=\/wp\/v2\/pages"}],"about":[{"href":"https:\/\/xn--hftessamlarna-bfb.se\/index.php?rest_route=\/wp\/v2\/types\/page"}],"author":[{"embeddable":true,"href":"https:\/\/xn--hftessamlarna-bfb.se\/index.php?rest_route=\/wp\/v2\/users\/1"}],"replies":[{"embeddable":true,"href":"https:\/\/xn--hftessamlarna-bfb.se\/index.php?rest_route=%2Fwp%2Fv2%2Fcomments&post=2261"}],"version-history":[{"count":0,"href":"https:\/\/xn--hftessamlarna-bfb.se\/index.php?rest_route=\/wp\/v2\/pages\/2261\/revisions"}],"up":[{"embeddable":true,"href":"https:\/\/xn--hftessamlarna-bfb.se\/index.php?rest_route=\/wp\/v2\/pages\/819"}],"wp:attachment":[{"href":"https:\/\/xn--hftessamlarna-bfb.se\/index.php?rest_route=%2Fwp%2Fv2%2Fmedia&parent=2261"}],"curies":[{"name":"wp","href":"https:\/\/api.w.org\/{rel}","templated":true}]}}