{"id":2260,"date":"2011-12-19T12:41:07","date_gmt":"2011-12-19T10:41:07","guid":{"rendered":"http:\/\/xn--hftessamlarna-bfb.se\/?page_id=2260"},"modified":"2021-06-27T11:34:55","modified_gmt":"2021-06-27T10:34:55","slug":"h400-nobelpristagare-i-fysiologi-eller-medicin","status":"publish","type":"page","link":"https:\/\/xn--hftessamlarna-bfb.se\/?page_id=2260","title":{"rendered":"H400 Nobelpristagare \u2013 Fysiologi eller medicin"},"content":{"rendered":"<p><a href=\"https:\/\/xn--hftessamlarna-bfb.se\/wp-content\/uploads\/H-0400-header-1989.jpg\" rel=\"attachment wp-att-2957\"><img loading=\"lazy\" decoding=\"async\" class=\"alignnone wp-image-6229 size-full\" title=\"H400\" src=\"https:\/\/xn--hftessamlarna-bfb.se\/wp-content\/uploads\/H-0400-header-1989.jpg\" alt=\"\" width=\"960\" height=\"706\" srcset=\"https:\/\/xn--hftessamlarna-bfb.se\/wp-content\/uploads\/H-0400-header-1989.jpg 960w, https:\/\/xn--hftessamlarna-bfb.se\/wp-content\/uploads\/H-0400-header-1989-300x221.jpg 300w, https:\/\/xn--hftessamlarna-bfb.se\/wp-content\/uploads\/H-0400-header-1989-150x110.jpg 150w, https:\/\/xn--hftessamlarna-bfb.se\/wp-content\/uploads\/H-0400-header-1989-768x565.jpg 768w, https:\/\/xn--hftessamlarna-bfb.se\/wp-content\/uploads\/H-0400-header-1989-408x300.jpg 408w\" sizes=\"auto, (max-width: 960px) 100vw, 960px\" \/><\/a>Utgivningsdag 1989-11-24<br \/>\nF 1589 &#8211; 1592<br \/>\n8 \u00d7 3:60, fyra motiv<br \/>\nTryckta med kombination av offset- och st\u00e5lgravyrtryck i 3:e Goebelpressen<br \/>\nUpplaga 1,13 milj h\u00e4ften<\/p>\n<h2>Markeringar<\/h2>\n<p>RT 8 \u00d7 2 mm svart<br \/>\ncyls 1<br \/>\ncyls 2 fot\/slinga<br \/>\nhelt kn G3 (3 mm)<br \/>\ndelat kn G3 (4,5\/0,5 | 0,5\/4,5)<\/p>\n<h2>Bild p\u00e5 variant<\/h2>\n<div id=\"attachment_5166\" style=\"width: 310px\" class=\"wp-caption alignleft\"><a href=\"http:\/\/xn--hftessamlarna-bfb.se\/wp-content\/uploads\/H400fargpass_1.jpg\"><img loading=\"lazy\" decoding=\"async\" aria-describedby=\"caption-attachment-5166\" class=\"wp-image-5166 size-medium\" src=\"http:\/\/xn--hftessamlarna-bfb.se\/wp-content\/uploads\/H400fargpass_1-300x133.jpg\" alt=\"H400fargpass_1\" width=\"300\" height=\"133\" srcset=\"https:\/\/xn--hftessamlarna-bfb.se\/wp-content\/uploads\/H400fargpass_1-300x133.jpg 300w, https:\/\/xn--hftessamlarna-bfb.se\/wp-content\/uploads\/H400fargpass_1-150x66.jpg 150w, https:\/\/xn--hftessamlarna-bfb.se\/wp-content\/uploads\/H400fargpass_1-1024x453.jpg 1024w, https:\/\/xn--hftessamlarna-bfb.se\/wp-content\/uploads\/H400fargpass_1-500x221.jpg 500w, https:\/\/xn--hftessamlarna-bfb.se\/wp-content\/uploads\/H400fargpass_1.jpg 1571w\" sizes=\"auto, (max-width: 300px) 100vw, 300px\" \/><\/a><p id=\"caption-attachment-5166\" class=\"wp-caption-text\">d\u00e5lig f\u00e4rgpassning m\u00e4rke 1 \u00e4r vanlig i hela upplagan<\/p><\/div>\n<div id=\"attachment_5167\" style=\"width: 310px\" class=\"wp-caption alignleft\"><a href=\"http:\/\/xn--hftessamlarna-bfb.se\/wp-content\/uploads\/H400fargpass_2.jpg\"><img loading=\"lazy\" decoding=\"async\" aria-describedby=\"caption-attachment-5167\" class=\"wp-image-5167 size-medium\" src=\"http:\/\/xn--hftessamlarna-bfb.se\/wp-content\/uploads\/H400fargpass_2-300x146.jpg\" alt=\"\" width=\"300\" height=\"146\" srcset=\"https:\/\/xn--hftessamlarna-bfb.se\/wp-content\/uploads\/H400fargpass_2-300x146.jpg 300w, https:\/\/xn--hftessamlarna-bfb.se\/wp-content\/uploads\/H400fargpass_2-150x73.jpg 150w, https:\/\/xn--hftessamlarna-bfb.se\/wp-content\/uploads\/H400fargpass_2-1024x497.jpg 1024w, https:\/\/xn--hftessamlarna-bfb.se\/wp-content\/uploads\/H400fargpass_2-500x243.jpg 500w, https:\/\/xn--hftessamlarna-bfb.se\/wp-content\/uploads\/H400fargpass_2.jpg 1618w\" sizes=\"auto, (max-width: 300px) 100vw, 300px\" \/><\/a><p id=\"caption-attachment-5167\" class=\"wp-caption-text\">DNA st\u00e4ng \u00f6ver SVERIGE ser ut som en pl\u00e5tspricka men skall vara s\u00e5<\/p><\/div>\n<div id=\"attachment_6230\" style=\"width: 970px\" class=\"wp-caption alignnone\"><a href=\"https:\/\/xn--hftessamlarna-bfb.se\/wp-content\/uploads\/H-0400-utan-1989.jpg\" rel=\"attachment wp-att-3617\"><img loading=\"lazy\" decoding=\"async\" aria-describedby=\"caption-attachment-6230\" class=\"wp-image-6230 size-full\" src=\"https:\/\/xn--hftessamlarna-bfb.se\/wp-content\/uploads\/H-0400-utan-1989.jpg\" alt=\"\" width=\"960\" height=\"472\" srcset=\"https:\/\/xn--hftessamlarna-bfb.se\/wp-content\/uploads\/H-0400-utan-1989.jpg 960w, https:\/\/xn--hftessamlarna-bfb.se\/wp-content\/uploads\/H-0400-utan-1989-300x148.jpg 300w, https:\/\/xn--hftessamlarna-bfb.se\/wp-content\/uploads\/H-0400-utan-1989-150x74.jpg 150w, https:\/\/xn--hftessamlarna-bfb.se\/wp-content\/uploads\/H-0400-utan-1989-768x378.jpg 768w, https:\/\/xn--hftessamlarna-bfb.se\/wp-content\/uploads\/H-0400-utan-1989-500x246.jpg 500w\" sizes=\"auto, (max-width: 960px) 100vw, 960px\" \/><\/a><p id=\"caption-attachment-6230\" class=\"wp-caption-text\">utan tryck p\u00e5 sid II och III<\/p><\/div>\n<h2>\u00a0Artiklar<\/h2>\n<p><a href=\"http:\/\/xn--hftessamlarna-bfb.se\/wp-content\/uploads\/H400-Gunnar-Struck.pdf\">H400 Gunnar Struck<\/a><\/p>\n","protected":false},"excerpt":{"rendered":"<p>Utgivningsdag 1989-11-24 F 1589 &#8211; 1592 8 \u00d7 3:60, fyra motiv Tryckta med kombination av offset- och st\u00e5lgravyrtryck i 3:e Goebelpressen Upplaga 1,13 milj h\u00e4ften Markeringar RT 8 \u00d7 2 mm svart cyls 1 cyls 2 fot\/slinga helt kn G3 &hellip; <a href=\"https:\/\/xn--hftessamlarna-bfb.se\/?page_id=2260\">Forts\u00e4tt l\u00e4sa <span class=\"meta-nav\">&rarr;<\/span><\/a><\/p>\n","protected":false},"author":1,"featured_media":0,"parent":2261,"menu_order":400,"comment_status":"open","ping_status":"open","template":"","meta":{"footnotes":""},"class_list":["post-2260","page","type-page","status-publish","hentry"],"_links":{"self":[{"href":"https:\/\/xn--hftessamlarna-bfb.se\/index.php?rest_route=\/wp\/v2\/pages\/2260","targetHints":{"allow":["GET"]}}],"collection":[{"href":"https:\/\/xn--hftessamlarna-bfb.se\/index.php?rest_route=\/wp\/v2\/pages"}],"about":[{"href":"https:\/\/xn--hftessamlarna-bfb.se\/index.php?rest_route=\/wp\/v2\/types\/page"}],"author":[{"embeddable":true,"href":"https:\/\/xn--hftessamlarna-bfb.se\/index.php?rest_route=\/wp\/v2\/users\/1"}],"replies":[{"embeddable":true,"href":"https:\/\/xn--hftessamlarna-bfb.se\/index.php?rest_route=%2Fwp%2Fv2%2Fcomments&post=2260"}],"version-history":[{"count":0,"href":"https:\/\/xn--hftessamlarna-bfb.se\/index.php?rest_route=\/wp\/v2\/pages\/2260\/revisions"}],"up":[{"embeddable":true,"href":"https:\/\/xn--hftessamlarna-bfb.se\/index.php?rest_route=\/wp\/v2\/pages\/2261"}],"wp:attachment":[{"href":"https:\/\/xn--hftessamlarna-bfb.se\/index.php?rest_route=%2Fwp%2Fv2%2Fmedia&parent=2260"}],"curies":[{"name":"wp","href":"https:\/\/api.w.org\/{rel}","templated":true}]}}