{"id":223,"date":"2011-10-16T17:06:19","date_gmt":"2011-10-16T15:06:19","guid":{"rendered":"http:\/\/xn--hftessamlarna-bfb.se\/?page_id=223"},"modified":"2023-06-10T06:53:17","modified_gmt":"2023-06-10T05:53:17","slug":"sh24-sommar-vid-insjon","status":"publish","type":"page","link":"https:\/\/xn--hftessamlarna-bfb.se\/?page_id=223","title":{"rendered":"SH24 Sommar vid insj\u00f6n"},"content":{"rendered":"<h1><a href=\"https:\/\/xn--hftessamlarna-bfb.se\/wp-content\/uploads\/SH-0024-header-2006.jpg\" rel=\"attachment wp-att-230\"><img loading=\"lazy\" decoding=\"async\" class=\"alignnone wp-image-7188 size-full\" title=\"SH24\" src=\"https:\/\/xn--hftessamlarna-bfb.se\/wp-content\/uploads\/SH-0024-header-2006.jpg\" alt=\"\" width=\"960\" height=\"898\" srcset=\"https:\/\/xn--hftessamlarna-bfb.se\/wp-content\/uploads\/SH-0024-header-2006.jpg 960w, https:\/\/xn--hftessamlarna-bfb.se\/wp-content\/uploads\/SH-0024-header-2006-300x281.jpg 300w, https:\/\/xn--hftessamlarna-bfb.se\/wp-content\/uploads\/SH-0024-header-2006-150x140.jpg 150w, https:\/\/xn--hftessamlarna-bfb.se\/wp-content\/uploads\/SH-0024-header-2006-768x718.jpg 768w, https:\/\/xn--hftessamlarna-bfb.se\/wp-content\/uploads\/SH-0024-header-2006-321x300.jpg 321w\" sizes=\"auto, (max-width: 960px) 100vw, 960px\" \/><\/a>Utgivningsdag 2006-05-04<\/h1>\n<p>F 2550 &#8211; 2553<br \/>\n10 \u00d7 inrikes brev, fyra motiv<br \/>\nFrim\u00e4rkena trycktes i 4-f\u00e4rgsoffset<\/p>\n<h2>Typer<\/h2>\n<p>H\u00e4ftet har 38 punkters vikperforering (perf 10) slagen fr\u00e5n frim\u00e4rkssidan.<\/p>\n<h2>Markeringar<\/h2>\n<p>centralt regm<br \/>\nFM<br \/>\ncyls 1<br \/>\ncyls 2<br \/>\nhelt kn BS<\/p>\n<div id=\"attachment_7189\" style=\"width: 310px\" class=\"wp-caption alignnone\"><a href=\"https:\/\/xn--hftessamlarna-bfb.se\/wp-content\/uploads\/SH-0024-mark-2006.jpg\"><img loading=\"lazy\" decoding=\"async\" aria-describedby=\"caption-attachment-7189\" class=\"size-medium wp-image-7189\" src=\"https:\/\/xn--hftessamlarna-bfb.se\/wp-content\/uploads\/SH-0024-mark-2006-300x141.jpg\" alt=\"\" width=\"300\" height=\"141\" srcset=\"https:\/\/xn--hftessamlarna-bfb.se\/wp-content\/uploads\/SH-0024-mark-2006-300x141.jpg 300w, https:\/\/xn--hftessamlarna-bfb.se\/wp-content\/uploads\/SH-0024-mark-2006-150x71.jpg 150w, https:\/\/xn--hftessamlarna-bfb.se\/wp-content\/uploads\/SH-0024-mark-2006-768x362.jpg 768w, https:\/\/xn--hftessamlarna-bfb.se\/wp-content\/uploads\/SH-0024-mark-2006-500x235.jpg 500w, https:\/\/xn--hftessamlarna-bfb.se\/wp-content\/uploads\/SH-0024-mark-2006.jpg 960w\" sizes=\"auto, (max-width: 300px) 100vw, 300px\" \/><\/a><p id=\"caption-attachment-7189\" class=\"wp-caption-text\">Illustration \u00f6ver markeringarnas placering<\/p><\/div>\n<h2>K\u00e4nda kombinationer<\/h2>\n<p><a href=\"http:\/\/xn--hftessamlarna-bfb.se\/?attachment_id=4141\" rel=\"attachment wp-att-4141\"><img loading=\"lazy\" decoding=\"async\" class=\"alignleft size-full wp-image-4141\" src=\"http:\/\/xn--hftessamlarna-bfb.se\/wp-content\/uploads\/SH24tabell.jpg\" alt=\"SH24tabell\" width=\"1802\" height=\"482\" srcset=\"https:\/\/xn--hftessamlarna-bfb.se\/wp-content\/uploads\/SH24tabell.jpg 1802w, https:\/\/xn--hftessamlarna-bfb.se\/wp-content\/uploads\/SH24tabell-150x40.jpg 150w, https:\/\/xn--hftessamlarna-bfb.se\/wp-content\/uploads\/SH24tabell-300x80.jpg 300w, https:\/\/xn--hftessamlarna-bfb.se\/wp-content\/uploads\/SH24tabell-1024x273.jpg 1024w, https:\/\/xn--hftessamlarna-bfb.se\/wp-content\/uploads\/SH24tabell-500x133.jpg 500w\" sizes=\"auto, (max-width: 1802px) 100vw, 1802px\" \/><\/a><\/p>\n<p>Det finns cyls p\u00e5 b\u00e5da cylinderhalvorna, cyls 1 och cyls 2 \u00e4r n\u00e4stan alltid kombinerade med Kn eller FM+Kn.<br \/>\nKn har 6 siffror och b\u00f6rjar antingen p\u00e5 0 eller 5. Det g\u00e5r att finna Kn med samma avslutande 5 siffror. Kontrollnumret \u00e4r normalt v\u00e4l centrerat. Det finns dock undantag fr\u00e5n detta och det finns kontrollnummer som \u00e4r placerat n\u00e4stan helt i h\u00e4ftets v\u00e4nsterkant.<\/p>\n<h2>Fakta om h\u00e4ftet<\/h2>\n<p>\u201dSommar vid insj\u00f6n\u201d \u00e4r tryckt i offset i Giebelerpressen med b\u00e5da banden \u00e5t samma h\u00e5ll. Om man bortser fr\u00e5n f\u00f6rsta siffrorna, noll p\u00e5 nedre bandet och fem p\u00e5 det \u00f6vre, f\u00e5r ark fr\u00e5n b\u00e5da banden samma kontrollnummer. Arken har denna g\u00e5ng bredden 75 mm, vilket ger 10(\u00d72) p\u00e5 ett cylindervarv. D\u00e4rf\u00f6r har alla ark med markeringar b\u00e5de cylindersiffra och kontrollnummer. Kombinationer finns med b\u00e5de cyls 1 och cyls 2, men alla i en bunt (eller fr\u00e5n en k\u00f6rning) har samma kombination. Vart femte med kontrollnummer\u00a0 (5 \u00d7 7 punkter) f\u00e5r ocks\u00e5 ett par mm till h\u00f6ger om numret femtiomarkeringen\u00a0 (12 \u00d7 7 punkter). cyls har placerats i den \u00f6vre marginalen och kontrollnummer och femtiomarkering\u00a0 i den nedre mittenmarginalen. Arkaren har lagt alla med femtiomarkeringen \u00f6verst i buntarna, s\u00e5 det kommer att finnas en trippel \u00f6verst i varje bunt. \u00c4r man envis eller har tur, kan man finna samma kontrollnummer fr\u00e5n b\u00e5da banden.<\/p>\n<div id=\"attachment_225\" style=\"width: 227px\" class=\"wp-caption alignleft\"><a href=\"http:\/\/xn--hftessamlarna-bfb.se\/?attachment_id=225\" rel=\"attachment wp-att-225\"><img loading=\"lazy\" decoding=\"async\" aria-describedby=\"caption-attachment-225\" class=\" wp-image-225   \" title=\"SH24a\" src=\"http:\/\/h\u00e4ftessamlarna.se\/wp-content\/uploads\/SH24a.jpg\" alt=\"\" width=\"217\" height=\"160\" srcset=\"https:\/\/xn--hftessamlarna-bfb.se\/wp-content\/uploads\/SH24a.jpg 301w, https:\/\/xn--hftessamlarna-bfb.se\/wp-content\/uploads\/SH24a-150x111.jpg 150w, https:\/\/xn--hftessamlarna-bfb.se\/wp-content\/uploads\/SH24a-300x222.jpg 300w\" sizes=\"auto, (max-width: 217px) 100vw, 217px\" \/><\/a><p id=\"caption-attachment-225\" class=\"wp-caption-text\">kn till v\u00e4nster<\/p><\/div>\n<div id=\"attachment_226\" style=\"width: 227px\" class=\"wp-caption alignleft\"><a href=\"http:\/\/xn--hftessamlarna-bfb.se\/?attachment_id=226\" rel=\"attachment wp-att-226\"><img loading=\"lazy\" decoding=\"async\" aria-describedby=\"caption-attachment-226\" class=\"wp-image-226  \" title=\"SH24b\" src=\"http:\/\/h\u00e4ftessamlarna.se\/wp-content\/uploads\/SH24b.jpg\" alt=\"\" width=\"217\" height=\"175\" srcset=\"https:\/\/xn--hftessamlarna-bfb.se\/wp-content\/uploads\/SH24b.jpg 301w, https:\/\/xn--hftessamlarna-bfb.se\/wp-content\/uploads\/SH24b-150x120.jpg 150w, https:\/\/xn--hftessamlarna-bfb.se\/wp-content\/uploads\/SH24b-300x241.jpg 300w\" sizes=\"auto, (max-width: 217px) 100vw, 217px\" \/><\/a><p id=\"caption-attachment-226\" class=\"wp-caption-text\">kn till h\u00f6ger<\/p><\/div>\n<h2>\u00d6vrigt<\/h2>\n<p>N\u00e4stan varje bunt inneh\u00f6ll en trippel. Trippel cyls 2 verkar vara n\u00e5got vanligare \u00e4n Trippel cyls 1. Kn \u00e4r n\u00e4stan alltid kombinerat med cyls. Detta inneb\u00e4r att enkla Kn samt FM+Kn \u00e4r ovanliga.<\/p>\n<h2>Avvikelser<\/h2>\n<p>H\u00e4ftet finns med:<\/p>\n<ul>\n<li>Beskuret reg.m\u00e4rke<\/li>\n<li>Del av reg.m\u00e4rke<\/li>\n<li>R\u00f6da och svarta streck\/punkter<\/li>\n<li>Bl\u00e5 fyrkanter p\u00e5 omslagssidan<\/li>\n<\/ul>\n<div id=\"attachment_3990\" style=\"width: 586px\" class=\"wp-caption alignleft\"><a href=\"http:\/\/xn--hftessamlarna-bfb.se\/?attachment_id=3990\" rel=\"attachment wp-att-3990\"><img loading=\"lazy\" decoding=\"async\" aria-describedby=\"caption-attachment-3990\" class=\" wp-image-3990 \" src=\"http:\/\/xn--hftessamlarna-bfb.se\/wp-content\/uploads\/SH24delavregm.jpg\" alt=\"SH24delavregm\" width=\"576\" height=\"269\" srcset=\"https:\/\/xn--hftessamlarna-bfb.se\/wp-content\/uploads\/SH24delavregm.jpg 960w, https:\/\/xn--hftessamlarna-bfb.se\/wp-content\/uploads\/SH24delavregm-150x70.jpg 150w, https:\/\/xn--hftessamlarna-bfb.se\/wp-content\/uploads\/SH24delavregm-300x140.jpg 300w, https:\/\/xn--hftessamlarna-bfb.se\/wp-content\/uploads\/SH24delavregm-500x233.jpg 500w\" sizes=\"auto, (max-width: 576px) 100vw, 576px\" \/><\/a><p id=\"caption-attachment-3990\" class=\"wp-caption-text\">del av regm<\/p><\/div>\n<p>I vissa buntar fanns r\u00f6da och svarta streck\/punkter p\u00e5 inlagan. Samtliga 6 olika gick att finna i samma bunt (har bl a hittats med Kn 522-tusen)<\/p>\n<h2><a href=\"http:\/\/xn--hftessamlarna-bfb.se\/?attachment_id=233\" rel=\"attachment wp-att-233\"><img loading=\"lazy\" decoding=\"async\" class=\"size-full wp-image-233 alignleft\" title=\"SH24c\" src=\"http:\/\/h\u00e4ftessamlarna.se\/wp-content\/uploads\/SH24c.jpg\" alt=\"\" width=\"289\" height=\"256\" srcset=\"https:\/\/xn--hftessamlarna-bfb.se\/wp-content\/uploads\/SH24c.jpg 289w, https:\/\/xn--hftessamlarna-bfb.se\/wp-content\/uploads\/SH24c-150x132.jpg 150w\" sizes=\"auto, (max-width: 289px) 100vw, 289px\" \/><\/a>R\u00f6d \u201dapostrof\u201d \u00f6ver det \u00f6versta v\u00e4nstra m\u00e4rket<\/h2>\n<p>Har bara hittats p\u00e5 neutrala h\u00e4ften.<\/p>\n<h2><\/h2>\n<h2>Svart prick i ramen \u00f6ver det h\u00f6gra \u00f6versta m\u00e4rket<\/h2>\n<p>Har bara hittats p\u00e5 neutrala h\u00e4ften.<\/p>\n<h2><a href=\"http:\/\/xn--hftessamlarna-bfb.se\/?attachment_id=237\" rel=\"attachment wp-att-237\"><img loading=\"lazy\" decoding=\"async\" class=\" wp-image-237 alignleft\" title=\"SH24d\" src=\"http:\/\/h\u00e4ftessamlarna.se\/wp-content\/uploads\/SH24d1.jpg\" alt=\"\" width=\"272\" height=\"222\" srcset=\"https:\/\/xn--hftessamlarna-bfb.se\/wp-content\/uploads\/SH24d1.jpg 302w, https:\/\/xn--hftessamlarna-bfb.se\/wp-content\/uploads\/SH24d1-150x122.jpg 150w, https:\/\/xn--hftessamlarna-bfb.se\/wp-content\/uploads\/SH24d1-300x245.jpg 300w\" sizes=\"auto, (max-width: 272px) 100vw, 272px\" \/><\/a><\/h2>\n<h2>Svart prick vid den \u00f6vre streckperforeringen (mellan 2:a och 3:e paret)<\/h2>\n<p>Har bara hittats p\u00e5 neutrala h\u00e4ften.<\/p>\n<h2><a href=\"http:\/\/xn--hftessamlarna-bfb.se\/?attachment_id=241\" rel=\"attachment wp-att-241\"><img loading=\"lazy\" decoding=\"async\" class=\" wp-image-241 alignleft\" title=\"SH24e\" src=\"http:\/\/h\u00e4ftessamlarna.se\/wp-content\/uploads\/SH24e.jpg\" alt=\"\" width=\"279\" height=\"193\" srcset=\"https:\/\/xn--hftessamlarna-bfb.se\/wp-content\/uploads\/SH24e.jpg 310w, https:\/\/xn--hftessamlarna-bfb.se\/wp-content\/uploads\/SH24e-150x103.jpg 150w, https:\/\/xn--hftessamlarna-bfb.se\/wp-content\/uploads\/SH24e-300x207.jpg 300w\" sizes=\"auto, (max-width: 279px) 100vw, 279px\" \/><\/a><\/h2>\n<h2>R\u00f6d prick i undre ramen p\u00e5 \u201dnedre hundm\u00e4rket\u201d (4:e paret)<\/h2>\n<p>Har hittats p\u00e5 neutrala h\u00e4ften samt cyls 2+Kn.<\/p>\n<h2><a href=\"http:\/\/xn--hftessamlarna-bfb.se\/?attachment_id=244\" rel=\"attachment wp-att-244\"><img loading=\"lazy\" decoding=\"async\" class=\" wp-image-244 alignleft\" title=\"SH24f\" src=\"http:\/\/h\u00e4ftessamlarna.se\/wp-content\/uploads\/SH24f.jpg\" alt=\"\" width=\"279\" height=\"222\" srcset=\"https:\/\/xn--hftessamlarna-bfb.se\/wp-content\/uploads\/SH24f.jpg 310w, https:\/\/xn--hftessamlarna-bfb.se\/wp-content\/uploads\/SH24f-150x119.jpg 150w, https:\/\/xn--hftessamlarna-bfb.se\/wp-content\/uploads\/SH24f-300x239.jpg 300w\" sizes=\"auto, (max-width: 279px) 100vw, 279px\" \/><\/a><\/h2>\n<h2>Svag r\u00f6d fl\u00e4ck i centrum vid perforeringen (mellan 4:e och 5:e paret)<\/h2>\n<p>Har bara hittats p\u00e5 neutrala h\u00e4ften. Kan vara lite sv\u00e5r att uppt\u00e4cka eftersom den dels \u00e4r svag och dels ibland sitter mitt i perforeringen.<\/p>\n<h2><a href=\"http:\/\/xn--hftessamlarna-bfb.se\/?attachment_id=262\" rel=\"attachment wp-att-262\"><img loading=\"lazy\" decoding=\"async\" class=\" wp-image-262 alignleft\" title=\"SH24g\" src=\"http:\/\/h\u00e4ftessamlarna.se\/wp-content\/uploads\/SH24g.jpg\" alt=\"\" width=\"379\" height=\"316\" srcset=\"https:\/\/xn--hftessamlarna-bfb.se\/wp-content\/uploads\/SH24g.jpg 474w, https:\/\/xn--hftessamlarna-bfb.se\/wp-content\/uploads\/SH24g-150x125.jpg 150w, https:\/\/xn--hftessamlarna-bfb.se\/wp-content\/uploads\/SH24g-300x250.jpg 300w, https:\/\/xn--hftessamlarna-bfb.se\/wp-content\/uploads\/SH24g-360x300.jpg 360w\" sizes=\"auto, (max-width: 379px) 100vw, 379px\" \/><\/a><\/h2>\n<h2>Bl\u00e5 fyrkanter p\u00e5 omslagssidan<\/h2>\n<p>Det borde finnas 10 olika varianter eftersom detta borde finnas p\u00e5 hela cylindervarvet. Nedan finns 6 st avbildade. Ett av h\u00e4ftena har Kn och detta \u00e4r 588042.<\/p>\n<h2><a href=\"http:\/\/xn--hftessamlarna-bfb.se\/?attachment_id=265\" rel=\"attachment wp-att-265\"><img loading=\"lazy\" decoding=\"async\" class=\"size-full wp-image-265 alignleft\" title=\"SH24h\" src=\"http:\/\/h\u00e4ftessamlarna.se\/wp-content\/uploads\/SH24h.jpg\" alt=\"\" width=\"393\" height=\"470\" srcset=\"https:\/\/xn--hftessamlarna-bfb.se\/wp-content\/uploads\/SH24h.jpg 393w, https:\/\/xn--hftessamlarna-bfb.se\/wp-content\/uploads\/SH24h-125x150.jpg 125w, https:\/\/xn--hftessamlarna-bfb.se\/wp-content\/uploads\/SH24h-250x300.jpg 250w\" sizes=\"auto, (max-width: 393px) 100vw, 393px\" \/><\/a><\/h2>\n<h2>Fr\u00e5n H\u00e4ftesssamlarna 122<\/h2>\n<p>Arket har en bredd av 75 mm, vilket ger tio per band och cylindervarv. Om man vid start av tryckningen best\u00e4mmer att KN skall komma p\u00e5 ark med cyls 2, kommer om ingen f\u00f6rskjutning sker, alla ark med cyls 2 att ocks\u00e5 ha KN, samt vart femte KN f\u00f6ljt av FM f\u00f6r att ge trippel. Alla ark med cyls 1 skulle sakna kombinationer. Nu finns tripplar med b\u00e5da cylindersiffrorna, varf\u00f6r kan antagas att flera omstarter gjorts. Jag har tripplar<br \/>\nFM + cyls 2 + KN 504925,<br \/>\nFM + cyls 1 + KN 505485,<br \/>\nFM + cyls 2 + KN 535845,<br \/>\nFM + cyls 1 + KN 588180,<br \/>\nmen ocks\u00e5 ett ark med KN 526668 placerat endast 5 mm fr\u00e5n v\u00e4nsterkanten.<\/p>\n","protected":false},"excerpt":{"rendered":"<p>Utgivningsdag 2006-05-04 F 2550 &#8211; 2553 10 \u00d7 inrikes brev, fyra motiv Frim\u00e4rkena trycktes i 4-f\u00e4rgsoffset Typer H\u00e4ftet har 38 punkters vikperforering (perf 10) slagen fr\u00e5n frim\u00e4rkssidan. Markeringar centralt regm FM cyls 1 cyls 2 helt kn BS K\u00e4nda kombinationer &hellip; <a href=\"https:\/\/xn--hftessamlarna-bfb.se\/?page_id=223\">Forts\u00e4tt l\u00e4sa <span class=\"meta-nav\">&rarr;<\/span><\/a><\/p>\n","protected":false},"author":1,"featured_media":0,"parent":307,"menu_order":24,"comment_status":"open","ping_status":"closed","template":"","meta":{"footnotes":""},"class_list":["post-223","page","type-page","status-publish","hentry"],"_links":{"self":[{"href":"https:\/\/xn--hftessamlarna-bfb.se\/index.php?rest_route=\/wp\/v2\/pages\/223","targetHints":{"allow":["GET"]}}],"collection":[{"href":"https:\/\/xn--hftessamlarna-bfb.se\/index.php?rest_route=\/wp\/v2\/pages"}],"about":[{"href":"https:\/\/xn--hftessamlarna-bfb.se\/index.php?rest_route=\/wp\/v2\/types\/page"}],"author":[{"embeddable":true,"href":"https:\/\/xn--hftessamlarna-bfb.se\/index.php?rest_route=\/wp\/v2\/users\/1"}],"replies":[{"embeddable":true,"href":"https:\/\/xn--hftessamlarna-bfb.se\/index.php?rest_route=%2Fwp%2Fv2%2Fcomments&post=223"}],"version-history":[{"count":0,"href":"https:\/\/xn--hftessamlarna-bfb.se\/index.php?rest_route=\/wp\/v2\/pages\/223\/revisions"}],"up":[{"embeddable":true,"href":"https:\/\/xn--hftessamlarna-bfb.se\/index.php?rest_route=\/wp\/v2\/pages\/307"}],"wp:attachment":[{"href":"https:\/\/xn--hftessamlarna-bfb.se\/index.php?rest_route=%2Fwp%2Fv2%2Fmedia&parent=223"}],"curies":[{"name":"wp","href":"https:\/\/api.w.org\/{rel}","templated":true}]}}