{"id":2036,"date":"2011-11-13T10:13:10","date_gmt":"2011-11-13T08:13:10","guid":{"rendered":"http:\/\/xn--hftessamlarna-bfb.se\/?page_id=2036"},"modified":"2014-01-13T10:32:12","modified_gmt":"2014-01-13T09:32:12","slug":"h528-hundar","status":"publish","type":"page","link":"https:\/\/xn--hftessamlarna-bfb.se\/?page_id=2036","title":{"rendered":"H528 Hundar"},"content":{"rendered":"<p><a href=\"http:\/\/xn--hftessamlarna-bfb.se\/?attachment_id=2208\" rel=\"attachment wp-att-2208\"><img loading=\"lazy\" decoding=\"async\" class=\"aligncenter size-full wp-image-2208\" title=\"H528\" alt=\"\" src=\"http:\/\/xn--hftessamlarna-bfb.se\/wp-content\/uploads\/H528.jpg\" width=\"960\" height=\"430\" srcset=\"https:\/\/xn--hftessamlarna-bfb.se\/wp-content\/uploads\/H528.jpg 960w, https:\/\/xn--hftessamlarna-bfb.se\/wp-content\/uploads\/H528-150x67.jpg 150w, https:\/\/xn--hftessamlarna-bfb.se\/wp-content\/uploads\/H528-300x134.jpg 300w, https:\/\/xn--hftessamlarna-bfb.se\/wp-content\/uploads\/H528-500x223.jpg 500w\" sizes=\"auto, (max-width: 960px) 100vw, 960px\" \/><\/a>Utgivningsdag 2001-01-31<br \/>\nF 2232 &#8211; 2235<br \/>\n4 x inrikes brev, fyra motiv<br \/>\nTryckta i 4 f\u00e4rger offset i 3:e Goebelpressen<br \/>\nH\u00e4ftesomslaget \u00e4r tryckt i Giebelerpressen<br \/>\nInh\u00e4ftningen har gjorts i den 5:e h\u00e4ftesmaskinen<br \/>\n16 punkters streckperforering i rygg<br \/>\nUpplaga ok\u00e4nd<\/p>\n<h1>Markeringar<\/h1>\n<p>RT 7,2 x 1,8 mm svart<br \/>\ncyls 1<br \/>\ncyls 2 fot\/slinga<br \/>\nhelt kn BS (3,1 mm)<\/p>\n<h2>Fakta om utgivningen<\/h2>\n<p>F\u00f6r 12000 \u00e5r sedan skaffade sig m\u00e4nniskan sitt f\u00f6rsta husdjur &#8211; hunden. Hon t\u00e4mjde d\u00e5<br \/>\nvildhundar och b\u00f6rjade anv\u00e4nda dem till jakt. Efter hand har hunden blivit specialiserad p\u00e5 olika uppgifter i m\u00e4nniskans tj\u00e4nst: vakta hem, valla f\u00e5r eller leta r\u00e4tt p\u00e5 narkotika. Flera hundra raser har avlats fram f\u00f6r speciella uppgifter. Hunden har en s\u00e4rst\u00e4llning som ett av de mest popul\u00e4ra s\u00e4llskapsdjuren. I Sverige finns cirka 800 000 hundar, varav \u00e5tminstone 600 000 \u00e4r rashundar. P\u00e5 frim\u00e4rkena ser vi fyra hundraser i roller d\u00e4r de samspelar med m\u00e4nniskan.<\/p>\n<ul>\n<li><strong>Golden retriever:<\/strong> I dag en av v\u00e4rldens popul\u00e4raste s\u00e4llskapshundar, tv\u00e5a i Sverige n\u00e4st efter sch\u00e4fern.<\/li>\n<li><strong>Sch\u00e4fer:<\/strong> Utm\u00e4rkt l\u00e4mpad som r\u00e4ddningshund. Tack vare sitt suver\u00e4na luktsinne kan en lavinhund markera en person som ligger begravd under tio meter sn\u00f6.<\/li>\n<li><strong>Labrador retriever<\/strong>: P\u00e5 frim\u00e4rket i rollen som ledarhund, d\u00e4r den leder blinda och hj\u00e4lper d\u00f6va att uppm\u00e4rksamma signaler.<\/li>\n<li><strong>Str\u00e4vh\u00e5rig tax:<\/strong> Den popul\u00e4raste arten av tax i Sverige och en skicklig jakthund.<\/li>\n<\/ul>\n","protected":false},"excerpt":{"rendered":"<p>Utgivningsdag 2001-01-31 F 2232 &#8211; 2235 4 x inrikes brev, fyra motiv Tryckta i 4 f\u00e4rger offset i 3:e Goebelpressen H\u00e4ftesomslaget \u00e4r tryckt i Giebelerpressen Inh\u00e4ftningen har gjorts i den 5:e h\u00e4ftesmaskinen 16 punkters streckperforering i rygg Upplaga ok\u00e4nd Markeringar &hellip; <a href=\"https:\/\/xn--hftessamlarna-bfb.se\/?page_id=2036\">Forts\u00e4tt l\u00e4sa <span class=\"meta-nav\">&rarr;<\/span><\/a><\/p>\n","protected":false},"author":1,"featured_media":0,"parent":2372,"menu_order":528,"comment_status":"open","ping_status":"open","template":"","meta":{"footnotes":""},"class_list":["post-2036","page","type-page","status-publish","hentry"],"_links":{"self":[{"href":"https:\/\/xn--hftessamlarna-bfb.se\/index.php?rest_route=\/wp\/v2\/pages\/2036","targetHints":{"allow":["GET"]}}],"collection":[{"href":"https:\/\/xn--hftessamlarna-bfb.se\/index.php?rest_route=\/wp\/v2\/pages"}],"about":[{"href":"https:\/\/xn--hftessamlarna-bfb.se\/index.php?rest_route=\/wp\/v2\/types\/page"}],"author":[{"embeddable":true,"href":"https:\/\/xn--hftessamlarna-bfb.se\/index.php?rest_route=\/wp\/v2\/users\/1"}],"replies":[{"embeddable":true,"href":"https:\/\/xn--hftessamlarna-bfb.se\/index.php?rest_route=%2Fwp%2Fv2%2Fcomments&post=2036"}],"version-history":[{"count":0,"href":"https:\/\/xn--hftessamlarna-bfb.se\/index.php?rest_route=\/wp\/v2\/pages\/2036\/revisions"}],"up":[{"embeddable":true,"href":"https:\/\/xn--hftessamlarna-bfb.se\/index.php?rest_route=\/wp\/v2\/pages\/2372"}],"wp:attachment":[{"href":"https:\/\/xn--hftessamlarna-bfb.se\/index.php?rest_route=%2Fwp%2Fv2%2Fmedia&parent=2036"}],"curies":[{"name":"wp","href":"https:\/\/api.w.org\/{rel}","templated":true}]}}