{"id":1760,"date":"2011-11-07T08:35:10","date_gmt":"2011-11-07T06:35:10","guid":{"rendered":"http:\/\/xn--hftessamlarna-bfb.se\/?page_id=1760"},"modified":"2023-05-07T17:29:06","modified_gmt":"2023-05-07T16:29:06","slug":"sh52-glass","status":"publish","type":"page","link":"https:\/\/xn--hftessamlarna-bfb.se\/?page_id=1760","title":{"rendered":"SH52 Glass"},"content":{"rendered":"<p><a href=\"https:\/\/xn--hftessamlarna-bfb.se\/wp-content\/uploads\/SH-0052-header-2011.jpg\" rel=\"attachment wp-att-1761\"><img loading=\"lazy\" decoding=\"async\" class=\"alignnone wp-image-7041 size-full\" title=\"SH52\" src=\"https:\/\/xn--hftessamlarna-bfb.se\/wp-content\/uploads\/SH-0052-header-2011.jpg\" alt=\"\" width=\"960\" height=\"659\" srcset=\"https:\/\/xn--hftessamlarna-bfb.se\/wp-content\/uploads\/SH-0052-header-2011.jpg 960w, https:\/\/xn--hftessamlarna-bfb.se\/wp-content\/uploads\/SH-0052-header-2011-300x206.jpg 300w, https:\/\/xn--hftessamlarna-bfb.se\/wp-content\/uploads\/SH-0052-header-2011-150x103.jpg 150w, https:\/\/xn--hftessamlarna-bfb.se\/wp-content\/uploads\/SH-0052-header-2011-768x527.jpg 768w, https:\/\/xn--hftessamlarna-bfb.se\/wp-content\/uploads\/SH-0052-header-2011-437x300.jpg 437w\" sizes=\"auto, (max-width: 960px) 100vw, 960px\" \/><\/a>Utgivningsdag 2011-05-12<br \/>\nF 2838 \u2013 2841<br \/>\n10 \u00d7 inrikes brev, fyra motiv<br \/>\nFrim\u00e4rkena trycktes 4-f\u00e4rgs offset omslagssidan 1-f\u00e4rg offset G:8<br \/>\n13 h\u00e4ften per varv \u00d7 2 band<br \/>\nPostens logotyp stansad mitt i h\u00e4ftet, syns knappt<br \/>\nBaksidan \u00e4r tryckt med svart f\u00e4rg, vilket \u00e4r postens nya standardf\u00e4rg f\u00f6r baksidor<\/p>\n<h2>Typer<\/h2>\n<p>H\u00e4ftet har 29 punkters vikperforering (perf 10) slagen fr\u00e5n frim\u00e4rkssidan<\/p>\n<h2>Markeringar<\/h2>\n<p>centralt regm<br \/>\nFM<br \/>\ncyls 1<br \/>\ncyls 2<br \/>\nkn<\/p>\n<div id=\"attachment_7042\" style=\"width: 310px\" class=\"wp-caption alignnone\"><a href=\"https:\/\/xn--hftessamlarna-bfb.se\/wp-content\/uploads\/SH-0052-mark-2011.jpg\"><img loading=\"lazy\" decoding=\"async\" aria-describedby=\"caption-attachment-7042\" class=\"size-medium wp-image-7042\" src=\"https:\/\/xn--hftessamlarna-bfb.se\/wp-content\/uploads\/SH-0052-mark-2011-300x103.jpg\" alt=\"\" width=\"300\" height=\"103\" srcset=\"https:\/\/xn--hftessamlarna-bfb.se\/wp-content\/uploads\/SH-0052-mark-2011-300x103.jpg 300w, https:\/\/xn--hftessamlarna-bfb.se\/wp-content\/uploads\/SH-0052-mark-2011-150x52.jpg 150w, https:\/\/xn--hftessamlarna-bfb.se\/wp-content\/uploads\/SH-0052-mark-2011-768x265.jpg 768w, https:\/\/xn--hftessamlarna-bfb.se\/wp-content\/uploads\/SH-0052-mark-2011-500x172.jpg 500w, https:\/\/xn--hftessamlarna-bfb.se\/wp-content\/uploads\/SH-0052-mark-2011.jpg 960w\" sizes=\"auto, (max-width: 300px) 100vw, 300px\" \/><\/a><p id=\"caption-attachment-7042\" class=\"wp-caption-text\">Illustration \u00f6ver markeringarnas placering<\/p><\/div>\n<p>I b\u00e5da banden finns FM 7\u00d712 punkter efter kn som slutar p\u00e5 -0 eller -5<br \/>\nI \u00f6vre bandet finns cyls 1 och 2, kn som b\u00f6rjar p\u00e5 5-<br \/>\nI nedre bandet finns kn som b\u00f6rjar p\u00e5 0-<\/p>\n<h2>K\u00e4nda kombinationer<\/h2>\n<p><a href=\"http:\/\/xn--hftessamlarna-bfb.se\/?attachment_id=4036\" rel=\"attachment wp-att-4036\"><img loading=\"lazy\" decoding=\"async\" class=\"alignleft size-full wp-image-4036\" src=\"http:\/\/xn--hftessamlarna-bfb.se\/wp-content\/uploads\/SH52tabell.jpg\" alt=\"SH52tabell\" width=\"1788\" height=\"583\" srcset=\"https:\/\/xn--hftessamlarna-bfb.se\/wp-content\/uploads\/SH52tabell.jpg 1788w, https:\/\/xn--hftessamlarna-bfb.se\/wp-content\/uploads\/SH52tabell-150x48.jpg 150w, https:\/\/xn--hftessamlarna-bfb.se\/wp-content\/uploads\/SH52tabell-300x97.jpg 300w, https:\/\/xn--hftessamlarna-bfb.se\/wp-content\/uploads\/SH52tabell-1024x333.jpg 1024w, https:\/\/xn--hftessamlarna-bfb.se\/wp-content\/uploads\/SH52tabell-500x163.jpg 500w\" sizes=\"auto, (max-width: 1788px) 100vw, 1788px\" \/><\/a><\/p>\n<h2>Mer fakta om utgivningen<\/h2>\n<p>N\u00e4r sommaren kommer, vad \u00e4r b\u00e4ttre \u00e4n att \u00e4ta en sval glass p\u00e5 en b\u00e4nk i skuggan samtidigt som man skriver en h\u00e4lsning man frankerar med ett glassfrim\u00e4rke. Den klassiska smaken p\u00e5 glass \u00e4r vanilj, men konsumenterna kan idag ocks\u00e5 k\u00f6pa glass som smakar lakrits, hallon, kokos och bubbelgum.<\/p>\n<p>I Sverige har man tillverkat glass sedan 1920-talet. Sommaren \u00e4r ett tillf\u00e4lle s\u00e5 m\u00e5nga i \u00e4nnu h\u00f6gre grad \u00e4n vanligt gillar att anv\u00e4nda brevet och vykortet. Ett vykort fr\u00e5n semesterresan \u00e4r ett enkelt och personligt s\u00e4tt att s\u00e4nda en h\u00e4lsning och ber\u00e4tta n\u00e5got kul man upplevt. Posten har i m\u00e5nga \u00e5r givit ut sommarfrim\u00e4rken, b\u00e5de f\u00f6r inrikes h\u00e4lsningar och h\u00e4lsningar till sl\u00e4kt och v\u00e4nner utomlands.<\/p>\n","protected":false},"excerpt":{"rendered":"<p>Utgivningsdag 2011-05-12 F 2838 \u2013 2841 10 \u00d7 inrikes brev, fyra motiv Frim\u00e4rkena trycktes 4-f\u00e4rgs offset omslagssidan 1-f\u00e4rg offset G:8 13 h\u00e4ften per varv \u00d7 2 band Postens logotyp stansad mitt i h\u00e4ftet, syns knappt Baksidan \u00e4r tryckt med svart &hellip; <a href=\"https:\/\/xn--hftessamlarna-bfb.se\/?page_id=1760\">Forts\u00e4tt l\u00e4sa <span class=\"meta-nav\">&rarr;<\/span><\/a><\/p>\n","protected":false},"author":1,"featured_media":0,"parent":307,"menu_order":52,"comment_status":"open","ping_status":"open","template":"","meta":{"footnotes":""},"class_list":["post-1760","page","type-page","status-publish","hentry"],"_links":{"self":[{"href":"https:\/\/xn--hftessamlarna-bfb.se\/index.php?rest_route=\/wp\/v2\/pages\/1760","targetHints":{"allow":["GET"]}}],"collection":[{"href":"https:\/\/xn--hftessamlarna-bfb.se\/index.php?rest_route=\/wp\/v2\/pages"}],"about":[{"href":"https:\/\/xn--hftessamlarna-bfb.se\/index.php?rest_route=\/wp\/v2\/types\/page"}],"author":[{"embeddable":true,"href":"https:\/\/xn--hftessamlarna-bfb.se\/index.php?rest_route=\/wp\/v2\/users\/1"}],"replies":[{"embeddable":true,"href":"https:\/\/xn--hftessamlarna-bfb.se\/index.php?rest_route=%2Fwp%2Fv2%2Fcomments&post=1760"}],"version-history":[{"count":0,"href":"https:\/\/xn--hftessamlarna-bfb.se\/index.php?rest_route=\/wp\/v2\/pages\/1760\/revisions"}],"up":[{"embeddable":true,"href":"https:\/\/xn--hftessamlarna-bfb.se\/index.php?rest_route=\/wp\/v2\/pages\/307"}],"wp:attachment":[{"href":"https:\/\/xn--hftessamlarna-bfb.se\/index.php?rest_route=%2Fwp%2Fv2%2Fmedia&parent=1760"}],"curies":[{"name":"wp","href":"https:\/\/api.w.org\/{rel}","templated":true}]}}