{"id":174,"date":"2011-10-16T14:16:22","date_gmt":"2011-10-16T12:16:22","guid":{"rendered":"http:\/\/xn--hftessamlarna-bfb.se\/?page_id=174"},"modified":"2014-01-28T10:53:12","modified_gmt":"2014-01-28T09:53:12","slug":"andra-markeringar","status":"publish","type":"page","link":"https:\/\/xn--hftessamlarna-bfb.se\/?page_id=174","title":{"rendered":"Andra markeringar"},"content":{"rendered":"<h1>Andra markeringar<\/h1>\n<p>Det finns ett stort antal andra markeringar som ofta \u00e4r mer specifika f\u00f6r ett visst h\u00e4fte. H\u00e4r tar vi n\u00e5gra exempel f\u00f6r H 285 Kyrklig konst.<\/p>\n<p><a href=\"http:\/\/xn--hftessamlarna-bfb.se\/?attachment_id=176\" rel=\"attachment wp-att-176\"><img loading=\"lazy\" decoding=\"async\" class=\"aligncenter size-full wp-image-176\" title=\"H285rektangelsmal\" alt=\"\" src=\"http:\/\/h\u00e4ftessamlarna.se\/wp-content\/uploads\/H285rektangelsmal.jpg\" width=\"595\" height=\"217\" srcset=\"https:\/\/xn--hftessamlarna-bfb.se\/wp-content\/uploads\/H285rektangelsmal.jpg 595w, https:\/\/xn--hftessamlarna-bfb.se\/wp-content\/uploads\/H285rektangelsmal-150x54.jpg 150w, https:\/\/xn--hftessamlarna-bfb.se\/wp-content\/uploads\/H285rektangelsmal-300x109.jpg 300w, https:\/\/xn--hftessamlarna-bfb.se\/wp-content\/uploads\/H285rektangelsmal-500x182.jpg 500w\" sizes=\"auto, (max-width: 595px) 100vw, 595px\" \/><\/a>H285 A1 &#8211; med smal rektangel i nedre raden. L\u00e4gg ocks\u00e5 m\u00e4rke till att Kristi f\u00f6delse \u00e4r \u00f6verst.<\/p>\n<p><a href=\"http:\/\/xn--hftessamlarna-bfb.se\/?attachment_id=177\" rel=\"attachment wp-att-177\"><img loading=\"lazy\" decoding=\"async\" class=\"aligncenter size-full wp-image-177\" title=\"H285A2rektangelbred\" alt=\"\" src=\"http:\/\/h\u00e4ftessamlarna.se\/wp-content\/uploads\/H285A2rektangelbred.jpg\" width=\"595\" height=\"216\" srcset=\"https:\/\/xn--hftessamlarna-bfb.se\/wp-content\/uploads\/H285A2rektangelbred.jpg 595w, https:\/\/xn--hftessamlarna-bfb.se\/wp-content\/uploads\/H285A2rektangelbred-150x54.jpg 150w, https:\/\/xn--hftessamlarna-bfb.se\/wp-content\/uploads\/H285A2rektangelbred-300x108.jpg 300w, https:\/\/xn--hftessamlarna-bfb.se\/wp-content\/uploads\/H285A2rektangelbred-500x181.jpg 500w\" sizes=\"auto, (max-width: 595px) 100vw, 595px\" \/><\/a>H285A2 &#8211; med bred rektangel i nedre raden. L\u00e4gg ocks\u00e5 m\u00e4rke till att Kristi f\u00f6delse \u00e4r nederst.<\/p>\n<p><a href=\"http:\/\/xn--hftessamlarna-bfb.se\/?attachment_id=180\" rel=\"attachment wp-att-180\"><img loading=\"lazy\" decoding=\"async\" class=\"aligncenter size-full wp-image-180\" title=\"H285A1kryss\" alt=\"\" src=\"http:\/\/h\u00e4ftessamlarna.se\/wp-content\/uploads\/H285A1kryss.jpg\" width=\"595\" height=\"218\" srcset=\"https:\/\/xn--hftessamlarna-bfb.se\/wp-content\/uploads\/H285A1kryss.jpg 595w, https:\/\/xn--hftessamlarna-bfb.se\/wp-content\/uploads\/H285A1kryss-150x54.jpg 150w, https:\/\/xn--hftessamlarna-bfb.se\/wp-content\/uploads\/H285A1kryss-300x109.jpg 300w, https:\/\/xn--hftessamlarna-bfb.se\/wp-content\/uploads\/H285A1kryss-500x183.jpg 500w\" sizes=\"auto, (max-width: 595px) 100vw, 595px\" \/><\/a>H285A1 &#8211; med kors i inh\u00e4ftningsremsan. Det f\u00f6rekommer ocks\u00e5 att bara delar av dessa kors finns.<\/p>\n<p><a href=\"http:\/\/xn--hftessamlarna-bfb.se\/?attachment_id=181\" rel=\"attachment wp-att-181\"><img loading=\"lazy\" decoding=\"async\" class=\"aligncenter size-full wp-image-181\" title=\"H285A2gul\" alt=\"\" src=\"http:\/\/h\u00e4ftessamlarna.se\/wp-content\/uploads\/H285A2gul.jpg\" width=\"595\" height=\"218\" srcset=\"https:\/\/xn--hftessamlarna-bfb.se\/wp-content\/uploads\/H285A2gul.jpg 595w, https:\/\/xn--hftessamlarna-bfb.se\/wp-content\/uploads\/H285A2gul-150x54.jpg 150w, https:\/\/xn--hftessamlarna-bfb.se\/wp-content\/uploads\/H285A2gul-300x109.jpg 300w, https:\/\/xn--hftessamlarna-bfb.se\/wp-content\/uploads\/H285A2gul-500x183.jpg 500w\" sizes=\"auto, (max-width: 595px) 100vw, 595px\" \/><\/a>H285A2 &#8211; med gult streck i inh\u00e4ftningsremsan.\u00a0<a href=\"http:\/\/xn--hftessamlarna-bfb.se\/?attachment_id=184\" rel=\"attachment wp-att-184\"><img loading=\"lazy\" decoding=\"async\" class=\"aligncenter size-full wp-image-184\" title=\"H285par\" alt=\"\" src=\"http:\/\/h\u00e4ftessamlarna.se\/wp-content\/uploads\/H285par.jpg\" width=\"595\" height=\"436\" srcset=\"https:\/\/xn--hftessamlarna-bfb.se\/wp-content\/uploads\/H285par.jpg 595w, https:\/\/xn--hftessamlarna-bfb.se\/wp-content\/uploads\/H285par-150x109.jpg 150w, https:\/\/xn--hftessamlarna-bfb.se\/wp-content\/uploads\/H285par-300x219.jpg 300w, https:\/\/xn--hftessamlarna-bfb.se\/wp-content\/uploads\/H285par-409x300.jpg 409w\" sizes=\"auto, (max-width: 595px) 100vw, 595px\" \/><\/a>H285A1 &#8211; \u00e4kta par. Ovanst\u00e5ende marginaltecken kan ibland f\u00f6rekomma p\u00e5 samma h\u00e4fte. H\u00e4r \u00e4r ett \u00e4kta par med kontrollnummer, smal rektangel och kors.<\/p>\n<p><a title=\"Olika omslag\" href=\"http:\/\/xn--hftessamlarna-bfb.se\/?page_id=189\">L\u00e4s mer&#8230;<\/a><\/p>\n","protected":false},"excerpt":{"rendered":"<p>Andra markeringar Det finns ett stort antal andra markeringar som ofta \u00e4r mer specifika f\u00f6r ett visst h\u00e4fte. H\u00e4r tar vi n\u00e5gra exempel f\u00f6r H 285 Kyrklig konst. H285 A1 &#8211; med smal rektangel i nedre raden. L\u00e4gg ocks\u00e5 m\u00e4rke &hellip; <a href=\"https:\/\/xn--hftessamlarna-bfb.se\/?page_id=174\">Forts\u00e4tt l\u00e4sa <span class=\"meta-nav\">&rarr;<\/span><\/a><\/p>\n","protected":false},"author":1,"featured_media":0,"parent":25,"menu_order":40,"comment_status":"closed","ping_status":"closed","template":"","meta":{"footnotes":""},"class_list":["post-174","page","type-page","status-publish","hentry"],"_links":{"self":[{"href":"https:\/\/xn--hftessamlarna-bfb.se\/index.php?rest_route=\/wp\/v2\/pages\/174","targetHints":{"allow":["GET"]}}],"collection":[{"href":"https:\/\/xn--hftessamlarna-bfb.se\/index.php?rest_route=\/wp\/v2\/pages"}],"about":[{"href":"https:\/\/xn--hftessamlarna-bfb.se\/index.php?rest_route=\/wp\/v2\/types\/page"}],"author":[{"embeddable":true,"href":"https:\/\/xn--hftessamlarna-bfb.se\/index.php?rest_route=\/wp\/v2\/users\/1"}],"replies":[{"embeddable":true,"href":"https:\/\/xn--hftessamlarna-bfb.se\/index.php?rest_route=%2Fwp%2Fv2%2Fcomments&post=174"}],"version-history":[{"count":0,"href":"https:\/\/xn--hftessamlarna-bfb.se\/index.php?rest_route=\/wp\/v2\/pages\/174\/revisions"}],"up":[{"embeddable":true,"href":"https:\/\/xn--hftessamlarna-bfb.se\/index.php?rest_route=\/wp\/v2\/pages\/25"}],"wp:attachment":[{"href":"https:\/\/xn--hftessamlarna-bfb.se\/index.php?rest_route=%2Fwp%2Fv2%2Fmedia&parent=174"}],"curies":[{"name":"wp","href":"https:\/\/api.w.org\/{rel}","templated":true}]}}