{"id":1580,"date":"2011-11-04T13:17:17","date_gmt":"2011-11-04T11:17:17","guid":{"rendered":"http:\/\/xn--hftessamlarna-bfb.se\/?page_id=1580"},"modified":"2020-06-20T13:04:38","modified_gmt":"2020-06-20T12:04:38","slug":"h514-jul-1999","status":"publish","type":"page","link":"https:\/\/xn--hftessamlarna-bfb.se\/?page_id=1580","title":{"rendered":"H514 Jul 1999 \u2013 Medeltida glasm\u00e5lningar"},"content":{"rendered":"<p><a href=\"http:\/\/xn--hftessamlarna-bfb.se\/?attachment_id=2824\" rel=\"attachment wp-att-2824\"><img loading=\"lazy\" decoding=\"async\" class=\"aligncenter size-full wp-image-2824\" title=\"H514\" src=\"http:\/\/xn--hftessamlarna-bfb.se\/wp-content\/uploads\/H514.jpg\" alt=\"\" width=\"960\" height=\"620\" srcset=\"https:\/\/xn--hftessamlarna-bfb.se\/wp-content\/uploads\/H514.jpg 960w, https:\/\/xn--hftessamlarna-bfb.se\/wp-content\/uploads\/H514-150x96.jpg 150w, https:\/\/xn--hftessamlarna-bfb.se\/wp-content\/uploads\/H514-300x193.jpg 300w, https:\/\/xn--hftessamlarna-bfb.se\/wp-content\/uploads\/H514-464x300.jpg 464w\" sizes=\"auto, (max-width: 960px) 100vw, 960px\" \/><\/a>Utgivningsdag 1999-11-18<br \/>\nF 2165 &#8211; 2166<br \/>\n10 x inrikes julpost, tv\u00e5 motiv<br \/>\nTryckta i 4 f\u00e4rger offset i 3:e Goebelpressen<br \/>\nOmslaget \u00e4r tryckt i Giebelerpressen<br \/>\nInh\u00e4ftningen har gjorts i b\u00e5da h\u00e4ftesmaskinerna, vilket ger upphov till tv\u00e5 olika h\u00e4ftestyper<br \/>\nUpplaga ok\u00e4nd<\/p>\n<h2>Typer<\/h2>\n<p><strong>A1<\/strong> 27 punkters ryggperforering (4:e h\u00e4ftesmaskinen)<br \/>\n<strong>A2<\/strong> 22 punkters ryggperforering (5:e h\u00e4ftesmaskinen)<\/p>\n<h2>Markeringar<\/h2>\n<div id=\"attachment_6086\" style=\"width: 310px\" class=\"wp-caption alignnone\"><a href=\"https:\/\/xn--hftessamlarna-bfb.se\/wp-content\/uploads\/H514info.jpg\"><img loading=\"lazy\" decoding=\"async\" aria-describedby=\"caption-attachment-6086\" class=\"size-medium wp-image-6086\" src=\"https:\/\/xn--hftessamlarna-bfb.se\/wp-content\/uploads\/H514info-300x263.jpg\" alt=\"\" width=\"300\" height=\"263\" srcset=\"https:\/\/xn--hftessamlarna-bfb.se\/wp-content\/uploads\/H514info-300x263.jpg 300w, https:\/\/xn--hftessamlarna-bfb.se\/wp-content\/uploads\/H514info-150x132.jpg 150w, https:\/\/xn--hftessamlarna-bfb.se\/wp-content\/uploads\/H514info-768x674.jpg 768w, https:\/\/xn--hftessamlarna-bfb.se\/wp-content\/uploads\/H514info-342x300.jpg 342w, https:\/\/xn--hftessamlarna-bfb.se\/wp-content\/uploads\/H514info.jpg 798w\" sizes=\"auto, (max-width: 300px) 100vw, 300px\" \/><\/a><p id=\"caption-attachment-6086\" class=\"wp-caption-text\">s\u00e5 skiljer man R och N<\/p><\/div>\n<p><strong>A1R<\/strong><br \/>\ndelat regm b=4,9-5,0 mm<br \/>\nRT 8 x 2 mm svart<br \/>\ncyls 1 (3,5 mm fr\u00e5n bild)<br \/>\ncyls 2 (3,5 mm fr\u00e5n bild)<\/p>\n<p><strong>A1N<\/strong><br \/>\ndelat regm b=4,6-4,7 mm<br \/>\nRT 8 x 2 mm svart<br \/>\ncyls 1 (3,1 mm fr\u00e5n bild)<br \/>\ncyls 2 (3,2 mm fr\u00e5n bild)<br \/>\nhelt kn BS1 (2,8 mm)<\/p>\n<p><strong>A2R<\/strong><br \/>\ndelat regm b=4,9-5,0 mm<br \/>\nRT 7,2 x 1,4 mm svart (smalt)<br \/>\nRT 7.2 x 1.8 mm svart (brett)<br \/>\ncyls 1 (3,5 mm fr\u00e5n bild)<br \/>\ncyls 2 (3,5 mm fr\u00e5n bild)<\/p>\n<p><strong>A2N<\/strong><br \/>\ndelat regm b=4,6-4,7 mm<br \/>\nRT 7,2 x 1,4 mm svart (smalt)<br \/>\nRT 7,2 x 1,8 mm svart (brett)<br \/>\ncyls 1 (3,1 mm fr\u00e5n bild)<br \/>\ncyls 2 (3,2 mm fr\u00e5n bild)<br \/>\nhelt kn BS1 (2,8 mm)<\/p>\n","protected":false},"excerpt":{"rendered":"<p>Utgivningsdag 1999-11-18 F 2165 &#8211; 2166 10 x inrikes julpost, tv\u00e5 motiv Tryckta i 4 f\u00e4rger offset i 3:e Goebelpressen Omslaget \u00e4r tryckt i Giebelerpressen Inh\u00e4ftningen har gjorts i b\u00e5da h\u00e4ftesmaskinerna, vilket ger upphov till tv\u00e5 olika h\u00e4ftestyper Upplaga ok\u00e4nd &hellip; <a href=\"https:\/\/xn--hftessamlarna-bfb.se\/?page_id=1580\">Forts\u00e4tt l\u00e4sa <span class=\"meta-nav\">&rarr;<\/span><\/a><\/p>\n","protected":false},"author":1,"featured_media":0,"parent":2372,"menu_order":514,"comment_status":"open","ping_status":"open","template":"","meta":{"footnotes":""},"class_list":["post-1580","page","type-page","status-publish","hentry"],"_links":{"self":[{"href":"https:\/\/xn--hftessamlarna-bfb.se\/index.php?rest_route=\/wp\/v2\/pages\/1580","targetHints":{"allow":["GET"]}}],"collection":[{"href":"https:\/\/xn--hftessamlarna-bfb.se\/index.php?rest_route=\/wp\/v2\/pages"}],"about":[{"href":"https:\/\/xn--hftessamlarna-bfb.se\/index.php?rest_route=\/wp\/v2\/types\/page"}],"author":[{"embeddable":true,"href":"https:\/\/xn--hftessamlarna-bfb.se\/index.php?rest_route=\/wp\/v2\/users\/1"}],"replies":[{"embeddable":true,"href":"https:\/\/xn--hftessamlarna-bfb.se\/index.php?rest_route=%2Fwp%2Fv2%2Fcomments&post=1580"}],"version-history":[{"count":0,"href":"https:\/\/xn--hftessamlarna-bfb.se\/index.php?rest_route=\/wp\/v2\/pages\/1580\/revisions"}],"up":[{"embeddable":true,"href":"https:\/\/xn--hftessamlarna-bfb.se\/index.php?rest_route=\/wp\/v2\/pages\/2372"}],"wp:attachment":[{"href":"https:\/\/xn--hftessamlarna-bfb.se\/index.php?rest_route=%2Fwp%2Fv2%2Fmedia&parent=1580"}],"curies":[{"name":"wp","href":"https:\/\/api.w.org\/{rel}","templated":true}]}}