{"id":1564,"date":"2011-11-04T13:00:17","date_gmt":"2011-11-04T11:00:17","guid":{"rendered":"http:\/\/xn--hftessamlarna-bfb.se\/?page_id=1564"},"modified":"2014-01-22T16:05:40","modified_gmt":"2014-01-22T15:05:40","slug":"h501-nobel-1998","status":"publish","type":"page","link":"https:\/\/xn--hftessamlarna-bfb.se\/?page_id=1564","title":{"rendered":"H501 Nobel 1998"},"content":{"rendered":"<p><a href=\"http:\/\/xn--hftessamlarna-bfb.se\/?attachment_id=2808\" rel=\"attachment wp-att-2808\"><img loading=\"lazy\" decoding=\"async\" class=\"aligncenter size-full wp-image-2808\" title=\"H501\" alt=\"\" src=\"http:\/\/xn--hftessamlarna-bfb.se\/wp-content\/uploads\/H501.jpg\" width=\"960\" height=\"658\" srcset=\"https:\/\/xn--hftessamlarna-bfb.se\/wp-content\/uploads\/H501.jpg 960w, https:\/\/xn--hftessamlarna-bfb.se\/wp-content\/uploads\/H501-150x102.jpg 150w, https:\/\/xn--hftessamlarna-bfb.se\/wp-content\/uploads\/H501-300x205.jpg 300w, https:\/\/xn--hftessamlarna-bfb.se\/wp-content\/uploads\/H501-437x300.jpg 437w\" sizes=\"auto, (max-width: 960px) 100vw, 960px\" \/><\/a>Utgivningsdag 1998-10-03<br \/>\nF 2098 &#8211; 2099<br \/>\n4 x 6 kr, tv\u00e5 motiv<br \/>\nTryckta i 3 f\u00e4rger st\u00e5ltryck i 2:a Goebelpressen<br \/>\nInh\u00e4ftningen har gjorts i den 4:e h\u00e4ftesmaskinen<br \/>\n27 punkters streckperforering i rygg<br \/>\nUpplaga ok\u00e4nd<\/p>\n<h2>Markeringar<\/h2>\n<p>delat regm<br \/>\nRT 8 x 2 mm svart<br \/>\ncyls 1<br \/>\ncyls 2<br \/>\nhelt kn G2b (3,3 mm)<\/p>\n","protected":false},"excerpt":{"rendered":"<p>Utgivningsdag 1998-10-03 F 2098 &#8211; 2099 4 x 6 kr, tv\u00e5 motiv Tryckta i 3 f\u00e4rger st\u00e5ltryck i 2:a Goebelpressen Inh\u00e4ftningen har gjorts i den 4:e h\u00e4ftesmaskinen 27 punkters streckperforering i rygg Upplaga ok\u00e4nd Markeringar delat regm RT 8 x &hellip; <a href=\"https:\/\/xn--hftessamlarna-bfb.se\/?page_id=1564\">Forts\u00e4tt l\u00e4sa <span class=\"meta-nav\">&rarr;<\/span><\/a><\/p>\n","protected":false},"author":1,"featured_media":0,"parent":2372,"menu_order":501,"comment_status":"open","ping_status":"open","template":"","meta":{"footnotes":""},"class_list":["post-1564","page","type-page","status-publish","hentry"],"_links":{"self":[{"href":"https:\/\/xn--hftessamlarna-bfb.se\/index.php?rest_route=\/wp\/v2\/pages\/1564","targetHints":{"allow":["GET"]}}],"collection":[{"href":"https:\/\/xn--hftessamlarna-bfb.se\/index.php?rest_route=\/wp\/v2\/pages"}],"about":[{"href":"https:\/\/xn--hftessamlarna-bfb.se\/index.php?rest_route=\/wp\/v2\/types\/page"}],"author":[{"embeddable":true,"href":"https:\/\/xn--hftessamlarna-bfb.se\/index.php?rest_route=\/wp\/v2\/users\/1"}],"replies":[{"embeddable":true,"href":"https:\/\/xn--hftessamlarna-bfb.se\/index.php?rest_route=%2Fwp%2Fv2%2Fcomments&post=1564"}],"version-history":[{"count":0,"href":"https:\/\/xn--hftessamlarna-bfb.se\/index.php?rest_route=\/wp\/v2\/pages\/1564\/revisions"}],"up":[{"embeddable":true,"href":"https:\/\/xn--hftessamlarna-bfb.se\/index.php?rest_route=\/wp\/v2\/pages\/2372"}],"wp:attachment":[{"href":"https:\/\/xn--hftessamlarna-bfb.se\/index.php?rest_route=%2Fwp%2Fv2%2Fmedia&parent=1564"}],"curies":[{"name":"wp","href":"https:\/\/api.w.org\/{rel}","templated":true}]}}