{"id":1557,"date":"2011-11-04T12:54:47","date_gmt":"2011-11-04T10:54:47","guid":{"rendered":"http:\/\/xn--hftessamlarna-bfb.se\/?page_id=1557"},"modified":"2021-09-09T07:29:37","modified_gmt":"2021-09-09T06:29:37","slug":"h503-lingonkrans-och-azalea","status":"publish","type":"page","link":"https:\/\/xn--hftessamlarna-bfb.se\/?page_id=1557","title":{"rendered":"H503 Julpost 1998 \u2013 Lingonkrans och Azalea"},"content":{"rendered":"<p><a href=\"http:\/\/xn--hftessamlarna-bfb.se\/?attachment_id=2810\" rel=\"attachment wp-att-2810\"><img loading=\"lazy\" decoding=\"async\" class=\"aligncenter size-full wp-image-2810\" title=\"H503\" src=\"http:\/\/xn--hftessamlarna-bfb.se\/wp-content\/uploads\/H503.jpg\" alt=\"\" width=\"960\" height=\"654\" srcset=\"https:\/\/xn--hftessamlarna-bfb.se\/wp-content\/uploads\/H503.jpg 960w, https:\/\/xn--hftessamlarna-bfb.se\/wp-content\/uploads\/H503-150x102.jpg 150w, https:\/\/xn--hftessamlarna-bfb.se\/wp-content\/uploads\/H503-300x204.jpg 300w, https:\/\/xn--hftessamlarna-bfb.se\/wp-content\/uploads\/H503-440x300.jpg 440w\" sizes=\"auto, (max-width: 960px) 100vw, 960px\" \/><\/a>Utgivningsdag 1998-11-19<br \/>\nF 2104 &#8211; 2105<br \/>\n10 x 6 kr, tv\u00e5 motiv<br \/>\nTryckta i 4 f\u00e4rger offset i 3:e Goebelpressen<br \/>\nInh\u00e4ftningen har gjorts i den 5:e h\u00e4ftesmaskinen<br \/>\n22 punkters streckperforering i rygg<br \/>\nUpplaga ok\u00e4nd<\/p>\n<h2>Markeringar<\/h2>\n<p>RT 7,2 x 1,4 mm svart (smalt)<br \/>\nRT 7,2 x 1,8 mm svart (brett)<br \/>\ncyls 1 p\u00e5 KR<br \/>\ncyls 2 p\u00e5 KR<br \/>\nhelt kn G3 (3 mm)<\/p>\n","protected":false},"excerpt":{"rendered":"<p>Utgivningsdag 1998-11-19 F 2104 &#8211; 2105 10 x 6 kr, tv\u00e5 motiv Tryckta i 4 f\u00e4rger offset i 3:e Goebelpressen Inh\u00e4ftningen har gjorts i den 5:e h\u00e4ftesmaskinen 22 punkters streckperforering i rygg Upplaga ok\u00e4nd Markeringar RT 7,2 x 1,4 mm &hellip; <a href=\"https:\/\/xn--hftessamlarna-bfb.se\/?page_id=1557\">Forts\u00e4tt l\u00e4sa <span class=\"meta-nav\">&rarr;<\/span><\/a><\/p>\n","protected":false},"author":1,"featured_media":0,"parent":2372,"menu_order":503,"comment_status":"open","ping_status":"open","template":"","meta":{"footnotes":""},"class_list":["post-1557","page","type-page","status-publish","hentry"],"_links":{"self":[{"href":"https:\/\/xn--hftessamlarna-bfb.se\/index.php?rest_route=\/wp\/v2\/pages\/1557","targetHints":{"allow":["GET"]}}],"collection":[{"href":"https:\/\/xn--hftessamlarna-bfb.se\/index.php?rest_route=\/wp\/v2\/pages"}],"about":[{"href":"https:\/\/xn--hftessamlarna-bfb.se\/index.php?rest_route=\/wp\/v2\/types\/page"}],"author":[{"embeddable":true,"href":"https:\/\/xn--hftessamlarna-bfb.se\/index.php?rest_route=\/wp\/v2\/users\/1"}],"replies":[{"embeddable":true,"href":"https:\/\/xn--hftessamlarna-bfb.se\/index.php?rest_route=%2Fwp%2Fv2%2Fcomments&post=1557"}],"version-history":[{"count":0,"href":"https:\/\/xn--hftessamlarna-bfb.se\/index.php?rest_route=\/wp\/v2\/pages\/1557\/revisions"}],"up":[{"embeddable":true,"href":"https:\/\/xn--hftessamlarna-bfb.se\/index.php?rest_route=\/wp\/v2\/pages\/2372"}],"wp:attachment":[{"href":"https:\/\/xn--hftessamlarna-bfb.se\/index.php?rest_route=%2Fwp%2Fv2%2Fmedia&parent=1557"}],"curies":[{"name":"wp","href":"https:\/\/api.w.org\/{rel}","templated":true}]}}