{"id":1551,"date":"2011-11-04T12:48:39","date_gmt":"2011-11-04T10:48:39","guid":{"rendered":"http:\/\/xn--hftessamlarna-bfb.se\/?page_id=1551"},"modified":"2022-05-06T07:25:33","modified_gmt":"2022-05-06T06:25:33","slug":"h505-glad-pask-1999","status":"publish","type":"page","link":"https:\/\/xn--hftessamlarna-bfb.se\/?page_id=1551","title":{"rendered":"H505 Glad P\u00e5sk 1999"},"content":{"rendered":"<p><a href=\"http:\/\/xn--hftessamlarna-bfb.se\/?attachment_id=2813\" rel=\"attachment wp-att-2813\"><img loading=\"lazy\" decoding=\"async\" class=\"aligncenter size-full wp-image-2813\" title=\"H505\" src=\"http:\/\/xn--hftessamlarna-bfb.se\/wp-content\/uploads\/H505.jpg\" alt=\"\" width=\"960\" height=\"657\" srcset=\"https:\/\/xn--hftessamlarna-bfb.se\/wp-content\/uploads\/H505.jpg 960w, https:\/\/xn--hftessamlarna-bfb.se\/wp-content\/uploads\/H505-150x102.jpg 150w, https:\/\/xn--hftessamlarna-bfb.se\/wp-content\/uploads\/H505-300x205.jpg 300w, https:\/\/xn--hftessamlarna-bfb.se\/wp-content\/uploads\/H505-438x300.jpg 438w\" sizes=\"auto, (max-width: 960px) 100vw, 960px\" \/><\/a>Utgivningsdag 1999-01-14<br \/>\nF 2113 &#8211; 2114<br \/>\n6 x inrikes brev, tv\u00e5 motiv<br \/>\nTryckta i 4 f\u00e4rger offset i 3:e Goebelpressen<br \/>\nInh\u00e4ftningen har gjorts i den 5:e h\u00e4ftesmaskinen<br \/>\n22 punkters streckperforering i rygg<br \/>\nUpplaga ok\u00e4nd<\/p>\n<h2>Markeringar<\/h2>\n<div id=\"attachment_6083\" style=\"width: 310px\" class=\"wp-caption alignnone\"><a href=\"https:\/\/xn--hftessamlarna-bfb.se\/wp-content\/uploads\/H505info.jpg\"><img loading=\"lazy\" decoding=\"async\" aria-describedby=\"caption-attachment-6083\" class=\"size-medium wp-image-6083\" src=\"https:\/\/xn--hftessamlarna-bfb.se\/wp-content\/uploads\/H505info-300x234.jpg\" alt=\"\" width=\"300\" height=\"234\" srcset=\"https:\/\/xn--hftessamlarna-bfb.se\/wp-content\/uploads\/H505info-300x234.jpg 300w, https:\/\/xn--hftessamlarna-bfb.se\/wp-content\/uploads\/H505info-150x117.jpg 150w, https:\/\/xn--hftessamlarna-bfb.se\/wp-content\/uploads\/H505info-385x300.jpg 385w, https:\/\/xn--hftessamlarna-bfb.se\/wp-content\/uploads\/H505info.jpg 600w\" sizes=\"auto, (max-width: 300px) 100vw, 300px\" \/><\/a><p id=\"caption-attachment-6083\" class=\"wp-caption-text\">s\u00e5 skiljer man R och N<\/p><\/div>\n<p><strong>R<\/strong><br \/>\nb=6,1 mm<br \/>\nRT 7,2 x 1,4 mm svart (smalt)<br \/>\nRT 7,2 x 1,8 mm svart (brett), delat RT f\u00f6rekommer<br \/>\ncyls 1<br \/>\ncyls 2<\/p>\n<p><strong>N<\/strong><br \/>\nb=5,7 mm<br \/>\nRT 7,2 x 1,4 mm svart (smalt)<br \/>\nRT 7,2 x 1,8 mm svart (brett), delat RT f\u00f6rekommer<br \/>\ncyls 1<br \/>\ncyls 2<br \/>\nhelt kn G3 (3 mm)<\/p>\n<h2>\u00d6vrigt<\/h2>\n<p>Etikett Glad P\u00e5sk 2000. Sattes p\u00e5 \u00e5r 2000 eftersom man inte utgav nya p\u00e5skm\u00e4rken. Observera att alternativ placering finns. En del postkontor delade ut etiketterna till kunderna.<\/p>\n<div id=\"attachment_2812\" style=\"width: 356px\" class=\"wp-caption alignleft\"><a href=\"http:\/\/xn--hftessamlarna-bfb.se\/?attachment_id=2812\" rel=\"attachment wp-att-2812\"><img loading=\"lazy\" decoding=\"async\" aria-describedby=\"caption-attachment-2812\" class=\" wp-image-2812  \" title=\"h505gp2000\" src=\"http:\/\/xn--hftessamlarna-bfb.se\/wp-content\/uploads\/h505gp2000.jpg\" alt=\"\" width=\"346\" height=\"229\" srcset=\"https:\/\/xn--hftessamlarna-bfb.se\/wp-content\/uploads\/h505gp2000.jpg 960w, https:\/\/xn--hftessamlarna-bfb.se\/wp-content\/uploads\/h505gp2000-150x99.jpg 150w, https:\/\/xn--hftessamlarna-bfb.se\/wp-content\/uploads\/h505gp2000-300x199.jpg 300w, https:\/\/xn--hftessamlarna-bfb.se\/wp-content\/uploads\/h505gp2000-452x300.jpg 452w\" sizes=\"auto, (max-width: 346px) 100vw, 346px\" \/><\/a><p id=\"caption-attachment-2812\" class=\"wp-caption-text\">Variant med etikett &#8221;Glad P\u00e5sk 2000&#8221;<\/p><\/div>\n","protected":false},"excerpt":{"rendered":"<p>Utgivningsdag 1999-01-14 F 2113 &#8211; 2114 6 x inrikes brev, tv\u00e5 motiv Tryckta i 4 f\u00e4rger offset i 3:e Goebelpressen Inh\u00e4ftningen har gjorts i den 5:e h\u00e4ftesmaskinen 22 punkters streckperforering i rygg Upplaga ok\u00e4nd Markeringar R b=6,1 mm RT 7,2 &hellip; <a href=\"https:\/\/xn--hftessamlarna-bfb.se\/?page_id=1551\">Forts\u00e4tt l\u00e4sa <span class=\"meta-nav\">&rarr;<\/span><\/a><\/p>\n","protected":false},"author":1,"featured_media":0,"parent":2372,"menu_order":505,"comment_status":"open","ping_status":"open","template":"","meta":{"footnotes":""},"class_list":["post-1551","page","type-page","status-publish","hentry"],"_links":{"self":[{"href":"https:\/\/xn--hftessamlarna-bfb.se\/index.php?rest_route=\/wp\/v2\/pages\/1551","targetHints":{"allow":["GET"]}}],"collection":[{"href":"https:\/\/xn--hftessamlarna-bfb.se\/index.php?rest_route=\/wp\/v2\/pages"}],"about":[{"href":"https:\/\/xn--hftessamlarna-bfb.se\/index.php?rest_route=\/wp\/v2\/types\/page"}],"author":[{"embeddable":true,"href":"https:\/\/xn--hftessamlarna-bfb.se\/index.php?rest_route=\/wp\/v2\/users\/1"}],"replies":[{"embeddable":true,"href":"https:\/\/xn--hftessamlarna-bfb.se\/index.php?rest_route=%2Fwp%2Fv2%2Fcomments&post=1551"}],"version-history":[{"count":0,"href":"https:\/\/xn--hftessamlarna-bfb.se\/index.php?rest_route=\/wp\/v2\/pages\/1551\/revisions"}],"up":[{"embeddable":true,"href":"https:\/\/xn--hftessamlarna-bfb.se\/index.php?rest_route=\/wp\/v2\/pages\/2372"}],"wp:attachment":[{"href":"https:\/\/xn--hftessamlarna-bfb.se\/index.php?rest_route=%2Fwp%2Fv2%2Fmedia&parent=1551"}],"curies":[{"name":"wp","href":"https:\/\/api.w.org\/{rel}","templated":true}]}}