{"id":1533,"date":"2011-11-04T11:34:49","date_gmt":"2011-11-04T09:34:49","guid":{"rendered":"http:\/\/xn--hftessamlarna-bfb.se\/?page_id=1533"},"modified":"2014-01-08T12:08:53","modified_gmt":"2014-01-08T11:08:53","slug":"sh37-bananer","status":"publish","type":"page","link":"https:\/\/xn--hftessamlarna-bfb.se\/?page_id=1533","title":{"rendered":"SH37 Bananer"},"content":{"rendered":"<p><a href=\"http:\/\/xn--hftessamlarna-bfb.se\/?attachment_id=1656\" rel=\"attachment wp-att-1656\"><img loading=\"lazy\" decoding=\"async\" class=\"aligncenter size-full wp-image-1656\" title=\"SH37\" alt=\"\" src=\"http:\/\/xn--hftessamlarna-bfb.se\/wp-content\/uploads\/SH37.jpg\" width=\"960\" height=\"654\" srcset=\"https:\/\/xn--hftessamlarna-bfb.se\/wp-content\/uploads\/SH37.jpg 960w, https:\/\/xn--hftessamlarna-bfb.se\/wp-content\/uploads\/SH37-150x102.jpg 150w, https:\/\/xn--hftessamlarna-bfb.se\/wp-content\/uploads\/SH37-300x204.jpg 300w, https:\/\/xn--hftessamlarna-bfb.se\/wp-content\/uploads\/SH37-440x300.jpg 440w\" sizes=\"auto, (max-width: 960px) 100vw, 960px\" \/><\/a>Utgivningsdag 2009-03-26<br \/>\nF 2706 &#8211; 2709<br \/>\n10 x inrikes brev,\u00a0fyra motiv<br \/>\nFrim\u00e4rkena trycktes i\u00a0fyra f\u00e4rger offset<br \/>\n57,7 mm breda, 13 inlagor\/varv<\/p>\n<h2>Typer<\/h2>\n<p>H\u00e4ftet har 29 punkters vikperforering (perf 10) slagen fr\u00e5n frim\u00e4rkssidan, PI<\/p>\n<h2>Markeringar<\/h2>\n<p>FM i nedre kant efter kn<br \/>\ncyls 1 (i nedre kant, ej cyls p\u00e5 band med kn 0*****)<br \/>\ncyls 2 (i nedre kant, ej cyls p\u00e5 band med kn 0*****)<br \/>\nkn kan vara v\u00e4nsterplacerad<\/p>\n<div id=\"attachment_3758\" style=\"width: 263px\" class=\"wp-caption alignleft\"><a href=\"http:\/\/xn--hftessamlarna-bfb.se\/?attachment_id=3758\" rel=\"attachment wp-att-3758\"><img loading=\"lazy\" decoding=\"async\" aria-describedby=\"caption-attachment-3758\" class=\" wp-image-3758 \" alt=\"SH37knv\" src=\"http:\/\/xn--hftessamlarna-bfb.se\/wp-content\/uploads\/SH37knv.jpg\" width=\"253\" height=\"143\" srcset=\"https:\/\/xn--hftessamlarna-bfb.se\/wp-content\/uploads\/SH37knv.jpg 704w, https:\/\/xn--hftessamlarna-bfb.se\/wp-content\/uploads\/SH37knv-150x85.jpg 150w, https:\/\/xn--hftessamlarna-bfb.se\/wp-content\/uploads\/SH37knv-300x170.jpg 300w, https:\/\/xn--hftessamlarna-bfb.se\/wp-content\/uploads\/SH37knv-500x283.jpg 500w\" sizes=\"auto, (max-width: 253px) 100vw, 253px\" \/><\/a><p id=\"caption-attachment-3758\" class=\"wp-caption-text\">Olika placering av kn<\/p><\/div>\n<p>&nbsp;<\/p>\n<h2>K\u00e4nda kombinationer<\/h2>\n<p><a href=\"http:\/\/xn--hftessamlarna-bfb.se\/?attachment_id=4075\" rel=\"attachment wp-att-4075\"><img loading=\"lazy\" decoding=\"async\" class=\"alignleft size-full wp-image-4075\" alt=\"SH37tabell\" src=\"http:\/\/xn--hftessamlarna-bfb.se\/wp-content\/uploads\/SH37tabell.jpg\" width=\"2100\" height=\"646\" srcset=\"https:\/\/xn--hftessamlarna-bfb.se\/wp-content\/uploads\/SH37tabell.jpg 2100w, https:\/\/xn--hftessamlarna-bfb.se\/wp-content\/uploads\/SH37tabell-150x46.jpg 150w, https:\/\/xn--hftessamlarna-bfb.se\/wp-content\/uploads\/SH37tabell-300x92.jpg 300w, https:\/\/xn--hftessamlarna-bfb.se\/wp-content\/uploads\/SH37tabell-1024x315.jpg 1024w, https:\/\/xn--hftessamlarna-bfb.se\/wp-content\/uploads\/SH37tabell-500x153.jpg 500w\" sizes=\"auto, (max-width: 2100px) 100vw, 2100px\" \/><\/a><\/p>\n<h2>Fakta om utgivningen<\/h2>\n<p>Arket \u00e4r tryckt i tv\u00e5 band i offset i G8. Det inneh\u00e5ller tio val\u00f6rl\u00f6sa m\u00e4rken som \u00e4r avsedda f\u00f6r inrikes brev. Det har bredden 5,83cm, varf\u00f6r det g\u00e5r 13 (x2) p\u00e5 ett cylindervarv. P\u00e5 det \u00f6vre bandet finns cylindersiffror och kontrollnummer, som b\u00f6rjar p\u00e5 fem. P\u00e5 det nedre bandet b\u00f6rjar kontrollnummer p\u00e5 noll. Numren finns p\u00e5 vart tionde ark och har sex siffror. Efter de som slutar p\u00e5 noll eller fem finns fyrkantig femtiomarkering med 7&#215;12 punkter. Den ena cylindersiffran \u00e4r f\u00f6rskjuten s\u00e5 att b\u00e5da \u00e4r hela och centralt placerade. P\u00e5 det nedre bandet finns en kombination FM+KN i varje bunt om 50 ark.<\/p>\n<p>En svit p\u00e5 1300 ark fr\u00e5n det \u00f6vre bandet inneh\u00e5ller fyra tripplar, t. ex.:<br \/>\n507325+cyls 1, 507340+cyls 2, 507390+cyls 1, 507405+cyls 2.<br \/>\nDet finns ocks\u00e5 \u00e5tta cyls 1+KN, \u00e5tta cyls 2+KN och nio FM+KN.<br \/>\nDet tycks som de olika kombinationerna blir ganska sv\u00e5ra.<\/p>\n<h2>Bananhistoria och banankonsumtion<\/h2>\n<p>Visste du att bananen h\u00e4rstammar fr\u00e5n Sydostasiens djungler? Redan p\u00e5 600-talet f Kr omn\u00e4mndes bananen i buddhistiska texter. H\u00e4r f\u00f6ljer fler intressanta uppgifter om bananen.<\/p>\n<ul>\n<li>Via Afrika kom bananen till Kanarie\u00f6arna. H\u00e4r anlade portugiserna p\u00e5 1400-talet de f\u00f6rsta bananplantagerna i v\u00e4stv\u00e4rlden.<\/li>\n<li>\u00c5r 1516 tog Panamas biskop med sig bananplantor fr\u00e5n Kanarie\u00f6arna till den region som idag \u00e4r v\u00e4rldens ledande producent av bananer, Central- och Sydamerika.<\/li>\n<li>Under medeltiden trodde man att bananen var kunskapens frukt. D\u00e4rav namnet Musa Paradisiaca som Carl von Linn\u00e9 gav en av banansorterna.<\/li>\n<li>I mitten av 1800-talet odlades bananenfr\u00e4mst f\u00f6r husbehov p\u00e5 de V\u00e4stindiska \u00f6arna och l\u00e4ngs Centralamerikas kuster. I slutet av seklet startade entrepren\u00f6rer odlingar i st\u00f6rre skala baserat p\u00e5 rationella metoder.<\/li>\n<li>Det engelska bolaget Eldars &amp; Fyffes transporterade bananer i l\u00e5dor konstruerade av norrmannen Christian Matthiessen. Han nappade p\u00e5 bolagets f\u00f6rslag 1905 att importera bananer till Norge.<\/li>\n<li>Christian Matthiessen var lockad av den svenska marknaden. 1909 slog hans son<br \/>\nCarl till med G\u00f6teborgsbaserade The Banana Company, senare kallat AB Banan-Kompaniet.<\/li>\n<li>1909 anl\u00e4nde den f\u00f6rsta bananb\u00e5ten till G\u00f6teborgs hamn. Intresset f\u00f6r bananen v\u00e4xte och n\u00e5gra \u00e5r senare etablerade bolaget lager i Stockholm och Malm\u00f6.<\/li>\n<li>1920 s\u00e5lde AB Banan-Kompaniet ca 465 ton bananer, 1930 hade f\u00f6rs\u00e4ljningen mer \u00e4n tjugofaldigats till n\u00e4rmare 10 500 ton.<\/li>\n<li>Under andra v\u00e4rldskriget blev det stopp f\u00f6r all bananimport till Sverige.<\/li>\n<li>Svenskarnas banankonsumtion l\u00e5g under 1970-talet p\u00e5 ca 9 kilo per person. Under de f\u00f6ljande decennierna drev h\u00e4lsov\u00e5gen p\u00e5 konsumtionen som 1998 var hela 17 kilo per person. H\u00f6gsta siffran i v\u00e4stv\u00e4rlden!<\/li>\n<li>Bananen inneh\u00e5ller mycket nyttigt. Under skalet finns vitaminerna A, B2, B3, B6 och C samt bl a mineralerna selen, kalcium, magnesium, j\u00e4rn och kalium.<\/li>\n<\/ul>\n","protected":false},"excerpt":{"rendered":"<p>Utgivningsdag 2009-03-26 F 2706 &#8211; 2709 10 x inrikes brev,\u00a0fyra motiv Frim\u00e4rkena trycktes i\u00a0fyra f\u00e4rger offset 57,7 mm breda, 13 inlagor\/varv Typer H\u00e4ftet har 29 punkters vikperforering (perf 10) slagen fr\u00e5n frim\u00e4rkssidan, PI Markeringar FM i nedre kant efter kn &hellip; <a href=\"https:\/\/xn--hftessamlarna-bfb.se\/?page_id=1533\">Forts\u00e4tt l\u00e4sa <span class=\"meta-nav\">&rarr;<\/span><\/a><\/p>\n","protected":false},"author":1,"featured_media":0,"parent":307,"menu_order":37,"comment_status":"open","ping_status":"open","template":"","meta":{"footnotes":""},"class_list":["post-1533","page","type-page","status-publish","hentry"],"_links":{"self":[{"href":"https:\/\/xn--hftessamlarna-bfb.se\/index.php?rest_route=\/wp\/v2\/pages\/1533","targetHints":{"allow":["GET"]}}],"collection":[{"href":"https:\/\/xn--hftessamlarna-bfb.se\/index.php?rest_route=\/wp\/v2\/pages"}],"about":[{"href":"https:\/\/xn--hftessamlarna-bfb.se\/index.php?rest_route=\/wp\/v2\/types\/page"}],"author":[{"embeddable":true,"href":"https:\/\/xn--hftessamlarna-bfb.se\/index.php?rest_route=\/wp\/v2\/users\/1"}],"replies":[{"embeddable":true,"href":"https:\/\/xn--hftessamlarna-bfb.se\/index.php?rest_route=%2Fwp%2Fv2%2Fcomments&post=1533"}],"version-history":[{"count":0,"href":"https:\/\/xn--hftessamlarna-bfb.se\/index.php?rest_route=\/wp\/v2\/pages\/1533\/revisions"}],"up":[{"embeddable":true,"href":"https:\/\/xn--hftessamlarna-bfb.se\/index.php?rest_route=\/wp\/v2\/pages\/307"}],"wp:attachment":[{"href":"https:\/\/xn--hftessamlarna-bfb.se\/index.php?rest_route=%2Fwp%2Fv2%2Fmedia&parent=1533"}],"curies":[{"name":"wp","href":"https:\/\/api.w.org\/{rel}","templated":true}]}}