{"id":1526,"date":"2011-11-04T11:25:01","date_gmt":"2011-11-04T09:25:01","guid":{"rendered":"http:\/\/xn--hftessamlarna-bfb.se\/?page_id=1526"},"modified":"2020-12-25T15:30:20","modified_gmt":"2020-12-25T14:30:20","slug":"h587-hastsport","status":"publish","type":"page","link":"https:\/\/xn--hftessamlarna-bfb.se\/?page_id=1526","title":{"rendered":"H587 H\u00e4stsport"},"content":{"rendered":"<p><a href=\"http:\/\/xn--hftessamlarna-bfb.se\/?attachment_id=1727\" rel=\"attachment wp-att-1727\"><img loading=\"lazy\" decoding=\"async\" class=\"aligncenter size-full wp-image-1727\" title=\"H587\" src=\"http:\/\/xn--hftessamlarna-bfb.se\/wp-content\/uploads\/H587.jpg\" alt=\"\" width=\"686\" height=\"375\" srcset=\"https:\/\/xn--hftessamlarna-bfb.se\/wp-content\/uploads\/H587.jpg 686w, https:\/\/xn--hftessamlarna-bfb.se\/wp-content\/uploads\/H587-150x81.jpg 150w, https:\/\/xn--hftessamlarna-bfb.se\/wp-content\/uploads\/H587-300x163.jpg 300w, https:\/\/xn--hftessamlarna-bfb.se\/wp-content\/uploads\/H587-500x273.jpg 500w\" sizes=\"auto, (max-width: 686px) 100vw, 686px\" \/><\/a>Utgivningsdag 2011-08-25<br \/>\nF 2846 &#8211; 2850<br \/>\n10 x 6 kr, fem motiv<br \/>\nKombinationstryck G:5 frim\u00e4rken, G8 omslag. Frim\u00e4rken 4 offset + 1 st\u00e5l, omslag 4 + 1 offset (4 p\u00e5 utsidan, 1 p\u00e5 insidan).<br \/>\n17 h\u00e4ften per varv * 1 band.<br \/>\nFinns bara KN som b\u00f6rjar p\u00e5 0.<\/p>\n<h2>Markeringar<\/h2>\n<p>centralt regm<br \/>\nRT 7,2 x 1,8 mm svart<br \/>\ncyls 1<br \/>\ncyls 2 fot\/slinga<br \/>\nHelt 6-siffrigt kn BS<\/p>\n<h2>Inrikes 1:a klassbrev<\/h2>\n<p>P\u00e5 omslaget st\u00e5r &#8221;Inrikes 1:a klassbrev&#8221;. P\u00e5 frim\u00e4rket st\u00e5r 6:-. Posten har gett\u00a0 f\u00f6ljande f\u00f6rklaring: \u201dN\u00e4r frim\u00e4rkena s\u00e5ldes var priset p\u00e5 inrikes brev 6kr. En liten m\u00e4nsklig miss att text har tagits fr\u00e5n ett h\u00e4fte med val\u00f6rl\u00f6sa frim\u00e4rken.\u201d<\/p>\n<h2>Mer fakta om utgivningen<\/h2>\n<p>H\u00e4star och h\u00e4stsport betyder mycket, s\u00e5v\u00e4l ekonomiskt som kulturellt och socialt. I Sverige finns n\u00e4rmare 300.000 h\u00e4star och omkring en halv miljon m\u00e4nniskor \u00e4r p\u00e5 olika s\u00e4tt involverade i h\u00e4stsporten.Utg\u00e5ngspunkten f\u00f6r frim\u00e4rksutg\u00e5van var i f\u00f6rsta hand att uppm\u00e4rksamma h\u00e4star och de olika h\u00e4stsporterna ponnygalopp, trav, hoppning, f\u00e4ltt\u00e4vlan och dressyr. Men h\u00e4stsport \u00e4r f\u00f6rst\u00e5s inte bara h\u00e4star, utan ett resultat av m\u00e4nniskans och h\u00e4stens gemensamma anstr\u00e4ngningar ute p\u00e5 banan.<\/p>\n<p>K\u00e4nda kuskar och ryttare som Stig H Johansson (trav), Jan Brink (dressyr) och Malin Baryard Johnsson (hoppning) passerar revy p\u00e5 frim\u00e4rkena tillsammans med sina framg\u00e5ngsrika h\u00e4star. H\u00e4stsport \u00e4r ett stort och brett omr\u00e5de. Posten hade Svenska Ridsportf\u00f6rbundet och andra h\u00e4storganisationer som speaking partners i den omfattande processen att v\u00e4lja bilder. Denna dialog och samarbetet med duktiga h\u00e4stfotografer resulterade i detta fina och representativa urval motiv. Val\u00f6ren p\u00e5 frim\u00e4rkena H\u00e4stsport \u00e4r f\u00f6r inrikes brev och h\u00e4lsningar.<\/p>\n<p>Ponnygalopp representeras p\u00e5 frim\u00e4rket av h\u00e4sten Norrskenets Grim och jockeyn Ebba Stigenberg. F\u00f6rra \u00e5ret vann de ett championat. H\u00e4sten Briar och Jan Brink \u00e4r motivet p\u00e5 frim\u00e4rket Dressyr. Tillsammans gjorde de en enast\u00e5ende internationell karri\u00e4r. Gaston KLG \u00e4r en f\u00e4ltt\u00e4vlanh\u00e4st s\u00e5 n\u00e4ra det perfekta man kan komma. P\u00e5 frim\u00e4rket ses han med ryttaren Hannes Melin som ridit Gaston KLG i fyra \u00e5r. Malin Baryard Johnsson och Butterfly Flip rankades 2003 som v\u00e4rldens fr\u00e4msta ekipage i hoppning, och \u00e5ret efter var de med i svenska silverlaget i Athen-OS. Trav. Kusken Stig H Johansson och h\u00e4sten Victory Tilly.<\/p>\n","protected":false},"excerpt":{"rendered":"<p>Utgivningsdag 2011-08-25 F 2846 &#8211; 2850 10 x 6 kr, fem motiv Kombinationstryck G:5 frim\u00e4rken, G8 omslag. Frim\u00e4rken 4 offset + 1 st\u00e5l, omslag 4 + 1 offset (4 p\u00e5 utsidan, 1 p\u00e5 insidan). 17 h\u00e4ften per varv * 1 &hellip; <a href=\"https:\/\/xn--hftessamlarna-bfb.se\/?page_id=1526\">Forts\u00e4tt l\u00e4sa <span class=\"meta-nav\">&rarr;<\/span><\/a><\/p>\n","protected":false},"author":1,"featured_media":0,"parent":2372,"menu_order":587,"comment_status":"open","ping_status":"open","template":"","meta":{"footnotes":""},"class_list":["post-1526","page","type-page","status-publish","hentry"],"_links":{"self":[{"href":"https:\/\/xn--hftessamlarna-bfb.se\/index.php?rest_route=\/wp\/v2\/pages\/1526","targetHints":{"allow":["GET"]}}],"collection":[{"href":"https:\/\/xn--hftessamlarna-bfb.se\/index.php?rest_route=\/wp\/v2\/pages"}],"about":[{"href":"https:\/\/xn--hftessamlarna-bfb.se\/index.php?rest_route=\/wp\/v2\/types\/page"}],"author":[{"embeddable":true,"href":"https:\/\/xn--hftessamlarna-bfb.se\/index.php?rest_route=\/wp\/v2\/users\/1"}],"replies":[{"embeddable":true,"href":"https:\/\/xn--hftessamlarna-bfb.se\/index.php?rest_route=%2Fwp%2Fv2%2Fcomments&post=1526"}],"version-history":[{"count":0,"href":"https:\/\/xn--hftessamlarna-bfb.se\/index.php?rest_route=\/wp\/v2\/pages\/1526\/revisions"}],"up":[{"embeddable":true,"href":"https:\/\/xn--hftessamlarna-bfb.se\/index.php?rest_route=\/wp\/v2\/pages\/2372"}],"wp:attachment":[{"href":"https:\/\/xn--hftessamlarna-bfb.se\/index.php?rest_route=%2Fwp%2Fv2%2Fmedia&parent=1526"}],"curies":[{"name":"wp","href":"https:\/\/api.w.org\/{rel}","templated":true}]}}