{"id":1523,"date":"2011-11-04T11:22:53","date_gmt":"2011-11-04T09:22:53","guid":{"rendered":"http:\/\/xn--hftessamlarna-bfb.se\/?page_id=1523"},"modified":"2019-04-17T14:04:34","modified_gmt":"2019-04-17T13:04:34","slug":"h586-nackrosor","status":"publish","type":"page","link":"https:\/\/xn--hftessamlarna-bfb.se\/?page_id=1523","title":{"rendered":"H586 N\u00e4ckrosor"},"content":{"rendered":"<p><a href=\"http:\/\/xn--hftessamlarna-bfb.se\/?attachment_id=1778\" rel=\"attachment wp-att-1778\"><img loading=\"lazy\" decoding=\"async\" class=\"aligncenter size-full wp-image-1778\" title=\"H586\" src=\"http:\/\/xn--hftessamlarna-bfb.se\/wp-content\/uploads\/H586.jpg\" alt=\"\" width=\"960\" height=\"673\" srcset=\"https:\/\/xn--hftessamlarna-bfb.se\/wp-content\/uploads\/H586.jpg 960w, https:\/\/xn--hftessamlarna-bfb.se\/wp-content\/uploads\/H586-150x105.jpg 150w, https:\/\/xn--hftessamlarna-bfb.se\/wp-content\/uploads\/H586-300x210.jpg 300w, https:\/\/xn--hftessamlarna-bfb.se\/wp-content\/uploads\/H586-427x300.jpg 427w\" sizes=\"auto, (max-width: 960px) 100vw, 960px\" \/><\/a><\/p>\n<p>Utgivningsdag 2011-05-12<br \/>\nF 2842 &#8211; 2845<br \/>\n4 x 12 kr, fyra motiv<br \/>\nFrim\u00e4rkena trycktes i 4-f\u00e4rgs offset G:5, omslag 4-f\u00e4rgs UV offset + svart insida G:8.<br \/>\n62,5 mm\u00a0breda, 12 h\u00e4ften per varv * 2 band.<\/p>\n<p><strong>Ny indelning mars 2019<\/strong><\/p>\n<h2>Typer<\/h2>\n<p>H586 indelas i<\/p>\n<p><strong>:0<\/strong>\u00a0Kantremsa utan sp\u00e5r av perforeringsh\u00e5l, skall vara helt sl\u00e4t.<br \/>\n<strong>:1<\/strong>\u00a0Kantremsa med extra perforeringsh\u00e5l, inte helt utstansat eller sp\u00e5r av perforeringsh\u00e5l, oftast svagt.<\/p>\n<p>Det extra h\u00e5let finns p\u00e5 KR i f\u00f6rl\u00e4ngningen av den vertikala perforeringen, precis d\u00e4r n\u00e4sta perforeringsh\u00e5l skulle vara. Det extra h\u00e5let har gjorts av n\u00e5lar som inte blivit tillr\u00e4ckligt nedslipade. Det extra h\u00e5let \u00e4r ofta bara ett mm l\u00e5ngt snitt i KR. Det kan vara sv\u00e5rt att se framifr\u00e5n, speciellt om det sitter f\u00e4rg fr\u00e5n kn \u00f6ver det. Genomlysning avsl\u00f6jar oftast snittet i KR. Om man vill j\u00e4mf\u00f6ra med andra h\u00e4ften \u00e4r det ett extra h\u00e5l som p\u00e5minner om det som kan finnas p\u00e5 H362 Julpost 1985 \u2013 Albertus Pictor. Det extra h\u00e5let finns endast p\u00e5 bandet som saknar cyls och har kn (5). Vi har inte observerat H586 med kn (5) d\u00e4r h\u00e5let saknats, det vill s\u00e4ga vi har inte sett n\u00e5got H586:0 med kn (5).<\/p>\n<h2>Markeringar<\/h2>\n<p><strong>:0<\/strong>\u00a0utan extra h\u00e5l i KR<br \/>\nRT 7,2\u00d71,4 mm<br \/>\ncyls 1 (p\u00e5 KR, endast p\u00e5 ena halvan. med kn (0))<br \/>\ncyls 2 (p\u00e5 KR, endast p\u00e5 ena halvan, med kn (0))<br \/>\nhelt kn (0) BS<\/p>\n<p><strong>:1<\/strong>\u00a0med extra h\u00e5l i KR<br \/>\nRT 7,2\u00d71,4 mm<br \/>\nhelt kn (5) BS<\/p>\n<h2>Mer fakta om utgivningen<\/h2>\n<p>Fyra n\u00e4ckrosmotiv utformade av Inga-Karin Eriksson \u00e4r \u00e5rets sommarfrim\u00e4rken f\u00f6r h\u00e4lsningar fr\u00e5n Sverige till andra l\u00e4nder eller tyngre inrikes brev. N\u00e4ckrosen \u00e4r en fler\u00e5rig vattenv\u00e4xt och i v\u00e5rt land finns gula och vita n\u00e4ckrosor och den mycket s\u00e4llsynta r\u00f6da, som \u00e4r en variant av den vita.<\/p>\n<p>Bernhard Kjellmark var en botanikintresserad student som 1856 fick h\u00f6ra att det fanns r\u00f6da n\u00e4ckrosor i skogssj\u00f6n Fagert\u00e4rn i N\u00e4rke. Han tog sig dit genom Tivedens vildmark och plockade n\u00e5gra exemplar till sin professor i Uppsala. Kjellmarks fynd blev en botanisk sensation. Den r\u00f6da n\u00e4ckrosen v\u00e4xer fortfarande i Fagert\u00e4rn, och p\u00e5 n\u00e5gra andra platser i Sverige. V\u00e4xten \u00e4r en f\u00e4rgvariant av den vita n\u00e4ckrosen, ett resultat av en genetisk f\u00f6r\u00e4ndring en g\u00e5ng i tiden.<\/p>\n<p>N\u00e4ckrosv\u00e4xterna \u00e4r fler\u00e5riga vattenv\u00e4xter med stora flytblad, runda eller avl\u00e5nga. Inom familjen Nymphaeaceae, som n\u00e4ckrosv\u00e4xterna heter p\u00e5 latin, finns omkring 60 arter varav tre f\u00f6rekommer i Sverige. F\u00f6rr i tiden kn\u00f6ts n\u00e4ckrosen till v\u00e4sendet N\u00e4cken, och folk varnades f\u00f6r att bada d\u00e4r det v\u00e4xte n\u00e4ckrosor.<\/p>\n","protected":false},"excerpt":{"rendered":"<p>Utgivningsdag 2011-05-12 F 2842 &#8211; 2845 4 x 12 kr, fyra motiv Frim\u00e4rkena trycktes i 4-f\u00e4rgs offset G:5, omslag 4-f\u00e4rgs UV offset + svart insida G:8. 62,5 mm\u00a0breda, 12 h\u00e4ften per varv * 2 band. Ny indelning mars 2019 Typer &hellip; <a href=\"https:\/\/xn--hftessamlarna-bfb.se\/?page_id=1523\">Forts\u00e4tt l\u00e4sa <span class=\"meta-nav\">&rarr;<\/span><\/a><\/p>\n","protected":false},"author":1,"featured_media":0,"parent":2372,"menu_order":586,"comment_status":"open","ping_status":"open","template":"","meta":{"footnotes":""},"class_list":["post-1523","page","type-page","status-publish","hentry"],"_links":{"self":[{"href":"https:\/\/xn--hftessamlarna-bfb.se\/index.php?rest_route=\/wp\/v2\/pages\/1523","targetHints":{"allow":["GET"]}}],"collection":[{"href":"https:\/\/xn--hftessamlarna-bfb.se\/index.php?rest_route=\/wp\/v2\/pages"}],"about":[{"href":"https:\/\/xn--hftessamlarna-bfb.se\/index.php?rest_route=\/wp\/v2\/types\/page"}],"author":[{"embeddable":true,"href":"https:\/\/xn--hftessamlarna-bfb.se\/index.php?rest_route=\/wp\/v2\/users\/1"}],"replies":[{"embeddable":true,"href":"https:\/\/xn--hftessamlarna-bfb.se\/index.php?rest_route=%2Fwp%2Fv2%2Fcomments&post=1523"}],"version-history":[{"count":0,"href":"https:\/\/xn--hftessamlarna-bfb.se\/index.php?rest_route=\/wp\/v2\/pages\/1523\/revisions"}],"up":[{"embeddable":true,"href":"https:\/\/xn--hftessamlarna-bfb.se\/index.php?rest_route=\/wp\/v2\/pages\/2372"}],"wp:attachment":[{"href":"https:\/\/xn--hftessamlarna-bfb.se\/index.php?rest_route=%2Fwp%2Fv2%2Fmedia&parent=1523"}],"curies":[{"name":"wp","href":"https:\/\/api.w.org\/{rel}","templated":true}]}}