{"id":1517,"date":"2011-11-04T11:16:36","date_gmt":"2011-11-04T09:16:36","guid":{"rendered":"http:\/\/xn--hftessamlarna-bfb.se\/?page_id=1517"},"modified":"2014-10-13T13:31:06","modified_gmt":"2014-10-13T12:31:06","slug":"h584-romaner-om-brott","status":"publish","type":"page","link":"https:\/\/xn--hftessamlarna-bfb.se\/?page_id=1517","title":{"rendered":"H584 Romaner om brott"},"content":{"rendered":"<p><a href=\"http:\/\/xn--hftessamlarna-bfb.se\/wp-content\/uploads\/H584.jpg\" rel=\"attachment wp-att-1712\"><img loading=\"lazy\" decoding=\"async\" class=\"aligncenter wp-image-1712 size-full\" title=\"H584\" src=\"http:\/\/xn--hftessamlarna-bfb.se\/wp-content\/uploads\/H584.jpg\" alt=\"\" width=\"960\" height=\"610\" srcset=\"https:\/\/xn--hftessamlarna-bfb.se\/wp-content\/uploads\/H584.jpg 960w, https:\/\/xn--hftessamlarna-bfb.se\/wp-content\/uploads\/H584-150x95.jpg 150w, https:\/\/xn--hftessamlarna-bfb.se\/wp-content\/uploads\/H584-300x190.jpg 300w, https:\/\/xn--hftessamlarna-bfb.se\/wp-content\/uploads\/H584-472x300.jpg 472w\" sizes=\"auto, (max-width: 960px) 100vw, 960px\" \/><\/a>Utgivningsdag 2010-08-26<br \/>\nF 2793 &#8211; 2797<br \/>\n10 x 6 kr, fem motiv<br \/>\nTryckta i kombination 1 f\u00e4rg st\u00e5ltryck och 4 f\u00e4rger offset<br \/>\n27-punkters streckperforering<\/p>\n<h2>Markeringar<\/h2>\n<p>RT 7,2 x 1,8 mm svart<br \/>\ncyls 1<br \/>\ncyls 2<br \/>\nhelt kn BS, ny 6\/9, p\u00e5 mitten av h\u00f6ger kant, 75 breda, 10 inlagor\/varv, 1 kn\/varv<\/p>\n<h2>K\u00e4nda kombinationer<\/h2>\n<p><a href=\"http:\/\/xn--hftessamlarna-bfb.se\/wp-content\/uploads\/H584tabell.jpg\"><img loading=\"lazy\" decoding=\"async\" class=\"alignleft size-medium wp-image-4664\" src=\"http:\/\/xn--hftessamlarna-bfb.se\/wp-content\/uploads\/H584tabell-300x46.jpg\" alt=\"H584tabell\" width=\"300\" height=\"46\" srcset=\"https:\/\/xn--hftessamlarna-bfb.se\/wp-content\/uploads\/H584tabell-300x46.jpg 300w, https:\/\/xn--hftessamlarna-bfb.se\/wp-content\/uploads\/H584tabell-150x23.jpg 150w, https:\/\/xn--hftessamlarna-bfb.se\/wp-content\/uploads\/H584tabell-1024x160.jpg 1024w, https:\/\/xn--hftessamlarna-bfb.se\/wp-content\/uploads\/H584tabell-500x78.jpg 500w, https:\/\/xn--hftessamlarna-bfb.se\/wp-content\/uploads\/H584tabell.jpg 1054w\" sizes=\"auto, (max-width: 300px) 100vw, 300px\" \/><\/a><\/p>\n<h2>Fakta om utgivningen<\/h2>\n<p>Kontrollnumret \u00e4r placerat l\u00e4ngst ner i h\u00e4ftet och b\u00f6rjar alltid p\u00e5 0. Cyllindersiffran \u00e4r ocks\u00e5 placerat l\u00e4ngst ner i h\u00e4ftet. H\u00e4ftet har tryckts i 1 band med 10 st. per varv.<\/p>\n<p>Ulf Durling \u00e4r deckarf\u00f6rfattare och en av landets fr\u00e4msta experter p\u00e5 deckarlitteratur. Han menar att den fantastiska uppm\u00e4rksamhet och s\u00e4ljframg\u00e5ngar svenska kriminalromaner f\u00e5tt b\u00e5de h\u00e4r hemma och internationellt \u00e4r helt unikt inom bokbranschen.<br \/>\n\u2013 Jag kan inte hitta n\u00e5gon parallell. Och hemligheten bakom succ\u00e9n kan f\u00f6rklaras med att<br \/>\nkriminalromanerna blivit mer samh\u00e4llstillv\u00e4nda. Majoriteten av deckarl\u00e4sare k\u00e4nner igen sig i de krassa skildringarna av den moderna brottsligheten, som vi varje dag kan l\u00e4sa om n\u00e4r vi sl\u00e5r upp dagstidningarna, s\u00e4ger han.<\/p>\n<p>Den internationella uppm\u00e4rksamheten f\u00f6r svenska deckare kan ocks\u00e5 f\u00f6rklaras med att<br \/>\nSverige \u2013 m\u00e4rkligt nog \u2013 fortfarande upplevs som r\u00e4tt exotiskt av folk runt om i v\u00e4rlden.<br \/>\n\u201dIsbj\u00f6rnarna-p\u00e5-gatorna\u201d-syndromet lever vidare, nu i annan tappning.<br \/>\n\u2013 En av banbrytarna h\u00e4r var Henning Mankell som fick sitt kriminallitter\u00e4ra genombrott i b\u00f6rjan av 90-talet. Han har valt Sk\u00e5ne och trakten kring Ystad som arena f\u00f6r sina romaner med kommissarie Kurt Wallander som huvudperson.<\/p>\n<p>Andra f\u00f6rfattares landskap som figurerat \u00e4r Gotland, Fr\u00e5n att ha f\u00f6rt en tynande tillvaro i decennier fick den svenska deckargenren ett rej\u00e4lt uppsving p\u00e5 1990-talet. Hemligheten bakom lyftet var att romanerna utvecklats fr\u00e5n mer eller mindre orealistiska pusseldeckare till att bli samtidsinriktade, och en spegel av samh\u00e4llet. \u00d6land och Lappland d\u00e4r deckarna bidragit till turiststr\u00f6mmen.<\/p>\n<p>Flertalet svenska kriminalf\u00f6rfattare har f\u00f6rebilder och deras skildringar g\u00e5r att h\u00e4rleda ur<br \/>\nandra romaner. Till exempel hittade Maj Sj\u00f6wall och Per Wahl\u00f6\u00f6 en hel del inspiration i den<br \/>\namerikanska deckartraditionen. Till exempel Ed McBain. Men en av de f\u00f6rfattare som presenteras i frim\u00e4rksutg\u00e5van st\u00e5r mer sj\u00e4lvst\u00e4ndig, och det \u00e4r Stieg Larsson med sin m\u00e4rkliga huvudperson Lisbeth Salander.<br \/>\n\u2013 Larsson anv\u00e4nder det klassiska mytologiska temat \u201dSvinaherden som blev kung\u201d n\u00e4r han gestaltar Salander. Hon \u00e4r underdogen som blir \u00f6verm\u00e4nniska, genial hacker och mattesnille som hon \u00e4r. Den enskilda m\u00e4nniskan som triumferar \u00f6ver ett korrumperat<br \/>\nsamh\u00e4lle. En fascinerande person, s\u00e4ger Ulf Durling.<\/p>\n<h2>Perforeringar \u2013 b\u00e5de dekoration och s\u00e4kerhet<\/h2>\n<p>Fr\u00e5gan v\u00e4cktes tidigt i projektet, formgivaren ritade in \u00e5tta kulh\u00e5l och verkstadschefen Conny Walkin b\u00f6rjade r\u00e4kna.<\/p>\n<p>\u2013 Vi har en hel del erfarenhet av perforeringar inne i frim\u00e4rksbilderna. Premi\u00e4ren var 2004 d\u00e5 vi gjorde dekorativa perforeringar i h\u00e4ftet Rock 54-04. V\u00e5ra utl\u00e4ndska kunder har vid ett par tillf\u00e4llen best\u00e4llt specialperforering. Senast Kanada som ville ha nationalsymbolen l\u00f6nnl\u00f6v perforerat i frim\u00e4rkena Marint liv. Det \u00e4r nog den mest komplicerade perforering vi hittills gjort, s\u00e4ger han. Skotth\u00e5len var l\u00e4ttare, men kr\u00e4vde ocks\u00e5 en ber\u00e4kning s\u00e5 att diametern och placeringen inte riskerade papperets h\u00e5llfasthet. Conny Walkin anv\u00e4nder AutoCAD LT och ritade h\u00e5len med taggiga kanter i 50 g\u00e5ngers f\u00f6rstoring.<\/p>\n<p>\u2013 Min ritning anv\u00e4ndes vid tillverkningen av perforeringspl\u00e5ten, d\u00e4r \u201dh\u00e5len\u201d \u00e4r upph\u00f6jningar. Perforeringen g\u00e5r till s\u00e5 att papperet pressas mellan pl\u00e5ten och en snabbroterande rulle, som fr\u00e4ser ur h\u00e5len med en noggrannhet p\u00e5 n\u00e5gra hundradels millimeter. Aggregatet f\u00f6r perforeringen \u00e4r synkroniserat med tryckpressens hastighet 50 meter per minut. Perforeringarna har en dekorativ funktion, men kanske \u00e4nnu viktigare \u00e4r att de bidrar till s\u00e4kerheten i frim\u00e4rkstrycket och f\u00f6rsv\u00e5rar f\u00f6rfalskningsf\u00f6rs\u00f6k.<\/p>\n","protected":false},"excerpt":{"rendered":"<p>Utgivningsdag 2010-08-26 F 2793 &#8211; 2797 10 x 6 kr, fem motiv Tryckta i kombination 1 f\u00e4rg st\u00e5ltryck och 4 f\u00e4rger offset 27-punkters streckperforering Markeringar RT 7,2 x 1,8 mm svart cyls 1 cyls 2 helt kn BS, ny 6\/9, &hellip; <a href=\"https:\/\/xn--hftessamlarna-bfb.se\/?page_id=1517\">Forts\u00e4tt l\u00e4sa <span class=\"meta-nav\">&rarr;<\/span><\/a><\/p>\n","protected":false},"author":1,"featured_media":0,"parent":2372,"menu_order":584,"comment_status":"open","ping_status":"open","template":"","meta":{"footnotes":""},"class_list":["post-1517","page","type-page","status-publish","hentry"],"_links":{"self":[{"href":"https:\/\/xn--hftessamlarna-bfb.se\/index.php?rest_route=\/wp\/v2\/pages\/1517","targetHints":{"allow":["GET"]}}],"collection":[{"href":"https:\/\/xn--hftessamlarna-bfb.se\/index.php?rest_route=\/wp\/v2\/pages"}],"about":[{"href":"https:\/\/xn--hftessamlarna-bfb.se\/index.php?rest_route=\/wp\/v2\/types\/page"}],"author":[{"embeddable":true,"href":"https:\/\/xn--hftessamlarna-bfb.se\/index.php?rest_route=\/wp\/v2\/users\/1"}],"replies":[{"embeddable":true,"href":"https:\/\/xn--hftessamlarna-bfb.se\/index.php?rest_route=%2Fwp%2Fv2%2Fcomments&post=1517"}],"version-history":[{"count":0,"href":"https:\/\/xn--hftessamlarna-bfb.se\/index.php?rest_route=\/wp\/v2\/pages\/1517\/revisions"}],"up":[{"embeddable":true,"href":"https:\/\/xn--hftessamlarna-bfb.se\/index.php?rest_route=\/wp\/v2\/pages\/2372"}],"wp:attachment":[{"href":"https:\/\/xn--hftessamlarna-bfb.se\/index.php?rest_route=%2Fwp%2Fv2%2Fmedia&parent=1517"}],"curies":[{"name":"wp","href":"https:\/\/api.w.org\/{rel}","templated":true}]}}