{"id":1514,"date":"2011-11-04T11:14:24","date_gmt":"2011-11-04T09:14:24","guid":{"rendered":"http:\/\/xn--hftessamlarna-bfb.se\/?page_id=1514"},"modified":"2022-05-01T10:07:42","modified_gmt":"2022-05-01T09:07:42","slug":"h583-marint-liv","status":"publish","type":"page","link":"https:\/\/xn--hftessamlarna-bfb.se\/?page_id=1514","title":{"rendered":"H583 Marint liv"},"content":{"rendered":"<p><a href=\"http:\/\/xn--hftessamlarna-bfb.se\/?attachment_id=1691\" rel=\"attachment wp-att-1691\"><img loading=\"lazy\" decoding=\"async\" class=\"aligncenter size-full wp-image-1691\" title=\"H583\" src=\"http:\/\/xn--hftessamlarna-bfb.se\/wp-content\/uploads\/H583.jpg\" alt=\"\" width=\"521\" height=\"369\" srcset=\"https:\/\/xn--hftessamlarna-bfb.se\/wp-content\/uploads\/H583.jpg 521w, https:\/\/xn--hftessamlarna-bfb.se\/wp-content\/uploads\/H583-150x106.jpg 150w, https:\/\/xn--hftessamlarna-bfb.se\/wp-content\/uploads\/H583-300x212.jpg 300w, https:\/\/xn--hftessamlarna-bfb.se\/wp-content\/uploads\/H583-423x300.jpg 423w\" sizes=\"auto, (max-width: 521px) 100vw, 521px\" \/><\/a>Utgivningsdag 2010-05-13<br \/>\nF 2775 &#8211; 2778<br \/>\n4 x 12 kr,\u00a0fyra motiv<br \/>\nTryckta i G:5 kombination 2 f\u00e4rger st\u00e5ltryck och 3 f\u00e4rger offset<br \/>\n22-punkters streckperforering<br \/>\n62,5 mm\u00a0breda, 12 inlagor\/varv<br \/>\nSamutg\u00e5va med Kanada<\/p>\n<h2>Typer<\/h2>\n<p>H\u00e4ftet finns med tv\u00e5 olika omslag och med eller utan extra h\u00e5l i KR. En m\u00f6jlig uppdelning (som redan f\u00f6rekommer i auktionskataloger) kan vara:<\/p>\n<p><strong>A<\/strong> sl\u00e4tt omslag<br \/>\n<strong>:0<\/strong> Utan extra h\u00e5l p\u00e5 KR<br \/>\n<strong>:1<\/strong> Med extra h\u00e5l p\u00e5 KR<\/p>\n<p><strong>B<\/strong> punktm\u00f6nster p\u00e5 omslaget<br \/>\n<strong>:0<\/strong> Utan extra h\u00e5l p\u00e5 KR<\/p>\n<p><strong>B<\/strong> h\u00e4ftet \u00e4r betydligt mer s\u00e4llsynt \u00e4n <strong>A<\/strong> och bara k\u00e4nt utan extra h\u00e5l p\u00e5 KR<\/p>\n<h2>Markeringar<\/h2>\n<p><strong>A:0<\/strong><br \/>\nRT 7,2 x 1,8 mm svart<br \/>\ncyls 1 (p\u00e5 KR, endast p\u00e5 ena halvan. med kn 0*****)<br \/>\ncyls 2 (p\u00e5 KR, endast p\u00e5 ena halvan)<br \/>\nhelt kn BS<br \/>\nRTkn (k\u00e4nt med kn 022950)<\/p>\n<p><strong>A:1<\/strong><br \/>\nRT 7,2 x 1,8 mm svart<br \/>\ncyls 1 (p\u00e5 KR, endast p\u00e5 ena halvan. med kn 0*****)<br \/>\ncyls 2 (p\u00e5 KR, endast p\u00e5 ena halvan)<br \/>\nhelt kn BS<\/p>\n<p><strong>B:0<br \/>\n<\/strong>RT 7,2 x 1,8 mm svart<br \/>\ncyls 1 (p\u00e5 KR, endast p\u00e5 ena halvan. med kn 0*****)<br \/>\ncyls 2 (p\u00e5 KR, endast p\u00e5 ena halvan)<br \/>\nhelt kn BS<strong><br \/>\n<\/strong><\/p>\n<h2>\u00d6vrigt<\/h2>\n<p>Bl\u00e5 f\u00e4rgfl\u00e4ck\u00a0p\u00e5\u00a0IR<\/p>\n<h2>Fakta om utgivningen<\/h2>\n<p>Kontrollnumret \u00e4r placerat i kantremsan. B\u00e5da banden har kontrollnummer d.v.s. b\u00e5de 0 och 5 finns. Kontrollnummer med f\u00f6rsta siffra 0 finns i kombination med cyls. Cylindersiffran \u00e4r placerad l\u00e4ngst till h\u00f6ger i h\u00e4ftet i linje med KN-siffror. I mittperforeringens f\u00f6rl\u00e4ngning till h\u00f6ger i kantremsan kan det finnas ett skuret perforeringsh\u00e5l. Detta har funnits i h\u00e4ften med KN som b\u00f6rjar p\u00e5 0.<\/p>\n<h2>Havslevande djur i samutg\u00e5va med Kanada<\/h2>\n<p><a href=\"https:\/\/xn--hftessamlarna-bfb.se\/wp-content\/uploads\/H-0583-CA-2010.jpg\"><img loading=\"lazy\" decoding=\"async\" class=\"alignnone wp-image-6389 size-large\" src=\"https:\/\/xn--hftessamlarna-bfb.se\/wp-content\/uploads\/H-0583-CA-2010-1024x819.jpg\" alt=\"\" width=\"584\" height=\"467\" srcset=\"https:\/\/xn--hftessamlarna-bfb.se\/wp-content\/uploads\/H-0583-CA-2010-1024x819.jpg 1024w, https:\/\/xn--hftessamlarna-bfb.se\/wp-content\/uploads\/H-0583-CA-2010-300x240.jpg 300w, https:\/\/xn--hftessamlarna-bfb.se\/wp-content\/uploads\/H-0583-CA-2010-150x120.jpg 150w, https:\/\/xn--hftessamlarna-bfb.se\/wp-content\/uploads\/H-0583-CA-2010-768x614.jpg 768w, https:\/\/xn--hftessamlarna-bfb.se\/wp-content\/uploads\/H-0583-CA-2010-375x300.jpg 375w, https:\/\/xn--hftessamlarna-bfb.se\/wp-content\/uploads\/H-0583-CA-2010.jpg 1200w\" sizes=\"auto, (max-width: 584px) 100vw, 584px\" \/><\/a><br \/>\nI de bl\u00e5gr\u00f6na v\u00e5gor formgivaren och grav\u00f6ren Martin M\u00f6rck s\u00e5 elegant placerat som ett genomg\u00e5ende formtema i utg\u00e5van simmar tumlaren, vikaren, havsuttern och bl\u00e5valen.<\/p>\n<p>Den v\u00e4ldiga <strong>bl\u00e5valen<\/strong> (Balaenoptera musculus) v\u00e4ltrar sin l\u00e5nga och kraftiga kropp majest\u00e4tiskt i vattenmassorna. Bl\u00e5val (maxvikt 200 ton) \u00e4r det st\u00f6rsta djuret p\u00e5 jorden och kan i storlek v\u00e4l m\u00e4ta sig med de allra st\u00f6rsta dinosauriearterna. L\u00e4ngden kan \u00f6verstiga 30 meter. Bl\u00e5valen finns i alla oceaner och n\u00e4r sommaren n\u00e4rmar sig s\u00f6ker den sig till kallare vatten kring Arktis och Antarktis.<\/p>\n<p><strong>Tumlaren<\/strong> (Phocoena phocoena) tillh\u00f6r ocks\u00e5 sl\u00e4ktet valar, n\u00e4rmare best\u00e4mt tandvalar. Det som skiljer tumlaren fr\u00e5n delfinen \u00e4r plattare t\u00e4nder och trubbig nos. Tumlaren finns i alla v\u00e4rldshaven och h\u00e5ller g\u00e4rna till n\u00e4ra kustlinjen. Den snabbaste tumlararten kan komma upp i en simhastighet p\u00e5 \u00f6ver 50 kilometer i timmen, men hoppen \u00e4r inte lika avancerade och spekulativa som delfinens.<\/p>\n<p>I norra ishavet hittar man <strong>vikaren<\/strong> (Pusa hispida), men s\u00e4larten finns ocks\u00e5 i \u00d6stersj\u00f6n. Flertalet av \u00f6stersj\u00f6vikarna lever i Bottenviken, men blir allt ovanligare ju l\u00e4ngre s\u00f6derut man kommer beroende p\u00e5 de milda vintrarna. Den atlantiska vikaren simmar g\u00e4rna l\u00e4ngs Kanadas kust ner mot Newfoundland.<\/p>\n<p>Minst i storlek av de fyra havslevande djuren p\u00e5 frim\u00e4rkena Marint liv \u00e4r <strong>havsuttern<\/strong> (Enhydra lutris) med en maxvikt kring 45 kilo. Djuret \u00e4r utrustat med en fantastiskt t\u00e4t p\u00e4ls f\u00f6r att motverka kylan. P\u00e5 varje kvadratcentimeter sitter ungef\u00e4r hundratusen h\u00e5rstr\u00e5n, lika mycket som en m\u00e4nniska har p\u00e5 huvudet.<\/p>\n","protected":false},"excerpt":{"rendered":"<p>Utgivningsdag 2010-05-13 F 2775 &#8211; 2778 4 x 12 kr,\u00a0fyra motiv Tryckta i G:5 kombination 2 f\u00e4rger st\u00e5ltryck och 3 f\u00e4rger offset 22-punkters streckperforering 62,5 mm\u00a0breda, 12 inlagor\/varv Samutg\u00e5va med Kanada Typer H\u00e4ftet finns med tv\u00e5 olika omslag och med &hellip; <a href=\"https:\/\/xn--hftessamlarna-bfb.se\/?page_id=1514\">Forts\u00e4tt l\u00e4sa <span class=\"meta-nav\">&rarr;<\/span><\/a><\/p>\n","protected":false},"author":1,"featured_media":0,"parent":2372,"menu_order":582,"comment_status":"open","ping_status":"open","template":"","meta":{"footnotes":""},"class_list":["post-1514","page","type-page","status-publish","hentry"],"_links":{"self":[{"href":"https:\/\/xn--hftessamlarna-bfb.se\/index.php?rest_route=\/wp\/v2\/pages\/1514","targetHints":{"allow":["GET"]}}],"collection":[{"href":"https:\/\/xn--hftessamlarna-bfb.se\/index.php?rest_route=\/wp\/v2\/pages"}],"about":[{"href":"https:\/\/xn--hftessamlarna-bfb.se\/index.php?rest_route=\/wp\/v2\/types\/page"}],"author":[{"embeddable":true,"href":"https:\/\/xn--hftessamlarna-bfb.se\/index.php?rest_route=\/wp\/v2\/users\/1"}],"replies":[{"embeddable":true,"href":"https:\/\/xn--hftessamlarna-bfb.se\/index.php?rest_route=%2Fwp%2Fv2%2Fcomments&post=1514"}],"version-history":[{"count":0,"href":"https:\/\/xn--hftessamlarna-bfb.se\/index.php?rest_route=\/wp\/v2\/pages\/1514\/revisions"}],"up":[{"embeddable":true,"href":"https:\/\/xn--hftessamlarna-bfb.se\/index.php?rest_route=\/wp\/v2\/pages\/2372"}],"wp:attachment":[{"href":"https:\/\/xn--hftessamlarna-bfb.se\/index.php?rest_route=%2Fwp%2Fv2%2Fmedia&parent=1514"}],"curies":[{"name":"wp","href":"https:\/\/api.w.org\/{rel}","templated":true}]}}