{"id":1511,"date":"2011-11-04T11:10:38","date_gmt":"2011-11-04T09:10:38","guid":{"rendered":"http:\/\/xn--hftessamlarna-bfb.se\/?page_id=1511"},"modified":"2014-01-20T06:45:53","modified_gmt":"2014-01-20T05:45:53","slug":"h582-snovita-djur","status":"publish","type":"page","link":"https:\/\/xn--hftessamlarna-bfb.se\/?page_id=1511","title":{"rendered":"H582 Sn\u00f6vita djur"},"content":{"rendered":"<p><a href=\"http:\/\/xn--hftessamlarna-bfb.se\/?attachment_id=1680\" rel=\"attachment wp-att-1680\"><img loading=\"lazy\" decoding=\"async\" class=\"aligncenter size-full wp-image-1680\" title=\"H582\" alt=\"\" src=\"http:\/\/xn--hftessamlarna-bfb.se\/wp-content\/uploads\/H582.jpg\" width=\"960\" height=\"652\" srcset=\"https:\/\/xn--hftessamlarna-bfb.se\/wp-content\/uploads\/H582.jpg 960w, https:\/\/xn--hftessamlarna-bfb.se\/wp-content\/uploads\/H582-150x101.jpg 150w, https:\/\/xn--hftessamlarna-bfb.se\/wp-content\/uploads\/H582-300x203.jpg 300w, https:\/\/xn--hftessamlarna-bfb.se\/wp-content\/uploads\/H582-441x300.jpg 441w\" sizes=\"auto, (max-width: 960px) 100vw, 960px\" \/><\/a>Utgivningsdag 2009-11-19<br \/>\nF 2747 &#8211; 2749<br \/>\n6 x 12 kr, tre motiv<br \/>\nTryckta i\u00a0st\u00e5ltryck<br \/>\n22-punkters streckperforering<br \/>\n62,5 mm\u00a0breda, 12 inlagor\/varv<\/p>\n<h2>Markeringar<\/h2>\n<p>RT 7,2 x 1,8 mm svart<br \/>\ncyls 1 (p\u00e5 KR, endast p\u00e5 ena halvan. med kn 0*****)<br \/>\ncyls 2 (p\u00e5 KR, endast p\u00e5 ena halvan)<br \/>\nhelt kn BS, ny 6\/9<\/p>\n<h2>\u00d6vrigt<\/h2>\n<p>Prioritaireetiketter som tryckts t\u00eate b\u00eache med frim\u00e4rksblocket<\/p>\n<h2>Fakta om utgivningen<\/h2>\n<p><strong>Ripan<\/strong> \u2013 h\u00e4rdad fj\u00e4llf\u00e5gel som v\u00e4xlar till vitt inf\u00f6r vintern. Hermelin, fj\u00e4llripa och skogshare i sn\u00f6vit dress \u00e4r motiven p\u00e5 frim\u00e4rkena f\u00f6r utrikes julh\u00e4lsningar. Bakom f\u00e4rgbytet ligger dels\u00a0temperaturf\u00f6r\u00e4ndringen n\u00e4r vintern n\u00e4rmar sig, dels minskande dagsljus. N\u00e4r fj\u00e4llripan tappar en brun fj\u00e4der ers\u00e4tts den av en vit.<\/p>\n<p>\u2013 Egentligen har det ingen avg\u00f6rande betydelse om det finns sn\u00f6 n\u00e4r <strong>fj\u00e4llripan<\/strong> b\u00f6rjar \u00e4ndra f\u00e4rg fr\u00e5n brunt till vitt. F\u00f6r\u00e4ndringen styrs av hormoner i f\u00e5geln som reagerar p\u00e5 att dygnets ljusa timmar blir f\u00e4rre. Men ocks\u00e5 p\u00e5 att det blir kallare. Detta g\u00e4ller generellt f\u00f6r djur som v\u00e4xlar till vit f\u00e4rg. Det s\u00e4ger Maria Willebrand som har en unik forskningsuppgift. Hon \u00e4r specialist p\u00e5 ripf\u00e5glar, s\u00e5v\u00e4l dalripa som fj\u00e4llripa, och har skrivit en doktorsavhandling om fj\u00e4llripan i sin hemmilj\u00f6 h\u00f6gfj\u00e4llv\u00e4rlden. Men sn\u00f6n d\u00e5, har inte den n\u00e5gon betydelse alls f\u00f6r f\u00e4rgv\u00e4xlingen? De djur som \u00e4ndrar f\u00e4rg lever ju i omr\u00e5den d\u00e4r det kommer sn\u00f6. Maria Willebrand igen:<\/p>\n<p>\u2013 Sn\u00f6n kommer faktiskt i andra hand. Det man kan se n\u00e4r ripan b\u00f6rjar f\u00e4lla sina bruna fj\u00e4drar och f\u00e5r vita ist\u00e4llet \u00e4r att f\u00e5geln drar sig mot vita vidder. Ripan \u00e4r ingen hotad f\u00e5gel idag, men om klimatf\u00f6r\u00e4ndringen leder till att allt st\u00f6rre arealer f\u00f6rblir sn\u00f6fria s\u00e5 riskerar vita f\u00e5glar att bli l\u00e4tta byten f\u00f6r rovf\u00e5glar. Fj\u00e4llripans utbredningsomr\u00e5de \u00e4r hela norra halvklotet inklusive de japanska \u00f6arna, Alperna och Pyren\u00e9erna. I Sverige g\u00e5r sydgr\u00e4nsen vid fj\u00e4llen i Dalarna, d\u00e4r \u201dfrim\u00e4rksripan\u201d fotograferades. Den 35 centimeter l\u00e5nga och ett halvt kilo tunga f\u00e5geln \u00e4r v\u00e4l anpassad till fj\u00e4llklimatet. N\u00e4r det blir f\u00f6r kallt gr\u00e4ver den ner sig i sn\u00f6n och kan ligga stilla d\u00e4r ett dygn. P\u00e5 f\u00f6tterna har f\u00e5geln fj\u00e4drar vilka fungerar som sn\u00f6skor.<\/p>\n<p>\u2013 Ripan \u00e4r h\u00e4rdig. En illustration till detta \u00e4r de ben\u00e4mningar inuiterna p\u00e5 Gr\u00f6nland och i Kanada har p\u00e5 sina barn. \u00c4r de f\u00f6dda p\u00e5 sommaren kallas de ankor, men ripor om de f\u00f6tts under vinterhalv\u00e5ret, s\u00e4ger Maria Willebrand.<\/p>\n<p>Fj\u00e4llripan (Lagopus muta) har i frim\u00e4rksh\u00e4ftet s\u00e4llskap av <strong>hermelinen<\/strong> (Mustela erminea) och <strong>skogsharen<\/strong> (Lepus timidus). Hermelinen skiftar f\u00e4rg n\u00e4r temperaturen blir l\u00e4gre \u00e4n +5 grader och bytet sker under ett par veckor. Skogsharens vita p\u00e4ls \u00e4r n\u00e4stan dubbelt s\u00e5 tjock som sommarp\u00e4lsen. H\u00e5ren \u00e4r fyllda med luft och isolerar mycket bra.<\/p>\n","protected":false},"excerpt":{"rendered":"<p>Utgivningsdag 2009-11-19 F 2747 &#8211; 2749 6 x 12 kr, tre motiv Tryckta i\u00a0st\u00e5ltryck 22-punkters streckperforering 62,5 mm\u00a0breda, 12 inlagor\/varv Markeringar RT 7,2 x 1,8 mm svart cyls 1 (p\u00e5 KR, endast p\u00e5 ena halvan. med kn 0*****) cyls 2 &hellip; <a href=\"https:\/\/xn--hftessamlarna-bfb.se\/?page_id=1511\">Forts\u00e4tt l\u00e4sa <span class=\"meta-nav\">&rarr;<\/span><\/a><\/p>\n","protected":false},"author":1,"featured_media":0,"parent":2372,"menu_order":582,"comment_status":"open","ping_status":"open","template":"","meta":{"footnotes":""},"class_list":["post-1511","page","type-page","status-publish","hentry"],"_links":{"self":[{"href":"https:\/\/xn--hftessamlarna-bfb.se\/index.php?rest_route=\/wp\/v2\/pages\/1511","targetHints":{"allow":["GET"]}}],"collection":[{"href":"https:\/\/xn--hftessamlarna-bfb.se\/index.php?rest_route=\/wp\/v2\/pages"}],"about":[{"href":"https:\/\/xn--hftessamlarna-bfb.se\/index.php?rest_route=\/wp\/v2\/types\/page"}],"author":[{"embeddable":true,"href":"https:\/\/xn--hftessamlarna-bfb.se\/index.php?rest_route=\/wp\/v2\/users\/1"}],"replies":[{"embeddable":true,"href":"https:\/\/xn--hftessamlarna-bfb.se\/index.php?rest_route=%2Fwp%2Fv2%2Fcomments&post=1511"}],"version-history":[{"count":0,"href":"https:\/\/xn--hftessamlarna-bfb.se\/index.php?rest_route=\/wp\/v2\/pages\/1511\/revisions"}],"up":[{"embeddable":true,"href":"https:\/\/xn--hftessamlarna-bfb.se\/index.php?rest_route=\/wp\/v2\/pages\/2372"}],"wp:attachment":[{"href":"https:\/\/xn--hftessamlarna-bfb.se\/index.php?rest_route=%2Fwp%2Fv2%2Fmedia&parent=1511"}],"curies":[{"name":"wp","href":"https:\/\/api.w.org\/{rel}","templated":true}]}}