{"id":1505,"date":"2011-11-04T11:07:04","date_gmt":"2011-11-04T09:07:04","guid":{"rendered":"http:\/\/xn--hftessamlarna-bfb.se\/?page_id=1505"},"modified":"2021-06-27T12:02:14","modified_gmt":"2021-06-27T11:02:14","slug":"h580-svenska-hojdpunkter","status":"publish","type":"page","link":"https:\/\/xn--hftessamlarna-bfb.se\/?page_id=1505","title":{"rendered":"H580 Svenska h\u00f6jdpunkter"},"content":{"rendered":"<p><a href=\"https:\/\/xn--hftessamlarna-bfb.se\/wp-content\/uploads\/H-0580-header-2009.jpg\" rel=\"attachment wp-att-1721\"><img loading=\"lazy\" decoding=\"async\" class=\"alignnone wp-image-6350 size-full\" title=\"H580\" src=\"https:\/\/xn--hftessamlarna-bfb.se\/wp-content\/uploads\/H-0580-header-2009.jpg\" alt=\"\" width=\"960\" height=\"986\" srcset=\"https:\/\/xn--hftessamlarna-bfb.se\/wp-content\/uploads\/H-0580-header-2009.jpg 960w, https:\/\/xn--hftessamlarna-bfb.se\/wp-content\/uploads\/H-0580-header-2009-292x300.jpg 292w, https:\/\/xn--hftessamlarna-bfb.se\/wp-content\/uploads\/H-0580-header-2009-146x150.jpg 146w, https:\/\/xn--hftessamlarna-bfb.se\/wp-content\/uploads\/H-0580-header-2009-768x789.jpg 768w\" sizes=\"auto, (max-width: 960px) 100vw, 960px\" \/><\/a>Utgivningsdag 2009-05-14<br \/>\nF 2727 &#8211; 2730<br \/>\n4 \u00d7 12 kr, fyra motiv<br \/>\nTryckta i 2 f\u00e4rger st\u00e5ltryck<br \/>\n17-punkters streckperforering<\/p>\n<h2>Markeringar<\/h2>\n<p>delat regm<br \/>\nRT 7,2 \u00d7 1,8 mm svart<br \/>\ncyls 1 (endast p\u00e5 ena halvan. med kn 0*****)<br \/>\ncyls 2 (endast p\u00e5 ena halvan)<br \/>\nhelt kn BS, ny 6\/9, 62.5 breda, 12 inlagor\/varv<\/p>\n<h2>Fakta om utgivningen<\/h2>\n<p>H\u00e4ftet inneh\u00e5ller fyra m\u00e4rken \u00e5 12 kr tryckta i st\u00e5lgravyr i kombinationspressen (G5). Det finns ocks\u00e5 fyra prioritaire-etiketter. Tryckningen har gjorts i tv\u00e5 band med kontrollnummer i b\u00e5da men cylindersiffror endast i det nedre bandet. H\u00e4ftet har bredden 62,5 mm varf\u00f6r ett cylindervarv ger 12 (x2) inlagor. Ryggtryck finns p\u00e5 h\u00e4ften med inlagor fr\u00e5n det \u00f6vre bandet, men fr\u00e5n det nedre bandet har jag inte sett n\u00e5gra.<\/p>\n<p>Kombinationer med kn 0- och cylindersiffror finns. En kombination i var tredje bunt och tv\u00e5 i de \u00f6vriga. Ryggtryckskombinationer RTC1 och RTC2\u00a0\u00e4r k\u00e4nda, men\u00a0inga tripplar.<br \/>\nM\u00e5nga s\u00e4ljare har tagit hem endast en eller tv\u00e5 buntar, och inte ens alla f\u00f6retagspostkontor har h\u00e4ftet. Som kuriosum kan n\u00e4mnas att det finns h\u00e4ften med l\u00f6sa inlagor.<\/p>\n<h2>Resliga byggnader f\u00f6r n\u00f6je, sport, kommunikation och boende<\/h2>\n<p>Berg- och dalbanan Balder, Kakn\u00e4stornet f\u00f6r eterkommunikation, hoppbacken Lugnet och bostadshuset Turning Torso \u00e4r verkliga h\u00f6jdpunkter i Sverige. Nu presenteras byggnaderna p\u00e5 fyra frim\u00e4rken med porto f\u00f6r utrikes h\u00e4lsningar.<\/p>\n<p>P\u00e5 n\u00f6jesf\u00e4ltet Liseberg i G\u00f6teborg finns <strong>Balder<\/strong>, en berg- och dalbana byggd i tr\u00e4 som flera g\u00e5nger framr\u00f6stats som v\u00e4rldens b\u00e4sta i sitt slag. Balder \u00e4r n\u00e5got \u00f6ver en kilometer l\u00e5ng och en tur tar drygt tv\u00e5 minuter. D\u00e5 upplever \u00e5karen negativa G-krafter, allts\u00e5 att man l\u00e4ttar fr\u00e5n s\u00e4tet, inte mindre \u00e4n tio g\u00e5nger. Maxhastigheten p\u00e5 Balder \u00e4r 90 kilometer i timmen och f\u00f6rsta backen har en fallvinkel p\u00e5 hela 70 grader.<\/p>\n<p><strong>Kakn\u00e4stornet<\/strong> i Stockholm \u00e4r ett av huvudstadens mest k\u00e4nda landm\u00e4rken. Tornet \u00e4r<br \/>\n155 meter h\u00f6gt och invigdes 1967. Den som tar hissen upp till utsiktsterrassen kan en<br \/>\nklar dag se n\u00e4stan sex mil. Kakn\u00e4stornet byggdes f\u00f6r tv- och radiokommunikation men har utvecklats till en av Stockholms verkliga turistmagneter.<\/p>\n<p>130,5 meter. Det \u00e4r backrekordet i stora <strong>hoppbacken p\u00e5 Lugnet i Falun<\/strong>. Sj\u00e4lva hopptornet \u00e4r 52 meter h\u00f6gt och d\u00e4rmed Dalarnas h\u00f6gsta utsiktstorn. Lugnets stora och lilla hoppbacke stod klara 1973 i samband med att Riksskidstadion invigdes. Publikkapaciteten runt backarna \u00e4r 20.000 \u00e5sk\u00e5dare.<\/p>\n<p><strong>Turning Torso<\/strong> \u00e4r ett spektakul\u00e4rt bostadshus i Malm\u00f6, ritat och konstruerat av Santiago Calatrava. Byggnaden invigdes 2005 och \u00e4r Europas n\u00e4st h\u00f6gsta bostadshus.Turning Torso b\u00f6rjade som en skulptur i vit marmor av Santiago Calatrava. Skulpturen, med namnet Twisting Torso, \u00e4r formad med inspiration fr\u00e5n m\u00e4nniskokroppen i en vridande r\u00f6relse och har av HSB Malm\u00f6 utvecklats till ett av Europas mest sp\u00e4nnande bostadshus. Med sina 190 meter \u00e4r Turning Torso Sveriges h\u00f6gsta byggnad och det n\u00e4st h\u00f6gsta bostadshuset i Europa, efter 264-metersskrapan Triumfpalatset i Moskva. R\u00e4knar man med alla h\u00f6ghus i Europa hamnar Turning Torso p\u00e5 en sextonde plats.<\/p>\n<p>Konstruktionen bygger p\u00e5 nio kuber med fem v\u00e5ningsplan i varje kub. Mellanv\u00e5ningarna<br \/>\nmedr\u00e4knade blir det totalt 54 v\u00e5ningar d\u00e4r varje v\u00e5ningsplan \u00e4r omkring 400 kvadratmeter. I de tv\u00e5 nedersta kuberna finns kontorslokaler men i \u00f6vrigt \u00e4r Turning Torso i huvudsak ett bostadshus. Kuberna tre till nio omfattar 147 l\u00e4genheter i 33 typer. Bostadsytan varierar mellan 45 och 190 kvadratmeter. H\u00f6gst upp i Turning Torso finns en konferensanl\u00e4ggning. Hela konstruktionen vrider sig 90 grader \u2013 ett kvarts varv \u2013 p\u00e5 sin v\u00e4g upp. Fasaden av glas och aluminium \u00e4r mycket komplicerad eftersom vridningen av huskroppen g\u00f6r att fasaden blir dubbelkr\u00f6kt. F\u00f6r att f\u00f6rst\u00e4rka husets vridning lutar f\u00f6nstren antingen in\u00e5t eller ut\u00e5t, beroende p\u00e5 vilken sida i huset man \u00e4r i.<\/p>\n","protected":false},"excerpt":{"rendered":"<p>Utgivningsdag 2009-05-14 F 2727 &#8211; 2730 4 \u00d7 12 kr, fyra motiv Tryckta i 2 f\u00e4rger st\u00e5ltryck 17-punkters streckperforering Markeringar delat regm RT 7,2 \u00d7 1,8 mm svart cyls 1 (endast p\u00e5 ena halvan. med kn 0*****) cyls 2 (endast &hellip; <a href=\"https:\/\/xn--hftessamlarna-bfb.se\/?page_id=1505\">Forts\u00e4tt l\u00e4sa <span class=\"meta-nav\">&rarr;<\/span><\/a><\/p>\n","protected":false},"author":1,"featured_media":0,"parent":2372,"menu_order":580,"comment_status":"open","ping_status":"open","template":"","meta":{"footnotes":""},"class_list":["post-1505","page","type-page","status-publish","hentry"],"_links":{"self":[{"href":"https:\/\/xn--hftessamlarna-bfb.se\/index.php?rest_route=\/wp\/v2\/pages\/1505","targetHints":{"allow":["GET"]}}],"collection":[{"href":"https:\/\/xn--hftessamlarna-bfb.se\/index.php?rest_route=\/wp\/v2\/pages"}],"about":[{"href":"https:\/\/xn--hftessamlarna-bfb.se\/index.php?rest_route=\/wp\/v2\/types\/page"}],"author":[{"embeddable":true,"href":"https:\/\/xn--hftessamlarna-bfb.se\/index.php?rest_route=\/wp\/v2\/users\/1"}],"replies":[{"embeddable":true,"href":"https:\/\/xn--hftessamlarna-bfb.se\/index.php?rest_route=%2Fwp%2Fv2%2Fcomments&post=1505"}],"version-history":[{"count":0,"href":"https:\/\/xn--hftessamlarna-bfb.se\/index.php?rest_route=\/wp\/v2\/pages\/1505\/revisions"}],"up":[{"embeddable":true,"href":"https:\/\/xn--hftessamlarna-bfb.se\/index.php?rest_route=\/wp\/v2\/pages\/2372"}],"wp:attachment":[{"href":"https:\/\/xn--hftessamlarna-bfb.se\/index.php?rest_route=%2Fwp%2Fv2%2Fmedia&parent=1505"}],"curies":[{"name":"wp","href":"https:\/\/api.w.org\/{rel}","templated":true}]}}