{"id":1502,"date":"2011-11-04T11:04:57","date_gmt":"2011-11-04T09:04:57","guid":{"rendered":"http:\/\/xn--hftessamlarna-bfb.se\/?page_id=1502"},"modified":"2021-06-27T12:01:45","modified_gmt":"2021-06-27T11:01:45","slug":"h579-europa-2009","status":"publish","type":"page","link":"https:\/\/xn--hftessamlarna-bfb.se\/?page_id=1502","title":{"rendered":"H579 Europa 2009 &#8211; Astronomi"},"content":{"rendered":"<p><a href=\"https:\/\/xn--hftessamlarna-bfb.se\/wp-content\/uploads\/H-0579-header-2009.jpg\" rel=\"attachment wp-att-1646\"><img loading=\"lazy\" decoding=\"async\" class=\"alignnone wp-image-6349 size-full\" title=\"H579\" src=\"https:\/\/xn--hftessamlarna-bfb.se\/wp-content\/uploads\/H-0579-header-2009.jpg\" alt=\"\" width=\"960\" height=\"984\" srcset=\"https:\/\/xn--hftessamlarna-bfb.se\/wp-content\/uploads\/H-0579-header-2009.jpg 960w, https:\/\/xn--hftessamlarna-bfb.se\/wp-content\/uploads\/H-0579-header-2009-293x300.jpg 293w, https:\/\/xn--hftessamlarna-bfb.se\/wp-content\/uploads\/H-0579-header-2009-146x150.jpg 146w, https:\/\/xn--hftessamlarna-bfb.se\/wp-content\/uploads\/H-0579-header-2009-768x787.jpg 768w\" sizes=\"auto, (max-width: 960px) 100vw, 960px\" \/><\/a>Utgivningsdag 2009-01-29<br \/>\nF 2704 \u2013 2705<br \/>\n4 \u00d7 12 kr, tv\u00e5 motiv<br \/>\nTryckta i fyra f\u00e4rger offset<br \/>\n17-punkters streckperforering<\/p>\n<h2>Typer<\/h2>\n<p><strong>A<\/strong> Omslag utan punktm\u00f6nster<br \/>\n<strong>B<\/strong> Omslag med punktm\u00f6nster<\/p>\n<h2>Markeringar<\/h2>\n<p>delat regm<br \/>\nRT 7,2 \u00d7 1,8 mm svart<br \/>\ncyls 1 (endast p\u00e5 undre halvan)<br \/>\ncyls 2 (endast p\u00e5 undre halvan)<br \/>\nhelt kn BS<\/p>\n<h2>Fakta om utgivningen<\/h2>\n<p>H\u00e4ftet inneh\u00e5ller fyra m\u00e4rken i val\u00f6ren 12 kr f\u00f6r utrikes brev. Det finns ocks\u00e5 fyra<br \/>\nproritaireetiketter. M\u00e4rkena har tv\u00e5 motiv s\u00e5 placerade att varje motiv finns med tv\u00e5 olika tandningar.<\/p>\n<p>Inlagan \u00e4r tryckt i tv\u00e5 band i offset i kombinationspressen (G5). Bredden \u00e4r 62,5mm, varf\u00f6r det blir 12 (x2) per varv. Cylindersiffror finns p\u00e5 det undre bandet. Kontrollnummer p\u00e5 var tionde inlaga, b\u00f6rjar p\u00e5 5 p\u00e5 \u00f6vre och p\u00e5 0 p\u00e5 undre bandet. Markeringarna finns i nedre kantremsan. Omslaget \u00e4r tryckt i Giebeler (G8). Kombination RT + KN finns \u00e5tminstone fr\u00e5n \u00f6vre bandet. (KN 501-tusen.) P\u00e5 det bl\u00e5 himmelsm\u00e4rket \u00e4r en av stj\u00e4rnorna utstansad!<\/p>\n","protected":false},"excerpt":{"rendered":"<p>Utgivningsdag 2009-01-29 F 2704 \u2013 2705 4 \u00d7 12 kr, tv\u00e5 motiv Tryckta i fyra f\u00e4rger offset 17-punkters streckperforering Typer A Omslag utan punktm\u00f6nster B Omslag med punktm\u00f6nster Markeringar delat regm RT 7,2 \u00d7 1,8 mm svart cyls 1 (endast &hellip; <a href=\"https:\/\/xn--hftessamlarna-bfb.se\/?page_id=1502\">Forts\u00e4tt l\u00e4sa <span class=\"meta-nav\">&rarr;<\/span><\/a><\/p>\n","protected":false},"author":1,"featured_media":0,"parent":2372,"menu_order":579,"comment_status":"open","ping_status":"open","template":"","meta":{"footnotes":""},"class_list":["post-1502","page","type-page","status-publish","hentry"],"_links":{"self":[{"href":"https:\/\/xn--hftessamlarna-bfb.se\/index.php?rest_route=\/wp\/v2\/pages\/1502","targetHints":{"allow":["GET"]}}],"collection":[{"href":"https:\/\/xn--hftessamlarna-bfb.se\/index.php?rest_route=\/wp\/v2\/pages"}],"about":[{"href":"https:\/\/xn--hftessamlarna-bfb.se\/index.php?rest_route=\/wp\/v2\/types\/page"}],"author":[{"embeddable":true,"href":"https:\/\/xn--hftessamlarna-bfb.se\/index.php?rest_route=\/wp\/v2\/users\/1"}],"replies":[{"embeddable":true,"href":"https:\/\/xn--hftessamlarna-bfb.se\/index.php?rest_route=%2Fwp%2Fv2%2Fcomments&post=1502"}],"version-history":[{"count":0,"href":"https:\/\/xn--hftessamlarna-bfb.se\/index.php?rest_route=\/wp\/v2\/pages\/1502\/revisions"}],"up":[{"embeddable":true,"href":"https:\/\/xn--hftessamlarna-bfb.se\/index.php?rest_route=\/wp\/v2\/pages\/2372"}],"wp:attachment":[{"href":"https:\/\/xn--hftessamlarna-bfb.se\/index.php?rest_route=%2Fwp%2Fv2%2Fmedia&parent=1502"}],"curies":[{"name":"wp","href":"https:\/\/api.w.org\/{rel}","templated":true}]}}