{"id":1498,"date":"2011-11-04T10:56:11","date_gmt":"2011-11-04T08:56:11","guid":{"rendered":"http:\/\/xn--hftessamlarna-bfb.se\/?page_id=1498"},"modified":"2022-05-13T14:15:32","modified_gmt":"2022-05-13T13:15:32","slug":"h578-kultbilar","status":"publish","type":"page","link":"https:\/\/xn--hftessamlarna-bfb.se\/?page_id=1498","title":{"rendered":"H578 Kultbilar"},"content":{"rendered":"<p><a href=\"https:\/\/xn--hftessamlarna-bfb.se\/wp-content\/uploads\/H-0578-header-2009.jpg\" rel=\"attachment wp-att-1641\"><img loading=\"lazy\" decoding=\"async\" class=\"alignnone wp-image-6334 size-full\" title=\"H578\" src=\"https:\/\/xn--hftessamlarna-bfb.se\/wp-content\/uploads\/H-0578-header-2009.jpg\" alt=\"\" width=\"960\" height=\"706\" srcset=\"https:\/\/xn--hftessamlarna-bfb.se\/wp-content\/uploads\/H-0578-header-2009.jpg 960w, https:\/\/xn--hftessamlarna-bfb.se\/wp-content\/uploads\/H-0578-header-2009-300x221.jpg 300w, https:\/\/xn--hftessamlarna-bfb.se\/wp-content\/uploads\/H-0578-header-2009-150x110.jpg 150w, https:\/\/xn--hftessamlarna-bfb.se\/wp-content\/uploads\/H-0578-header-2009-768x565.jpg 768w, https:\/\/xn--hftessamlarna-bfb.se\/wp-content\/uploads\/H-0578-header-2009-408x300.jpg 408w\" sizes=\"auto, (max-width: 960px) 100vw, 960px\" \/><\/a>Utgivningsdag 2009-01-29<br \/>\nF 2698 &#8211; 2702<br \/>\n10 \u00d7 inrikes brev, fem motiv<br \/>\nTryckta i kombination\u00a01 f\u00e4rg st\u00e5ltryck och 4 f\u00e4rger offset<br \/>\n44,1 mm breda, 17 inlagor\/varv<\/p>\n<h2>Typer<\/h2>\n<p><strong>A<\/strong> 12 punkters perforering i rygg, utan punktm\u00f6nster p\u00e5 sid I<br \/>\n<strong>B<\/strong> 16 punkters perforering i rygg, med punktm\u00f6nster p\u00e5 sid I<\/p>\n<h2>Markeringar<\/h2>\n<p><strong>A<\/strong><br \/>\nRT 7,2 \u00d7 1,8 mm svart<br \/>\nF\u00e4rgstrip (0,8-1 mm) p\u00e5 IR<br \/>\nKn p\u00e5 KR<br \/>\ncyls 1<br \/>\ncyls 2 fot\/slinga<br \/>\nHelt 6-siffrigt kn BS, gammal 6\/9<br \/>\nM\u00e4rke av f\u00f6rpackningsmaskin p\u00e5 \u00f6versta h\u00e4ftet i varje bunt<\/p>\n<p><strong>B<\/strong><br \/>\nRT 7,2 \u00d7 1,8 mm svart<br \/>\ncyls 1<br \/>\ncyls 2 fot\/slinga<br \/>\nKn p\u00e5 KR<br \/>\nStyrsignaler p\u00e5 sid III<br \/>\nRiktv\u00e4rdessiffror, 769 och &#8217;07<\/p>\n<h2>Fakta om utgivningen<\/h2>\n<p>H\u00e4ftet inneh\u00e5ller tio m\u00e4rken med fem olika motiv. De \u00e4r val\u00f6rl\u00f6sa och avsedda f\u00f6r inrikes brev. Inlagan har bredden 44,1 mm, varf\u00f6r det blir 17 per varv. Den \u00e4r tryckt i<br \/>\nkombinationspressen (G5) med en f\u00e4rg st\u00e5ltryck \u2013 m\u00f6rkbl\u00e5 \u2013 och de fyra offsetf\u00e4rgerna.<\/p>\n<p>Cylindersiffror \u00e4r hel cyls 1 och delad cyls 2. Kontrollnummer p\u00e5 var tionde inlaga \u2013<br \/>\nsexsiffrigt &#8211; b\u00f6rjar p\u00e5 0. Markeringarna finns i kantremsan. Det finns v\u00e4ldigt kraftigt inf\u00e4rgade RT. Normalt inf\u00e4rgade RT+kn finns vid 84- och 99- tusen.Tripplar b\u00f6r kunna finnas.<\/p>\n<p>Beroende p\u00e5 ett tekniskt fel i tryckeriet finns i st\u00f6rre delen av upplagan en mycket svag<br \/>\nryggtrycksmarkering &#8211; ett intryck men ingen eller n\u00e4stan ingen f\u00e4rg. Inga s\u00e5dana RT-h\u00e4ften med KN har rapporterats.<\/p>\n<h2>F\u00e4rgstrip p\u00e5 H 578A<\/h2>\n<p>H\u00e4r visas en skanning av 6 st. H578A Kultbilar med del av f\u00e4rgstrip i inh\u00e4ftningsremsan. P\u00e5 h\u00e4ftet med KN p\u00e5 kantremsa finns dessutom skuret KN p\u00e5 inh\u00e4ftningsremsan.<\/p>\n<h2><a href=\"http:\/\/xn--hftessamlarna-bfb.se\/?attachment_id=1685\" rel=\"attachment wp-att-1685\"><img loading=\"lazy\" decoding=\"async\" class=\"aligncenter size-large wp-image-1685\" title=\"H578Astrip\" src=\"http:\/\/xn--hftessamlarna-bfb.se\/wp-content\/uploads\/H578Astrip-1024x518.jpg\" alt=\"\" width=\"584\" height=\"295\" srcset=\"https:\/\/xn--hftessamlarna-bfb.se\/wp-content\/uploads\/H578Astrip-1024x518.jpg 1024w, https:\/\/xn--hftessamlarna-bfb.se\/wp-content\/uploads\/H578Astrip-150x75.jpg 150w, https:\/\/xn--hftessamlarna-bfb.se\/wp-content\/uploads\/H578Astrip-300x151.jpg 300w, https:\/\/xn--hftessamlarna-bfb.se\/wp-content\/uploads\/H578Astrip-500x253.jpg 500w, https:\/\/xn--hftessamlarna-bfb.se\/wp-content\/uploads\/H578Astrip.jpg 1063w\" sizes=\"auto, (max-width: 584px) 100vw, 584px\" \/><\/a>Bilder p\u00e5 varianter<\/h2>\n<div id=\"attachment_5223\" style=\"width: 310px\" class=\"wp-caption alignleft\"><a href=\"http:\/\/xn--hftessamlarna-bfb.se\/wp-content\/uploads\/H578Bvikt.jpg\" rel=\"attachment wp-att-5223\"><img loading=\"lazy\" decoding=\"async\" aria-describedby=\"caption-attachment-5223\" class=\"wp-image-5223 size-medium\" src=\"http:\/\/xn--hftessamlarna-bfb.se\/wp-content\/uploads\/H578Bvikt-300x147.jpg\" alt=\"H578Bvikt\" width=\"300\" height=\"147\" srcset=\"https:\/\/xn--hftessamlarna-bfb.se\/wp-content\/uploads\/H578Bvikt-300x147.jpg 300w, https:\/\/xn--hftessamlarna-bfb.se\/wp-content\/uploads\/H578Bvikt-150x74.jpg 150w, https:\/\/xn--hftessamlarna-bfb.se\/wp-content\/uploads\/H578Bvikt-768x377.jpg 768w, https:\/\/xn--hftessamlarna-bfb.se\/wp-content\/uploads\/H578Bvikt-500x245.jpg 500w, https:\/\/xn--hftessamlarna-bfb.se\/wp-content\/uploads\/H578Bvikt.jpg 960w\" sizes=\"auto, (max-width: 300px) 100vw, 300px\" \/><\/a><p id=\"caption-attachment-5223\" class=\"wp-caption-text\">Den normala vikningen mellan 5:e och 6:e m\u00e4rket har h\u00e4r hamnat ca en tredjedel in p\u00e5 det 6:e m\u00e4rket (ingen vikning mellan m\u00e4rkena, s\u00e5 det b\u00f6r ha skett vid tillverkningen). Hittade tv\u00e5 stycken i en nyligen \u00f6ppnad bunt .<\/p><\/div>\n<div id=\"attachment_5222\" style=\"width: 310px\" class=\"wp-caption alignleft\"><a href=\"http:\/\/xn--hftessamlarna-bfb.se\/wp-content\/uploads\/H578Bblstreck.jpg\" rel=\"attachment wp-att-5222\"><img loading=\"lazy\" decoding=\"async\" aria-describedby=\"caption-attachment-5222\" class=\"wp-image-5222 size-medium\" src=\"http:\/\/xn--hftessamlarna-bfb.se\/wp-content\/uploads\/H578Bblstreck-300x138.jpg\" alt=\"H578Bblstreck\" width=\"300\" height=\"138\" srcset=\"https:\/\/xn--hftessamlarna-bfb.se\/wp-content\/uploads\/H578Bblstreck-300x138.jpg 300w, https:\/\/xn--hftessamlarna-bfb.se\/wp-content\/uploads\/H578Bblstreck-150x69.jpg 150w, https:\/\/xn--hftessamlarna-bfb.se\/wp-content\/uploads\/H578Bblstreck-768x354.jpg 768w, https:\/\/xn--hftessamlarna-bfb.se\/wp-content\/uploads\/H578Bblstreck-1024x472.jpg 1024w, https:\/\/xn--hftessamlarna-bfb.se\/wp-content\/uploads\/H578Bblstreck-500x230.jpg 500w, https:\/\/xn--hftessamlarna-bfb.se\/wp-content\/uploads\/H578Bblstreck.jpg 1270w\" sizes=\"auto, (max-width: 300px) 100vw, 300px\" \/><\/a><p id=\"caption-attachment-5222\" class=\"wp-caption-text\">bl\u00e5tt streck<\/p><\/div>\n<div id=\"attachment_5221\" style=\"width: 310px\" class=\"wp-caption alignleft\"><a href=\"http:\/\/xn--hftessamlarna-bfb.se\/wp-content\/uploads\/H578Bplatskarv.jpg\" rel=\"attachment wp-att-5221\"><img loading=\"lazy\" decoding=\"async\" aria-describedby=\"caption-attachment-5221\" class=\"wp-image-5221 size-medium\" src=\"http:\/\/xn--hftessamlarna-bfb.se\/wp-content\/uploads\/H578Bplatskarv-300x156.jpg\" alt=\"H578Bplatskarv\" width=\"300\" height=\"156\" srcset=\"https:\/\/xn--hftessamlarna-bfb.se\/wp-content\/uploads\/H578Bplatskarv-300x156.jpg 300w, https:\/\/xn--hftessamlarna-bfb.se\/wp-content\/uploads\/H578Bplatskarv-150x78.jpg 150w, https:\/\/xn--hftessamlarna-bfb.se\/wp-content\/uploads\/H578Bplatskarv-768x399.jpg 768w, https:\/\/xn--hftessamlarna-bfb.se\/wp-content\/uploads\/H578Bplatskarv-1024x532.jpg 1024w, https:\/\/xn--hftessamlarna-bfb.se\/wp-content\/uploads\/H578Bplatskarv-500x260.jpg 500w, https:\/\/xn--hftessamlarna-bfb.se\/wp-content\/uploads\/H578Bplatskarv.jpg 1142w\" sizes=\"auto, (max-width: 300px) 100vw, 300px\" \/><\/a><p id=\"caption-attachment-5221\" class=\"wp-caption-text\">pl\u00e5tskarv<\/p><\/div>\n<div id=\"attachment_5220\" style=\"width: 310px\" class=\"wp-caption alignleft\"><a href=\"http:\/\/xn--hftessamlarna-bfb.se\/wp-content\/uploads\/H578BRiktvardessiffror.jpg\" rel=\"attachment wp-att-5220\"><img loading=\"lazy\" decoding=\"async\" aria-describedby=\"caption-attachment-5220\" class=\"wp-image-5220 size-medium\" src=\"http:\/\/xn--hftessamlarna-bfb.se\/wp-content\/uploads\/H578BRiktvardessiffror-300x178.jpg\" alt=\"H578BRiktvardessiffror\" width=\"300\" height=\"178\" srcset=\"https:\/\/xn--hftessamlarna-bfb.se\/wp-content\/uploads\/H578BRiktvardessiffror-300x178.jpg 300w, https:\/\/xn--hftessamlarna-bfb.se\/wp-content\/uploads\/H578BRiktvardessiffror-150x89.jpg 150w, https:\/\/xn--hftessamlarna-bfb.se\/wp-content\/uploads\/H578BRiktvardessiffror-768x457.jpg 768w, https:\/\/xn--hftessamlarna-bfb.se\/wp-content\/uploads\/H578BRiktvardessiffror-500x297.jpg 500w, https:\/\/xn--hftessamlarna-bfb.se\/wp-content\/uploads\/H578BRiktvardessiffror.jpg 960w\" sizes=\"auto, (max-width: 300px) 100vw, 300px\" \/><\/a><p id=\"caption-attachment-5220\" class=\"wp-caption-text\">riktv\u00e4rdessiffror<\/p><\/div>\n<div id=\"attachment_5219\" style=\"width: 310px\" class=\"wp-caption alignleft\"><a href=\"http:\/\/xn--hftessamlarna-bfb.se\/wp-content\/uploads\/H578Bstyrlinjer.jpg\" rel=\"attachment wp-att-5219\"><img loading=\"lazy\" decoding=\"async\" aria-describedby=\"caption-attachment-5219\" class=\"wp-image-5219 size-medium\" src=\"http:\/\/xn--hftessamlarna-bfb.se\/wp-content\/uploads\/H578Bstyrlinjer-300x116.jpg\" alt=\"H578Bstyrlinjer\" width=\"300\" height=\"116\" srcset=\"https:\/\/xn--hftessamlarna-bfb.se\/wp-content\/uploads\/H578Bstyrlinjer-300x116.jpg 300w, https:\/\/xn--hftessamlarna-bfb.se\/wp-content\/uploads\/H578Bstyrlinjer-150x58.jpg 150w, https:\/\/xn--hftessamlarna-bfb.se\/wp-content\/uploads\/H578Bstyrlinjer-768x296.jpg 768w, https:\/\/xn--hftessamlarna-bfb.se\/wp-content\/uploads\/H578Bstyrlinjer-500x193.jpg 500w, https:\/\/xn--hftessamlarna-bfb.se\/wp-content\/uploads\/H578Bstyrlinjer.jpg 960w\" sizes=\"auto, (max-width: 300px) 100vw, 300px\" \/><\/a><p id=\"caption-attachment-5219\" class=\"wp-caption-text\">styrlinjer i tre varianter<\/p><\/div>\n","protected":false},"excerpt":{"rendered":"<p>Utgivningsdag 2009-01-29 F 2698 &#8211; 2702 10 \u00d7 inrikes brev, fem motiv Tryckta i kombination\u00a01 f\u00e4rg st\u00e5ltryck och 4 f\u00e4rger offset 44,1 mm breda, 17 inlagor\/varv Typer A 12 punkters perforering i rygg, utan punktm\u00f6nster p\u00e5 sid I B 16 &hellip; <a href=\"https:\/\/xn--hftessamlarna-bfb.se\/?page_id=1498\">Forts\u00e4tt l\u00e4sa <span class=\"meta-nav\">&rarr;<\/span><\/a><\/p>\n","protected":false},"author":1,"featured_media":0,"parent":2372,"menu_order":578,"comment_status":"open","ping_status":"open","template":"","meta":{"footnotes":""},"class_list":["post-1498","page","type-page","status-publish","hentry"],"_links":{"self":[{"href":"https:\/\/xn--hftessamlarna-bfb.se\/index.php?rest_route=\/wp\/v2\/pages\/1498","targetHints":{"allow":["GET"]}}],"collection":[{"href":"https:\/\/xn--hftessamlarna-bfb.se\/index.php?rest_route=\/wp\/v2\/pages"}],"about":[{"href":"https:\/\/xn--hftessamlarna-bfb.se\/index.php?rest_route=\/wp\/v2\/types\/page"}],"author":[{"embeddable":true,"href":"https:\/\/xn--hftessamlarna-bfb.se\/index.php?rest_route=\/wp\/v2\/users\/1"}],"replies":[{"embeddable":true,"href":"https:\/\/xn--hftessamlarna-bfb.se\/index.php?rest_route=%2Fwp%2Fv2%2Fcomments&post=1498"}],"version-history":[{"count":0,"href":"https:\/\/xn--hftessamlarna-bfb.se\/index.php?rest_route=\/wp\/v2\/pages\/1498\/revisions"}],"up":[{"embeddable":true,"href":"https:\/\/xn--hftessamlarna-bfb.se\/index.php?rest_route=\/wp\/v2\/pages\/2372"}],"wp:attachment":[{"href":"https:\/\/xn--hftessamlarna-bfb.se\/index.php?rest_route=%2Fwp%2Fv2%2Fmedia&parent=1498"}],"curies":[{"name":"wp","href":"https:\/\/api.w.org\/{rel}","templated":true}]}}