{"id":1437,"date":"2011-11-04T09:29:45","date_gmt":"2011-11-04T07:29:45","guid":{"rendered":"http:\/\/xn--hftessamlarna-bfb.se\/?page_id=1437"},"modified":"2012-11-12T14:05:01","modified_gmt":"2012-11-12T12:05:01","slug":"h554-varldsarvet-5","status":"publish","type":"page","link":"https:\/\/xn--hftessamlarna-bfb.se\/?page_id=1437","title":{"rendered":"H554 V\u00e4rldsarvet 5 &#8211; Falun"},"content":{"rendered":"<p><a href=\"http:\/\/xn--hftessamlarna-bfb.se\/?attachment_id=2246\" rel=\"attachment wp-att-2246\"><img loading=\"lazy\" decoding=\"async\" class=\"aligncenter size-full wp-image-2246\" title=\"H554\" src=\"http:\/\/xn--hftessamlarna-bfb.se\/wp-content\/uploads\/H554.jpg\" alt=\"\" width=\"960\" height=\"653\" srcset=\"https:\/\/xn--hftessamlarna-bfb.se\/wp-content\/uploads\/H554.jpg 960w, https:\/\/xn--hftessamlarna-bfb.se\/wp-content\/uploads\/H554-150x102.jpg 150w, https:\/\/xn--hftessamlarna-bfb.se\/wp-content\/uploads\/H554-300x204.jpg 300w, https:\/\/xn--hftessamlarna-bfb.se\/wp-content\/uploads\/H554-441x300.jpg 441w\" sizes=\"auto, (max-width: 960px) 100vw, 960px\" \/><\/a>Utgivningsdag 2004-03-26<br \/>\nF 2411 &#8211; 2414<br \/>\n6 x inrikes brev, fyra motiv<br \/>\nTryckta i 4 f\u00e4rger offset i 3:e Goebelpressen.<br \/>\nOmslaget \u00e4r tryckt i Giebelerpressen.<br \/>\n17 punkters streckperforering i rygg.<\/p>\n<h2><\/h2>\n<p>Sid I utan punktm\u00f6nster<\/p>\n<h2>Markeringar<\/h2>\n<p>RT 7.2 x 1.8 mm svart<br \/>\ncyls 1<br \/>\ncyls 2<br \/>\nhelt kn BS<\/p>\n<h2>Fakta om utgivningen<\/h2>\n<p>Frim\u00e4rksf\u00f6rlagorna \u00e4r m\u00e5lade av Jordi Ark\u00f6. De visar:<\/p>\n<ul>\n<li>Stora St\u00f6ten och Creutz lave.<\/li>\n<li>Husbergs piv\u00e5, Svedens bergsmansg\u00e5rd och Kopparv\u00e5gen.<\/li>\n<li>Anfarten, entr\u00e9byggnaden till bes\u00f6ksgruvan.<\/li>\n<li>Hus i gruvarbetarnas stadsdel Elsborg med tv\u00e5 gruvarbetare i f\u00f6rgrunden och tv\u00e5 av stadens celebriteter, Axel Fridell och Ernst Rolf, i bakgrunden.<\/li>\n<\/ul>\n<p>&nbsp;<\/p>\n","protected":false},"excerpt":{"rendered":"<p>Utgivningsdag 2004-03-26 F 2411 &#8211; 2414 6 x inrikes brev, fyra motiv Tryckta i 4 f\u00e4rger offset i 3:e Goebelpressen. Omslaget \u00e4r tryckt i Giebelerpressen. 17 punkters streckperforering i rygg. Sid I utan punktm\u00f6nster Markeringar RT 7.2 x 1.8 mm &hellip; <a href=\"https:\/\/xn--hftessamlarna-bfb.se\/?page_id=1437\">Forts\u00e4tt l\u00e4sa <span class=\"meta-nav\">&rarr;<\/span><\/a><\/p>\n","protected":false},"author":1,"featured_media":0,"parent":2372,"menu_order":554,"comment_status":"open","ping_status":"open","template":"","meta":{"footnotes":""},"class_list":["post-1437","page","type-page","status-publish","hentry"],"_links":{"self":[{"href":"https:\/\/xn--hftessamlarna-bfb.se\/index.php?rest_route=\/wp\/v2\/pages\/1437","targetHints":{"allow":["GET"]}}],"collection":[{"href":"https:\/\/xn--hftessamlarna-bfb.se\/index.php?rest_route=\/wp\/v2\/pages"}],"about":[{"href":"https:\/\/xn--hftessamlarna-bfb.se\/index.php?rest_route=\/wp\/v2\/types\/page"}],"author":[{"embeddable":true,"href":"https:\/\/xn--hftessamlarna-bfb.se\/index.php?rest_route=\/wp\/v2\/users\/1"}],"replies":[{"embeddable":true,"href":"https:\/\/xn--hftessamlarna-bfb.se\/index.php?rest_route=%2Fwp%2Fv2%2Fcomments&post=1437"}],"version-history":[{"count":0,"href":"https:\/\/xn--hftessamlarna-bfb.se\/index.php?rest_route=\/wp\/v2\/pages\/1437\/revisions"}],"up":[{"embeddable":true,"href":"https:\/\/xn--hftessamlarna-bfb.se\/index.php?rest_route=\/wp\/v2\/pages\/2372"}],"wp:attachment":[{"href":"https:\/\/xn--hftessamlarna-bfb.se\/index.php?rest_route=%2Fwp%2Fv2%2Fmedia&parent=1437"}],"curies":[{"name":"wp","href":"https:\/\/api.w.org\/{rel}","templated":true}]}}