{"id":1317,"date":"2011-11-02T19:10:32","date_gmt":"2011-11-02T17:10:32","guid":{"rendered":"http:\/\/xn--hftessamlarna-bfb.se\/?page_id=1317"},"modified":"2023-06-22T05:38:10","modified_gmt":"2023-06-22T04:38:10","slug":"h508-orkideer","status":"publish","type":"page","link":"https:\/\/xn--hftessamlarna-bfb.se\/?page_id=1317","title":{"rendered":"H508 Orkid\u00e9er"},"content":{"rendered":"<p><a href=\"http:\/\/xn--hftessamlarna-bfb.se\/?attachment_id=2817\" rel=\"attachment wp-att-2817\"><img loading=\"lazy\" decoding=\"async\" class=\"aligncenter size-full wp-image-2817\" title=\"H508\" src=\"http:\/\/xn--hftessamlarna-bfb.se\/wp-content\/uploads\/H508.jpg\" alt=\"\" width=\"960\" height=\"657\" srcset=\"https:\/\/xn--hftessamlarna-bfb.se\/wp-content\/uploads\/H508.jpg 960w, https:\/\/xn--hftessamlarna-bfb.se\/wp-content\/uploads\/H508-150x102.jpg 150w, https:\/\/xn--hftessamlarna-bfb.se\/wp-content\/uploads\/H508-300x205.jpg 300w, https:\/\/xn--hftessamlarna-bfb.se\/wp-content\/uploads\/H508-438x300.jpg 438w\" sizes=\"auto, (max-width: 960px) 100vw, 960px\" \/><\/a>Utgivningsdag 1999-05-20<br \/>\nF 2135 &#8211; 2138<br \/>\nl0 x inrikes brev, 4 motiv<br \/>\nTryckta i 4-f\u00e4rgs offset i 3:e Goebelpressen<br \/>\nInh\u00e4ftningen har gjorts i tv\u00e5 av h\u00e4ftesmaskinema, vilket gett upphov till tv\u00e5 olika h\u00e4ftestyper<br \/>\nUpplaga ok\u00e4nd<\/p>\n<h2>Typer<\/h2>\n<p><strong>A<\/strong> Boktryck, b = 56, 27 punkters ryggperforering, 4:e h\u00e4ftesmaskinen<br \/>\n<strong>B<\/strong> Offset, b = 54, 22 punkters ryggperforering, 5:e h\u00e4ftesmaskinen<\/p>\n<h2>Markeringar<\/h2>\n<div id=\"attachment_6084\" style=\"width: 310px\" class=\"wp-caption alignnone\"><a href=\"https:\/\/xn--hftessamlarna-bfb.se\/wp-content\/uploads\/H508info.jpg\"><img loading=\"lazy\" decoding=\"async\" aria-describedby=\"caption-attachment-6084\" class=\"size-medium wp-image-6084\" src=\"https:\/\/xn--hftessamlarna-bfb.se\/wp-content\/uploads\/H508info-300x187.jpg\" alt=\"\" width=\"300\" height=\"187\" srcset=\"https:\/\/xn--hftessamlarna-bfb.se\/wp-content\/uploads\/H508info-300x187.jpg 300w, https:\/\/xn--hftessamlarna-bfb.se\/wp-content\/uploads\/H508info-150x94.jpg 150w, https:\/\/xn--hftessamlarna-bfb.se\/wp-content\/uploads\/H508info-768x479.jpg 768w, https:\/\/xn--hftessamlarna-bfb.se\/wp-content\/uploads\/H508info-481x300.jpg 481w, https:\/\/xn--hftessamlarna-bfb.se\/wp-content\/uploads\/H508info.jpg 800w\" sizes=\"auto, (max-width: 300px) 100vw, 300px\" \/><\/a><p id=\"caption-attachment-6084\" class=\"wp-caption-text\">s\u00e5 skiljer man R och N<\/p><\/div>\n<p><strong>AR<\/strong><br \/>\ndelat regm, b=4,2<br \/>\nRT 8 x 2 mm svart<br \/>\ncyls 1<br \/>\ncyls 2<br \/>\nhelt kn BS1 (2,8 mm)<\/p>\n<p><strong>AN<\/strong><br \/>\ndelat regm, b=4,5-4,6<br \/>\nRT 8 x 2 mm svart<br \/>\ncyls 1<br \/>\ncyls 2<br \/>\nhelt kn BS1 (2,8 mm)<\/p>\n<p><strong>BR<\/strong><br \/>\ndelat regm, b=4,2<br \/>\nRT 7,2 x 1,4 mm svart (smalt)<br \/>\nRT 7,2 x 1,8 mm svart (brett), delat RT f\u00f6rekommer<br \/>\ncyls 1<br \/>\ncyls 2<br \/>\nhelt kn BS1 (2,8 mm)<\/p>\n<p><strong>BN<\/strong><br \/>\ndelat regm, b=4,5-4,6<br \/>\nRT 7,2 x 1,4 mm svart (smalt)<br \/>\nRT 7,2 x 1,8 mm svart (brett), delat RT f\u00f6rekommer<br \/>\ncyls 1<br \/>\ncyls 2<br \/>\nhelt kn BS1 (2,8 mm)<\/p>\n","protected":false},"excerpt":{"rendered":"<p>Utgivningsdag 1999-05-20 F 2135 &#8211; 2138 l0 x inrikes brev, 4 motiv Tryckta i 4-f\u00e4rgs offset i 3:e Goebelpressen Inh\u00e4ftningen har gjorts i tv\u00e5 av h\u00e4ftesmaskinema, vilket gett upphov till tv\u00e5 olika h\u00e4ftestyper Upplaga ok\u00e4nd Typer A Boktryck, b = &hellip; <a href=\"https:\/\/xn--hftessamlarna-bfb.se\/?page_id=1317\">Forts\u00e4tt l\u00e4sa <span class=\"meta-nav\">&rarr;<\/span><\/a><\/p>\n","protected":false},"author":1,"featured_media":0,"parent":2372,"menu_order":508,"comment_status":"open","ping_status":"open","template":"","meta":{"footnotes":""},"class_list":["post-1317","page","type-page","status-publish","hentry"],"_links":{"self":[{"href":"https:\/\/xn--hftessamlarna-bfb.se\/index.php?rest_route=\/wp\/v2\/pages\/1317","targetHints":{"allow":["GET"]}}],"collection":[{"href":"https:\/\/xn--hftessamlarna-bfb.se\/index.php?rest_route=\/wp\/v2\/pages"}],"about":[{"href":"https:\/\/xn--hftessamlarna-bfb.se\/index.php?rest_route=\/wp\/v2\/types\/page"}],"author":[{"embeddable":true,"href":"https:\/\/xn--hftessamlarna-bfb.se\/index.php?rest_route=\/wp\/v2\/users\/1"}],"replies":[{"embeddable":true,"href":"https:\/\/xn--hftessamlarna-bfb.se\/index.php?rest_route=%2Fwp%2Fv2%2Fcomments&post=1317"}],"version-history":[{"count":0,"href":"https:\/\/xn--hftessamlarna-bfb.se\/index.php?rest_route=\/wp\/v2\/pages\/1317\/revisions"}],"up":[{"embeddable":true,"href":"https:\/\/xn--hftessamlarna-bfb.se\/index.php?rest_route=\/wp\/v2\/pages\/2372"}],"wp:attachment":[{"href":"https:\/\/xn--hftessamlarna-bfb.se\/index.php?rest_route=%2Fwp%2Fv2%2Fmedia&parent=1317"}],"curies":[{"name":"wp","href":"https:\/\/api.w.org\/{rel}","templated":true}]}}