{"id":1295,"date":"2011-11-01T22:50:13","date_gmt":"2011-11-01T20:50:13","guid":{"rendered":"http:\/\/xn--hftessamlarna-bfb.se\/?page_id=1295"},"modified":"2014-01-13T11:07:53","modified_gmt":"2014-01-13T10:07:53","slug":"h516-ett-millenium-gryr","status":"publish","type":"page","link":"https:\/\/xn--hftessamlarna-bfb.se\/?page_id=1295","title":{"rendered":"H516 Ett millennium gryr"},"content":{"rendered":"<p><a href=\"http:\/\/xn--hftessamlarna-bfb.se\/?attachment_id=2826\" rel=\"attachment wp-att-2826\"><img loading=\"lazy\" decoding=\"async\" class=\"aligncenter size-full wp-image-2826\" title=\"H516\" alt=\"\" src=\"http:\/\/xn--hftessamlarna-bfb.se\/wp-content\/uploads\/H516.jpg\" width=\"960\" height=\"441\" srcset=\"https:\/\/xn--hftessamlarna-bfb.se\/wp-content\/uploads\/H516.jpg 960w, https:\/\/xn--hftessamlarna-bfb.se\/wp-content\/uploads\/H516-150x68.jpg 150w, https:\/\/xn--hftessamlarna-bfb.se\/wp-content\/uploads\/H516-300x137.jpg 300w, https:\/\/xn--hftessamlarna-bfb.se\/wp-content\/uploads\/H516-500x229.jpg 500w\" sizes=\"auto, (max-width: 960px) 100vw, 960px\" \/><\/a>Utgivningsdag 1999-12-27<br \/>\nF 2169 &#8211; 2170<br \/>\n8 x 5 kr, tv\u00e5 motiv<br \/>\nH\u00e4ftes s\u00e5ldes endast under perioden 1999-12-27 &#8211; 2000-01-31<br \/>\nTryckta i kombination 2 f\u00e4rger st\u00e5ltryck och 4 f\u00e4rger offset i 3:e Goebelpressen<br \/>\nOmslaget \u00e4r tryckt i Giebelerpressen<br \/>\nInh\u00e4ftningen har gjorts i den 5:e h\u00e4ftesmaskinen<br \/>\n16 punkters streckperforering<br \/>\nUpplaga ok\u00e4nd<\/p>\n<h2>Markeringar<\/h2>\n<p>delat regm<br \/>\nRT 7,2 x 1,4 mm svart (smalt)<br \/>\nRT 7,2 x 1,8 mm svart (brett)<br \/>\ncyls 1<br \/>\ncyls 2 fot\/slinga<br \/>\nhelt kn BS1 (2,8 mm)<\/p>\n<h2>\u00d6vrigt<\/h2>\n<p>H\u00e4ftet gavs ut med anledning av millenieskiftet till minne av den f\u00f6rsta soluppg\u00e5ngen i Sverige \u00e5r 2000 \u00a0(Helligholmen, Gotland kl 08.27)<\/p>\n","protected":false},"excerpt":{"rendered":"<p>Utgivningsdag 1999-12-27 F 2169 &#8211; 2170 8 x 5 kr, tv\u00e5 motiv H\u00e4ftes s\u00e5ldes endast under perioden 1999-12-27 &#8211; 2000-01-31 Tryckta i kombination 2 f\u00e4rger st\u00e5ltryck och 4 f\u00e4rger offset i 3:e Goebelpressen Omslaget \u00e4r tryckt i Giebelerpressen Inh\u00e4ftningen har &hellip; <a href=\"https:\/\/xn--hftessamlarna-bfb.se\/?page_id=1295\">Forts\u00e4tt l\u00e4sa <span class=\"meta-nav\">&rarr;<\/span><\/a><\/p>\n","protected":false},"author":1,"featured_media":0,"parent":2372,"menu_order":516,"comment_status":"open","ping_status":"open","template":"","meta":{"footnotes":""},"class_list":["post-1295","page","type-page","status-publish","hentry"],"_links":{"self":[{"href":"https:\/\/xn--hftessamlarna-bfb.se\/index.php?rest_route=\/wp\/v2\/pages\/1295","targetHints":{"allow":["GET"]}}],"collection":[{"href":"https:\/\/xn--hftessamlarna-bfb.se\/index.php?rest_route=\/wp\/v2\/pages"}],"about":[{"href":"https:\/\/xn--hftessamlarna-bfb.se\/index.php?rest_route=\/wp\/v2\/types\/page"}],"author":[{"embeddable":true,"href":"https:\/\/xn--hftessamlarna-bfb.se\/index.php?rest_route=\/wp\/v2\/users\/1"}],"replies":[{"embeddable":true,"href":"https:\/\/xn--hftessamlarna-bfb.se\/index.php?rest_route=%2Fwp%2Fv2%2Fcomments&post=1295"}],"version-history":[{"count":0,"href":"https:\/\/xn--hftessamlarna-bfb.se\/index.php?rest_route=\/wp\/v2\/pages\/1295\/revisions"}],"up":[{"embeddable":true,"href":"https:\/\/xn--hftessamlarna-bfb.se\/index.php?rest_route=\/wp\/v2\/pages\/2372"}],"wp:attachment":[{"href":"https:\/\/xn--hftessamlarna-bfb.se\/index.php?rest_route=%2Fwp%2Fv2%2Fmedia&parent=1295"}],"curies":[{"name":"wp","href":"https:\/\/api.w.org\/{rel}","templated":true}]}}