{"id":1292,"date":"2011-11-01T22:46:14","date_gmt":"2011-11-01T20:46:14","guid":{"rendered":"http:\/\/xn--hftessamlarna-bfb.se\/?page_id=1292"},"modified":"2014-01-13T11:06:03","modified_gmt":"2014-01-13T10:06:03","slug":"h517-drakar","status":"publish","type":"page","link":"https:\/\/xn--hftessamlarna-bfb.se\/?page_id=1292","title":{"rendered":"H517 Drake"},"content":{"rendered":"<p><a href=\"http:\/\/xn--hftessamlarna-bfb.se\/?attachment_id=2195\" rel=\"attachment wp-att-2195\"><br \/>\n<img loading=\"lazy\" decoding=\"async\" class=\"aligncenter size-full wp-image-2195\" title=\"H517\" alt=\"\" src=\"http:\/\/xn--hftessamlarna-bfb.se\/wp-content\/uploads\/H517.jpg\" width=\"960\" height=\"440\" srcset=\"https:\/\/xn--hftessamlarna-bfb.se\/wp-content\/uploads\/H517.jpg 960w, https:\/\/xn--hftessamlarna-bfb.se\/wp-content\/uploads\/H517-150x68.jpg 150w, https:\/\/xn--hftessamlarna-bfb.se\/wp-content\/uploads\/H517-300x137.jpg 300w, https:\/\/xn--hftessamlarna-bfb.se\/wp-content\/uploads\/H517-500x229.jpg 500w\" sizes=\"auto, (max-width: 960px) 100vw, 960px\" \/><\/a>Utgivningsdag 2000-01-13<br \/>\nF 2173 \u2013 2175<br \/>\n6 x inrikes brev, tre motiv<br \/>\nTryckta i 4 f\u00e4rger offset i 3:e Goebelpressen<br \/>\nInh\u00e4ftningen har gjorts i den 5:e h\u00e4ftesmaskinen<br \/>\n16 punkters streckperforering i rygg<br \/>\nUpplaga ok\u00e4nd<\/p>\n<h2>Typer<\/h2>\n<p>Om h\u00e4ftet kommer fr\u00e5n \u00f6vre frim\u00e4rksbanan (utan kn) s\u00e5 sitter regm i ovankant och motsvarande i nederkant f\u00f6r h\u00e4ften fr\u00e5n nedre frim\u00e4rksbanan (med kn)<\/p>\n<h2>Markeringar<\/h2>\n<p><strong>R<\/strong><br \/>\nhelt regm \u00f6ver drakens nos<br \/>\nRT 7,2 x 1,4 mm svart (smalt)<br \/>\nRT 7,2 x 1,8 mm svart (brett)<\/p>\n<p><strong>N<\/strong><br \/>\nhelt regm i nedre frim\u00e4rksbanan<br \/>\nRT 7,2 x 1,4 mm svart (smalt)<br \/>\nRT 7,2 x 1,8 mm svart (brett)<br \/>\nc<strong><\/strong>yls 1<br \/>\ncyls 2 fot\/slinga<br \/>\nhelt kn BS1 (2,8 mm)<\/p>\n","protected":false},"excerpt":{"rendered":"<p>Utgivningsdag 2000-01-13 F 2173 \u2013 2175 6 x inrikes brev, tre motiv Tryckta i 4 f\u00e4rger offset i 3:e Goebelpressen Inh\u00e4ftningen har gjorts i den 5:e h\u00e4ftesmaskinen 16 punkters streckperforering i rygg Upplaga ok\u00e4nd Typer Om h\u00e4ftet kommer fr\u00e5n \u00f6vre &hellip; <a href=\"https:\/\/xn--hftessamlarna-bfb.se\/?page_id=1292\">Forts\u00e4tt l\u00e4sa <span class=\"meta-nav\">&rarr;<\/span><\/a><\/p>\n","protected":false},"author":1,"featured_media":0,"parent":2372,"menu_order":517,"comment_status":"open","ping_status":"open","template":"","meta":{"footnotes":""},"class_list":["post-1292","page","type-page","status-publish","hentry"],"_links":{"self":[{"href":"https:\/\/xn--hftessamlarna-bfb.se\/index.php?rest_route=\/wp\/v2\/pages\/1292","targetHints":{"allow":["GET"]}}],"collection":[{"href":"https:\/\/xn--hftessamlarna-bfb.se\/index.php?rest_route=\/wp\/v2\/pages"}],"about":[{"href":"https:\/\/xn--hftessamlarna-bfb.se\/index.php?rest_route=\/wp\/v2\/types\/page"}],"author":[{"embeddable":true,"href":"https:\/\/xn--hftessamlarna-bfb.se\/index.php?rest_route=\/wp\/v2\/users\/1"}],"replies":[{"embeddable":true,"href":"https:\/\/xn--hftessamlarna-bfb.se\/index.php?rest_route=%2Fwp%2Fv2%2Fcomments&post=1292"}],"version-history":[{"count":0,"href":"https:\/\/xn--hftessamlarna-bfb.se\/index.php?rest_route=\/wp\/v2\/pages\/1292\/revisions"}],"up":[{"embeddable":true,"href":"https:\/\/xn--hftessamlarna-bfb.se\/index.php?rest_route=\/wp\/v2\/pages\/2372"}],"wp:attachment":[{"href":"https:\/\/xn--hftessamlarna-bfb.se\/index.php?rest_route=%2Fwp%2Fv2%2Fmedia&parent=1292"}],"curies":[{"name":"wp","href":"https:\/\/api.w.org\/{rel}","templated":true}]}}