{"id":1289,"date":"2011-11-01T22:42:43","date_gmt":"2011-11-01T20:42:43","guid":{"rendered":"http:\/\/xn--hftessamlarna-bfb.se\/?page_id=1289"},"modified":"2021-05-28T08:41:38","modified_gmt":"2021-05-28T07:41:38","slug":"h518-alla-hjartans-dag","status":"publish","type":"page","link":"https:\/\/xn--hftessamlarna-bfb.se\/?page_id=1289","title":{"rendered":"H518 Alla Hj\u00e4rtans Dag"},"content":{"rendered":"<p><a href=\"http:\/\/xn--hftessamlarna-bfb.se\/?attachment_id=2194\" rel=\"attachment wp-att-2194\"><img loading=\"lazy\" decoding=\"async\" class=\"aligncenter size-full wp-image-2194\" title=\"h518\" src=\"http:\/\/xn--hftessamlarna-bfb.se\/wp-content\/uploads\/h518.jpg\" alt=\"\" width=\"960\" height=\"617\" srcset=\"https:\/\/xn--hftessamlarna-bfb.se\/wp-content\/uploads\/h518.jpg 960w, https:\/\/xn--hftessamlarna-bfb.se\/wp-content\/uploads\/h518-150x96.jpg 150w, https:\/\/xn--hftessamlarna-bfb.se\/wp-content\/uploads\/h518-300x192.jpg 300w, https:\/\/xn--hftessamlarna-bfb.se\/wp-content\/uploads\/h518-466x300.jpg 466w\" sizes=\"auto, (max-width: 960px) 100vw, 960px\" \/><\/a> Utgivningsdag 2000-01-13<br \/>\nF 2176 &#8211; 2177<br \/>\n6 x inrikes brev, tv\u00e5 motiv<br \/>\nTryckta i 4 f\u00e4rger offset i 3:e Goebelpressen<br \/>\nInh\u00e4ftningen har gjorts i den 4:e h\u00e4ftesmaskinen<br \/>\n27 punkters streckperforering<br \/>\nUpplaga ok\u00e4nd<\/p>\n<h2>Markeringar<\/h2>\n<p><strong>R<\/strong> delat regm 6,8 mm<br \/>\nRT 8 x 2 mm svart<br \/>\ncyls 1<br \/>\ncyls 2<\/p>\n<p><strong>N<\/strong> delat regm 7,4 mm<br \/>\nRT 8 x 2 mm svart<br \/>\ncyls 1<br \/>\ncyls 2<br \/>\nhelt kn BS1 (2,9 mm)<\/p>\n","protected":false},"excerpt":{"rendered":"<p>Utgivningsdag 2000-01-13 F 2176 &#8211; 2177 6 x inrikes brev, tv\u00e5 motiv Tryckta i 4 f\u00e4rger offset i 3:e Goebelpressen Inh\u00e4ftningen har gjorts i den 4:e h\u00e4ftesmaskinen 27 punkters streckperforering Upplaga ok\u00e4nd Markeringar R delat regm 6,8 mm RT 8 &hellip; <a href=\"https:\/\/xn--hftessamlarna-bfb.se\/?page_id=1289\">Forts\u00e4tt l\u00e4sa <span class=\"meta-nav\">&rarr;<\/span><\/a><\/p>\n","protected":false},"author":1,"featured_media":0,"parent":2372,"menu_order":518,"comment_status":"open","ping_status":"open","template":"","meta":{"footnotes":""},"class_list":["post-1289","page","type-page","status-publish","hentry"],"_links":{"self":[{"href":"https:\/\/xn--hftessamlarna-bfb.se\/index.php?rest_route=\/wp\/v2\/pages\/1289","targetHints":{"allow":["GET"]}}],"collection":[{"href":"https:\/\/xn--hftessamlarna-bfb.se\/index.php?rest_route=\/wp\/v2\/pages"}],"about":[{"href":"https:\/\/xn--hftessamlarna-bfb.se\/index.php?rest_route=\/wp\/v2\/types\/page"}],"author":[{"embeddable":true,"href":"https:\/\/xn--hftessamlarna-bfb.se\/index.php?rest_route=\/wp\/v2\/users\/1"}],"replies":[{"embeddable":true,"href":"https:\/\/xn--hftessamlarna-bfb.se\/index.php?rest_route=%2Fwp%2Fv2%2Fcomments&post=1289"}],"version-history":[{"count":0,"href":"https:\/\/xn--hftessamlarna-bfb.se\/index.php?rest_route=\/wp\/v2\/pages\/1289\/revisions"}],"up":[{"embeddable":true,"href":"https:\/\/xn--hftessamlarna-bfb.se\/index.php?rest_route=\/wp\/v2\/pages\/2372"}],"wp:attachment":[{"href":"https:\/\/xn--hftessamlarna-bfb.se\/index.php?rest_route=%2Fwp%2Fv2%2Fmedia&parent=1289"}],"curies":[{"name":"wp","href":"https:\/\/api.w.org\/{rel}","templated":true}]}}