{"id":1286,"date":"2011-11-01T17:47:29","date_gmt":"2011-11-01T15:47:29","guid":{"rendered":"http:\/\/xn--hftessamlarna-bfb.se\/?page_id=1286"},"modified":"2021-11-07T16:18:51","modified_gmt":"2021-11-07T15:18:51","slug":"h519-vart-1900-tal-3","status":"publish","type":"page","link":"https:\/\/xn--hftessamlarna-bfb.se\/?page_id=1286","title":{"rendered":"H519 V\u00e5rt 1900-tal 3"},"content":{"rendered":"<p><a href=\"http:\/\/xn--hftessamlarna-bfb.se\/?attachment_id=2192\" rel=\"attachment wp-att-2192\"><img loading=\"lazy\" decoding=\"async\" class=\"aligncenter size-full wp-image-2192\" title=\"H519\" src=\"http:\/\/xn--hftessamlarna-bfb.se\/wp-content\/uploads\/H519.jpg\" alt=\"\" width=\"960\" height=\"438\" srcset=\"https:\/\/xn--hftessamlarna-bfb.se\/wp-content\/uploads\/H519.jpg 960w, https:\/\/xn--hftessamlarna-bfb.se\/wp-content\/uploads\/H519-150x68.jpg 150w, https:\/\/xn--hftessamlarna-bfb.se\/wp-content\/uploads\/H519-300x136.jpg 300w, https:\/\/xn--hftessamlarna-bfb.se\/wp-content\/uploads\/H519-500x228.jpg 500w\" sizes=\"auto, (max-width: 960px) 100vw, 960px\" \/><\/a>Utgivningsdag 2000-03-17<br \/>\nF 2182 &#8211; 2191<br \/>\n10 x inrikes brev, 10 motiv (1970-1999)<br \/>\nTryckta i 4 f\u00e4rger offset i 3:e Goebelpressen<br \/>\nInh\u00e4ftningen har gjorts i den 5:e h\u00e4ftesmaskinen<br \/>\n16 punkters streckperforering<br \/>\nUpplaga ok\u00e4nd<\/p>\n<div id=\"attachment_6741\" style=\"width: 1053px\" class=\"wp-caption alignnone\"><a href=\"https:\/\/xn--hftessamlarna-bfb.se\/wp-content\/uploads\/H-0519-inlaga-2000.jpg\"><img loading=\"lazy\" decoding=\"async\" aria-describedby=\"caption-attachment-6741\" class=\"size-full wp-image-6741\" src=\"https:\/\/xn--hftessamlarna-bfb.se\/wp-content\/uploads\/H-0519-inlaga-2000.jpg\" alt=\"\" width=\"1043\" height=\"152\" srcset=\"https:\/\/xn--hftessamlarna-bfb.se\/wp-content\/uploads\/H-0519-inlaga-2000.jpg 1043w, https:\/\/xn--hftessamlarna-bfb.se\/wp-content\/uploads\/H-0519-inlaga-2000-300x44.jpg 300w, https:\/\/xn--hftessamlarna-bfb.se\/wp-content\/uploads\/H-0519-inlaga-2000-1024x149.jpg 1024w, https:\/\/xn--hftessamlarna-bfb.se\/wp-content\/uploads\/H-0519-inlaga-2000-150x22.jpg 150w, https:\/\/xn--hftessamlarna-bfb.se\/wp-content\/uploads\/H-0519-inlaga-2000-768x112.jpg 768w, https:\/\/xn--hftessamlarna-bfb.se\/wp-content\/uploads\/H-0519-inlaga-2000-500x73.jpg 500w\" sizes=\"auto, (max-width: 1043px) 100vw, 1043px\" \/><\/a><p id=\"caption-attachment-6741\" class=\"wp-caption-text\">illustration med alla frim\u00e4rksmotiven<\/p><\/div>\n<h2>Markeringar<\/h2>\n<p>RT 7,2 x 1,8 mm svart<br \/>\ncyls 1 fot\/fana<br \/>\ncyls 2<br \/>\nhelt kn BS1 (2,6 mm), OBS! kn \u00f6kar \u00e5t h\u00f6ger<\/p>\n","protected":false},"excerpt":{"rendered":"<p>Utgivningsdag 2000-03-17 F 2182 &#8211; 2191 10 x inrikes brev, 10 motiv (1970-1999) Tryckta i 4 f\u00e4rger offset i 3:e Goebelpressen Inh\u00e4ftningen har gjorts i den 5:e h\u00e4ftesmaskinen 16 punkters streckperforering Upplaga ok\u00e4nd Markeringar RT 7,2 x 1,8 mm svart &hellip; <a href=\"https:\/\/xn--hftessamlarna-bfb.se\/?page_id=1286\">Forts\u00e4tt l\u00e4sa <span class=\"meta-nav\">&rarr;<\/span><\/a><\/p>\n","protected":false},"author":1,"featured_media":0,"parent":2372,"menu_order":519,"comment_status":"open","ping_status":"open","template":"","meta":{"footnotes":""},"class_list":["post-1286","page","type-page","status-publish","hentry"],"_links":{"self":[{"href":"https:\/\/xn--hftessamlarna-bfb.se\/index.php?rest_route=\/wp\/v2\/pages\/1286","targetHints":{"allow":["GET"]}}],"collection":[{"href":"https:\/\/xn--hftessamlarna-bfb.se\/index.php?rest_route=\/wp\/v2\/pages"}],"about":[{"href":"https:\/\/xn--hftessamlarna-bfb.se\/index.php?rest_route=\/wp\/v2\/types\/page"}],"author":[{"embeddable":true,"href":"https:\/\/xn--hftessamlarna-bfb.se\/index.php?rest_route=\/wp\/v2\/users\/1"}],"replies":[{"embeddable":true,"href":"https:\/\/xn--hftessamlarna-bfb.se\/index.php?rest_route=%2Fwp%2Fv2%2Fcomments&post=1286"}],"version-history":[{"count":0,"href":"https:\/\/xn--hftessamlarna-bfb.se\/index.php?rest_route=\/wp\/v2\/pages\/1286\/revisions"}],"up":[{"embeddable":true,"href":"https:\/\/xn--hftessamlarna-bfb.se\/index.php?rest_route=\/wp\/v2\/pages\/2372"}],"wp:attachment":[{"href":"https:\/\/xn--hftessamlarna-bfb.se\/index.php?rest_route=%2Fwp%2Fv2%2Fmedia&parent=1286"}],"curies":[{"name":"wp","href":"https:\/\/api.w.org\/{rel}","templated":true}]}}